{"id":18658,"date":"2022-06-03T18:11:56","date_gmt":"2022-06-03T16:11:56","guid":{"rendered":"https:\/\/arekson.com\/producto\/interface-univ-hd-micro-5-75-interface-soft-velcro\/"},"modified":"2022-06-15T16:20:25","modified_gmt":"2022-06-15T14:20:25","slug":"interface-univ-hd-micro-5-75-interface-soft-velcro","status":"publish","type":"product","link":"https:\/\/arekson.com\/fr\/producto\/interface-univ-hd-micro-5-75-interface-soft-velcro\/","title":{"rendered":"<strong><span class=\"nom-corto\">INTERFACE UNIV HD MICRO 5 75 <\/span><\/strong><br><span class=\"nom-largo\">Interface soft velcro<\/span>"},"content":{"rendered":"","protected":false},"excerpt":{"rendered":"<p>Interface fine  mousse Haute Densit\u00e9 pour plateaux de pon\u00e7age qui compl\u00e8te le processus de pon\u00e7age sur grains fins et surfaces convexes.<\/p>\n","protected":false},"featured_media":5938,"template":"","meta":{"_et_pb_use_builder":"","_et_pb_old_content":"","_et_gb_content_width":""},"product_brand":[],"product_cat":[1123,1171,1157,370],"product_tag":[],"class_list":{"0":"post-18658","1":"product","2":"type-product","3":"status-publish","4":"has-post-thumbnail","6":"product_cat-auxiliaires","7":"product_cat-outillage-de-reparation","8":"product_cat-outillage-et-consommables","9":"product_cat-seicar-fr","10":"pa_seicar-fr-ref-jiu0005fm-noir-sachet-o-75-mm-10-unites","12":"first","13":"outofstock","14":"purchasable","15":"product-type-variable"},"yoast_head":"<!-- This site is optimized with the Yoast SEO plugin v27.2 - https:\/\/yoast.com\/product\/yoast-seo-wordpress\/ -->\n<title>SEICAR | INTERFACE UNIV HD MICRO 5 75 | Interface soft velcro<\/title>\n<meta name=\"description\" content=\"INTERFACE UNIV HD MICRO 5 75 | Interface soft velcro | ARTICLES AUXILIAIRES | OUTILLAGE ET CONSOMMABLES | REF: JIU0005FM | SEICAR\" \/>\n<meta name=\"robots\" content=\"index, follow, max-snippet:-1, max-image-preview:large, max-video-preview:-1\" \/>\n<link rel=\"canonical\" href=\"https:\/\/arekson.com\/fr\/producto\/interface-univ-hd-micro-5-75-interface-soft-velcro\/\" \/>\n<meta property=\"og:locale\" content=\"fr_FR\" \/>\n<meta property=\"og:type\" content=\"article\" \/>\n<meta property=\"og:title\" content=\"SEICAR | INTERFACE UNIV HD MICRO 5 75 | Interface soft velcro\" \/>\n<meta property=\"og:description\" content=\"INTERFACE UNIV HD MICRO 5 75 | Interface soft velcro | ARTICLES AUXILIAIRES | OUTILLAGE ET CONSOMMABLES | REF: JIU0005FM | SEICAR\" \/>\n<meta property=\"og:url\" content=\"https:\/\/arekson.com\/fr\/producto\/interface-univ-hd-micro-5-75-interface-soft-velcro\/\" \/>\n<meta property=\"og:site_name\" content=\"Arekson Group\" \/>\n<meta property=\"article:modified_time\" content=\"2022-06-15T14:20:25+00:00\" \/>\n<meta property=\"og:image\" content=\"https:\/\/arekson.com\/wp-content\/uploads\/2022\/05\/JIU0005FM.jpg\" \/>\n\t<meta property=\"og:image:width\" content=\"800\" \/>\n\t<meta property=\"og:image:height\" content=\"800\" \/>\n\t<meta property=\"og:image:type\" content=\"image\/jpeg\" \/>\n<meta name=\"twitter:card\" content=\"summary_large_image\" \/>\n<script type=\"application\/ld+json\" class=\"yoast-schema-graph\">{\"@context\":\"https:\/\/schema.org\",\"@graph\":[{\"@type\":\"WebPage\",\"@id\":\"https:\/\/arekson.com\/fr\/producto\/interface-univ-hd-micro-5-75-interface-soft-velcro\/\",\"url\":\"https:\/\/arekson.com\/fr\/producto\/interface-univ-hd-micro-5-75-interface-soft-velcro\/\",\"name\":\"SEICAR | INTERFACE UNIV HD MICRO 5 75 | Interface soft velcro\",\"isPartOf\":{\"@id\":\"https:\/\/arekson.com\/fr\/#website\"},\"primaryImageOfPage\":{\"@id\":\"https:\/\/arekson.com\/fr\/producto\/interface-univ-hd-micro-5-75-interface-soft-velcro\/#primaryimage\"},\"image\":{\"@id\":\"https:\/\/arekson.com\/fr\/producto\/interface-univ-hd-micro-5-75-interface-soft-velcro\/#primaryimage\"},\"thumbnailUrl\":\"https:\/\/arekson.com\/wp-content\/uploads\/2022\/05\/JIU0005FM.jpg\",\"datePublished\":\"2022-06-03T16:11:56+00:00\",\"dateModified\":\"2022-06-15T14:20:25+00:00\",\"description\":\"INTERFACE UNIV HD MICRO 5 75 | Interface soft velcro | ARTICLES AUXILIAIRES | OUTILLAGE ET CONSOMMABLES | REF: JIU0005FM | SEICAR\",\"breadcrumb\":{\"@id\":\"https:\/\/arekson.com\/fr\/producto\/interface-univ-hd-micro-5-75-interface-soft-velcro\/#breadcrumb\"},\"inLanguage\":\"fr-FR\",\"potentialAction\":[{\"@type\":\"ReadAction\",\"target\":[\"https:\/\/arekson.com\/fr\/producto\/interface-univ-hd-micro-5-75-interface-soft-velcro\/\"]}]},{\"@type\":\"ImageObject\",\"inLanguage\":\"fr-FR\",\"@id\":\"https:\/\/arekson.com\/fr\/producto\/interface-univ-hd-micro-5-75-interface-soft-velcro\/#primaryimage\",\"url\":\"https:\/\/arekson.com\/wp-content\/uploads\/2022\/05\/JIU0005FM.jpg\",\"contentUrl\":\"https:\/\/arekson.com\/wp-content\/uploads\/2022\/05\/JIU0005FM.jpg\",\"width\":800,\"height\":800},{\"@type\":\"BreadcrumbList\",\"@id\":\"https:\/\/arekson.com\/fr\/producto\/interface-univ-hd-micro-5-75-interface-soft-velcro\/#breadcrumb\",\"itemListElement\":[{\"@type\":\"ListItem\",\"position\":1,\"name\":\"Home\",\"item\":\"https:\/\/arekson.com\/fr\/\"},{\"@type\":\"ListItem\",\"position\":2,\"name\":\"Produits\",\"item\":\"https:\/\/arekson.com\/fr\/shop\/\"},{\"@type\":\"ListItem\",\"position\":3,\"name\":\"INTERFACE UNIV HD MICRO 5 75 Interface soft velcro\"}]},{\"@type\":\"WebSite\",\"@id\":\"https:\/\/arekson.com\/fr\/#website\",\"url\":\"https:\/\/arekson.com\/fr\/\",\"name\":\"Arekson Group\",\"description\":\"Marcas Referentes del Automovil Profesional\",\"publisher\":{\"@id\":\"https:\/\/arekson.com\/fr\/#organization\"},\"potentialAction\":[{\"@type\":\"SearchAction\",\"target\":{\"@type\":\"EntryPoint\",\"urlTemplate\":\"https:\/\/arekson.com\/fr\/?s={search_term_string}\"},\"query-input\":{\"@type\":\"PropertyValueSpecification\",\"valueRequired\":true,\"valueName\":\"search_term_string\"}}],\"inLanguage\":\"fr-FR\"},{\"@type\":\"Organization\",\"@id\":\"https:\/\/arekson.com\/fr\/#organization\",\"name\":\"Arekson Group\",\"url\":\"https:\/\/arekson.com\/fr\/\",\"logo\":{\"@type\":\"ImageObject\",\"inLanguage\":\"fr-FR\",\"@id\":\"https:\/\/arekson.com\/fr\/#\/schema\/logo\/image\/\",\"url\":\"https:\/\/arekson.com\/wp-content\/uploads\/2022\/06\/Arekson-Group-Logo-Gris.jpg\",\"contentUrl\":\"https:\/\/arekson.com\/wp-content\/uploads\/2022\/06\/Arekson-Group-Logo-Gris.jpg\",\"width\":174,\"height\":72,\"caption\":\"Arekson Group\"},\"image\":{\"@id\":\"https:\/\/arekson.com\/fr\/#\/schema\/logo\/image\/\"}}]}<\/script>\n<!-- \/ Yoast SEO plugin. -->","yoast_head_json":{"title":"SEICAR | INTERFACE UNIV HD MICRO 5 75 | Interface soft velcro","description":"INTERFACE UNIV HD MICRO 5 75 | Interface soft velcro | ARTICLES AUXILIAIRES | OUTILLAGE ET CONSOMMABLES | REF: JIU0005FM | SEICAR","robots":{"index":"index","follow":"follow","max-snippet":"max-snippet:-1","max-image-preview":"max-image-preview:large","max-video-preview":"max-video-preview:-1"},"canonical":"https:\/\/arekson.com\/fr\/producto\/interface-univ-hd-micro-5-75-interface-soft-velcro\/","og_locale":"fr_FR","og_type":"article","og_title":"SEICAR | INTERFACE UNIV HD MICRO 5 75 | Interface soft velcro","og_description":"INTERFACE UNIV HD MICRO 5 75 | Interface soft velcro | ARTICLES AUXILIAIRES | OUTILLAGE ET CONSOMMABLES | REF: JIU0005FM | SEICAR","og_url":"https:\/\/arekson.com\/fr\/producto\/interface-univ-hd-micro-5-75-interface-soft-velcro\/","og_site_name":"Arekson Group","article_modified_time":"2022-06-15T14:20:25+00:00","og_image":[{"width":800,"height":800,"url":"https:\/\/arekson.com\/wp-content\/uploads\/2022\/05\/JIU0005FM.jpg","type":"image\/jpeg"}],"twitter_card":"summary_large_image","schema":{"@context":"https:\/\/schema.org","@graph":[{"@type":"WebPage","@id":"https:\/\/arekson.com\/fr\/producto\/interface-univ-hd-micro-5-75-interface-soft-velcro\/","url":"https:\/\/arekson.com\/fr\/producto\/interface-univ-hd-micro-5-75-interface-soft-velcro\/","name":"SEICAR | INTERFACE UNIV HD MICRO 5 75 | Interface soft velcro","isPartOf":{"@id":"https:\/\/arekson.com\/fr\/#website"},"primaryImageOfPage":{"@id":"https:\/\/arekson.com\/fr\/producto\/interface-univ-hd-micro-5-75-interface-soft-velcro\/#primaryimage"},"image":{"@id":"https:\/\/arekson.com\/fr\/producto\/interface-univ-hd-micro-5-75-interface-soft-velcro\/#primaryimage"},"thumbnailUrl":"https:\/\/arekson.com\/wp-content\/uploads\/2022\/05\/JIU0005FM.jpg","datePublished":"2022-06-03T16:11:56+00:00","dateModified":"2022-06-15T14:20:25+00:00","description":"INTERFACE UNIV HD MICRO 5 75 | Interface soft velcro | ARTICLES AUXILIAIRES | OUTILLAGE ET CONSOMMABLES | REF: JIU0005FM | SEICAR","breadcrumb":{"@id":"https:\/\/arekson.com\/fr\/producto\/interface-univ-hd-micro-5-75-interface-soft-velcro\/#breadcrumb"},"inLanguage":"fr-FR","potentialAction":[{"@type":"ReadAction","target":["https:\/\/arekson.com\/fr\/producto\/interface-univ-hd-micro-5-75-interface-soft-velcro\/"]}]},{"@type":"ImageObject","inLanguage":"fr-FR","@id":"https:\/\/arekson.com\/fr\/producto\/interface-univ-hd-micro-5-75-interface-soft-velcro\/#primaryimage","url":"https:\/\/arekson.com\/wp-content\/uploads\/2022\/05\/JIU0005FM.jpg","contentUrl":"https:\/\/arekson.com\/wp-content\/uploads\/2022\/05\/JIU0005FM.jpg","width":800,"height":800},{"@type":"BreadcrumbList","@id":"https:\/\/arekson.com\/fr\/producto\/interface-univ-hd-micro-5-75-interface-soft-velcro\/#breadcrumb","itemListElement":[{"@type":"ListItem","position":1,"name":"Home","item":"https:\/\/arekson.com\/fr\/"},{"@type":"ListItem","position":2,"name":"Produits","item":"https:\/\/arekson.com\/fr\/shop\/"},{"@type":"ListItem","position":3,"name":"INTERFACE UNIV HD MICRO 5 75 Interface soft velcro"}]},{"@type":"WebSite","@id":"https:\/\/arekson.com\/fr\/#website","url":"https:\/\/arekson.com\/fr\/","name":"Arekson Group","description":"Marcas Referentes del Automovil Profesional","publisher":{"@id":"https:\/\/arekson.com\/fr\/#organization"},"potentialAction":[{"@type":"SearchAction","target":{"@type":"EntryPoint","urlTemplate":"https:\/\/arekson.com\/fr\/?s={search_term_string}"},"query-input":{"@type":"PropertyValueSpecification","valueRequired":true,"valueName":"search_term_string"}}],"inLanguage":"fr-FR"},{"@type":"Organization","@id":"https:\/\/arekson.com\/fr\/#organization","name":"Arekson Group","url":"https:\/\/arekson.com\/fr\/","logo":{"@type":"ImageObject","inLanguage":"fr-FR","@id":"https:\/\/arekson.com\/fr\/#\/schema\/logo\/image\/","url":"https:\/\/arekson.com\/wp-content\/uploads\/2022\/06\/Arekson-Group-Logo-Gris.jpg","contentUrl":"https:\/\/arekson.com\/wp-content\/uploads\/2022\/06\/Arekson-Group-Logo-Gris.jpg","width":174,"height":72,"caption":"Arekson Group"},"image":{"@id":"https:\/\/arekson.com\/fr\/#\/schema\/logo\/image\/"}}]}},"_links":{"self":[{"href":"https:\/\/arekson.com\/fr\/wp-json\/wp\/v2\/product\/18658","targetHints":{"allow":["GET"]}}],"collection":[{"href":"https:\/\/arekson.com\/fr\/wp-json\/wp\/v2\/product"}],"about":[{"href":"https:\/\/arekson.com\/fr\/wp-json\/wp\/v2\/types\/product"}],"wp:featuredmedia":[{"embeddable":true,"href":"https:\/\/arekson.com\/fr\/wp-json\/wp\/v2\/media\/5938"}],"wp:attachment":[{"href":"https:\/\/arekson.com\/fr\/wp-json\/wp\/v2\/media?parent=18658"}],"wp:term":[{"taxonomy":"product_brand","embeddable":true,"href":"https:\/\/arekson.com\/fr\/wp-json\/wp\/v2\/product_brand?post=18658"},{"taxonomy":"product_cat","embeddable":true,"href":"https:\/\/arekson.com\/fr\/wp-json\/wp\/v2\/product_cat?post=18658"},{"taxonomy":"product_tag","embeddable":true,"href":"https:\/\/arekson.com\/fr\/wp-json\/wp\/v2\/product_tag?post=18658"}],"curies":[{"name":"wp","href":"https:\/\/api.w.org\/{rel}","templated":true}]}}