{"id":18615,"date":"2022-06-03T18:11:40","date_gmt":"2022-06-03T16:11:40","guid":{"rendered":"https:\/\/arekson.com\/producto\/2face-tape-ruban-double-face\/"},"modified":"2022-06-15T16:19:29","modified_gmt":"2022-06-15T14:19:29","slug":"2face-tape-ruban-double-face","status":"publish","type":"product","link":"https:\/\/arekson.com\/fr\/producto\/2face-tape-ruban-double-face\/","title":{"rendered":"<strong><span class=\"nom-corto\">2FACE TAPE <\/span><\/strong><br><span class=\"nom-largo\">Ruban double face<\/span>"},"content":{"rendered":"","protected":false},"excerpt":{"rendered":"<p>Base adh\u00e9sive acrylique \u00e0 double face pour la fictation de moulures et autres applications. \u00c9paisseur 0,8 mm. R\u00e9sistant jusqu&rsquo;\u00e0 100\u00ba C. Utilis\u00e9 en premi\u00e8re monte OEM.<\/p>\n","protected":false},"featured_media":24927,"template":"","meta":{"_et_pb_use_builder":"","_et_pb_old_content":"","_et_gb_content_width":""},"product_brand":[],"product_cat":[1123,1139,1143,370],"product_tag":[],"class_list":{"0":"post-18615","1":"product","2":"type-product","3":"status-publish","4":"has-post-thumbnail","6":"product_cat-auxiliaires","7":"product_cat-couverture-et-masquage","8":"product_cat-rubans-et-bourrelet","9":"product_cat-seicar-fr","10":"pa_seicar-fr-ref-saa006-blister-6-mm-x-10-m-4-unites","11":"pa_seicar-fr-ref-saa009-blister-9-mm-x-10-m-3-unites","12":"pa_seicar-fr-ref-saa012-blister-12-mm-x-10-m-2-unites","13":"pa_seicar-fr-ref-saa019-blister-19-mm-x-10-m-1-unite","14":"pa_seicar-fr-ref-saa025-blister-25-mm-x-10-m-1-unite","16":"first","17":"outofstock","18":"purchasable","19":"product-type-variable"},"yoast_head":"<!-- This site is optimized with the Yoast SEO plugin v27.2 - https:\/\/yoast.com\/product\/yoast-seo-wordpress\/ -->\n<title>SEICAR | 2FACE TAPE | Ruban double face<\/title>\n<meta name=\"description\" content=\"2FACE TAPE | Ruban double face | ARTICLES AUXILIAIRES | COUVERTURE ET MASQUAGE | REF: SAA025 | SEICAR\" \/>\n<meta name=\"robots\" content=\"index, follow, max-snippet:-1, max-image-preview:large, max-video-preview:-1\" \/>\n<link rel=\"canonical\" href=\"https:\/\/arekson.com\/fr\/producto\/2face-tape-ruban-double-face\/\" \/>\n<meta property=\"og:locale\" content=\"fr_FR\" \/>\n<meta property=\"og:type\" content=\"article\" \/>\n<meta property=\"og:title\" content=\"SEICAR | 2FACE TAPE | Ruban double face\" \/>\n<meta property=\"og:description\" content=\"2FACE TAPE | Ruban double face | ARTICLES AUXILIAIRES | COUVERTURE ET MASQUAGE | REF: SAA025 | SEICAR\" \/>\n<meta property=\"og:url\" content=\"https:\/\/arekson.com\/fr\/producto\/2face-tape-ruban-double-face\/\" \/>\n<meta property=\"og:site_name\" content=\"Arekson Group\" \/>\n<meta property=\"article:modified_time\" content=\"2022-06-15T14:19:29+00:00\" \/>\n<meta property=\"og:image\" content=\"https:\/\/arekson.com\/wp-content\/uploads\/2022\/05\/SAA006.jpg\" \/>\n\t<meta property=\"og:image:width\" content=\"800\" \/>\n\t<meta property=\"og:image:height\" content=\"800\" \/>\n\t<meta property=\"og:image:type\" content=\"image\/jpeg\" \/>\n<meta name=\"twitter:card\" content=\"summary_large_image\" \/>\n<script type=\"application\/ld+json\" class=\"yoast-schema-graph\">{\"@context\":\"https:\/\/schema.org\",\"@graph\":[{\"@type\":\"WebPage\",\"@id\":\"https:\/\/arekson.com\/fr\/producto\/2face-tape-ruban-double-face\/\",\"url\":\"https:\/\/arekson.com\/fr\/producto\/2face-tape-ruban-double-face\/\",\"name\":\"SEICAR | 2FACE TAPE | Ruban double face\",\"isPartOf\":{\"@id\":\"https:\/\/arekson.com\/fr\/#website\"},\"primaryImageOfPage\":{\"@id\":\"https:\/\/arekson.com\/fr\/producto\/2face-tape-ruban-double-face\/#primaryimage\"},\"image\":{\"@id\":\"https:\/\/arekson.com\/fr\/producto\/2face-tape-ruban-double-face\/#primaryimage\"},\"thumbnailUrl\":\"https:\/\/arekson.com\/wp-content\/uploads\/2022\/06\/950522-CINTA-DOBLE-CARA.jpg\",\"datePublished\":\"2022-06-03T16:11:40+00:00\",\"dateModified\":\"2022-06-15T14:19:29+00:00\",\"description\":\"2FACE TAPE | Ruban double face | ARTICLES AUXILIAIRES | COUVERTURE ET MASQUAGE | REF: SAA025 | SEICAR\",\"breadcrumb\":{\"@id\":\"https:\/\/arekson.com\/fr\/producto\/2face-tape-ruban-double-face\/#breadcrumb\"},\"inLanguage\":\"fr-FR\",\"potentialAction\":[{\"@type\":\"ReadAction\",\"target\":[\"https:\/\/arekson.com\/fr\/producto\/2face-tape-ruban-double-face\/\"]}]},{\"@type\":\"ImageObject\",\"inLanguage\":\"fr-FR\",\"@id\":\"https:\/\/arekson.com\/fr\/producto\/2face-tape-ruban-double-face\/#primaryimage\",\"url\":\"https:\/\/arekson.com\/wp-content\/uploads\/2022\/06\/950522-CINTA-DOBLE-CARA.jpg\",\"contentUrl\":\"https:\/\/arekson.com\/wp-content\/uploads\/2022\/06\/950522-CINTA-DOBLE-CARA.jpg\",\"width\":800,\"height\":800,\"caption\":\"CSP | 2-SIDED TAPE | Cinta de pegado doble cara\"},{\"@type\":\"BreadcrumbList\",\"@id\":\"https:\/\/arekson.com\/fr\/producto\/2face-tape-ruban-double-face\/#breadcrumb\",\"itemListElement\":[{\"@type\":\"ListItem\",\"position\":1,\"name\":\"Home\",\"item\":\"https:\/\/arekson.com\/fr\/\"},{\"@type\":\"ListItem\",\"position\":2,\"name\":\"Produits\",\"item\":\"https:\/\/arekson.com\/fr\/shop\/\"},{\"@type\":\"ListItem\",\"position\":3,\"name\":\"2FACE TAPE Ruban double face\"}]},{\"@type\":\"WebSite\",\"@id\":\"https:\/\/arekson.com\/fr\/#website\",\"url\":\"https:\/\/arekson.com\/fr\/\",\"name\":\"Arekson Group\",\"description\":\"Marcas Referentes del Automovil Profesional\",\"publisher\":{\"@id\":\"https:\/\/arekson.com\/fr\/#organization\"},\"potentialAction\":[{\"@type\":\"SearchAction\",\"target\":{\"@type\":\"EntryPoint\",\"urlTemplate\":\"https:\/\/arekson.com\/fr\/?s={search_term_string}\"},\"query-input\":{\"@type\":\"PropertyValueSpecification\",\"valueRequired\":true,\"valueName\":\"search_term_string\"}}],\"inLanguage\":\"fr-FR\"},{\"@type\":\"Organization\",\"@id\":\"https:\/\/arekson.com\/fr\/#organization\",\"name\":\"Arekson Group\",\"url\":\"https:\/\/arekson.com\/fr\/\",\"logo\":{\"@type\":\"ImageObject\",\"inLanguage\":\"fr-FR\",\"@id\":\"https:\/\/arekson.com\/fr\/#\/schema\/logo\/image\/\",\"url\":\"https:\/\/arekson.com\/wp-content\/uploads\/2022\/06\/Arekson-Group-Logo-Gris.jpg\",\"contentUrl\":\"https:\/\/arekson.com\/wp-content\/uploads\/2022\/06\/Arekson-Group-Logo-Gris.jpg\",\"width\":174,\"height\":72,\"caption\":\"Arekson Group\"},\"image\":{\"@id\":\"https:\/\/arekson.com\/fr\/#\/schema\/logo\/image\/\"}}]}<\/script>\n<!-- \/ Yoast SEO plugin. -->","yoast_head_json":{"title":"SEICAR | 2FACE TAPE | Ruban double face","description":"2FACE TAPE | Ruban double face | ARTICLES AUXILIAIRES | COUVERTURE ET MASQUAGE | REF: SAA025 | SEICAR","robots":{"index":"index","follow":"follow","max-snippet":"max-snippet:-1","max-image-preview":"max-image-preview:large","max-video-preview":"max-video-preview:-1"},"canonical":"https:\/\/arekson.com\/fr\/producto\/2face-tape-ruban-double-face\/","og_locale":"fr_FR","og_type":"article","og_title":"SEICAR | 2FACE TAPE | Ruban double face","og_description":"2FACE TAPE | Ruban double face | ARTICLES AUXILIAIRES | COUVERTURE ET MASQUAGE | REF: SAA025 | SEICAR","og_url":"https:\/\/arekson.com\/fr\/producto\/2face-tape-ruban-double-face\/","og_site_name":"Arekson Group","article_modified_time":"2022-06-15T14:19:29+00:00","og_image":[{"width":800,"height":800,"url":"https:\/\/arekson.com\/wp-content\/uploads\/2022\/05\/SAA006.jpg","type":"image\/jpeg"}],"twitter_card":"summary_large_image","schema":{"@context":"https:\/\/schema.org","@graph":[{"@type":"WebPage","@id":"https:\/\/arekson.com\/fr\/producto\/2face-tape-ruban-double-face\/","url":"https:\/\/arekson.com\/fr\/producto\/2face-tape-ruban-double-face\/","name":"SEICAR | 2FACE TAPE | Ruban double face","isPartOf":{"@id":"https:\/\/arekson.com\/fr\/#website"},"primaryImageOfPage":{"@id":"https:\/\/arekson.com\/fr\/producto\/2face-tape-ruban-double-face\/#primaryimage"},"image":{"@id":"https:\/\/arekson.com\/fr\/producto\/2face-tape-ruban-double-face\/#primaryimage"},"thumbnailUrl":"https:\/\/arekson.com\/wp-content\/uploads\/2022\/06\/950522-CINTA-DOBLE-CARA.jpg","datePublished":"2022-06-03T16:11:40+00:00","dateModified":"2022-06-15T14:19:29+00:00","description":"2FACE TAPE | Ruban double face | ARTICLES AUXILIAIRES | COUVERTURE ET MASQUAGE | REF: SAA025 | SEICAR","breadcrumb":{"@id":"https:\/\/arekson.com\/fr\/producto\/2face-tape-ruban-double-face\/#breadcrumb"},"inLanguage":"fr-FR","potentialAction":[{"@type":"ReadAction","target":["https:\/\/arekson.com\/fr\/producto\/2face-tape-ruban-double-face\/"]}]},{"@type":"ImageObject","inLanguage":"fr-FR","@id":"https:\/\/arekson.com\/fr\/producto\/2face-tape-ruban-double-face\/#primaryimage","url":"https:\/\/arekson.com\/wp-content\/uploads\/2022\/06\/950522-CINTA-DOBLE-CARA.jpg","contentUrl":"https:\/\/arekson.com\/wp-content\/uploads\/2022\/06\/950522-CINTA-DOBLE-CARA.jpg","width":800,"height":800,"caption":"CSP | 2-SIDED TAPE | Cinta de pegado doble cara"},{"@type":"BreadcrumbList","@id":"https:\/\/arekson.com\/fr\/producto\/2face-tape-ruban-double-face\/#breadcrumb","itemListElement":[{"@type":"ListItem","position":1,"name":"Home","item":"https:\/\/arekson.com\/fr\/"},{"@type":"ListItem","position":2,"name":"Produits","item":"https:\/\/arekson.com\/fr\/shop\/"},{"@type":"ListItem","position":3,"name":"2FACE TAPE Ruban double face"}]},{"@type":"WebSite","@id":"https:\/\/arekson.com\/fr\/#website","url":"https:\/\/arekson.com\/fr\/","name":"Arekson Group","description":"Marcas Referentes del Automovil Profesional","publisher":{"@id":"https:\/\/arekson.com\/fr\/#organization"},"potentialAction":[{"@type":"SearchAction","target":{"@type":"EntryPoint","urlTemplate":"https:\/\/arekson.com\/fr\/?s={search_term_string}"},"query-input":{"@type":"PropertyValueSpecification","valueRequired":true,"valueName":"search_term_string"}}],"inLanguage":"fr-FR"},{"@type":"Organization","@id":"https:\/\/arekson.com\/fr\/#organization","name":"Arekson Group","url":"https:\/\/arekson.com\/fr\/","logo":{"@type":"ImageObject","inLanguage":"fr-FR","@id":"https:\/\/arekson.com\/fr\/#\/schema\/logo\/image\/","url":"https:\/\/arekson.com\/wp-content\/uploads\/2022\/06\/Arekson-Group-Logo-Gris.jpg","contentUrl":"https:\/\/arekson.com\/wp-content\/uploads\/2022\/06\/Arekson-Group-Logo-Gris.jpg","width":174,"height":72,"caption":"Arekson Group"},"image":{"@id":"https:\/\/arekson.com\/fr\/#\/schema\/logo\/image\/"}}]}},"_links":{"self":[{"href":"https:\/\/arekson.com\/fr\/wp-json\/wp\/v2\/product\/18615","targetHints":{"allow":["GET"]}}],"collection":[{"href":"https:\/\/arekson.com\/fr\/wp-json\/wp\/v2\/product"}],"about":[{"href":"https:\/\/arekson.com\/fr\/wp-json\/wp\/v2\/types\/product"}],"wp:featuredmedia":[{"embeddable":true,"href":"https:\/\/arekson.com\/fr\/wp-json\/wp\/v2\/media\/24927"}],"wp:attachment":[{"href":"https:\/\/arekson.com\/fr\/wp-json\/wp\/v2\/media?parent=18615"}],"wp:term":[{"taxonomy":"product_brand","embeddable":true,"href":"https:\/\/arekson.com\/fr\/wp-json\/wp\/v2\/product_brand?post=18615"},{"taxonomy":"product_cat","embeddable":true,"href":"https:\/\/arekson.com\/fr\/wp-json\/wp\/v2\/product_cat?post=18615"},{"taxonomy":"product_tag","embeddable":true,"href":"https:\/\/arekson.com\/fr\/wp-json\/wp\/v2\/product_tag?post=18615"}],"curies":[{"name":"wp","href":"https:\/\/api.w.org\/{rel}","templated":true}]}}