{"id":18599,"date":"2022-06-03T18:11:28","date_gmt":"2022-06-03T16:11:28","guid":{"rendered":"https:\/\/arekson.com\/producto\/slim-tape-ruban-japonais-orange-fin\/"},"modified":"2022-06-15T16:18:48","modified_gmt":"2022-06-15T14:18:48","slug":"slim-tape-ruban-japonais-orange-fin","status":"publish","type":"product","link":"https:\/\/arekson.com\/fr\/producto\/slim-tape-ruban-japonais-orange-fin\/","title":{"rendered":"<strong><span class=\"nom-corto\">SLIM TAPE <\/span><\/strong><br><span class=\"nom-largo\">Ruban japonais orange fin<\/span>"},"content":{"rendered":"","protected":false},"excerpt":{"rendered":"<p>Ruban japonais. Extr\u00eamement fin, (80 microns) Recommand\u00e9 pour peinture \u00e0 base d&rsquo;eau. Stable et r\u00e9sistant plus de 6 mois aux rayons UV. Manipulation tr\u00e8s agr\u00e9able. Id\u00e9al pour profiler et masquer des \u00e9l\u00e9ments tels que des poign\u00e9es, des moulures, des r\u00e9troviseurs, des antennes, des essuie-glaces et des mati\u00e8res caoutchouc.<\/p>\n","protected":false},"featured_media":5371,"template":"","meta":{"_et_pb_use_builder":"","_et_pb_old_content":"","_et_gb_content_width":""},"product_brand":[],"product_cat":[1123,1139,1143,370],"product_tag":[],"class_list":{"0":"post-18599","1":"product","2":"type-product","3":"status-publish","4":"has-post-thumbnail","6":"product_cat-auxiliaires","7":"product_cat-couverture-et-masquage","8":"product_cat-rubans-et-bourrelet","9":"product_cat-seicar-fr","10":"pa_seicar-fr-ref-caw018-orange-rouleau-18-mm-x-50-yds-48-unites","11":"pa_seicar-fr-ref-caw050-orange-rouleau-48-mm-x-50-yds-24-unites","13":"first","14":"outofstock","15":"purchasable","16":"product-type-variable"},"yoast_head":"<!-- This site is optimized with the Yoast SEO plugin v27.2 - https:\/\/yoast.com\/product\/yoast-seo-wordpress\/ -->\n<title>SEICAR | SLIM TAPE | Ruban japonais orange fin<\/title>\n<meta name=\"description\" content=\"SLIM TAPE | Ruban japonais orange fin | ARTICLES AUXILIAIRES | COUVERTURE ET MASQUAGE | REF: CAW050 | SEICAR\" \/>\n<meta name=\"robots\" content=\"index, follow, max-snippet:-1, max-image-preview:large, max-video-preview:-1\" \/>\n<link rel=\"canonical\" href=\"https:\/\/arekson.com\/fr\/producto\/slim-tape-ruban-japonais-orange-fin\/\" \/>\n<meta property=\"og:locale\" content=\"fr_FR\" \/>\n<meta property=\"og:type\" content=\"article\" \/>\n<meta property=\"og:title\" content=\"SEICAR | SLIM TAPE | Ruban japonais orange fin\" \/>\n<meta property=\"og:description\" content=\"SLIM TAPE | Ruban japonais orange fin | ARTICLES AUXILIAIRES | COUVERTURE ET MASQUAGE | REF: CAW050 | SEICAR\" \/>\n<meta property=\"og:url\" content=\"https:\/\/arekson.com\/fr\/producto\/slim-tape-ruban-japonais-orange-fin\/\" \/>\n<meta property=\"og:site_name\" content=\"Arekson Group\" \/>\n<meta property=\"article:modified_time\" content=\"2022-06-15T14:18:48+00:00\" \/>\n<meta property=\"og:image\" content=\"https:\/\/arekson.com\/wp-content\/uploads\/2022\/05\/CAW019.jpg\" \/>\n\t<meta property=\"og:image:width\" content=\"800\" \/>\n\t<meta property=\"og:image:height\" content=\"800\" \/>\n\t<meta property=\"og:image:type\" content=\"image\/jpeg\" \/>\n<meta name=\"twitter:card\" content=\"summary_large_image\" \/>\n<script type=\"application\/ld+json\" class=\"yoast-schema-graph\">{\"@context\":\"https:\/\/schema.org\",\"@graph\":[{\"@type\":\"WebPage\",\"@id\":\"https:\/\/arekson.com\/fr\/producto\/slim-tape-ruban-japonais-orange-fin\/\",\"url\":\"https:\/\/arekson.com\/fr\/producto\/slim-tape-ruban-japonais-orange-fin\/\",\"name\":\"SEICAR | SLIM TAPE | Ruban japonais orange fin\",\"isPartOf\":{\"@id\":\"https:\/\/arekson.com\/fr\/#website\"},\"primaryImageOfPage\":{\"@id\":\"https:\/\/arekson.com\/fr\/producto\/slim-tape-ruban-japonais-orange-fin\/#primaryimage\"},\"image\":{\"@id\":\"https:\/\/arekson.com\/fr\/producto\/slim-tape-ruban-japonais-orange-fin\/#primaryimage\"},\"thumbnailUrl\":\"https:\/\/arekson.com\/wp-content\/uploads\/2022\/05\/CAW019.jpg\",\"datePublished\":\"2022-06-03T16:11:28+00:00\",\"dateModified\":\"2022-06-15T14:18:48+00:00\",\"description\":\"SLIM TAPE | Ruban japonais orange fin | ARTICLES AUXILIAIRES | COUVERTURE ET MASQUAGE | REF: CAW050 | SEICAR\",\"breadcrumb\":{\"@id\":\"https:\/\/arekson.com\/fr\/producto\/slim-tape-ruban-japonais-orange-fin\/#breadcrumb\"},\"inLanguage\":\"fr-FR\",\"potentialAction\":[{\"@type\":\"ReadAction\",\"target\":[\"https:\/\/arekson.com\/fr\/producto\/slim-tape-ruban-japonais-orange-fin\/\"]}]},{\"@type\":\"ImageObject\",\"inLanguage\":\"fr-FR\",\"@id\":\"https:\/\/arekson.com\/fr\/producto\/slim-tape-ruban-japonais-orange-fin\/#primaryimage\",\"url\":\"https:\/\/arekson.com\/wp-content\/uploads\/2022\/05\/CAW019.jpg\",\"contentUrl\":\"https:\/\/arekson.com\/wp-content\/uploads\/2022\/05\/CAW019.jpg\",\"width\":800,\"height\":800},{\"@type\":\"BreadcrumbList\",\"@id\":\"https:\/\/arekson.com\/fr\/producto\/slim-tape-ruban-japonais-orange-fin\/#breadcrumb\",\"itemListElement\":[{\"@type\":\"ListItem\",\"position\":1,\"name\":\"Home\",\"item\":\"https:\/\/arekson.com\/fr\/\"},{\"@type\":\"ListItem\",\"position\":2,\"name\":\"Produits\",\"item\":\"https:\/\/arekson.com\/fr\/shop\/\"},{\"@type\":\"ListItem\",\"position\":3,\"name\":\"SLIM TAPE Ruban japonais orange fin\"}]},{\"@type\":\"WebSite\",\"@id\":\"https:\/\/arekson.com\/fr\/#website\",\"url\":\"https:\/\/arekson.com\/fr\/\",\"name\":\"Arekson Group\",\"description\":\"Marcas Referentes del Automovil Profesional\",\"publisher\":{\"@id\":\"https:\/\/arekson.com\/fr\/#organization\"},\"potentialAction\":[{\"@type\":\"SearchAction\",\"target\":{\"@type\":\"EntryPoint\",\"urlTemplate\":\"https:\/\/arekson.com\/fr\/?s={search_term_string}\"},\"query-input\":{\"@type\":\"PropertyValueSpecification\",\"valueRequired\":true,\"valueName\":\"search_term_string\"}}],\"inLanguage\":\"fr-FR\"},{\"@type\":\"Organization\",\"@id\":\"https:\/\/arekson.com\/fr\/#organization\",\"name\":\"Arekson Group\",\"url\":\"https:\/\/arekson.com\/fr\/\",\"logo\":{\"@type\":\"ImageObject\",\"inLanguage\":\"fr-FR\",\"@id\":\"https:\/\/arekson.com\/fr\/#\/schema\/logo\/image\/\",\"url\":\"https:\/\/arekson.com\/wp-content\/uploads\/2022\/06\/Arekson-Group-Logo-Gris.jpg\",\"contentUrl\":\"https:\/\/arekson.com\/wp-content\/uploads\/2022\/06\/Arekson-Group-Logo-Gris.jpg\",\"width\":174,\"height\":72,\"caption\":\"Arekson Group\"},\"image\":{\"@id\":\"https:\/\/arekson.com\/fr\/#\/schema\/logo\/image\/\"}}]}<\/script>\n<!-- \/ Yoast SEO plugin. -->","yoast_head_json":{"title":"SEICAR | SLIM TAPE | Ruban japonais orange fin","description":"SLIM TAPE | Ruban japonais orange fin | ARTICLES AUXILIAIRES | COUVERTURE ET MASQUAGE | REF: CAW050 | SEICAR","robots":{"index":"index","follow":"follow","max-snippet":"max-snippet:-1","max-image-preview":"max-image-preview:large","max-video-preview":"max-video-preview:-1"},"canonical":"https:\/\/arekson.com\/fr\/producto\/slim-tape-ruban-japonais-orange-fin\/","og_locale":"fr_FR","og_type":"article","og_title":"SEICAR | SLIM TAPE | Ruban japonais orange fin","og_description":"SLIM TAPE | Ruban japonais orange fin | ARTICLES AUXILIAIRES | COUVERTURE ET MASQUAGE | REF: CAW050 | SEICAR","og_url":"https:\/\/arekson.com\/fr\/producto\/slim-tape-ruban-japonais-orange-fin\/","og_site_name":"Arekson Group","article_modified_time":"2022-06-15T14:18:48+00:00","og_image":[{"width":800,"height":800,"url":"https:\/\/arekson.com\/wp-content\/uploads\/2022\/05\/CAW019.jpg","type":"image\/jpeg"}],"twitter_card":"summary_large_image","schema":{"@context":"https:\/\/schema.org","@graph":[{"@type":"WebPage","@id":"https:\/\/arekson.com\/fr\/producto\/slim-tape-ruban-japonais-orange-fin\/","url":"https:\/\/arekson.com\/fr\/producto\/slim-tape-ruban-japonais-orange-fin\/","name":"SEICAR | SLIM TAPE | Ruban japonais orange fin","isPartOf":{"@id":"https:\/\/arekson.com\/fr\/#website"},"primaryImageOfPage":{"@id":"https:\/\/arekson.com\/fr\/producto\/slim-tape-ruban-japonais-orange-fin\/#primaryimage"},"image":{"@id":"https:\/\/arekson.com\/fr\/producto\/slim-tape-ruban-japonais-orange-fin\/#primaryimage"},"thumbnailUrl":"https:\/\/arekson.com\/wp-content\/uploads\/2022\/05\/CAW019.jpg","datePublished":"2022-06-03T16:11:28+00:00","dateModified":"2022-06-15T14:18:48+00:00","description":"SLIM TAPE | Ruban japonais orange fin | ARTICLES AUXILIAIRES | COUVERTURE ET MASQUAGE | REF: CAW050 | SEICAR","breadcrumb":{"@id":"https:\/\/arekson.com\/fr\/producto\/slim-tape-ruban-japonais-orange-fin\/#breadcrumb"},"inLanguage":"fr-FR","potentialAction":[{"@type":"ReadAction","target":["https:\/\/arekson.com\/fr\/producto\/slim-tape-ruban-japonais-orange-fin\/"]}]},{"@type":"ImageObject","inLanguage":"fr-FR","@id":"https:\/\/arekson.com\/fr\/producto\/slim-tape-ruban-japonais-orange-fin\/#primaryimage","url":"https:\/\/arekson.com\/wp-content\/uploads\/2022\/05\/CAW019.jpg","contentUrl":"https:\/\/arekson.com\/wp-content\/uploads\/2022\/05\/CAW019.jpg","width":800,"height":800},{"@type":"BreadcrumbList","@id":"https:\/\/arekson.com\/fr\/producto\/slim-tape-ruban-japonais-orange-fin\/#breadcrumb","itemListElement":[{"@type":"ListItem","position":1,"name":"Home","item":"https:\/\/arekson.com\/fr\/"},{"@type":"ListItem","position":2,"name":"Produits","item":"https:\/\/arekson.com\/fr\/shop\/"},{"@type":"ListItem","position":3,"name":"SLIM TAPE Ruban japonais orange fin"}]},{"@type":"WebSite","@id":"https:\/\/arekson.com\/fr\/#website","url":"https:\/\/arekson.com\/fr\/","name":"Arekson Group","description":"Marcas Referentes del Automovil Profesional","publisher":{"@id":"https:\/\/arekson.com\/fr\/#organization"},"potentialAction":[{"@type":"SearchAction","target":{"@type":"EntryPoint","urlTemplate":"https:\/\/arekson.com\/fr\/?s={search_term_string}"},"query-input":{"@type":"PropertyValueSpecification","valueRequired":true,"valueName":"search_term_string"}}],"inLanguage":"fr-FR"},{"@type":"Organization","@id":"https:\/\/arekson.com\/fr\/#organization","name":"Arekson Group","url":"https:\/\/arekson.com\/fr\/","logo":{"@type":"ImageObject","inLanguage":"fr-FR","@id":"https:\/\/arekson.com\/fr\/#\/schema\/logo\/image\/","url":"https:\/\/arekson.com\/wp-content\/uploads\/2022\/06\/Arekson-Group-Logo-Gris.jpg","contentUrl":"https:\/\/arekson.com\/wp-content\/uploads\/2022\/06\/Arekson-Group-Logo-Gris.jpg","width":174,"height":72,"caption":"Arekson Group"},"image":{"@id":"https:\/\/arekson.com\/fr\/#\/schema\/logo\/image\/"}}]}},"_links":{"self":[{"href":"https:\/\/arekson.com\/fr\/wp-json\/wp\/v2\/product\/18599","targetHints":{"allow":["GET"]}}],"collection":[{"href":"https:\/\/arekson.com\/fr\/wp-json\/wp\/v2\/product"}],"about":[{"href":"https:\/\/arekson.com\/fr\/wp-json\/wp\/v2\/types\/product"}],"wp:featuredmedia":[{"embeddable":true,"href":"https:\/\/arekson.com\/fr\/wp-json\/wp\/v2\/media\/5371"}],"wp:attachment":[{"href":"https:\/\/arekson.com\/fr\/wp-json\/wp\/v2\/media?parent=18599"}],"wp:term":[{"taxonomy":"product_brand","embeddable":true,"href":"https:\/\/arekson.com\/fr\/wp-json\/wp\/v2\/product_brand?post=18599"},{"taxonomy":"product_cat","embeddable":true,"href":"https:\/\/arekson.com\/fr\/wp-json\/wp\/v2\/product_cat?post=18599"},{"taxonomy":"product_tag","embeddable":true,"href":"https:\/\/arekson.com\/fr\/wp-json\/wp\/v2\/product_tag?post=18599"}],"curies":[{"name":"wp","href":"https:\/\/api.w.org\/{rel}","templated":true}]}}