{"id":18595,"date":"2022-06-03T18:11:28","date_gmt":"2022-06-03T16:11:28","guid":{"rendered":"https:\/\/arekson.com\/producto\/top-q-ruban-de-masquage-vert\/"},"modified":"2022-06-15T16:18:43","modified_gmt":"2022-06-15T14:18:43","slug":"top-q-ruban-de-masquage-vert","status":"publish","type":"product","link":"https:\/\/arekson.com\/fr\/producto\/top-q-ruban-de-masquage-vert\/","title":{"rendered":"<strong><span class=\"nom-corto\">TOP-Q <\/span><\/strong><br><span class=\"nom-largo\">Ruban de masquage vert<\/span>"},"content":{"rendered":"","protected":false},"excerpt":{"rendered":"<p>Ruban de masquage tr\u00e8s performant : Id\u00e9al pour le masquage de caoutchouc, sp\u00e9cial pour peinture \u00e0 base d&rsquo;eau. R\u00e9sistant jusqu&rsquo;\u00e0 130 \u00baC. Ne laisse pas de trace d&rsquo;adh\u00e9sif.<\/p>\n","protected":false},"featured_media":5365,"template":"","meta":{"_et_pb_use_builder":"","_et_pb_old_content":"","_et_gb_content_width":""},"product_brand":[],"product_cat":[1123,1139,1143,370],"product_tag":[],"class_list":{"0":"post-18595","1":"product","2":"type-product","3":"status-publish","4":"has-post-thumbnail","6":"product_cat-auxiliaires","7":"product_cat-couverture-et-masquage","8":"product_cat-rubans-et-bourrelet","9":"product_cat-seicar-fr","10":"pa_seicar-fr-ref-caqs19-vert-rouleau-19-mm-x-50-m-48-unites","11":"pa_seicar-fr-ref-caqs38-vert-rouleau-38-mm-x-50-m-24-unites","12":"pa_seicar-fr-ref-caqs50-vert-rouleau-50-mm-x-50-m-24-unites","14":"first","15":"outofstock","16":"purchasable","17":"product-type-variable"},"yoast_head":"<!-- This site is optimized with the Yoast SEO plugin v27.2 - https:\/\/yoast.com\/product\/yoast-seo-wordpress\/ -->\n<title>SEICAR | TOP-Q | Ruban de masquage vert<\/title>\n<meta name=\"description\" content=\"TOP-Q | Ruban de masquage vert | ARTICLES AUXILIAIRES | COUVERTURE ET MASQUAGE | REF: CAQS50 | SEICAR\" \/>\n<meta name=\"robots\" content=\"index, follow, max-snippet:-1, max-image-preview:large, max-video-preview:-1\" \/>\n<link rel=\"canonical\" href=\"https:\/\/arekson.com\/fr\/producto\/top-q-ruban-de-masquage-vert\/\" \/>\n<meta property=\"og:locale\" content=\"fr_FR\" \/>\n<meta property=\"og:type\" content=\"article\" \/>\n<meta property=\"og:title\" content=\"SEICAR | TOP-Q | Ruban de masquage vert\" \/>\n<meta property=\"og:description\" content=\"TOP-Q | Ruban de masquage vert | ARTICLES AUXILIAIRES | COUVERTURE ET MASQUAGE | REF: CAQS50 | SEICAR\" \/>\n<meta property=\"og:url\" content=\"https:\/\/arekson.com\/fr\/producto\/top-q-ruban-de-masquage-vert\/\" \/>\n<meta property=\"og:site_name\" content=\"Arekson Group\" \/>\n<meta property=\"article:modified_time\" content=\"2022-06-15T14:18:43+00:00\" \/>\n<meta property=\"og:image\" content=\"https:\/\/arekson.com\/wp-content\/uploads\/2022\/05\/CAQ019.jpg\" \/>\n\t<meta property=\"og:image:width\" content=\"800\" \/>\n\t<meta property=\"og:image:height\" content=\"800\" \/>\n\t<meta property=\"og:image:type\" content=\"image\/jpeg\" \/>\n<meta name=\"twitter:card\" content=\"summary_large_image\" \/>\n<script type=\"application\/ld+json\" class=\"yoast-schema-graph\">{\"@context\":\"https:\/\/schema.org\",\"@graph\":[{\"@type\":\"WebPage\",\"@id\":\"https:\/\/arekson.com\/fr\/producto\/top-q-ruban-de-masquage-vert\/\",\"url\":\"https:\/\/arekson.com\/fr\/producto\/top-q-ruban-de-masquage-vert\/\",\"name\":\"SEICAR | TOP-Q | Ruban de masquage vert\",\"isPartOf\":{\"@id\":\"https:\/\/arekson.com\/fr\/#website\"},\"primaryImageOfPage\":{\"@id\":\"https:\/\/arekson.com\/fr\/producto\/top-q-ruban-de-masquage-vert\/#primaryimage\"},\"image\":{\"@id\":\"https:\/\/arekson.com\/fr\/producto\/top-q-ruban-de-masquage-vert\/#primaryimage\"},\"thumbnailUrl\":\"https:\/\/arekson.com\/wp-content\/uploads\/2022\/05\/CAQ019.jpg\",\"datePublished\":\"2022-06-03T16:11:28+00:00\",\"dateModified\":\"2022-06-15T14:18:43+00:00\",\"description\":\"TOP-Q | Ruban de masquage vert | ARTICLES AUXILIAIRES | COUVERTURE ET MASQUAGE | REF: CAQS50 | SEICAR\",\"breadcrumb\":{\"@id\":\"https:\/\/arekson.com\/fr\/producto\/top-q-ruban-de-masquage-vert\/#breadcrumb\"},\"inLanguage\":\"fr-FR\",\"potentialAction\":[{\"@type\":\"ReadAction\",\"target\":[\"https:\/\/arekson.com\/fr\/producto\/top-q-ruban-de-masquage-vert\/\"]}]},{\"@type\":\"ImageObject\",\"inLanguage\":\"fr-FR\",\"@id\":\"https:\/\/arekson.com\/fr\/producto\/top-q-ruban-de-masquage-vert\/#primaryimage\",\"url\":\"https:\/\/arekson.com\/wp-content\/uploads\/2022\/05\/CAQ019.jpg\",\"contentUrl\":\"https:\/\/arekson.com\/wp-content\/uploads\/2022\/05\/CAQ019.jpg\",\"width\":800,\"height\":800},{\"@type\":\"BreadcrumbList\",\"@id\":\"https:\/\/arekson.com\/fr\/producto\/top-q-ruban-de-masquage-vert\/#breadcrumb\",\"itemListElement\":[{\"@type\":\"ListItem\",\"position\":1,\"name\":\"Home\",\"item\":\"https:\/\/arekson.com\/fr\/\"},{\"@type\":\"ListItem\",\"position\":2,\"name\":\"Produits\",\"item\":\"https:\/\/arekson.com\/fr\/shop\/\"},{\"@type\":\"ListItem\",\"position\":3,\"name\":\"TOP-Q Ruban de masquage vert\"}]},{\"@type\":\"WebSite\",\"@id\":\"https:\/\/arekson.com\/fr\/#website\",\"url\":\"https:\/\/arekson.com\/fr\/\",\"name\":\"Arekson Group\",\"description\":\"Marcas Referentes del Automovil Profesional\",\"publisher\":{\"@id\":\"https:\/\/arekson.com\/fr\/#organization\"},\"potentialAction\":[{\"@type\":\"SearchAction\",\"target\":{\"@type\":\"EntryPoint\",\"urlTemplate\":\"https:\/\/arekson.com\/fr\/?s={search_term_string}\"},\"query-input\":{\"@type\":\"PropertyValueSpecification\",\"valueRequired\":true,\"valueName\":\"search_term_string\"}}],\"inLanguage\":\"fr-FR\"},{\"@type\":\"Organization\",\"@id\":\"https:\/\/arekson.com\/fr\/#organization\",\"name\":\"Arekson Group\",\"url\":\"https:\/\/arekson.com\/fr\/\",\"logo\":{\"@type\":\"ImageObject\",\"inLanguage\":\"fr-FR\",\"@id\":\"https:\/\/arekson.com\/fr\/#\/schema\/logo\/image\/\",\"url\":\"https:\/\/arekson.com\/wp-content\/uploads\/2022\/06\/Arekson-Group-Logo-Gris.jpg\",\"contentUrl\":\"https:\/\/arekson.com\/wp-content\/uploads\/2022\/06\/Arekson-Group-Logo-Gris.jpg\",\"width\":174,\"height\":72,\"caption\":\"Arekson Group\"},\"image\":{\"@id\":\"https:\/\/arekson.com\/fr\/#\/schema\/logo\/image\/\"}}]}<\/script>\n<!-- \/ Yoast SEO plugin. -->","yoast_head_json":{"title":"SEICAR | TOP-Q | Ruban de masquage vert","description":"TOP-Q | Ruban de masquage vert | ARTICLES AUXILIAIRES | COUVERTURE ET MASQUAGE | REF: CAQS50 | SEICAR","robots":{"index":"index","follow":"follow","max-snippet":"max-snippet:-1","max-image-preview":"max-image-preview:large","max-video-preview":"max-video-preview:-1"},"canonical":"https:\/\/arekson.com\/fr\/producto\/top-q-ruban-de-masquage-vert\/","og_locale":"fr_FR","og_type":"article","og_title":"SEICAR | TOP-Q | Ruban de masquage vert","og_description":"TOP-Q | Ruban de masquage vert | ARTICLES AUXILIAIRES | COUVERTURE ET MASQUAGE | REF: CAQS50 | SEICAR","og_url":"https:\/\/arekson.com\/fr\/producto\/top-q-ruban-de-masquage-vert\/","og_site_name":"Arekson Group","article_modified_time":"2022-06-15T14:18:43+00:00","og_image":[{"width":800,"height":800,"url":"https:\/\/arekson.com\/wp-content\/uploads\/2022\/05\/CAQ019.jpg","type":"image\/jpeg"}],"twitter_card":"summary_large_image","schema":{"@context":"https:\/\/schema.org","@graph":[{"@type":"WebPage","@id":"https:\/\/arekson.com\/fr\/producto\/top-q-ruban-de-masquage-vert\/","url":"https:\/\/arekson.com\/fr\/producto\/top-q-ruban-de-masquage-vert\/","name":"SEICAR | TOP-Q | Ruban de masquage vert","isPartOf":{"@id":"https:\/\/arekson.com\/fr\/#website"},"primaryImageOfPage":{"@id":"https:\/\/arekson.com\/fr\/producto\/top-q-ruban-de-masquage-vert\/#primaryimage"},"image":{"@id":"https:\/\/arekson.com\/fr\/producto\/top-q-ruban-de-masquage-vert\/#primaryimage"},"thumbnailUrl":"https:\/\/arekson.com\/wp-content\/uploads\/2022\/05\/CAQ019.jpg","datePublished":"2022-06-03T16:11:28+00:00","dateModified":"2022-06-15T14:18:43+00:00","description":"TOP-Q | Ruban de masquage vert | ARTICLES AUXILIAIRES | COUVERTURE ET MASQUAGE | REF: CAQS50 | SEICAR","breadcrumb":{"@id":"https:\/\/arekson.com\/fr\/producto\/top-q-ruban-de-masquage-vert\/#breadcrumb"},"inLanguage":"fr-FR","potentialAction":[{"@type":"ReadAction","target":["https:\/\/arekson.com\/fr\/producto\/top-q-ruban-de-masquage-vert\/"]}]},{"@type":"ImageObject","inLanguage":"fr-FR","@id":"https:\/\/arekson.com\/fr\/producto\/top-q-ruban-de-masquage-vert\/#primaryimage","url":"https:\/\/arekson.com\/wp-content\/uploads\/2022\/05\/CAQ019.jpg","contentUrl":"https:\/\/arekson.com\/wp-content\/uploads\/2022\/05\/CAQ019.jpg","width":800,"height":800},{"@type":"BreadcrumbList","@id":"https:\/\/arekson.com\/fr\/producto\/top-q-ruban-de-masquage-vert\/#breadcrumb","itemListElement":[{"@type":"ListItem","position":1,"name":"Home","item":"https:\/\/arekson.com\/fr\/"},{"@type":"ListItem","position":2,"name":"Produits","item":"https:\/\/arekson.com\/fr\/shop\/"},{"@type":"ListItem","position":3,"name":"TOP-Q Ruban de masquage vert"}]},{"@type":"WebSite","@id":"https:\/\/arekson.com\/fr\/#website","url":"https:\/\/arekson.com\/fr\/","name":"Arekson Group","description":"Marcas Referentes del Automovil Profesional","publisher":{"@id":"https:\/\/arekson.com\/fr\/#organization"},"potentialAction":[{"@type":"SearchAction","target":{"@type":"EntryPoint","urlTemplate":"https:\/\/arekson.com\/fr\/?s={search_term_string}"},"query-input":{"@type":"PropertyValueSpecification","valueRequired":true,"valueName":"search_term_string"}}],"inLanguage":"fr-FR"},{"@type":"Organization","@id":"https:\/\/arekson.com\/fr\/#organization","name":"Arekson Group","url":"https:\/\/arekson.com\/fr\/","logo":{"@type":"ImageObject","inLanguage":"fr-FR","@id":"https:\/\/arekson.com\/fr\/#\/schema\/logo\/image\/","url":"https:\/\/arekson.com\/wp-content\/uploads\/2022\/06\/Arekson-Group-Logo-Gris.jpg","contentUrl":"https:\/\/arekson.com\/wp-content\/uploads\/2022\/06\/Arekson-Group-Logo-Gris.jpg","width":174,"height":72,"caption":"Arekson Group"},"image":{"@id":"https:\/\/arekson.com\/fr\/#\/schema\/logo\/image\/"}}]}},"_links":{"self":[{"href":"https:\/\/arekson.com\/fr\/wp-json\/wp\/v2\/product\/18595","targetHints":{"allow":["GET"]}}],"collection":[{"href":"https:\/\/arekson.com\/fr\/wp-json\/wp\/v2\/product"}],"about":[{"href":"https:\/\/arekson.com\/fr\/wp-json\/wp\/v2\/types\/product"}],"wp:featuredmedia":[{"embeddable":true,"href":"https:\/\/arekson.com\/fr\/wp-json\/wp\/v2\/media\/5365"}],"wp:attachment":[{"href":"https:\/\/arekson.com\/fr\/wp-json\/wp\/v2\/media?parent=18595"}],"wp:term":[{"taxonomy":"product_brand","embeddable":true,"href":"https:\/\/arekson.com\/fr\/wp-json\/wp\/v2\/product_brand?post=18595"},{"taxonomy":"product_cat","embeddable":true,"href":"https:\/\/arekson.com\/fr\/wp-json\/wp\/v2\/product_cat?post=18595"},{"taxonomy":"product_tag","embeddable":true,"href":"https:\/\/arekson.com\/fr\/wp-json\/wp\/v2\/product_tag?post=18595"}],"curies":[{"name":"wp","href":"https:\/\/api.w.org\/{rel}","templated":true}]}}