{"id":18590,"date":"2022-06-03T18:11:24","date_gmt":"2022-06-03T16:11:24","guid":{"rendered":"https:\/\/arekson.com\/producto\/polar-star-tape-ruban-adhesif-pour-carrosserie\/"},"modified":"2022-06-15T16:18:34","modified_gmt":"2022-06-15T14:18:34","slug":"polar-star-tape-ruban-adhesif-pour-carrosserie","status":"publish","type":"product","link":"https:\/\/arekson.com\/fr\/producto\/polar-star-tape-ruban-adhesif-pour-carrosserie\/","title":{"rendered":"<strong><span class=\"nom-corto\">POLAR STAR TAPE <\/span><\/strong><br><span class=\"nom-largo\">Ruban adh\u00e9sif pour carrosserie<\/span>"},"content":{"rendered":"","protected":false},"excerpt":{"rendered":"<p>Ruban adh\u00e9sif pour masquage sp\u00e9cial carrosserie. R\u00e9sistant jusqu\u2019\u00e0 80 \u00baC. R\u00e9sistant \u00e0 l\u2019humidit\u00e9 et aux solvants sans transf\u00e9rer d\u2019adh\u00e9sifs. Coupe facile.<\/p>\n","protected":false},"featured_media":5347,"template":"","meta":{"_et_pb_use_builder":"","_et_pb_old_content":"","_et_gb_content_width":""},"product_brand":[],"product_cat":[1123,1139,1143,370],"product_tag":[],"class_list":{"0":"post-18590","1":"product","2":"type-product","3":"status-publish","4":"has-post-thumbnail","6":"product_cat-auxiliaires","7":"product_cat-couverture-et-masquage","8":"product_cat-rubans-et-bourrelet","9":"product_cat-seicar-fr","10":"pa_seicar-fr-ref-ca0019b-boite-19-mm-x-50-yds-48-unites","11":"pa_seicar-fr-ref-ca0025b-boite-25-mm-x-50-yds-36-unites","12":"pa_seicar-fr-ref-ca0038b-boite-38-mm-x-50-yds-24-unites","13":"pa_seicar-fr-ref-ca0048b-boite-48-mm-x-50-yds-24-unites","15":"first","16":"outofstock","17":"purchasable","18":"product-type-variable"},"yoast_head":"<!-- This site is optimized with the Yoast SEO plugin v27.2 - https:\/\/yoast.com\/product\/yoast-seo-wordpress\/ -->\n<title>SEICAR | POLAR STAR TAPE | Ruban adh\u00e9sif pour carrosserie<\/title>\n<meta name=\"description\" content=\"POLAR STAR TAPE | Ruban adh\u00e9sif pour carrosserie | ARTICLES AUXILIAIRES | COUVERTURE ET MASQUAGE | REF: CA0048B | SEICAR\" \/>\n<meta name=\"robots\" content=\"index, follow, max-snippet:-1, max-image-preview:large, max-video-preview:-1\" \/>\n<link rel=\"canonical\" href=\"https:\/\/arekson.com\/fr\/producto\/polar-star-tape-ruban-adhesif-pour-carrosserie\/\" \/>\n<meta property=\"og:locale\" content=\"fr_FR\" \/>\n<meta property=\"og:type\" content=\"article\" \/>\n<meta property=\"og:title\" content=\"SEICAR | POLAR STAR TAPE | Ruban adh\u00e9sif pour carrosserie\" \/>\n<meta property=\"og:description\" content=\"POLAR STAR TAPE | Ruban adh\u00e9sif pour carrosserie | ARTICLES AUXILIAIRES | COUVERTURE ET MASQUAGE | REF: CA0048B | SEICAR\" \/>\n<meta property=\"og:url\" content=\"https:\/\/arekson.com\/fr\/producto\/polar-star-tape-ruban-adhesif-pour-carrosserie\/\" \/>\n<meta property=\"og:site_name\" content=\"Arekson Group\" \/>\n<meta property=\"article:modified_time\" content=\"2022-06-15T14:18:34+00:00\" \/>\n<meta property=\"og:image\" content=\"https:\/\/arekson.com\/wp-content\/uploads\/2022\/05\/CA0019B.jpg\" \/>\n\t<meta property=\"og:image:width\" content=\"800\" \/>\n\t<meta property=\"og:image:height\" content=\"800\" \/>\n\t<meta property=\"og:image:type\" content=\"image\/jpeg\" \/>\n<meta name=\"twitter:card\" content=\"summary_large_image\" \/>\n<script type=\"application\/ld+json\" class=\"yoast-schema-graph\">{\"@context\":\"https:\/\/schema.org\",\"@graph\":[{\"@type\":\"WebPage\",\"@id\":\"https:\/\/arekson.com\/fr\/producto\/polar-star-tape-ruban-adhesif-pour-carrosserie\/\",\"url\":\"https:\/\/arekson.com\/fr\/producto\/polar-star-tape-ruban-adhesif-pour-carrosserie\/\",\"name\":\"SEICAR | POLAR STAR TAPE | Ruban adh\u00e9sif pour carrosserie\",\"isPartOf\":{\"@id\":\"https:\/\/arekson.com\/fr\/#website\"},\"primaryImageOfPage\":{\"@id\":\"https:\/\/arekson.com\/fr\/producto\/polar-star-tape-ruban-adhesif-pour-carrosserie\/#primaryimage\"},\"image\":{\"@id\":\"https:\/\/arekson.com\/fr\/producto\/polar-star-tape-ruban-adhesif-pour-carrosserie\/#primaryimage\"},\"thumbnailUrl\":\"https:\/\/arekson.com\/wp-content\/uploads\/2022\/05\/CA0019B.jpg\",\"datePublished\":\"2022-06-03T16:11:24+00:00\",\"dateModified\":\"2022-06-15T14:18:34+00:00\",\"description\":\"POLAR STAR TAPE | Ruban adh\u00e9sif pour carrosserie | ARTICLES AUXILIAIRES | COUVERTURE ET MASQUAGE | REF: CA0048B | SEICAR\",\"breadcrumb\":{\"@id\":\"https:\/\/arekson.com\/fr\/producto\/polar-star-tape-ruban-adhesif-pour-carrosserie\/#breadcrumb\"},\"inLanguage\":\"fr-FR\",\"potentialAction\":[{\"@type\":\"ReadAction\",\"target\":[\"https:\/\/arekson.com\/fr\/producto\/polar-star-tape-ruban-adhesif-pour-carrosserie\/\"]}]},{\"@type\":\"ImageObject\",\"inLanguage\":\"fr-FR\",\"@id\":\"https:\/\/arekson.com\/fr\/producto\/polar-star-tape-ruban-adhesif-pour-carrosserie\/#primaryimage\",\"url\":\"https:\/\/arekson.com\/wp-content\/uploads\/2022\/05\/CA0019B.jpg\",\"contentUrl\":\"https:\/\/arekson.com\/wp-content\/uploads\/2022\/05\/CA0019B.jpg\",\"width\":800,\"height\":800},{\"@type\":\"BreadcrumbList\",\"@id\":\"https:\/\/arekson.com\/fr\/producto\/polar-star-tape-ruban-adhesif-pour-carrosserie\/#breadcrumb\",\"itemListElement\":[{\"@type\":\"ListItem\",\"position\":1,\"name\":\"Home\",\"item\":\"https:\/\/arekson.com\/fr\/\"},{\"@type\":\"ListItem\",\"position\":2,\"name\":\"Produits\",\"item\":\"https:\/\/arekson.com\/fr\/shop\/\"},{\"@type\":\"ListItem\",\"position\":3,\"name\":\"POLAR STAR TAPE Ruban adh\u00e9sif pour carrosserie\"}]},{\"@type\":\"WebSite\",\"@id\":\"https:\/\/arekson.com\/fr\/#website\",\"url\":\"https:\/\/arekson.com\/fr\/\",\"name\":\"Arekson Group\",\"description\":\"Marcas Referentes del Automovil Profesional\",\"publisher\":{\"@id\":\"https:\/\/arekson.com\/fr\/#organization\"},\"potentialAction\":[{\"@type\":\"SearchAction\",\"target\":{\"@type\":\"EntryPoint\",\"urlTemplate\":\"https:\/\/arekson.com\/fr\/?s={search_term_string}\"},\"query-input\":{\"@type\":\"PropertyValueSpecification\",\"valueRequired\":true,\"valueName\":\"search_term_string\"}}],\"inLanguage\":\"fr-FR\"},{\"@type\":\"Organization\",\"@id\":\"https:\/\/arekson.com\/fr\/#organization\",\"name\":\"Arekson Group\",\"url\":\"https:\/\/arekson.com\/fr\/\",\"logo\":{\"@type\":\"ImageObject\",\"inLanguage\":\"fr-FR\",\"@id\":\"https:\/\/arekson.com\/fr\/#\/schema\/logo\/image\/\",\"url\":\"https:\/\/arekson.com\/wp-content\/uploads\/2022\/06\/Arekson-Group-Logo-Gris.jpg\",\"contentUrl\":\"https:\/\/arekson.com\/wp-content\/uploads\/2022\/06\/Arekson-Group-Logo-Gris.jpg\",\"width\":174,\"height\":72,\"caption\":\"Arekson Group\"},\"image\":{\"@id\":\"https:\/\/arekson.com\/fr\/#\/schema\/logo\/image\/\"}}]}<\/script>\n<!-- \/ Yoast SEO plugin. -->","yoast_head_json":{"title":"SEICAR | POLAR STAR TAPE | Ruban adh\u00e9sif pour carrosserie","description":"POLAR STAR TAPE | Ruban adh\u00e9sif pour carrosserie | ARTICLES AUXILIAIRES | COUVERTURE ET MASQUAGE | REF: CA0048B | SEICAR","robots":{"index":"index","follow":"follow","max-snippet":"max-snippet:-1","max-image-preview":"max-image-preview:large","max-video-preview":"max-video-preview:-1"},"canonical":"https:\/\/arekson.com\/fr\/producto\/polar-star-tape-ruban-adhesif-pour-carrosserie\/","og_locale":"fr_FR","og_type":"article","og_title":"SEICAR | POLAR STAR TAPE | Ruban adh\u00e9sif pour carrosserie","og_description":"POLAR STAR TAPE | Ruban adh\u00e9sif pour carrosserie | ARTICLES AUXILIAIRES | COUVERTURE ET MASQUAGE | REF: CA0048B | SEICAR","og_url":"https:\/\/arekson.com\/fr\/producto\/polar-star-tape-ruban-adhesif-pour-carrosserie\/","og_site_name":"Arekson Group","article_modified_time":"2022-06-15T14:18:34+00:00","og_image":[{"width":800,"height":800,"url":"https:\/\/arekson.com\/wp-content\/uploads\/2022\/05\/CA0019B.jpg","type":"image\/jpeg"}],"twitter_card":"summary_large_image","schema":{"@context":"https:\/\/schema.org","@graph":[{"@type":"WebPage","@id":"https:\/\/arekson.com\/fr\/producto\/polar-star-tape-ruban-adhesif-pour-carrosserie\/","url":"https:\/\/arekson.com\/fr\/producto\/polar-star-tape-ruban-adhesif-pour-carrosserie\/","name":"SEICAR | POLAR STAR TAPE | Ruban adh\u00e9sif pour carrosserie","isPartOf":{"@id":"https:\/\/arekson.com\/fr\/#website"},"primaryImageOfPage":{"@id":"https:\/\/arekson.com\/fr\/producto\/polar-star-tape-ruban-adhesif-pour-carrosserie\/#primaryimage"},"image":{"@id":"https:\/\/arekson.com\/fr\/producto\/polar-star-tape-ruban-adhesif-pour-carrosserie\/#primaryimage"},"thumbnailUrl":"https:\/\/arekson.com\/wp-content\/uploads\/2022\/05\/CA0019B.jpg","datePublished":"2022-06-03T16:11:24+00:00","dateModified":"2022-06-15T14:18:34+00:00","description":"POLAR STAR TAPE | Ruban adh\u00e9sif pour carrosserie | ARTICLES AUXILIAIRES | COUVERTURE ET MASQUAGE | REF: CA0048B | SEICAR","breadcrumb":{"@id":"https:\/\/arekson.com\/fr\/producto\/polar-star-tape-ruban-adhesif-pour-carrosserie\/#breadcrumb"},"inLanguage":"fr-FR","potentialAction":[{"@type":"ReadAction","target":["https:\/\/arekson.com\/fr\/producto\/polar-star-tape-ruban-adhesif-pour-carrosserie\/"]}]},{"@type":"ImageObject","inLanguage":"fr-FR","@id":"https:\/\/arekson.com\/fr\/producto\/polar-star-tape-ruban-adhesif-pour-carrosserie\/#primaryimage","url":"https:\/\/arekson.com\/wp-content\/uploads\/2022\/05\/CA0019B.jpg","contentUrl":"https:\/\/arekson.com\/wp-content\/uploads\/2022\/05\/CA0019B.jpg","width":800,"height":800},{"@type":"BreadcrumbList","@id":"https:\/\/arekson.com\/fr\/producto\/polar-star-tape-ruban-adhesif-pour-carrosserie\/#breadcrumb","itemListElement":[{"@type":"ListItem","position":1,"name":"Home","item":"https:\/\/arekson.com\/fr\/"},{"@type":"ListItem","position":2,"name":"Produits","item":"https:\/\/arekson.com\/fr\/shop\/"},{"@type":"ListItem","position":3,"name":"POLAR STAR TAPE Ruban adh\u00e9sif pour carrosserie"}]},{"@type":"WebSite","@id":"https:\/\/arekson.com\/fr\/#website","url":"https:\/\/arekson.com\/fr\/","name":"Arekson Group","description":"Marcas Referentes del Automovil Profesional","publisher":{"@id":"https:\/\/arekson.com\/fr\/#organization"},"potentialAction":[{"@type":"SearchAction","target":{"@type":"EntryPoint","urlTemplate":"https:\/\/arekson.com\/fr\/?s={search_term_string}"},"query-input":{"@type":"PropertyValueSpecification","valueRequired":true,"valueName":"search_term_string"}}],"inLanguage":"fr-FR"},{"@type":"Organization","@id":"https:\/\/arekson.com\/fr\/#organization","name":"Arekson Group","url":"https:\/\/arekson.com\/fr\/","logo":{"@type":"ImageObject","inLanguage":"fr-FR","@id":"https:\/\/arekson.com\/fr\/#\/schema\/logo\/image\/","url":"https:\/\/arekson.com\/wp-content\/uploads\/2022\/06\/Arekson-Group-Logo-Gris.jpg","contentUrl":"https:\/\/arekson.com\/wp-content\/uploads\/2022\/06\/Arekson-Group-Logo-Gris.jpg","width":174,"height":72,"caption":"Arekson Group"},"image":{"@id":"https:\/\/arekson.com\/fr\/#\/schema\/logo\/image\/"}}]}},"_links":{"self":[{"href":"https:\/\/arekson.com\/fr\/wp-json\/wp\/v2\/product\/18590","targetHints":{"allow":["GET"]}}],"collection":[{"href":"https:\/\/arekson.com\/fr\/wp-json\/wp\/v2\/product"}],"about":[{"href":"https:\/\/arekson.com\/fr\/wp-json\/wp\/v2\/types\/product"}],"wp:featuredmedia":[{"embeddable":true,"href":"https:\/\/arekson.com\/fr\/wp-json\/wp\/v2\/media\/5347"}],"wp:attachment":[{"href":"https:\/\/arekson.com\/fr\/wp-json\/wp\/v2\/media?parent=18590"}],"wp:term":[{"taxonomy":"product_brand","embeddable":true,"href":"https:\/\/arekson.com\/fr\/wp-json\/wp\/v2\/product_brand?post=18590"},{"taxonomy":"product_cat","embeddable":true,"href":"https:\/\/arekson.com\/fr\/wp-json\/wp\/v2\/product_cat?post=18590"},{"taxonomy":"product_tag","embeddable":true,"href":"https:\/\/arekson.com\/fr\/wp-json\/wp\/v2\/product_tag?post=18590"}],"curies":[{"name":"wp","href":"https:\/\/api.w.org\/{rel}","templated":true}]}}