{"id":18571,"date":"2022-06-03T18:11:13","date_gmt":"2022-06-03T16:11:13","guid":{"rendered":"https:\/\/arekson.com\/producto\/bumper-sensor-mask-100-u-protection-de-capteurs\/"},"modified":"2022-06-15T16:17:55","modified_gmt":"2022-06-15T14:17:55","slug":"bumper-sensor-mask-100-u-protection-de-capteurs","status":"publish","type":"product","link":"https:\/\/arekson.com\/fr\/producto\/bumper-sensor-mask-100-u-protection-de-capteurs\/","title":{"rendered":"<strong><span class=\"nom-corto\">BUMPER SENSOR MASK 100 u. <\/span><\/strong><br><span class=\"nom-largo\">Protection de Capteurs<\/span>"},"content":{"rendered":"","protected":false},"excerpt":{"rendered":"<p>Pastille de masquage pour d\u00e9tecteurs de para chocs. Format identique \u00e0 l\u2019origne, s\u2019applique et s\u2019enl\u00e8ve facilement. Deux diam\u00e8tres adapt\u00e9s\u00e0 la grande majorit\u00e9 des capteurs. Perment de peindre un pare-chocs sans enlever les capteurs.<\/p>\n","protected":false},"featured_media":5164,"template":"","meta":{"_et_pb_use_builder":"","_et_pb_old_content":"","_et_gb_content_width":""},"product_brand":[],"product_cat":[1123,1139,1147,370],"product_tag":[],"class_list":{"0":"post-18571","1":"product","2":"type-product","3":"status-publish","4":"has-post-thumbnail","6":"product_cat-auxiliaires","7":"product_cat-couverture-et-masquage","8":"product_cat-masquage-dexterieurs","9":"product_cat-seicar-fr","10":"pa_seicar-fr-ref-asp005-vert-blister-12-mm-1-unite","11":"pa_seicar-fr-ref-asp010-vert-blister-18-mm-1-unite","13":"first","14":"outofstock","15":"purchasable","16":"product-type-variable"},"yoast_head":"<!-- This site is optimized with the Yoast SEO plugin v27.2 - https:\/\/yoast.com\/product\/yoast-seo-wordpress\/ -->\n<title>SEICAR | BUMPER SENSOR MASK 100 u. | Protection de Capteurs<\/title>\n<meta name=\"description\" content=\"BUMPER SENSOR MASK 100 u. | Protection de Capteurs | ARTICLES AUXILIAIRES | COUVERTURE ET MASQUAGE | REF: ASP010 | SEICAR\" \/>\n<meta name=\"robots\" content=\"index, follow, max-snippet:-1, max-image-preview:large, max-video-preview:-1\" \/>\n<link rel=\"canonical\" href=\"https:\/\/arekson.com\/fr\/producto\/bumper-sensor-mask-100-u-protection-de-capteurs\/\" \/>\n<meta property=\"og:locale\" content=\"fr_FR\" \/>\n<meta property=\"og:type\" content=\"article\" \/>\n<meta property=\"og:title\" content=\"SEICAR | BUMPER SENSOR MASK 100 u. | Protection de Capteurs\" \/>\n<meta property=\"og:description\" content=\"BUMPER SENSOR MASK 100 u. | Protection de Capteurs | ARTICLES AUXILIAIRES | COUVERTURE ET MASQUAGE | REF: ASP010 | SEICAR\" \/>\n<meta property=\"og:url\" content=\"https:\/\/arekson.com\/fr\/producto\/bumper-sensor-mask-100-u-protection-de-capteurs\/\" \/>\n<meta property=\"og:site_name\" content=\"Arekson Group\" \/>\n<meta property=\"article:modified_time\" content=\"2022-06-15T14:17:55+00:00\" \/>\n<meta property=\"og:image\" content=\"https:\/\/arekson.com\/wp-content\/uploads\/2022\/05\/ASP005-20.jpg\" \/>\n\t<meta property=\"og:image:width\" content=\"800\" \/>\n\t<meta property=\"og:image:height\" content=\"800\" \/>\n\t<meta property=\"og:image:type\" content=\"image\/jpeg\" \/>\n<meta name=\"twitter:card\" content=\"summary_large_image\" \/>\n<script type=\"application\/ld+json\" class=\"yoast-schema-graph\">{\"@context\":\"https:\/\/schema.org\",\"@graph\":[{\"@type\":\"WebPage\",\"@id\":\"https:\/\/arekson.com\/fr\/producto\/bumper-sensor-mask-100-u-protection-de-capteurs\/\",\"url\":\"https:\/\/arekson.com\/fr\/producto\/bumper-sensor-mask-100-u-protection-de-capteurs\/\",\"name\":\"SEICAR | BUMPER SENSOR MASK 100 u. | Protection de Capteurs\",\"isPartOf\":{\"@id\":\"https:\/\/arekson.com\/fr\/#website\"},\"primaryImageOfPage\":{\"@id\":\"https:\/\/arekson.com\/fr\/producto\/bumper-sensor-mask-100-u-protection-de-capteurs\/#primaryimage\"},\"image\":{\"@id\":\"https:\/\/arekson.com\/fr\/producto\/bumper-sensor-mask-100-u-protection-de-capteurs\/#primaryimage\"},\"thumbnailUrl\":\"https:\/\/arekson.com\/wp-content\/uploads\/2022\/05\/ASP005-20.jpg\",\"datePublished\":\"2022-06-03T16:11:13+00:00\",\"dateModified\":\"2022-06-15T14:17:55+00:00\",\"description\":\"BUMPER SENSOR MASK 100 u. | Protection de Capteurs | ARTICLES AUXILIAIRES | COUVERTURE ET MASQUAGE | REF: ASP010 | SEICAR\",\"breadcrumb\":{\"@id\":\"https:\/\/arekson.com\/fr\/producto\/bumper-sensor-mask-100-u-protection-de-capteurs\/#breadcrumb\"},\"inLanguage\":\"fr-FR\",\"potentialAction\":[{\"@type\":\"ReadAction\",\"target\":[\"https:\/\/arekson.com\/fr\/producto\/bumper-sensor-mask-100-u-protection-de-capteurs\/\"]}]},{\"@type\":\"ImageObject\",\"inLanguage\":\"fr-FR\",\"@id\":\"https:\/\/arekson.com\/fr\/producto\/bumper-sensor-mask-100-u-protection-de-capteurs\/#primaryimage\",\"url\":\"https:\/\/arekson.com\/wp-content\/uploads\/2022\/05\/ASP005-20.jpg\",\"contentUrl\":\"https:\/\/arekson.com\/wp-content\/uploads\/2022\/05\/ASP005-20.jpg\",\"width\":800,\"height\":800},{\"@type\":\"BreadcrumbList\",\"@id\":\"https:\/\/arekson.com\/fr\/producto\/bumper-sensor-mask-100-u-protection-de-capteurs\/#breadcrumb\",\"itemListElement\":[{\"@type\":\"ListItem\",\"position\":1,\"name\":\"Home\",\"item\":\"https:\/\/arekson.com\/fr\/\"},{\"@type\":\"ListItem\",\"position\":2,\"name\":\"Produits\",\"item\":\"https:\/\/arekson.com\/fr\/shop\/\"},{\"@type\":\"ListItem\",\"position\":3,\"name\":\"BUMPER SENSOR MASK 100 u. Protection de Capteurs\"}]},{\"@type\":\"WebSite\",\"@id\":\"https:\/\/arekson.com\/fr\/#website\",\"url\":\"https:\/\/arekson.com\/fr\/\",\"name\":\"Arekson Group\",\"description\":\"Marcas Referentes del Automovil Profesional\",\"publisher\":{\"@id\":\"https:\/\/arekson.com\/fr\/#organization\"},\"potentialAction\":[{\"@type\":\"SearchAction\",\"target\":{\"@type\":\"EntryPoint\",\"urlTemplate\":\"https:\/\/arekson.com\/fr\/?s={search_term_string}\"},\"query-input\":{\"@type\":\"PropertyValueSpecification\",\"valueRequired\":true,\"valueName\":\"search_term_string\"}}],\"inLanguage\":\"fr-FR\"},{\"@type\":\"Organization\",\"@id\":\"https:\/\/arekson.com\/fr\/#organization\",\"name\":\"Arekson Group\",\"url\":\"https:\/\/arekson.com\/fr\/\",\"logo\":{\"@type\":\"ImageObject\",\"inLanguage\":\"fr-FR\",\"@id\":\"https:\/\/arekson.com\/fr\/#\/schema\/logo\/image\/\",\"url\":\"https:\/\/arekson.com\/wp-content\/uploads\/2022\/06\/Arekson-Group-Logo-Gris.jpg\",\"contentUrl\":\"https:\/\/arekson.com\/wp-content\/uploads\/2022\/06\/Arekson-Group-Logo-Gris.jpg\",\"width\":174,\"height\":72,\"caption\":\"Arekson Group\"},\"image\":{\"@id\":\"https:\/\/arekson.com\/fr\/#\/schema\/logo\/image\/\"}}]}<\/script>\n<!-- \/ Yoast SEO plugin. -->","yoast_head_json":{"title":"SEICAR | BUMPER SENSOR MASK 100 u. | Protection de Capteurs","description":"BUMPER SENSOR MASK 100 u. | Protection de Capteurs | ARTICLES AUXILIAIRES | COUVERTURE ET MASQUAGE | REF: ASP010 | SEICAR","robots":{"index":"index","follow":"follow","max-snippet":"max-snippet:-1","max-image-preview":"max-image-preview:large","max-video-preview":"max-video-preview:-1"},"canonical":"https:\/\/arekson.com\/fr\/producto\/bumper-sensor-mask-100-u-protection-de-capteurs\/","og_locale":"fr_FR","og_type":"article","og_title":"SEICAR | BUMPER SENSOR MASK 100 u. | Protection de Capteurs","og_description":"BUMPER SENSOR MASK 100 u. | Protection de Capteurs | ARTICLES AUXILIAIRES | COUVERTURE ET MASQUAGE | REF: ASP010 | SEICAR","og_url":"https:\/\/arekson.com\/fr\/producto\/bumper-sensor-mask-100-u-protection-de-capteurs\/","og_site_name":"Arekson Group","article_modified_time":"2022-06-15T14:17:55+00:00","og_image":[{"width":800,"height":800,"url":"https:\/\/arekson.com\/wp-content\/uploads\/2022\/05\/ASP005-20.jpg","type":"image\/jpeg"}],"twitter_card":"summary_large_image","schema":{"@context":"https:\/\/schema.org","@graph":[{"@type":"WebPage","@id":"https:\/\/arekson.com\/fr\/producto\/bumper-sensor-mask-100-u-protection-de-capteurs\/","url":"https:\/\/arekson.com\/fr\/producto\/bumper-sensor-mask-100-u-protection-de-capteurs\/","name":"SEICAR | BUMPER SENSOR MASK 100 u. | Protection de Capteurs","isPartOf":{"@id":"https:\/\/arekson.com\/fr\/#website"},"primaryImageOfPage":{"@id":"https:\/\/arekson.com\/fr\/producto\/bumper-sensor-mask-100-u-protection-de-capteurs\/#primaryimage"},"image":{"@id":"https:\/\/arekson.com\/fr\/producto\/bumper-sensor-mask-100-u-protection-de-capteurs\/#primaryimage"},"thumbnailUrl":"https:\/\/arekson.com\/wp-content\/uploads\/2022\/05\/ASP005-20.jpg","datePublished":"2022-06-03T16:11:13+00:00","dateModified":"2022-06-15T14:17:55+00:00","description":"BUMPER SENSOR MASK 100 u. | Protection de Capteurs | ARTICLES AUXILIAIRES | COUVERTURE ET MASQUAGE | REF: ASP010 | SEICAR","breadcrumb":{"@id":"https:\/\/arekson.com\/fr\/producto\/bumper-sensor-mask-100-u-protection-de-capteurs\/#breadcrumb"},"inLanguage":"fr-FR","potentialAction":[{"@type":"ReadAction","target":["https:\/\/arekson.com\/fr\/producto\/bumper-sensor-mask-100-u-protection-de-capteurs\/"]}]},{"@type":"ImageObject","inLanguage":"fr-FR","@id":"https:\/\/arekson.com\/fr\/producto\/bumper-sensor-mask-100-u-protection-de-capteurs\/#primaryimage","url":"https:\/\/arekson.com\/wp-content\/uploads\/2022\/05\/ASP005-20.jpg","contentUrl":"https:\/\/arekson.com\/wp-content\/uploads\/2022\/05\/ASP005-20.jpg","width":800,"height":800},{"@type":"BreadcrumbList","@id":"https:\/\/arekson.com\/fr\/producto\/bumper-sensor-mask-100-u-protection-de-capteurs\/#breadcrumb","itemListElement":[{"@type":"ListItem","position":1,"name":"Home","item":"https:\/\/arekson.com\/fr\/"},{"@type":"ListItem","position":2,"name":"Produits","item":"https:\/\/arekson.com\/fr\/shop\/"},{"@type":"ListItem","position":3,"name":"BUMPER SENSOR MASK 100 u. Protection de Capteurs"}]},{"@type":"WebSite","@id":"https:\/\/arekson.com\/fr\/#website","url":"https:\/\/arekson.com\/fr\/","name":"Arekson Group","description":"Marcas Referentes del Automovil Profesional","publisher":{"@id":"https:\/\/arekson.com\/fr\/#organization"},"potentialAction":[{"@type":"SearchAction","target":{"@type":"EntryPoint","urlTemplate":"https:\/\/arekson.com\/fr\/?s={search_term_string}"},"query-input":{"@type":"PropertyValueSpecification","valueRequired":true,"valueName":"search_term_string"}}],"inLanguage":"fr-FR"},{"@type":"Organization","@id":"https:\/\/arekson.com\/fr\/#organization","name":"Arekson Group","url":"https:\/\/arekson.com\/fr\/","logo":{"@type":"ImageObject","inLanguage":"fr-FR","@id":"https:\/\/arekson.com\/fr\/#\/schema\/logo\/image\/","url":"https:\/\/arekson.com\/wp-content\/uploads\/2022\/06\/Arekson-Group-Logo-Gris.jpg","contentUrl":"https:\/\/arekson.com\/wp-content\/uploads\/2022\/06\/Arekson-Group-Logo-Gris.jpg","width":174,"height":72,"caption":"Arekson Group"},"image":{"@id":"https:\/\/arekson.com\/fr\/#\/schema\/logo\/image\/"}}]}},"_links":{"self":[{"href":"https:\/\/arekson.com\/fr\/wp-json\/wp\/v2\/product\/18571","targetHints":{"allow":["GET"]}}],"collection":[{"href":"https:\/\/arekson.com\/fr\/wp-json\/wp\/v2\/product"}],"about":[{"href":"https:\/\/arekson.com\/fr\/wp-json\/wp\/v2\/types\/product"}],"wp:featuredmedia":[{"embeddable":true,"href":"https:\/\/arekson.com\/fr\/wp-json\/wp\/v2\/media\/5164"}],"wp:attachment":[{"href":"https:\/\/arekson.com\/fr\/wp-json\/wp\/v2\/media?parent=18571"}],"wp:term":[{"taxonomy":"product_brand","embeddable":true,"href":"https:\/\/arekson.com\/fr\/wp-json\/wp\/v2\/product_brand?post=18571"},{"taxonomy":"product_cat","embeddable":true,"href":"https:\/\/arekson.com\/fr\/wp-json\/wp\/v2\/product_cat?post=18571"},{"taxonomy":"product_tag","embeddable":true,"href":"https:\/\/arekson.com\/fr\/wp-json\/wp\/v2\/product_tag?post=18571"}],"curies":[{"name":"wp","href":"https:\/\/api.w.org\/{rel}","templated":true}]}}