{"id":18564,"date":"2022-06-03T18:11:08","date_gmt":"2022-06-03T16:11:08","guid":{"rendered":"https:\/\/arekson.com\/producto\/blanket-welding-couverture-en-aluminium\/"},"modified":"2023-06-12T12:49:20","modified_gmt":"2023-06-12T10:49:20","slug":"blanket-welding-couverture-en-aluminium-1100o","status":"publish","type":"product","link":"https:\/\/arekson.com\/fr\/producto\/blanket-welding-couverture-en-aluminium-1100o\/","title":{"rendered":"<strong><span class=\"nom-corto\">BLANKET WELDING <\/span><\/strong><br><span class=\"nom-largo\">Couverture en aluminium 1100\u00ba<\/span>"},"content":{"rendered":"<p style=\"text-align: right;\"><a class=\"boton-ficha\" href=\"https:\/\/arekson.com\/wp-content\/uploads\/2023\/06\/MS0020-BLANKET-WELDING-1000o-2011-FT-_FR.pdf\" target=\"_blank\" rel=\"noopener\">D\u00e9tails Techniques<\/a> <\/p>\n","protected":false},"excerpt":{"rendered":"<p>Couverture en aluminium ignifuge qui prot\u00e8ge contre les \u00e9claboussures des soudures sur diff\u00e9rentes surfaces du v\u00e9hicule.<\/p>\n","protected":false},"featured_media":6454,"template":"","meta":{"_et_pb_use_builder":"","_et_pb_old_content":"","_et_gb_content_width":""},"product_brand":[],"product_cat":[1123,1139,1147,370],"product_tag":[],"class_list":{"0":"post-18564","1":"product","2":"type-product","3":"status-publish","4":"has-post-thumbnail","6":"product_cat-auxiliaires","7":"product_cat-couverture-et-masquage","8":"product_cat-masquage-dexterieurs","9":"product_cat-seicar-fr","10":"pa_seicar-fr-ref-ms0012-sachet-2-x-1-m-600o-c-1-unite","11":"pa_seicar-fr-ref-ms0020-sachet-2-x-1-m-1100o-c-1-unite","13":"first","14":"outofstock","15":"purchasable","16":"product-type-variable"},"yoast_head":"<!-- This site is optimized with the Yoast SEO plugin v27.2 - https:\/\/yoast.com\/product\/yoast-seo-wordpress\/ -->\n<title>SEICAR | BLANKET WELDING | Couverture en aluminium 1100\u00ba<\/title>\n<meta name=\"description\" content=\"BLANKET WELDING | Couverture en aluminium 1100\u00ba | ARTICLES AUXILIAIRES | COUVERTURE ET MASQUAGE | REF: MS0020 | SEICAR\" \/>\n<meta name=\"robots\" content=\"index, follow, max-snippet:-1, max-image-preview:large, max-video-preview:-1\" \/>\n<link rel=\"canonical\" href=\"https:\/\/arekson.com\/fr\/producto\/blanket-welding-couverture-en-aluminium-1100o\/\" \/>\n<meta property=\"og:locale\" content=\"fr_FR\" \/>\n<meta property=\"og:type\" content=\"article\" \/>\n<meta property=\"og:title\" content=\"SEICAR | BLANKET WELDING | Couverture en aluminium 1100\u00ba\" \/>\n<meta property=\"og:description\" content=\"BLANKET WELDING | Couverture en aluminium 1100\u00ba | ARTICLES AUXILIAIRES | COUVERTURE ET MASQUAGE | REF: MS0020 | SEICAR\" \/>\n<meta property=\"og:url\" content=\"https:\/\/arekson.com\/fr\/producto\/blanket-welding-couverture-en-aluminium-1100o\/\" \/>\n<meta property=\"og:site_name\" content=\"Arekson Group\" \/>\n<meta property=\"article:modified_time\" content=\"2023-06-12T10:49:20+00:00\" \/>\n<meta property=\"og:image\" content=\"https:\/\/arekson.com\/wp-content\/uploads\/2022\/05\/MS0012.jpg\" \/>\n\t<meta property=\"og:image:width\" content=\"800\" \/>\n\t<meta property=\"og:image:height\" content=\"800\" \/>\n\t<meta property=\"og:image:type\" content=\"image\/jpeg\" \/>\n<meta name=\"twitter:card\" content=\"summary_large_image\" \/>\n<script type=\"application\/ld+json\" class=\"yoast-schema-graph\">{\"@context\":\"https:\/\/schema.org\",\"@graph\":[{\"@type\":\"WebPage\",\"@id\":\"https:\/\/arekson.com\/fr\/producto\/blanket-welding-couverture-en-aluminium-1100o\/\",\"url\":\"https:\/\/arekson.com\/fr\/producto\/blanket-welding-couverture-en-aluminium-1100o\/\",\"name\":\"SEICAR | BLANKET WELDING | Couverture en aluminium 1100\u00ba\",\"isPartOf\":{\"@id\":\"https:\/\/arekson.com\/fr\/#website\"},\"primaryImageOfPage\":{\"@id\":\"https:\/\/arekson.com\/fr\/producto\/blanket-welding-couverture-en-aluminium-1100o\/#primaryimage\"},\"image\":{\"@id\":\"https:\/\/arekson.com\/fr\/producto\/blanket-welding-couverture-en-aluminium-1100o\/#primaryimage\"},\"thumbnailUrl\":\"https:\/\/arekson.com\/wp-content\/uploads\/2022\/05\/MS0012.jpg\",\"datePublished\":\"2022-06-03T16:11:08+00:00\",\"dateModified\":\"2023-06-12T10:49:20+00:00\",\"description\":\"BLANKET WELDING | Couverture en aluminium 1100\u00ba | ARTICLES AUXILIAIRES | COUVERTURE ET MASQUAGE | REF: MS0020 | SEICAR\",\"breadcrumb\":{\"@id\":\"https:\/\/arekson.com\/fr\/producto\/blanket-welding-couverture-en-aluminium-1100o\/#breadcrumb\"},\"inLanguage\":\"fr-FR\",\"potentialAction\":[{\"@type\":\"ReadAction\",\"target\":[\"https:\/\/arekson.com\/fr\/producto\/blanket-welding-couverture-en-aluminium-1100o\/\"]}]},{\"@type\":\"ImageObject\",\"inLanguage\":\"fr-FR\",\"@id\":\"https:\/\/arekson.com\/fr\/producto\/blanket-welding-couverture-en-aluminium-1100o\/#primaryimage\",\"url\":\"https:\/\/arekson.com\/wp-content\/uploads\/2022\/05\/MS0012.jpg\",\"contentUrl\":\"https:\/\/arekson.com\/wp-content\/uploads\/2022\/05\/MS0012.jpg\",\"width\":800,\"height\":800},{\"@type\":\"BreadcrumbList\",\"@id\":\"https:\/\/arekson.com\/fr\/producto\/blanket-welding-couverture-en-aluminium-1100o\/#breadcrumb\",\"itemListElement\":[{\"@type\":\"ListItem\",\"position\":1,\"name\":\"Home\",\"item\":\"https:\/\/arekson.com\/fr\/\"},{\"@type\":\"ListItem\",\"position\":2,\"name\":\"Produits\",\"item\":\"https:\/\/arekson.com\/fr\/shop\/\"},{\"@type\":\"ListItem\",\"position\":3,\"name\":\"BLANKET WELDING Couverture en aluminium 1100\u00ba\"}]},{\"@type\":\"WebSite\",\"@id\":\"https:\/\/arekson.com\/fr\/#website\",\"url\":\"https:\/\/arekson.com\/fr\/\",\"name\":\"Arekson Group\",\"description\":\"Marcas Referentes del Automovil Profesional\",\"publisher\":{\"@id\":\"https:\/\/arekson.com\/fr\/#organization\"},\"potentialAction\":[{\"@type\":\"SearchAction\",\"target\":{\"@type\":\"EntryPoint\",\"urlTemplate\":\"https:\/\/arekson.com\/fr\/?s={search_term_string}\"},\"query-input\":{\"@type\":\"PropertyValueSpecification\",\"valueRequired\":true,\"valueName\":\"search_term_string\"}}],\"inLanguage\":\"fr-FR\"},{\"@type\":\"Organization\",\"@id\":\"https:\/\/arekson.com\/fr\/#organization\",\"name\":\"Arekson Group\",\"url\":\"https:\/\/arekson.com\/fr\/\",\"logo\":{\"@type\":\"ImageObject\",\"inLanguage\":\"fr-FR\",\"@id\":\"https:\/\/arekson.com\/fr\/#\/schema\/logo\/image\/\",\"url\":\"https:\/\/arekson.com\/wp-content\/uploads\/2022\/06\/Arekson-Group-Logo-Gris.jpg\",\"contentUrl\":\"https:\/\/arekson.com\/wp-content\/uploads\/2022\/06\/Arekson-Group-Logo-Gris.jpg\",\"width\":174,\"height\":72,\"caption\":\"Arekson Group\"},\"image\":{\"@id\":\"https:\/\/arekson.com\/fr\/#\/schema\/logo\/image\/\"}}]}<\/script>\n<!-- \/ Yoast SEO plugin. -->","yoast_head_json":{"title":"SEICAR | BLANKET WELDING | Couverture en aluminium 1100\u00ba","description":"BLANKET WELDING | Couverture en aluminium 1100\u00ba | ARTICLES AUXILIAIRES | COUVERTURE ET MASQUAGE | REF: MS0020 | SEICAR","robots":{"index":"index","follow":"follow","max-snippet":"max-snippet:-1","max-image-preview":"max-image-preview:large","max-video-preview":"max-video-preview:-1"},"canonical":"https:\/\/arekson.com\/fr\/producto\/blanket-welding-couverture-en-aluminium-1100o\/","og_locale":"fr_FR","og_type":"article","og_title":"SEICAR | BLANKET WELDING | Couverture en aluminium 1100\u00ba","og_description":"BLANKET WELDING | Couverture en aluminium 1100\u00ba | ARTICLES AUXILIAIRES | COUVERTURE ET MASQUAGE | REF: MS0020 | SEICAR","og_url":"https:\/\/arekson.com\/fr\/producto\/blanket-welding-couverture-en-aluminium-1100o\/","og_site_name":"Arekson Group","article_modified_time":"2023-06-12T10:49:20+00:00","og_image":[{"width":800,"height":800,"url":"https:\/\/arekson.com\/wp-content\/uploads\/2022\/05\/MS0012.jpg","type":"image\/jpeg"}],"twitter_card":"summary_large_image","schema":{"@context":"https:\/\/schema.org","@graph":[{"@type":"WebPage","@id":"https:\/\/arekson.com\/fr\/producto\/blanket-welding-couverture-en-aluminium-1100o\/","url":"https:\/\/arekson.com\/fr\/producto\/blanket-welding-couverture-en-aluminium-1100o\/","name":"SEICAR | BLANKET WELDING | Couverture en aluminium 1100\u00ba","isPartOf":{"@id":"https:\/\/arekson.com\/fr\/#website"},"primaryImageOfPage":{"@id":"https:\/\/arekson.com\/fr\/producto\/blanket-welding-couverture-en-aluminium-1100o\/#primaryimage"},"image":{"@id":"https:\/\/arekson.com\/fr\/producto\/blanket-welding-couverture-en-aluminium-1100o\/#primaryimage"},"thumbnailUrl":"https:\/\/arekson.com\/wp-content\/uploads\/2022\/05\/MS0012.jpg","datePublished":"2022-06-03T16:11:08+00:00","dateModified":"2023-06-12T10:49:20+00:00","description":"BLANKET WELDING | Couverture en aluminium 1100\u00ba | ARTICLES AUXILIAIRES | COUVERTURE ET MASQUAGE | REF: MS0020 | SEICAR","breadcrumb":{"@id":"https:\/\/arekson.com\/fr\/producto\/blanket-welding-couverture-en-aluminium-1100o\/#breadcrumb"},"inLanguage":"fr-FR","potentialAction":[{"@type":"ReadAction","target":["https:\/\/arekson.com\/fr\/producto\/blanket-welding-couverture-en-aluminium-1100o\/"]}]},{"@type":"ImageObject","inLanguage":"fr-FR","@id":"https:\/\/arekson.com\/fr\/producto\/blanket-welding-couverture-en-aluminium-1100o\/#primaryimage","url":"https:\/\/arekson.com\/wp-content\/uploads\/2022\/05\/MS0012.jpg","contentUrl":"https:\/\/arekson.com\/wp-content\/uploads\/2022\/05\/MS0012.jpg","width":800,"height":800},{"@type":"BreadcrumbList","@id":"https:\/\/arekson.com\/fr\/producto\/blanket-welding-couverture-en-aluminium-1100o\/#breadcrumb","itemListElement":[{"@type":"ListItem","position":1,"name":"Home","item":"https:\/\/arekson.com\/fr\/"},{"@type":"ListItem","position":2,"name":"Produits","item":"https:\/\/arekson.com\/fr\/shop\/"},{"@type":"ListItem","position":3,"name":"BLANKET WELDING Couverture en aluminium 1100\u00ba"}]},{"@type":"WebSite","@id":"https:\/\/arekson.com\/fr\/#website","url":"https:\/\/arekson.com\/fr\/","name":"Arekson Group","description":"Marcas Referentes del Automovil Profesional","publisher":{"@id":"https:\/\/arekson.com\/fr\/#organization"},"potentialAction":[{"@type":"SearchAction","target":{"@type":"EntryPoint","urlTemplate":"https:\/\/arekson.com\/fr\/?s={search_term_string}"},"query-input":{"@type":"PropertyValueSpecification","valueRequired":true,"valueName":"search_term_string"}}],"inLanguage":"fr-FR"},{"@type":"Organization","@id":"https:\/\/arekson.com\/fr\/#organization","name":"Arekson Group","url":"https:\/\/arekson.com\/fr\/","logo":{"@type":"ImageObject","inLanguage":"fr-FR","@id":"https:\/\/arekson.com\/fr\/#\/schema\/logo\/image\/","url":"https:\/\/arekson.com\/wp-content\/uploads\/2022\/06\/Arekson-Group-Logo-Gris.jpg","contentUrl":"https:\/\/arekson.com\/wp-content\/uploads\/2022\/06\/Arekson-Group-Logo-Gris.jpg","width":174,"height":72,"caption":"Arekson Group"},"image":{"@id":"https:\/\/arekson.com\/fr\/#\/schema\/logo\/image\/"}}]}},"_links":{"self":[{"href":"https:\/\/arekson.com\/fr\/wp-json\/wp\/v2\/product\/18564","targetHints":{"allow":["GET"]}}],"collection":[{"href":"https:\/\/arekson.com\/fr\/wp-json\/wp\/v2\/product"}],"about":[{"href":"https:\/\/arekson.com\/fr\/wp-json\/wp\/v2\/types\/product"}],"wp:featuredmedia":[{"embeddable":true,"href":"https:\/\/arekson.com\/fr\/wp-json\/wp\/v2\/media\/6454"}],"wp:attachment":[{"href":"https:\/\/arekson.com\/fr\/wp-json\/wp\/v2\/media?parent=18564"}],"wp:term":[{"taxonomy":"product_brand","embeddable":true,"href":"https:\/\/arekson.com\/fr\/wp-json\/wp\/v2\/product_brand?post=18564"},{"taxonomy":"product_cat","embeddable":true,"href":"https:\/\/arekson.com\/fr\/wp-json\/wp\/v2\/product_cat?post=18564"},{"taxonomy":"product_tag","embeddable":true,"href":"https:\/\/arekson.com\/fr\/wp-json\/wp\/v2\/product_tag?post=18564"}],"curies":[{"name":"wp","href":"https:\/\/api.w.org\/{rel}","templated":true}]}}