{"id":18542,"date":"2022-06-03T18:10:56","date_gmt":"2022-06-03T16:10:56","guid":{"rendered":"https:\/\/arekson.com\/producto\/cinplast-film-pour-masquage-avec-ruban-de-19-mm\/"},"modified":"2023-01-03T15:42:59","modified_gmt":"2023-01-03T14:42:59","slug":"cinplast-film-pour-masquage-avec-ruban-de-18-mm","status":"publish","type":"product","link":"https:\/\/arekson.com\/fr\/producto\/cinplast-film-pour-masquage-avec-ruban-de-18-mm\/","title":{"rendered":"<strong><span class=\"nom-corto\">CINPLAST <\/span><\/strong><br><span class=\"nom-largo\">Film pour masquage avec ruban de 18 mm.<\/span>"},"content":{"rendered":"","protected":false},"excerpt":{"rendered":"<p>Film plastique avec ruban adh\u00e9sif de 18 mm pour la protection de surfaces durant les processus de peinture. Avec charge \u00e9lectrostatique qui capture la pulv\u00e9risation. Application manuelle. Diff\u00e9rentes mesures.<\/p>\n","protected":false},"featured_media":24774,"template":"","meta":{"_et_pb_use_builder":"","_et_pb_old_content":"","_et_gb_content_width":""},"product_brand":[],"product_cat":[1123,1139,1147,370],"product_tag":[],"class_list":{"0":"post-18542","1":"product","2":"type-product","3":"status-publish","4":"has-post-thumbnail","6":"product_cat-auxiliaires","7":"product_cat-couverture-et-masquage","8":"product_cat-masquage-dexterieurs","9":"product_cat-seicar-fr","10":"pa_seicar-fr-ref-bpc035n-sachet-35-cm-x-24-yds-45-unites","11":"pa_seicar-fr-ref-bpc060n-sachet-60-cm-x-24-yds-40-unites","12":"pa_seicar-fr-ref-bpc090n-sachet-90-cm-x-24-yds-30-unites","13":"pa_seicar-fr-ref-bpc120n-sachet-120-cm-x-24-yds-20-unites","14":"pa_seicar-fr-ref-bpc180n-sachet-180-cm-x-24-yds-20-unites","16":"first","17":"outofstock","18":"purchasable","19":"product-type-variable"},"yoast_head":"<!-- This site is optimized with the Yoast SEO plugin v27.2 - https:\/\/yoast.com\/product\/yoast-seo-wordpress\/ -->\n<title>SEICAR | CINPLAST | Film pour masquage avec ruban de 19 mm.<\/title>\n<meta name=\"description\" content=\"CINPLAST | Film pour masquage avec ruban de 19 mm. | ARTICLES AUXILIAIRES | COUVERTURE ET MASQUAGE | REF: BPC180 | SEICAR\" \/>\n<meta name=\"robots\" content=\"index, follow, max-snippet:-1, max-image-preview:large, max-video-preview:-1\" \/>\n<link rel=\"canonical\" href=\"https:\/\/arekson.com\/fr\/producto\/cinplast-film-pour-masquage-avec-ruban-de-18-mm\/\" \/>\n<meta property=\"og:locale\" content=\"fr_FR\" \/>\n<meta property=\"og:type\" content=\"article\" \/>\n<meta property=\"og:title\" content=\"SEICAR | CINPLAST | Film pour masquage avec ruban de 19 mm.\" \/>\n<meta property=\"og:description\" content=\"CINPLAST | Film pour masquage avec ruban de 19 mm. | ARTICLES AUXILIAIRES | COUVERTURE ET MASQUAGE | REF: BPC180 | SEICAR\" \/>\n<meta property=\"og:url\" content=\"https:\/\/arekson.com\/fr\/producto\/cinplast-film-pour-masquage-avec-ruban-de-18-mm\/\" \/>\n<meta property=\"og:site_name\" content=\"Arekson Group\" \/>\n<meta property=\"article:modified_time\" content=\"2023-01-03T14:42:59+00:00\" \/>\n<meta property=\"og:image\" content=\"https:\/\/arekson.com\/wp-content\/uploads\/2022\/06\/BPS35_60_90_120_180_260.jpg\" \/>\n\t<meta property=\"og:image:width\" content=\"800\" \/>\n\t<meta property=\"og:image:height\" content=\"800\" \/>\n\t<meta property=\"og:image:type\" content=\"image\/jpeg\" \/>\n<meta name=\"twitter:card\" content=\"summary_large_image\" \/>\n<script type=\"application\/ld+json\" class=\"yoast-schema-graph\">{\"@context\":\"https:\/\/schema.org\",\"@graph\":[{\"@type\":\"WebPage\",\"@id\":\"https:\/\/arekson.com\/fr\/producto\/cinplast-film-pour-masquage-avec-ruban-de-18-mm\/\",\"url\":\"https:\/\/arekson.com\/fr\/producto\/cinplast-film-pour-masquage-avec-ruban-de-18-mm\/\",\"name\":\"SEICAR | CINPLAST | Film pour masquage avec ruban de 19 mm.\",\"isPartOf\":{\"@id\":\"https:\/\/arekson.com\/fr\/#website\"},\"primaryImageOfPage\":{\"@id\":\"https:\/\/arekson.com\/fr\/producto\/cinplast-film-pour-masquage-avec-ruban-de-18-mm\/#primaryimage\"},\"image\":{\"@id\":\"https:\/\/arekson.com\/fr\/producto\/cinplast-film-pour-masquage-avec-ruban-de-18-mm\/#primaryimage\"},\"thumbnailUrl\":\"https:\/\/arekson.com\/wp-content\/uploads\/2022\/06\/BPS35_60_90_120_180_260.jpg\",\"datePublished\":\"2022-06-03T16:10:56+00:00\",\"dateModified\":\"2023-01-03T14:42:59+00:00\",\"description\":\"CINPLAST | Film pour masquage avec ruban de 19 mm. | ARTICLES AUXILIAIRES | COUVERTURE ET MASQUAGE | REF: BPC180 | SEICAR\",\"breadcrumb\":{\"@id\":\"https:\/\/arekson.com\/fr\/producto\/cinplast-film-pour-masquage-avec-ruban-de-18-mm\/#breadcrumb\"},\"inLanguage\":\"fr-FR\",\"potentialAction\":[{\"@type\":\"ReadAction\",\"target\":[\"https:\/\/arekson.com\/fr\/producto\/cinplast-film-pour-masquage-avec-ruban-de-18-mm\/\"]}]},{\"@type\":\"ImageObject\",\"inLanguage\":\"fr-FR\",\"@id\":\"https:\/\/arekson.com\/fr\/producto\/cinplast-film-pour-masquage-avec-ruban-de-18-mm\/#primaryimage\",\"url\":\"https:\/\/arekson.com\/wp-content\/uploads\/2022\/06\/BPS35_60_90_120_180_260.jpg\",\"contentUrl\":\"https:\/\/arekson.com\/wp-content\/uploads\/2022\/06\/BPS35_60_90_120_180_260.jpg\",\"width\":800,\"height\":800,\"caption\":\"SEICAR | CINPLAST | Film con cinta de 19 mm.\"},{\"@type\":\"BreadcrumbList\",\"@id\":\"https:\/\/arekson.com\/fr\/producto\/cinplast-film-pour-masquage-avec-ruban-de-18-mm\/#breadcrumb\",\"itemListElement\":[{\"@type\":\"ListItem\",\"position\":1,\"name\":\"Home\",\"item\":\"https:\/\/arekson.com\/fr\/\"},{\"@type\":\"ListItem\",\"position\":2,\"name\":\"Produits\",\"item\":\"https:\/\/arekson.com\/fr\/shop\/\"},{\"@type\":\"ListItem\",\"position\":3,\"name\":\"CINPLAST Film pour masquage avec ruban de 18 mm.\"}]},{\"@type\":\"WebSite\",\"@id\":\"https:\/\/arekson.com\/fr\/#website\",\"url\":\"https:\/\/arekson.com\/fr\/\",\"name\":\"Arekson Group\",\"description\":\"Marcas Referentes del Automovil Profesional\",\"publisher\":{\"@id\":\"https:\/\/arekson.com\/fr\/#organization\"},\"potentialAction\":[{\"@type\":\"SearchAction\",\"target\":{\"@type\":\"EntryPoint\",\"urlTemplate\":\"https:\/\/arekson.com\/fr\/?s={search_term_string}\"},\"query-input\":{\"@type\":\"PropertyValueSpecification\",\"valueRequired\":true,\"valueName\":\"search_term_string\"}}],\"inLanguage\":\"fr-FR\"},{\"@type\":\"Organization\",\"@id\":\"https:\/\/arekson.com\/fr\/#organization\",\"name\":\"Arekson Group\",\"url\":\"https:\/\/arekson.com\/fr\/\",\"logo\":{\"@type\":\"ImageObject\",\"inLanguage\":\"fr-FR\",\"@id\":\"https:\/\/arekson.com\/fr\/#\/schema\/logo\/image\/\",\"url\":\"https:\/\/arekson.com\/wp-content\/uploads\/2022\/06\/Arekson-Group-Logo-Gris.jpg\",\"contentUrl\":\"https:\/\/arekson.com\/wp-content\/uploads\/2022\/06\/Arekson-Group-Logo-Gris.jpg\",\"width\":174,\"height\":72,\"caption\":\"Arekson Group\"},\"image\":{\"@id\":\"https:\/\/arekson.com\/fr\/#\/schema\/logo\/image\/\"}}]}<\/script>\n<!-- \/ Yoast SEO plugin. -->","yoast_head_json":{"title":"SEICAR | CINPLAST | Film pour masquage avec ruban de 19 mm.","description":"CINPLAST | Film pour masquage avec ruban de 19 mm. | ARTICLES AUXILIAIRES | COUVERTURE ET MASQUAGE | REF: BPC180 | SEICAR","robots":{"index":"index","follow":"follow","max-snippet":"max-snippet:-1","max-image-preview":"max-image-preview:large","max-video-preview":"max-video-preview:-1"},"canonical":"https:\/\/arekson.com\/fr\/producto\/cinplast-film-pour-masquage-avec-ruban-de-18-mm\/","og_locale":"fr_FR","og_type":"article","og_title":"SEICAR | CINPLAST | Film pour masquage avec ruban de 19 mm.","og_description":"CINPLAST | Film pour masquage avec ruban de 19 mm. | ARTICLES AUXILIAIRES | COUVERTURE ET MASQUAGE | REF: BPC180 | SEICAR","og_url":"https:\/\/arekson.com\/fr\/producto\/cinplast-film-pour-masquage-avec-ruban-de-18-mm\/","og_site_name":"Arekson Group","article_modified_time":"2023-01-03T14:42:59+00:00","og_image":[{"width":800,"height":800,"url":"https:\/\/arekson.com\/wp-content\/uploads\/2022\/06\/BPS35_60_90_120_180_260.jpg","type":"image\/jpeg"}],"twitter_card":"summary_large_image","schema":{"@context":"https:\/\/schema.org","@graph":[{"@type":"WebPage","@id":"https:\/\/arekson.com\/fr\/producto\/cinplast-film-pour-masquage-avec-ruban-de-18-mm\/","url":"https:\/\/arekson.com\/fr\/producto\/cinplast-film-pour-masquage-avec-ruban-de-18-mm\/","name":"SEICAR | CINPLAST | Film pour masquage avec ruban de 19 mm.","isPartOf":{"@id":"https:\/\/arekson.com\/fr\/#website"},"primaryImageOfPage":{"@id":"https:\/\/arekson.com\/fr\/producto\/cinplast-film-pour-masquage-avec-ruban-de-18-mm\/#primaryimage"},"image":{"@id":"https:\/\/arekson.com\/fr\/producto\/cinplast-film-pour-masquage-avec-ruban-de-18-mm\/#primaryimage"},"thumbnailUrl":"https:\/\/arekson.com\/wp-content\/uploads\/2022\/06\/BPS35_60_90_120_180_260.jpg","datePublished":"2022-06-03T16:10:56+00:00","dateModified":"2023-01-03T14:42:59+00:00","description":"CINPLAST | Film pour masquage avec ruban de 19 mm. | ARTICLES AUXILIAIRES | COUVERTURE ET MASQUAGE | REF: BPC180 | SEICAR","breadcrumb":{"@id":"https:\/\/arekson.com\/fr\/producto\/cinplast-film-pour-masquage-avec-ruban-de-18-mm\/#breadcrumb"},"inLanguage":"fr-FR","potentialAction":[{"@type":"ReadAction","target":["https:\/\/arekson.com\/fr\/producto\/cinplast-film-pour-masquage-avec-ruban-de-18-mm\/"]}]},{"@type":"ImageObject","inLanguage":"fr-FR","@id":"https:\/\/arekson.com\/fr\/producto\/cinplast-film-pour-masquage-avec-ruban-de-18-mm\/#primaryimage","url":"https:\/\/arekson.com\/wp-content\/uploads\/2022\/06\/BPS35_60_90_120_180_260.jpg","contentUrl":"https:\/\/arekson.com\/wp-content\/uploads\/2022\/06\/BPS35_60_90_120_180_260.jpg","width":800,"height":800,"caption":"SEICAR | CINPLAST | Film con cinta de 19 mm."},{"@type":"BreadcrumbList","@id":"https:\/\/arekson.com\/fr\/producto\/cinplast-film-pour-masquage-avec-ruban-de-18-mm\/#breadcrumb","itemListElement":[{"@type":"ListItem","position":1,"name":"Home","item":"https:\/\/arekson.com\/fr\/"},{"@type":"ListItem","position":2,"name":"Produits","item":"https:\/\/arekson.com\/fr\/shop\/"},{"@type":"ListItem","position":3,"name":"CINPLAST Film pour masquage avec ruban de 18 mm."}]},{"@type":"WebSite","@id":"https:\/\/arekson.com\/fr\/#website","url":"https:\/\/arekson.com\/fr\/","name":"Arekson Group","description":"Marcas Referentes del Automovil Profesional","publisher":{"@id":"https:\/\/arekson.com\/fr\/#organization"},"potentialAction":[{"@type":"SearchAction","target":{"@type":"EntryPoint","urlTemplate":"https:\/\/arekson.com\/fr\/?s={search_term_string}"},"query-input":{"@type":"PropertyValueSpecification","valueRequired":true,"valueName":"search_term_string"}}],"inLanguage":"fr-FR"},{"@type":"Organization","@id":"https:\/\/arekson.com\/fr\/#organization","name":"Arekson Group","url":"https:\/\/arekson.com\/fr\/","logo":{"@type":"ImageObject","inLanguage":"fr-FR","@id":"https:\/\/arekson.com\/fr\/#\/schema\/logo\/image\/","url":"https:\/\/arekson.com\/wp-content\/uploads\/2022\/06\/Arekson-Group-Logo-Gris.jpg","contentUrl":"https:\/\/arekson.com\/wp-content\/uploads\/2022\/06\/Arekson-Group-Logo-Gris.jpg","width":174,"height":72,"caption":"Arekson Group"},"image":{"@id":"https:\/\/arekson.com\/fr\/#\/schema\/logo\/image\/"}}]}},"_links":{"self":[{"href":"https:\/\/arekson.com\/fr\/wp-json\/wp\/v2\/product\/18542","targetHints":{"allow":["GET"]}}],"collection":[{"href":"https:\/\/arekson.com\/fr\/wp-json\/wp\/v2\/product"}],"about":[{"href":"https:\/\/arekson.com\/fr\/wp-json\/wp\/v2\/types\/product"}],"wp:featuredmedia":[{"embeddable":true,"href":"https:\/\/arekson.com\/fr\/wp-json\/wp\/v2\/media\/24774"}],"wp:attachment":[{"href":"https:\/\/arekson.com\/fr\/wp-json\/wp\/v2\/media?parent=18542"}],"wp:term":[{"taxonomy":"product_brand","embeddable":true,"href":"https:\/\/arekson.com\/fr\/wp-json\/wp\/v2\/product_brand?post=18542"},{"taxonomy":"product_cat","embeddable":true,"href":"https:\/\/arekson.com\/fr\/wp-json\/wp\/v2\/product_cat?post=18542"},{"taxonomy":"product_tag","embeddable":true,"href":"https:\/\/arekson.com\/fr\/wp-json\/wp\/v2\/product_tag?post=18542"}],"curies":[{"name":"wp","href":"https:\/\/api.w.org\/{rel}","templated":true}]}}