{"id":18534,"date":"2022-06-03T18:10:52","date_gmt":"2022-06-03T16:10:52","guid":{"rendered":"https:\/\/arekson.com\/producto\/masking-plast-film-pour-masquage-avec-ruban-de-19-mm\/"},"modified":"2022-06-15T16:16:51","modified_gmt":"2022-06-15T14:16:51","slug":"masking-plast-film-pour-masquage-avec-ruban-au-centre","status":"publish","type":"product","link":"https:\/\/arekson.com\/fr\/producto\/masking-plast-film-pour-masquage-avec-ruban-au-centre\/","title":{"rendered":"<strong><span class=\"nom-corto\">MASKING PLAST <\/span><\/strong><br><span class=\"nom-largo\">Film pour masquage avec ruban au centre<\/span>"},"content":{"rendered":"","protected":false},"excerpt":{"rendered":"<p>Film plastique avec ruban adh\u00e9sif pour un masquage rapide et complet du v\u00e9hicule. Gr\u00e2ce au ruban au centre longitudinal du rouleau un seul op\u00e9rateur peut le placer et le fixer correctement. Parfaite adh\u00e9sion des peintures sur toute la surface. \u00c9lectrostatique.<\/p>\n","protected":false},"featured_media":24771,"template":"","meta":{"_et_pb_use_builder":"","_et_pb_old_content":"","_et_gb_content_width":""},"product_brand":[],"product_cat":[1123,1139,1147,370],"product_tag":[],"class_list":{"0":"post-18534","1":"product","2":"type-product","3":"status-publish","4":"has-post-thumbnail","6":"product_cat-auxiliaires","7":"product_cat-couverture-et-masquage","8":"product_cat-masquage-dexterieurs","9":"product_cat-seicar-fr","10":"pa_seicar-fr-ref-bpx034-sachet-34-cm-x-25-yds-24-unites","11":"pa_seicar-fr-ref-bpx060-sachet-60-cm-x-25-yds-20-unites","12":"pa_seicar-fr-ref-bpx090-sachet-90-cm-x-25-yds-20-unites","13":"pa_seicar-fr-ref-bpx120-sachet-120-cm-x-25-yds-20-unites","14":"pa_seicar-fr-ref-bpx180-sachet-180-cm-x-25-yds-20-unites","15":"pa_seicar-fr-ref-bpx240-sachet-240-cm-x-25-yds-20-unites","16":"pa_seicar-fr-ref-bpx360-sachet-360-cm-x-25-yds-16-unites","18":"first","19":"outofstock","20":"purchasable","21":"product-type-variable"},"yoast_head":"<!-- This site is optimized with the Yoast SEO plugin v27.2 - https:\/\/yoast.com\/product\/yoast-seo-wordpress\/ -->\n<title>SEICAR | MASKING PLAST | Film pour masquage avec ruban au centre<\/title>\n<meta name=\"description\" content=\"MASKING PLAST | Film pour masquage avec ruban au centre | ARTICLES AUXILIAIRES | COUVERTURE ET MASQUAGE | REF: BPX360 | SEICAR\" \/>\n<meta name=\"robots\" content=\"index, follow, max-snippet:-1, max-image-preview:large, max-video-preview:-1\" \/>\n<link rel=\"canonical\" href=\"https:\/\/arekson.com\/fr\/producto\/masking-plast-film-pour-masquage-avec-ruban-au-centre\/\" \/>\n<meta property=\"og:locale\" content=\"fr_FR\" \/>\n<meta property=\"og:type\" content=\"article\" \/>\n<meta property=\"og:title\" content=\"SEICAR | MASKING PLAST | Film pour masquage avec ruban au centre\" \/>\n<meta property=\"og:description\" content=\"MASKING PLAST | Film pour masquage avec ruban au centre | ARTICLES AUXILIAIRES | COUVERTURE ET MASQUAGE | REF: BPX360 | SEICAR\" \/>\n<meta property=\"og:url\" content=\"https:\/\/arekson.com\/fr\/producto\/masking-plast-film-pour-masquage-avec-ruban-au-centre\/\" \/>\n<meta property=\"og:site_name\" content=\"Arekson Group\" \/>\n<meta property=\"article:modified_time\" content=\"2022-06-15T14:16:51+00:00\" \/>\n<meta property=\"og:image\" content=\"https:\/\/arekson.com\/wp-content\/uploads\/2022\/05\/BPE35_60_90_120_180.jpg\" \/>\n\t<meta property=\"og:image:width\" content=\"800\" \/>\n\t<meta property=\"og:image:height\" content=\"800\" \/>\n\t<meta property=\"og:image:type\" content=\"image\/jpeg\" \/>\n<meta name=\"twitter:card\" content=\"summary_large_image\" \/>\n<script type=\"application\/ld+json\" class=\"yoast-schema-graph\">{\"@context\":\"https:\/\/schema.org\",\"@graph\":[{\"@type\":\"WebPage\",\"@id\":\"https:\/\/arekson.com\/fr\/producto\/masking-plast-film-pour-masquage-avec-ruban-au-centre\/\",\"url\":\"https:\/\/arekson.com\/fr\/producto\/masking-plast-film-pour-masquage-avec-ruban-au-centre\/\",\"name\":\"SEICAR | MASKING PLAST | Film pour masquage avec ruban au centre\",\"isPartOf\":{\"@id\":\"https:\/\/arekson.com\/fr\/#website\"},\"primaryImageOfPage\":{\"@id\":\"https:\/\/arekson.com\/fr\/producto\/masking-plast-film-pour-masquage-avec-ruban-au-centre\/#primaryimage\"},\"image\":{\"@id\":\"https:\/\/arekson.com\/fr\/producto\/masking-plast-film-pour-masquage-avec-ruban-au-centre\/#primaryimage\"},\"thumbnailUrl\":\"https:\/\/arekson.com\/wp-content\/uploads\/2022\/06\/BPE35_60_90_120_180.jpg\",\"datePublished\":\"2022-06-03T16:10:52+00:00\",\"dateModified\":\"2022-06-15T14:16:51+00:00\",\"description\":\"MASKING PLAST | Film pour masquage avec ruban au centre | ARTICLES AUXILIAIRES | COUVERTURE ET MASQUAGE | REF: BPX360 | SEICAR\",\"breadcrumb\":{\"@id\":\"https:\/\/arekson.com\/fr\/producto\/masking-plast-film-pour-masquage-avec-ruban-au-centre\/#breadcrumb\"},\"inLanguage\":\"fr-FR\",\"potentialAction\":[{\"@type\":\"ReadAction\",\"target\":[\"https:\/\/arekson.com\/fr\/producto\/masking-plast-film-pour-masquage-avec-ruban-au-centre\/\"]}]},{\"@type\":\"ImageObject\",\"inLanguage\":\"fr-FR\",\"@id\":\"https:\/\/arekson.com\/fr\/producto\/masking-plast-film-pour-masquage-avec-ruban-au-centre\/#primaryimage\",\"url\":\"https:\/\/arekson.com\/wp-content\/uploads\/2022\/06\/BPE35_60_90_120_180.jpg\",\"contentUrl\":\"https:\/\/arekson.com\/wp-content\/uploads\/2022\/06\/BPE35_60_90_120_180.jpg\",\"width\":800,\"height\":800,\"caption\":\"SEICAR | MASKING PLAST | Film con cinta en la mitad\"},{\"@type\":\"BreadcrumbList\",\"@id\":\"https:\/\/arekson.com\/fr\/producto\/masking-plast-film-pour-masquage-avec-ruban-au-centre\/#breadcrumb\",\"itemListElement\":[{\"@type\":\"ListItem\",\"position\":1,\"name\":\"Home\",\"item\":\"https:\/\/arekson.com\/fr\/\"},{\"@type\":\"ListItem\",\"position\":2,\"name\":\"Produits\",\"item\":\"https:\/\/arekson.com\/fr\/shop\/\"},{\"@type\":\"ListItem\",\"position\":3,\"name\":\"MASKING PLAST Film pour masquage avec ruban au centre\"}]},{\"@type\":\"WebSite\",\"@id\":\"https:\/\/arekson.com\/fr\/#website\",\"url\":\"https:\/\/arekson.com\/fr\/\",\"name\":\"Arekson Group\",\"description\":\"Marcas Referentes del Automovil Profesional\",\"publisher\":{\"@id\":\"https:\/\/arekson.com\/fr\/#organization\"},\"potentialAction\":[{\"@type\":\"SearchAction\",\"target\":{\"@type\":\"EntryPoint\",\"urlTemplate\":\"https:\/\/arekson.com\/fr\/?s={search_term_string}\"},\"query-input\":{\"@type\":\"PropertyValueSpecification\",\"valueRequired\":true,\"valueName\":\"search_term_string\"}}],\"inLanguage\":\"fr-FR\"},{\"@type\":\"Organization\",\"@id\":\"https:\/\/arekson.com\/fr\/#organization\",\"name\":\"Arekson Group\",\"url\":\"https:\/\/arekson.com\/fr\/\",\"logo\":{\"@type\":\"ImageObject\",\"inLanguage\":\"fr-FR\",\"@id\":\"https:\/\/arekson.com\/fr\/#\/schema\/logo\/image\/\",\"url\":\"https:\/\/arekson.com\/wp-content\/uploads\/2022\/06\/Arekson-Group-Logo-Gris.jpg\",\"contentUrl\":\"https:\/\/arekson.com\/wp-content\/uploads\/2022\/06\/Arekson-Group-Logo-Gris.jpg\",\"width\":174,\"height\":72,\"caption\":\"Arekson Group\"},\"image\":{\"@id\":\"https:\/\/arekson.com\/fr\/#\/schema\/logo\/image\/\"}}]}<\/script>\n<!-- \/ Yoast SEO plugin. -->","yoast_head_json":{"title":"SEICAR | MASKING PLAST | Film pour masquage avec ruban au centre","description":"MASKING PLAST | Film pour masquage avec ruban au centre | ARTICLES AUXILIAIRES | COUVERTURE ET MASQUAGE | REF: BPX360 | SEICAR","robots":{"index":"index","follow":"follow","max-snippet":"max-snippet:-1","max-image-preview":"max-image-preview:large","max-video-preview":"max-video-preview:-1"},"canonical":"https:\/\/arekson.com\/fr\/producto\/masking-plast-film-pour-masquage-avec-ruban-au-centre\/","og_locale":"fr_FR","og_type":"article","og_title":"SEICAR | MASKING PLAST | Film pour masquage avec ruban au centre","og_description":"MASKING PLAST | Film pour masquage avec ruban au centre | ARTICLES AUXILIAIRES | COUVERTURE ET MASQUAGE | REF: BPX360 | SEICAR","og_url":"https:\/\/arekson.com\/fr\/producto\/masking-plast-film-pour-masquage-avec-ruban-au-centre\/","og_site_name":"Arekson Group","article_modified_time":"2022-06-15T14:16:51+00:00","og_image":[{"width":800,"height":800,"url":"https:\/\/arekson.com\/wp-content\/uploads\/2022\/05\/BPE35_60_90_120_180.jpg","type":"image\/jpeg"}],"twitter_card":"summary_large_image","schema":{"@context":"https:\/\/schema.org","@graph":[{"@type":"WebPage","@id":"https:\/\/arekson.com\/fr\/producto\/masking-plast-film-pour-masquage-avec-ruban-au-centre\/","url":"https:\/\/arekson.com\/fr\/producto\/masking-plast-film-pour-masquage-avec-ruban-au-centre\/","name":"SEICAR | MASKING PLAST | Film pour masquage avec ruban au centre","isPartOf":{"@id":"https:\/\/arekson.com\/fr\/#website"},"primaryImageOfPage":{"@id":"https:\/\/arekson.com\/fr\/producto\/masking-plast-film-pour-masquage-avec-ruban-au-centre\/#primaryimage"},"image":{"@id":"https:\/\/arekson.com\/fr\/producto\/masking-plast-film-pour-masquage-avec-ruban-au-centre\/#primaryimage"},"thumbnailUrl":"https:\/\/arekson.com\/wp-content\/uploads\/2022\/06\/BPE35_60_90_120_180.jpg","datePublished":"2022-06-03T16:10:52+00:00","dateModified":"2022-06-15T14:16:51+00:00","description":"MASKING PLAST | Film pour masquage avec ruban au centre | ARTICLES AUXILIAIRES | COUVERTURE ET MASQUAGE | REF: BPX360 | SEICAR","breadcrumb":{"@id":"https:\/\/arekson.com\/fr\/producto\/masking-plast-film-pour-masquage-avec-ruban-au-centre\/#breadcrumb"},"inLanguage":"fr-FR","potentialAction":[{"@type":"ReadAction","target":["https:\/\/arekson.com\/fr\/producto\/masking-plast-film-pour-masquage-avec-ruban-au-centre\/"]}]},{"@type":"ImageObject","inLanguage":"fr-FR","@id":"https:\/\/arekson.com\/fr\/producto\/masking-plast-film-pour-masquage-avec-ruban-au-centre\/#primaryimage","url":"https:\/\/arekson.com\/wp-content\/uploads\/2022\/06\/BPE35_60_90_120_180.jpg","contentUrl":"https:\/\/arekson.com\/wp-content\/uploads\/2022\/06\/BPE35_60_90_120_180.jpg","width":800,"height":800,"caption":"SEICAR | MASKING PLAST | Film con cinta en la mitad"},{"@type":"BreadcrumbList","@id":"https:\/\/arekson.com\/fr\/producto\/masking-plast-film-pour-masquage-avec-ruban-au-centre\/#breadcrumb","itemListElement":[{"@type":"ListItem","position":1,"name":"Home","item":"https:\/\/arekson.com\/fr\/"},{"@type":"ListItem","position":2,"name":"Produits","item":"https:\/\/arekson.com\/fr\/shop\/"},{"@type":"ListItem","position":3,"name":"MASKING PLAST Film pour masquage avec ruban au centre"}]},{"@type":"WebSite","@id":"https:\/\/arekson.com\/fr\/#website","url":"https:\/\/arekson.com\/fr\/","name":"Arekson Group","description":"Marcas Referentes del Automovil Profesional","publisher":{"@id":"https:\/\/arekson.com\/fr\/#organization"},"potentialAction":[{"@type":"SearchAction","target":{"@type":"EntryPoint","urlTemplate":"https:\/\/arekson.com\/fr\/?s={search_term_string}"},"query-input":{"@type":"PropertyValueSpecification","valueRequired":true,"valueName":"search_term_string"}}],"inLanguage":"fr-FR"},{"@type":"Organization","@id":"https:\/\/arekson.com\/fr\/#organization","name":"Arekson Group","url":"https:\/\/arekson.com\/fr\/","logo":{"@type":"ImageObject","inLanguage":"fr-FR","@id":"https:\/\/arekson.com\/fr\/#\/schema\/logo\/image\/","url":"https:\/\/arekson.com\/wp-content\/uploads\/2022\/06\/Arekson-Group-Logo-Gris.jpg","contentUrl":"https:\/\/arekson.com\/wp-content\/uploads\/2022\/06\/Arekson-Group-Logo-Gris.jpg","width":174,"height":72,"caption":"Arekson Group"},"image":{"@id":"https:\/\/arekson.com\/fr\/#\/schema\/logo\/image\/"}}]}},"_links":{"self":[{"href":"https:\/\/arekson.com\/fr\/wp-json\/wp\/v2\/product\/18534","targetHints":{"allow":["GET"]}}],"collection":[{"href":"https:\/\/arekson.com\/fr\/wp-json\/wp\/v2\/product"}],"about":[{"href":"https:\/\/arekson.com\/fr\/wp-json\/wp\/v2\/types\/product"}],"wp:featuredmedia":[{"embeddable":true,"href":"https:\/\/arekson.com\/fr\/wp-json\/wp\/v2\/media\/24771"}],"wp:attachment":[{"href":"https:\/\/arekson.com\/fr\/wp-json\/wp\/v2\/media?parent=18534"}],"wp:term":[{"taxonomy":"product_brand","embeddable":true,"href":"https:\/\/arekson.com\/fr\/wp-json\/wp\/v2\/product_brand?post=18534"},{"taxonomy":"product_cat","embeddable":true,"href":"https:\/\/arekson.com\/fr\/wp-json\/wp\/v2\/product_cat?post=18534"},{"taxonomy":"product_tag","embeddable":true,"href":"https:\/\/arekson.com\/fr\/wp-json\/wp\/v2\/product_tag?post=18534"}],"curies":[{"name":"wp","href":"https:\/\/api.w.org\/{rel}","templated":true}]}}