{"id":18528,"date":"2022-06-03T18:10:44","date_gmt":"2022-06-03T16:10:44","guid":{"rendered":"https:\/\/arekson.com\/producto\/floor-cover-tapis-en-papier-pour-sols\/"},"modified":"2022-06-15T16:16:23","modified_gmt":"2022-06-15T14:16:23","slug":"floor-cover-tapis-en-papier-pour-sols","status":"publish","type":"product","link":"https:\/\/arekson.com\/fr\/producto\/floor-cover-tapis-en-papier-pour-sols\/","title":{"rendered":"<strong><span class=\"nom-corto\">FLOOR COVER <\/span><\/strong><br><span class=\"nom-largo\">Tapis en papier pour sols<\/span>"},"content":{"rendered":"","protected":false},"excerpt":{"rendered":"<p>Tapis en papier absorbant pour sols. Bobine pr\u00e9-coup\u00e9e et imprim\u00e9e.<\/p>\n","protected":false},"featured_media":5548,"template":"","meta":{"_et_pb_use_builder":"","_et_pb_old_content":"","_et_gb_content_width":""},"product_brand":[],"product_cat":[1123,1145,1139,370],"product_tag":[],"class_list":{"0":"post-18528","1":"product","2":"type-product","3":"status-publish","4":"has-post-thumbnail","6":"product_cat-auxiliaires","7":"product_cat-couverture-dinterieurs","8":"product_cat-couverture-et-masquage","9":"product_cat-seicar-fr","10":"pa_seicar-fr-ref-cs0250-rouleau-250-u-49x40-cm-1-unite","12":"first","13":"outofstock","14":"purchasable","15":"product-type-variable"},"yoast_head":"<!-- This site is optimized with the Yoast SEO plugin v27.2 - https:\/\/yoast.com\/product\/yoast-seo-wordpress\/ -->\n<title>SEICAR | FLOOR COVER | Tapis en papier pour sols<\/title>\n<meta name=\"description\" content=\"FLOOR COVER | Tapis en papier pour sols | ARTICLES AUXILIAIRES | COUVERTURE ET MASQUAGE | REF: CS0250 | SEICAR\" \/>\n<meta name=\"robots\" content=\"index, follow, max-snippet:-1, max-image-preview:large, max-video-preview:-1\" \/>\n<link rel=\"canonical\" href=\"https:\/\/arekson.com\/fr\/producto\/floor-cover-tapis-en-papier-pour-sols\/\" \/>\n<meta property=\"og:locale\" content=\"fr_FR\" \/>\n<meta property=\"og:type\" content=\"article\" \/>\n<meta property=\"og:title\" content=\"SEICAR | FLOOR COVER | Tapis en papier pour sols\" \/>\n<meta property=\"og:description\" content=\"FLOOR COVER | Tapis en papier pour sols | ARTICLES AUXILIAIRES | COUVERTURE ET MASQUAGE | REF: CS0250 | SEICAR\" \/>\n<meta property=\"og:url\" content=\"https:\/\/arekson.com\/fr\/producto\/floor-cover-tapis-en-papier-pour-sols\/\" \/>\n<meta property=\"og:site_name\" content=\"Arekson Group\" \/>\n<meta property=\"article:modified_time\" content=\"2022-06-15T14:16:23+00:00\" \/>\n<meta property=\"og:image\" content=\"https:\/\/arekson.com\/wp-content\/uploads\/2022\/05\/CS0250.jpg\" \/>\n\t<meta property=\"og:image:width\" content=\"800\" \/>\n\t<meta property=\"og:image:height\" content=\"800\" \/>\n\t<meta property=\"og:image:type\" content=\"image\/jpeg\" \/>\n<meta name=\"twitter:card\" content=\"summary_large_image\" \/>\n<script type=\"application\/ld+json\" class=\"yoast-schema-graph\">{\"@context\":\"https:\/\/schema.org\",\"@graph\":[{\"@type\":\"WebPage\",\"@id\":\"https:\/\/arekson.com\/fr\/producto\/floor-cover-tapis-en-papier-pour-sols\/\",\"url\":\"https:\/\/arekson.com\/fr\/producto\/floor-cover-tapis-en-papier-pour-sols\/\",\"name\":\"SEICAR | FLOOR COVER | Tapis en papier pour sols\",\"isPartOf\":{\"@id\":\"https:\/\/arekson.com\/fr\/#website\"},\"primaryImageOfPage\":{\"@id\":\"https:\/\/arekson.com\/fr\/producto\/floor-cover-tapis-en-papier-pour-sols\/#primaryimage\"},\"image\":{\"@id\":\"https:\/\/arekson.com\/fr\/producto\/floor-cover-tapis-en-papier-pour-sols\/#primaryimage\"},\"thumbnailUrl\":\"https:\/\/arekson.com\/wp-content\/uploads\/2022\/05\/CS0250.jpg\",\"datePublished\":\"2022-06-03T16:10:44+00:00\",\"dateModified\":\"2022-06-15T14:16:23+00:00\",\"description\":\"FLOOR COVER | Tapis en papier pour sols | ARTICLES AUXILIAIRES | COUVERTURE ET MASQUAGE | REF: CS0250 | SEICAR\",\"breadcrumb\":{\"@id\":\"https:\/\/arekson.com\/fr\/producto\/floor-cover-tapis-en-papier-pour-sols\/#breadcrumb\"},\"inLanguage\":\"fr-FR\",\"potentialAction\":[{\"@type\":\"ReadAction\",\"target\":[\"https:\/\/arekson.com\/fr\/producto\/floor-cover-tapis-en-papier-pour-sols\/\"]}]},{\"@type\":\"ImageObject\",\"inLanguage\":\"fr-FR\",\"@id\":\"https:\/\/arekson.com\/fr\/producto\/floor-cover-tapis-en-papier-pour-sols\/#primaryimage\",\"url\":\"https:\/\/arekson.com\/wp-content\/uploads\/2022\/05\/CS0250.jpg\",\"contentUrl\":\"https:\/\/arekson.com\/wp-content\/uploads\/2022\/05\/CS0250.jpg\",\"width\":800,\"height\":800},{\"@type\":\"BreadcrumbList\",\"@id\":\"https:\/\/arekson.com\/fr\/producto\/floor-cover-tapis-en-papier-pour-sols\/#breadcrumb\",\"itemListElement\":[{\"@type\":\"ListItem\",\"position\":1,\"name\":\"Home\",\"item\":\"https:\/\/arekson.com\/fr\/\"},{\"@type\":\"ListItem\",\"position\":2,\"name\":\"Produits\",\"item\":\"https:\/\/arekson.com\/fr\/shop\/\"},{\"@type\":\"ListItem\",\"position\":3,\"name\":\"FLOOR COVER Tapis en papier pour sols\"}]},{\"@type\":\"WebSite\",\"@id\":\"https:\/\/arekson.com\/fr\/#website\",\"url\":\"https:\/\/arekson.com\/fr\/\",\"name\":\"Arekson Group\",\"description\":\"Marcas Referentes del Automovil Profesional\",\"publisher\":{\"@id\":\"https:\/\/arekson.com\/fr\/#organization\"},\"potentialAction\":[{\"@type\":\"SearchAction\",\"target\":{\"@type\":\"EntryPoint\",\"urlTemplate\":\"https:\/\/arekson.com\/fr\/?s={search_term_string}\"},\"query-input\":{\"@type\":\"PropertyValueSpecification\",\"valueRequired\":true,\"valueName\":\"search_term_string\"}}],\"inLanguage\":\"fr-FR\"},{\"@type\":\"Organization\",\"@id\":\"https:\/\/arekson.com\/fr\/#organization\",\"name\":\"Arekson Group\",\"url\":\"https:\/\/arekson.com\/fr\/\",\"logo\":{\"@type\":\"ImageObject\",\"inLanguage\":\"fr-FR\",\"@id\":\"https:\/\/arekson.com\/fr\/#\/schema\/logo\/image\/\",\"url\":\"https:\/\/arekson.com\/wp-content\/uploads\/2022\/06\/Arekson-Group-Logo-Gris.jpg\",\"contentUrl\":\"https:\/\/arekson.com\/wp-content\/uploads\/2022\/06\/Arekson-Group-Logo-Gris.jpg\",\"width\":174,\"height\":72,\"caption\":\"Arekson Group\"},\"image\":{\"@id\":\"https:\/\/arekson.com\/fr\/#\/schema\/logo\/image\/\"}}]}<\/script>\n<!-- \/ Yoast SEO plugin. -->","yoast_head_json":{"title":"SEICAR | FLOOR COVER | Tapis en papier pour sols","description":"FLOOR COVER | Tapis en papier pour sols | ARTICLES AUXILIAIRES | COUVERTURE ET MASQUAGE | REF: CS0250 | SEICAR","robots":{"index":"index","follow":"follow","max-snippet":"max-snippet:-1","max-image-preview":"max-image-preview:large","max-video-preview":"max-video-preview:-1"},"canonical":"https:\/\/arekson.com\/fr\/producto\/floor-cover-tapis-en-papier-pour-sols\/","og_locale":"fr_FR","og_type":"article","og_title":"SEICAR | FLOOR COVER | Tapis en papier pour sols","og_description":"FLOOR COVER | Tapis en papier pour sols | ARTICLES AUXILIAIRES | COUVERTURE ET MASQUAGE | REF: CS0250 | SEICAR","og_url":"https:\/\/arekson.com\/fr\/producto\/floor-cover-tapis-en-papier-pour-sols\/","og_site_name":"Arekson Group","article_modified_time":"2022-06-15T14:16:23+00:00","og_image":[{"width":800,"height":800,"url":"https:\/\/arekson.com\/wp-content\/uploads\/2022\/05\/CS0250.jpg","type":"image\/jpeg"}],"twitter_card":"summary_large_image","schema":{"@context":"https:\/\/schema.org","@graph":[{"@type":"WebPage","@id":"https:\/\/arekson.com\/fr\/producto\/floor-cover-tapis-en-papier-pour-sols\/","url":"https:\/\/arekson.com\/fr\/producto\/floor-cover-tapis-en-papier-pour-sols\/","name":"SEICAR | FLOOR COVER | Tapis en papier pour sols","isPartOf":{"@id":"https:\/\/arekson.com\/fr\/#website"},"primaryImageOfPage":{"@id":"https:\/\/arekson.com\/fr\/producto\/floor-cover-tapis-en-papier-pour-sols\/#primaryimage"},"image":{"@id":"https:\/\/arekson.com\/fr\/producto\/floor-cover-tapis-en-papier-pour-sols\/#primaryimage"},"thumbnailUrl":"https:\/\/arekson.com\/wp-content\/uploads\/2022\/05\/CS0250.jpg","datePublished":"2022-06-03T16:10:44+00:00","dateModified":"2022-06-15T14:16:23+00:00","description":"FLOOR COVER | Tapis en papier pour sols | ARTICLES AUXILIAIRES | COUVERTURE ET MASQUAGE | REF: CS0250 | SEICAR","breadcrumb":{"@id":"https:\/\/arekson.com\/fr\/producto\/floor-cover-tapis-en-papier-pour-sols\/#breadcrumb"},"inLanguage":"fr-FR","potentialAction":[{"@type":"ReadAction","target":["https:\/\/arekson.com\/fr\/producto\/floor-cover-tapis-en-papier-pour-sols\/"]}]},{"@type":"ImageObject","inLanguage":"fr-FR","@id":"https:\/\/arekson.com\/fr\/producto\/floor-cover-tapis-en-papier-pour-sols\/#primaryimage","url":"https:\/\/arekson.com\/wp-content\/uploads\/2022\/05\/CS0250.jpg","contentUrl":"https:\/\/arekson.com\/wp-content\/uploads\/2022\/05\/CS0250.jpg","width":800,"height":800},{"@type":"BreadcrumbList","@id":"https:\/\/arekson.com\/fr\/producto\/floor-cover-tapis-en-papier-pour-sols\/#breadcrumb","itemListElement":[{"@type":"ListItem","position":1,"name":"Home","item":"https:\/\/arekson.com\/fr\/"},{"@type":"ListItem","position":2,"name":"Produits","item":"https:\/\/arekson.com\/fr\/shop\/"},{"@type":"ListItem","position":3,"name":"FLOOR COVER Tapis en papier pour sols"}]},{"@type":"WebSite","@id":"https:\/\/arekson.com\/fr\/#website","url":"https:\/\/arekson.com\/fr\/","name":"Arekson Group","description":"Marcas Referentes del Automovil Profesional","publisher":{"@id":"https:\/\/arekson.com\/fr\/#organization"},"potentialAction":[{"@type":"SearchAction","target":{"@type":"EntryPoint","urlTemplate":"https:\/\/arekson.com\/fr\/?s={search_term_string}"},"query-input":{"@type":"PropertyValueSpecification","valueRequired":true,"valueName":"search_term_string"}}],"inLanguage":"fr-FR"},{"@type":"Organization","@id":"https:\/\/arekson.com\/fr\/#organization","name":"Arekson Group","url":"https:\/\/arekson.com\/fr\/","logo":{"@type":"ImageObject","inLanguage":"fr-FR","@id":"https:\/\/arekson.com\/fr\/#\/schema\/logo\/image\/","url":"https:\/\/arekson.com\/wp-content\/uploads\/2022\/06\/Arekson-Group-Logo-Gris.jpg","contentUrl":"https:\/\/arekson.com\/wp-content\/uploads\/2022\/06\/Arekson-Group-Logo-Gris.jpg","width":174,"height":72,"caption":"Arekson Group"},"image":{"@id":"https:\/\/arekson.com\/fr\/#\/schema\/logo\/image\/"}}]}},"_links":{"self":[{"href":"https:\/\/arekson.com\/fr\/wp-json\/wp\/v2\/product\/18528","targetHints":{"allow":["GET"]}}],"collection":[{"href":"https:\/\/arekson.com\/fr\/wp-json\/wp\/v2\/product"}],"about":[{"href":"https:\/\/arekson.com\/fr\/wp-json\/wp\/v2\/types\/product"}],"wp:featuredmedia":[{"embeddable":true,"href":"https:\/\/arekson.com\/fr\/wp-json\/wp\/v2\/media\/5548"}],"wp:attachment":[{"href":"https:\/\/arekson.com\/fr\/wp-json\/wp\/v2\/media?parent=18528"}],"wp:term":[{"taxonomy":"product_brand","embeddable":true,"href":"https:\/\/arekson.com\/fr\/wp-json\/wp\/v2\/product_brand?post=18528"},{"taxonomy":"product_cat","embeddable":true,"href":"https:\/\/arekson.com\/fr\/wp-json\/wp\/v2\/product_cat?post=18528"},{"taxonomy":"product_tag","embeddable":true,"href":"https:\/\/arekson.com\/fr\/wp-json\/wp\/v2\/product_tag?post=18528"}],"curies":[{"name":"wp","href":"https:\/\/api.w.org\/{rel}","templated":true}]}}