{"id":18515,"date":"2022-06-03T18:10:40","date_gmt":"2022-06-03T16:10:40","guid":{"rendered":"https:\/\/arekson.com\/producto\/polypad-remover-cale-pour-elimine-pulverisation-et-polution\/"},"modified":"2022-06-15T16:16:02","modified_gmt":"2022-06-15T14:16:02","slug":"polypad-remover-cale-pour-elimine-pulverisation-et-polution","status":"publish","type":"product","link":"https:\/\/arekson.com\/fr\/producto\/polypad-remover-cale-pour-elimine-pulverisation-et-polution\/","title":{"rendered":"<strong><span class=\"nom-corto\">POLYPAD REMOVER <\/span><\/strong><br><span class=\"nom-largo\">Cale pour \u00e9limin\u00e9 Pulv\u00e9risation et polution<\/span>"},"content":{"rendered":"","protected":false},"excerpt":{"rendered":"<p>Cale \u00e0 base sp\u00e9ciale du polym\u00e8re, \u00e9limine -sans endommager les surfaces peintes- tout type de pulv\u00e9risation (polyur\u00e9thane,polution de construction, appr\u00eat, peinture, etc.) \u00e9vitant les remises en peinture et les polissages longs et co\u00fbteux. Application \u00e0 la main facile. Appliquer avec Lubri Gom 985.<\/p>\n","protected":false},"featured_media":5923,"template":"","meta":{"_et_pb_use_builder":"","_et_pb_old_content":"","_et_gb_content_width":""},"product_brand":[],"product_cat":[1125,1123,1137,370],"product_tag":[],"class_list":{"0":"post-18515","1":"product","2":"type-product","3":"status-publish","4":"has-post-thumbnail","6":"product_cat-abrasifs","7":"product_cat-auxiliaires","8":"product_cat-produit-micro-abrasif-nuances","9":"product_cat-seicar-fr","10":"pa_seicar-fr-ref-jgx015-gris-fonce-blister-70-x-40-x-110-mm-1-unite","12":"first","13":"outofstock","14":"purchasable","15":"product-type-variable"},"yoast_head":"<!-- This site is optimized with the Yoast SEO plugin v27.2 - https:\/\/yoast.com\/product\/yoast-seo-wordpress\/ -->\n<title>SEICAR | POLYPAD REMOVER | Cale pour \u00e9limin\u00e9 Pulv\u00e9risation et polution<\/title>\n<meta name=\"description\" content=\"POLYPAD REMOVER | Cale pour \u00e9limin\u00e9 Pulv\u00e9risation et polution | ARTICLES AUXILIAIRES | PRODUITS ABRASIFS | REF: JGX015 | SEICAR\" \/>\n<meta name=\"robots\" content=\"index, follow, max-snippet:-1, max-image-preview:large, max-video-preview:-1\" \/>\n<link rel=\"canonical\" href=\"https:\/\/arekson.com\/fr\/producto\/polypad-remover-cale-pour-elimine-pulverisation-et-polution\/\" \/>\n<meta property=\"og:locale\" content=\"fr_FR\" \/>\n<meta property=\"og:type\" content=\"article\" \/>\n<meta property=\"og:title\" content=\"SEICAR | POLYPAD REMOVER | Cale pour \u00e9limin\u00e9 Pulv\u00e9risation et polution\" \/>\n<meta property=\"og:description\" content=\"POLYPAD REMOVER | Cale pour \u00e9limin\u00e9 Pulv\u00e9risation et polution | ARTICLES AUXILIAIRES | PRODUITS ABRASIFS | REF: JGX015 | SEICAR\" \/>\n<meta property=\"og:url\" content=\"https:\/\/arekson.com\/fr\/producto\/polypad-remover-cale-pour-elimine-pulverisation-et-polution\/\" \/>\n<meta property=\"og:site_name\" content=\"Arekson Group\" \/>\n<meta property=\"article:modified_time\" content=\"2022-06-15T14:16:02+00:00\" \/>\n<meta property=\"og:image\" content=\"https:\/\/arekson.com\/wp-content\/uploads\/2022\/05\/JGX015.jpg\" \/>\n\t<meta property=\"og:image:width\" content=\"800\" \/>\n\t<meta property=\"og:image:height\" content=\"800\" \/>\n\t<meta property=\"og:image:type\" content=\"image\/jpeg\" \/>\n<meta name=\"twitter:card\" content=\"summary_large_image\" \/>\n<script type=\"application\/ld+json\" class=\"yoast-schema-graph\">{\"@context\":\"https:\/\/schema.org\",\"@graph\":[{\"@type\":\"WebPage\",\"@id\":\"https:\/\/arekson.com\/fr\/producto\/polypad-remover-cale-pour-elimine-pulverisation-et-polution\/\",\"url\":\"https:\/\/arekson.com\/fr\/producto\/polypad-remover-cale-pour-elimine-pulverisation-et-polution\/\",\"name\":\"SEICAR | POLYPAD REMOVER | Cale pour \u00e9limin\u00e9 Pulv\u00e9risation et polution\",\"isPartOf\":{\"@id\":\"https:\/\/arekson.com\/fr\/#website\"},\"primaryImageOfPage\":{\"@id\":\"https:\/\/arekson.com\/fr\/producto\/polypad-remover-cale-pour-elimine-pulverisation-et-polution\/#primaryimage\"},\"image\":{\"@id\":\"https:\/\/arekson.com\/fr\/producto\/polypad-remover-cale-pour-elimine-pulverisation-et-polution\/#primaryimage\"},\"thumbnailUrl\":\"https:\/\/arekson.com\/wp-content\/uploads\/2022\/05\/JGX015.jpg\",\"datePublished\":\"2022-06-03T16:10:40+00:00\",\"dateModified\":\"2022-06-15T14:16:02+00:00\",\"description\":\"POLYPAD REMOVER | Cale pour \u00e9limin\u00e9 Pulv\u00e9risation et polution | ARTICLES AUXILIAIRES | PRODUITS ABRASIFS | REF: JGX015 | SEICAR\",\"breadcrumb\":{\"@id\":\"https:\/\/arekson.com\/fr\/producto\/polypad-remover-cale-pour-elimine-pulverisation-et-polution\/#breadcrumb\"},\"inLanguage\":\"fr-FR\",\"potentialAction\":[{\"@type\":\"ReadAction\",\"target\":[\"https:\/\/arekson.com\/fr\/producto\/polypad-remover-cale-pour-elimine-pulverisation-et-polution\/\"]}]},{\"@type\":\"ImageObject\",\"inLanguage\":\"fr-FR\",\"@id\":\"https:\/\/arekson.com\/fr\/producto\/polypad-remover-cale-pour-elimine-pulverisation-et-polution\/#primaryimage\",\"url\":\"https:\/\/arekson.com\/wp-content\/uploads\/2022\/05\/JGX015.jpg\",\"contentUrl\":\"https:\/\/arekson.com\/wp-content\/uploads\/2022\/05\/JGX015.jpg\",\"width\":800,\"height\":800},{\"@type\":\"BreadcrumbList\",\"@id\":\"https:\/\/arekson.com\/fr\/producto\/polypad-remover-cale-pour-elimine-pulverisation-et-polution\/#breadcrumb\",\"itemListElement\":[{\"@type\":\"ListItem\",\"position\":1,\"name\":\"Home\",\"item\":\"https:\/\/arekson.com\/fr\/\"},{\"@type\":\"ListItem\",\"position\":2,\"name\":\"Produits\",\"item\":\"https:\/\/arekson.com\/fr\/shop\/\"},{\"@type\":\"ListItem\",\"position\":3,\"name\":\"POLYPAD REMOVER Cale pour \u00e9limin\u00e9 Pulv\u00e9risation et polution\"}]},{\"@type\":\"WebSite\",\"@id\":\"https:\/\/arekson.com\/fr\/#website\",\"url\":\"https:\/\/arekson.com\/fr\/\",\"name\":\"Arekson Group\",\"description\":\"Marcas Referentes del Automovil Profesional\",\"publisher\":{\"@id\":\"https:\/\/arekson.com\/fr\/#organization\"},\"potentialAction\":[{\"@type\":\"SearchAction\",\"target\":{\"@type\":\"EntryPoint\",\"urlTemplate\":\"https:\/\/arekson.com\/fr\/?s={search_term_string}\"},\"query-input\":{\"@type\":\"PropertyValueSpecification\",\"valueRequired\":true,\"valueName\":\"search_term_string\"}}],\"inLanguage\":\"fr-FR\"},{\"@type\":\"Organization\",\"@id\":\"https:\/\/arekson.com\/fr\/#organization\",\"name\":\"Arekson Group\",\"url\":\"https:\/\/arekson.com\/fr\/\",\"logo\":{\"@type\":\"ImageObject\",\"inLanguage\":\"fr-FR\",\"@id\":\"https:\/\/arekson.com\/fr\/#\/schema\/logo\/image\/\",\"url\":\"https:\/\/arekson.com\/wp-content\/uploads\/2022\/06\/Arekson-Group-Logo-Gris.jpg\",\"contentUrl\":\"https:\/\/arekson.com\/wp-content\/uploads\/2022\/06\/Arekson-Group-Logo-Gris.jpg\",\"width\":174,\"height\":72,\"caption\":\"Arekson Group\"},\"image\":{\"@id\":\"https:\/\/arekson.com\/fr\/#\/schema\/logo\/image\/\"}}]}<\/script>\n<!-- \/ Yoast SEO plugin. -->","yoast_head_json":{"title":"SEICAR | POLYPAD REMOVER | Cale pour \u00e9limin\u00e9 Pulv\u00e9risation et polution","description":"POLYPAD REMOVER | Cale pour \u00e9limin\u00e9 Pulv\u00e9risation et polution | ARTICLES AUXILIAIRES | PRODUITS ABRASIFS | REF: JGX015 | SEICAR","robots":{"index":"index","follow":"follow","max-snippet":"max-snippet:-1","max-image-preview":"max-image-preview:large","max-video-preview":"max-video-preview:-1"},"canonical":"https:\/\/arekson.com\/fr\/producto\/polypad-remover-cale-pour-elimine-pulverisation-et-polution\/","og_locale":"fr_FR","og_type":"article","og_title":"SEICAR | POLYPAD REMOVER | Cale pour \u00e9limin\u00e9 Pulv\u00e9risation et polution","og_description":"POLYPAD REMOVER | Cale pour \u00e9limin\u00e9 Pulv\u00e9risation et polution | ARTICLES AUXILIAIRES | PRODUITS ABRASIFS | REF: JGX015 | SEICAR","og_url":"https:\/\/arekson.com\/fr\/producto\/polypad-remover-cale-pour-elimine-pulverisation-et-polution\/","og_site_name":"Arekson Group","article_modified_time":"2022-06-15T14:16:02+00:00","og_image":[{"width":800,"height":800,"url":"https:\/\/arekson.com\/wp-content\/uploads\/2022\/05\/JGX015.jpg","type":"image\/jpeg"}],"twitter_card":"summary_large_image","schema":{"@context":"https:\/\/schema.org","@graph":[{"@type":"WebPage","@id":"https:\/\/arekson.com\/fr\/producto\/polypad-remover-cale-pour-elimine-pulverisation-et-polution\/","url":"https:\/\/arekson.com\/fr\/producto\/polypad-remover-cale-pour-elimine-pulverisation-et-polution\/","name":"SEICAR | POLYPAD REMOVER | Cale pour \u00e9limin\u00e9 Pulv\u00e9risation et polution","isPartOf":{"@id":"https:\/\/arekson.com\/fr\/#website"},"primaryImageOfPage":{"@id":"https:\/\/arekson.com\/fr\/producto\/polypad-remover-cale-pour-elimine-pulverisation-et-polution\/#primaryimage"},"image":{"@id":"https:\/\/arekson.com\/fr\/producto\/polypad-remover-cale-pour-elimine-pulverisation-et-polution\/#primaryimage"},"thumbnailUrl":"https:\/\/arekson.com\/wp-content\/uploads\/2022\/05\/JGX015.jpg","datePublished":"2022-06-03T16:10:40+00:00","dateModified":"2022-06-15T14:16:02+00:00","description":"POLYPAD REMOVER | Cale pour \u00e9limin\u00e9 Pulv\u00e9risation et polution | ARTICLES AUXILIAIRES | PRODUITS ABRASIFS | REF: JGX015 | SEICAR","breadcrumb":{"@id":"https:\/\/arekson.com\/fr\/producto\/polypad-remover-cale-pour-elimine-pulverisation-et-polution\/#breadcrumb"},"inLanguage":"fr-FR","potentialAction":[{"@type":"ReadAction","target":["https:\/\/arekson.com\/fr\/producto\/polypad-remover-cale-pour-elimine-pulverisation-et-polution\/"]}]},{"@type":"ImageObject","inLanguage":"fr-FR","@id":"https:\/\/arekson.com\/fr\/producto\/polypad-remover-cale-pour-elimine-pulverisation-et-polution\/#primaryimage","url":"https:\/\/arekson.com\/wp-content\/uploads\/2022\/05\/JGX015.jpg","contentUrl":"https:\/\/arekson.com\/wp-content\/uploads\/2022\/05\/JGX015.jpg","width":800,"height":800},{"@type":"BreadcrumbList","@id":"https:\/\/arekson.com\/fr\/producto\/polypad-remover-cale-pour-elimine-pulverisation-et-polution\/#breadcrumb","itemListElement":[{"@type":"ListItem","position":1,"name":"Home","item":"https:\/\/arekson.com\/fr\/"},{"@type":"ListItem","position":2,"name":"Produits","item":"https:\/\/arekson.com\/fr\/shop\/"},{"@type":"ListItem","position":3,"name":"POLYPAD REMOVER Cale pour \u00e9limin\u00e9 Pulv\u00e9risation et polution"}]},{"@type":"WebSite","@id":"https:\/\/arekson.com\/fr\/#website","url":"https:\/\/arekson.com\/fr\/","name":"Arekson Group","description":"Marcas Referentes del Automovil Profesional","publisher":{"@id":"https:\/\/arekson.com\/fr\/#organization"},"potentialAction":[{"@type":"SearchAction","target":{"@type":"EntryPoint","urlTemplate":"https:\/\/arekson.com\/fr\/?s={search_term_string}"},"query-input":{"@type":"PropertyValueSpecification","valueRequired":true,"valueName":"search_term_string"}}],"inLanguage":"fr-FR"},{"@type":"Organization","@id":"https:\/\/arekson.com\/fr\/#organization","name":"Arekson Group","url":"https:\/\/arekson.com\/fr\/","logo":{"@type":"ImageObject","inLanguage":"fr-FR","@id":"https:\/\/arekson.com\/fr\/#\/schema\/logo\/image\/","url":"https:\/\/arekson.com\/wp-content\/uploads\/2022\/06\/Arekson-Group-Logo-Gris.jpg","contentUrl":"https:\/\/arekson.com\/wp-content\/uploads\/2022\/06\/Arekson-Group-Logo-Gris.jpg","width":174,"height":72,"caption":"Arekson Group"},"image":{"@id":"https:\/\/arekson.com\/fr\/#\/schema\/logo\/image\/"}}]}},"_links":{"self":[{"href":"https:\/\/arekson.com\/fr\/wp-json\/wp\/v2\/product\/18515","targetHints":{"allow":["GET"]}}],"collection":[{"href":"https:\/\/arekson.com\/fr\/wp-json\/wp\/v2\/product"}],"about":[{"href":"https:\/\/arekson.com\/fr\/wp-json\/wp\/v2\/types\/product"}],"wp:featuredmedia":[{"embeddable":true,"href":"https:\/\/arekson.com\/fr\/wp-json\/wp\/v2\/media\/5923"}],"wp:attachment":[{"href":"https:\/\/arekson.com\/fr\/wp-json\/wp\/v2\/media?parent=18515"}],"wp:term":[{"taxonomy":"product_brand","embeddable":true,"href":"https:\/\/arekson.com\/fr\/wp-json\/wp\/v2\/product_brand?post=18515"},{"taxonomy":"product_cat","embeddable":true,"href":"https:\/\/arekson.com\/fr\/wp-json\/wp\/v2\/product_cat?post=18515"},{"taxonomy":"product_tag","embeddable":true,"href":"https:\/\/arekson.com\/fr\/wp-json\/wp\/v2\/product_tag?post=18515"}],"curies":[{"name":"wp","href":"https:\/\/api.w.org\/{rel}","templated":true}]}}