{"id":18507,"date":"2022-06-03T18:10:36","date_gmt":"2022-06-03T16:10:36","guid":{"rendered":"https:\/\/arekson.com\/producto\/sei-gom-blue-gomme-a-polir\/"},"modified":"2023-06-14T11:58:36","modified_gmt":"2023-06-14T09:58:36","slug":"sei-gom-blue-gomme-a-polir","status":"publish","type":"product","link":"https:\/\/arekson.com\/fr\/producto\/sei-gom-blue-gomme-a-polir\/","title":{"rendered":"<strong><span class=\"nom-corto\">SEI GOM BLUE <\/span><\/strong><br><span class=\"nom-largo\">Gomme \u00e0 polir<\/span>"},"content":{"rendered":"<p style=\"text-align: right;\"><a class=\"boton-ficha\" href=\"https:\/\/arekson.com\/wp-content\/uploads\/2023\/06\/JGX001-5-LUBRIGOM-985-FICHA-TECNICA-FT2014_FR.pdf\" target=\"_blank\" rel=\"noopener\">D\u00e9tails Techniques<\/a> <\/p>\n","protected":false},"excerpt":{"rendered":"<p>\u00c9limine -sans endommager les surfaces peintes- tout type de pulv\u00e9risation (polyur\u00e9thane,polution de construction, appr\u00eat, peinture, etc.) \u00e9vitant les remises en peinture et les polissages longs et co\u00fbteux. Application \u00e0 la main facile. Appliquer avec Lubri Gom 985.<\/p>\n","protected":false},"featured_media":5911,"template":"","meta":{"_et_pb_use_builder":"","_et_pb_old_content":"","_et_gb_content_width":""},"product_brand":[],"product_cat":[1125,1123,1137,370],"product_tag":[],"class_list":{"0":"post-18507","1":"product","2":"type-product","3":"status-publish","4":"has-post-thumbnail","6":"product_cat-abrasifs","7":"product_cat-auxiliaires","8":"product_cat-produit-micro-abrasif-nuances","9":"product_cat-seicar-fr","10":"pa_seicar-fr-ref-jgx001-grain-medium-bleu-blister-1-unite","12":"first","13":"outofstock","14":"purchasable","15":"product-type-variable"},"yoast_head":"<!-- This site is optimized with the Yoast SEO plugin v27.2 - https:\/\/yoast.com\/product\/yoast-seo-wordpress\/ -->\n<title>SEICAR | SEI GOM BLUE | Gomme \u00e0 polir<\/title>\n<meta name=\"description\" content=\"SEI GOM BLUE | Gomme \u00e0 polir | ARTICLES AUXILIAIRES | PRODUITS ABRASIFS | REF: JGX001 | SEICAR\" \/>\n<meta name=\"robots\" content=\"index, follow, max-snippet:-1, max-image-preview:large, max-video-preview:-1\" \/>\n<link rel=\"canonical\" href=\"https:\/\/arekson.com\/fr\/producto\/sei-gom-blue-gomme-a-polir\/\" \/>\n<meta property=\"og:locale\" content=\"fr_FR\" \/>\n<meta property=\"og:type\" content=\"article\" \/>\n<meta property=\"og:title\" content=\"SEICAR | SEI GOM BLUE | Gomme \u00e0 polir\" \/>\n<meta property=\"og:description\" content=\"SEI GOM BLUE | Gomme \u00e0 polir | ARTICLES AUXILIAIRES | PRODUITS ABRASIFS | REF: JGX001 | SEICAR\" \/>\n<meta property=\"og:url\" content=\"https:\/\/arekson.com\/fr\/producto\/sei-gom-blue-gomme-a-polir\/\" \/>\n<meta property=\"og:site_name\" content=\"Arekson Group\" \/>\n<meta property=\"article:modified_time\" content=\"2023-06-14T09:58:36+00:00\" \/>\n<meta property=\"og:image\" content=\"https:\/\/arekson.com\/wp-content\/uploads\/2022\/05\/JGX001.jpg\" \/>\n\t<meta property=\"og:image:width\" content=\"800\" \/>\n\t<meta property=\"og:image:height\" content=\"800\" \/>\n\t<meta property=\"og:image:type\" content=\"image\/jpeg\" \/>\n<meta name=\"twitter:card\" content=\"summary_large_image\" \/>\n<script type=\"application\/ld+json\" class=\"yoast-schema-graph\">{\"@context\":\"https:\/\/schema.org\",\"@graph\":[{\"@type\":\"WebPage\",\"@id\":\"https:\/\/arekson.com\/fr\/producto\/sei-gom-blue-gomme-a-polir\/\",\"url\":\"https:\/\/arekson.com\/fr\/producto\/sei-gom-blue-gomme-a-polir\/\",\"name\":\"SEICAR | SEI GOM BLUE | Gomme \u00e0 polir\",\"isPartOf\":{\"@id\":\"https:\/\/arekson.com\/fr\/#website\"},\"primaryImageOfPage\":{\"@id\":\"https:\/\/arekson.com\/fr\/producto\/sei-gom-blue-gomme-a-polir\/#primaryimage\"},\"image\":{\"@id\":\"https:\/\/arekson.com\/fr\/producto\/sei-gom-blue-gomme-a-polir\/#primaryimage\"},\"thumbnailUrl\":\"https:\/\/arekson.com\/wp-content\/uploads\/2022\/05\/JGX001.jpg\",\"datePublished\":\"2022-06-03T16:10:36+00:00\",\"dateModified\":\"2023-06-14T09:58:36+00:00\",\"description\":\"SEI GOM BLUE | Gomme \u00e0 polir | ARTICLES AUXILIAIRES | PRODUITS ABRASIFS | REF: JGX001 | SEICAR\",\"breadcrumb\":{\"@id\":\"https:\/\/arekson.com\/fr\/producto\/sei-gom-blue-gomme-a-polir\/#breadcrumb\"},\"inLanguage\":\"fr-FR\",\"potentialAction\":[{\"@type\":\"ReadAction\",\"target\":[\"https:\/\/arekson.com\/fr\/producto\/sei-gom-blue-gomme-a-polir\/\"]}]},{\"@type\":\"ImageObject\",\"inLanguage\":\"fr-FR\",\"@id\":\"https:\/\/arekson.com\/fr\/producto\/sei-gom-blue-gomme-a-polir\/#primaryimage\",\"url\":\"https:\/\/arekson.com\/wp-content\/uploads\/2022\/05\/JGX001.jpg\",\"contentUrl\":\"https:\/\/arekson.com\/wp-content\/uploads\/2022\/05\/JGX001.jpg\",\"width\":800,\"height\":800},{\"@type\":\"BreadcrumbList\",\"@id\":\"https:\/\/arekson.com\/fr\/producto\/sei-gom-blue-gomme-a-polir\/#breadcrumb\",\"itemListElement\":[{\"@type\":\"ListItem\",\"position\":1,\"name\":\"Home\",\"item\":\"https:\/\/arekson.com\/fr\/\"},{\"@type\":\"ListItem\",\"position\":2,\"name\":\"Produits\",\"item\":\"https:\/\/arekson.com\/fr\/shop\/\"},{\"@type\":\"ListItem\",\"position\":3,\"name\":\"SEI GOM BLUE Gomme \u00e0 polir\"}]},{\"@type\":\"WebSite\",\"@id\":\"https:\/\/arekson.com\/fr\/#website\",\"url\":\"https:\/\/arekson.com\/fr\/\",\"name\":\"Arekson Group\",\"description\":\"Marcas Referentes del Automovil Profesional\",\"publisher\":{\"@id\":\"https:\/\/arekson.com\/fr\/#organization\"},\"potentialAction\":[{\"@type\":\"SearchAction\",\"target\":{\"@type\":\"EntryPoint\",\"urlTemplate\":\"https:\/\/arekson.com\/fr\/?s={search_term_string}\"},\"query-input\":{\"@type\":\"PropertyValueSpecification\",\"valueRequired\":true,\"valueName\":\"search_term_string\"}}],\"inLanguage\":\"fr-FR\"},{\"@type\":\"Organization\",\"@id\":\"https:\/\/arekson.com\/fr\/#organization\",\"name\":\"Arekson Group\",\"url\":\"https:\/\/arekson.com\/fr\/\",\"logo\":{\"@type\":\"ImageObject\",\"inLanguage\":\"fr-FR\",\"@id\":\"https:\/\/arekson.com\/fr\/#\/schema\/logo\/image\/\",\"url\":\"https:\/\/arekson.com\/wp-content\/uploads\/2022\/06\/Arekson-Group-Logo-Gris.jpg\",\"contentUrl\":\"https:\/\/arekson.com\/wp-content\/uploads\/2022\/06\/Arekson-Group-Logo-Gris.jpg\",\"width\":174,\"height\":72,\"caption\":\"Arekson Group\"},\"image\":{\"@id\":\"https:\/\/arekson.com\/fr\/#\/schema\/logo\/image\/\"}}]}<\/script>\n<!-- \/ Yoast SEO plugin. -->","yoast_head_json":{"title":"SEICAR | SEI GOM BLUE | Gomme \u00e0 polir","description":"SEI GOM BLUE | Gomme \u00e0 polir | ARTICLES AUXILIAIRES | PRODUITS ABRASIFS | REF: JGX001 | SEICAR","robots":{"index":"index","follow":"follow","max-snippet":"max-snippet:-1","max-image-preview":"max-image-preview:large","max-video-preview":"max-video-preview:-1"},"canonical":"https:\/\/arekson.com\/fr\/producto\/sei-gom-blue-gomme-a-polir\/","og_locale":"fr_FR","og_type":"article","og_title":"SEICAR | SEI GOM BLUE | Gomme \u00e0 polir","og_description":"SEI GOM BLUE | Gomme \u00e0 polir | ARTICLES AUXILIAIRES | PRODUITS ABRASIFS | REF: JGX001 | SEICAR","og_url":"https:\/\/arekson.com\/fr\/producto\/sei-gom-blue-gomme-a-polir\/","og_site_name":"Arekson Group","article_modified_time":"2023-06-14T09:58:36+00:00","og_image":[{"width":800,"height":800,"url":"https:\/\/arekson.com\/wp-content\/uploads\/2022\/05\/JGX001.jpg","type":"image\/jpeg"}],"twitter_card":"summary_large_image","schema":{"@context":"https:\/\/schema.org","@graph":[{"@type":"WebPage","@id":"https:\/\/arekson.com\/fr\/producto\/sei-gom-blue-gomme-a-polir\/","url":"https:\/\/arekson.com\/fr\/producto\/sei-gom-blue-gomme-a-polir\/","name":"SEICAR | SEI GOM BLUE | Gomme \u00e0 polir","isPartOf":{"@id":"https:\/\/arekson.com\/fr\/#website"},"primaryImageOfPage":{"@id":"https:\/\/arekson.com\/fr\/producto\/sei-gom-blue-gomme-a-polir\/#primaryimage"},"image":{"@id":"https:\/\/arekson.com\/fr\/producto\/sei-gom-blue-gomme-a-polir\/#primaryimage"},"thumbnailUrl":"https:\/\/arekson.com\/wp-content\/uploads\/2022\/05\/JGX001.jpg","datePublished":"2022-06-03T16:10:36+00:00","dateModified":"2023-06-14T09:58:36+00:00","description":"SEI GOM BLUE | Gomme \u00e0 polir | ARTICLES AUXILIAIRES | PRODUITS ABRASIFS | REF: JGX001 | SEICAR","breadcrumb":{"@id":"https:\/\/arekson.com\/fr\/producto\/sei-gom-blue-gomme-a-polir\/#breadcrumb"},"inLanguage":"fr-FR","potentialAction":[{"@type":"ReadAction","target":["https:\/\/arekson.com\/fr\/producto\/sei-gom-blue-gomme-a-polir\/"]}]},{"@type":"ImageObject","inLanguage":"fr-FR","@id":"https:\/\/arekson.com\/fr\/producto\/sei-gom-blue-gomme-a-polir\/#primaryimage","url":"https:\/\/arekson.com\/wp-content\/uploads\/2022\/05\/JGX001.jpg","contentUrl":"https:\/\/arekson.com\/wp-content\/uploads\/2022\/05\/JGX001.jpg","width":800,"height":800},{"@type":"BreadcrumbList","@id":"https:\/\/arekson.com\/fr\/producto\/sei-gom-blue-gomme-a-polir\/#breadcrumb","itemListElement":[{"@type":"ListItem","position":1,"name":"Home","item":"https:\/\/arekson.com\/fr\/"},{"@type":"ListItem","position":2,"name":"Produits","item":"https:\/\/arekson.com\/fr\/shop\/"},{"@type":"ListItem","position":3,"name":"SEI GOM BLUE Gomme \u00e0 polir"}]},{"@type":"WebSite","@id":"https:\/\/arekson.com\/fr\/#website","url":"https:\/\/arekson.com\/fr\/","name":"Arekson Group","description":"Marcas Referentes del Automovil Profesional","publisher":{"@id":"https:\/\/arekson.com\/fr\/#organization"},"potentialAction":[{"@type":"SearchAction","target":{"@type":"EntryPoint","urlTemplate":"https:\/\/arekson.com\/fr\/?s={search_term_string}"},"query-input":{"@type":"PropertyValueSpecification","valueRequired":true,"valueName":"search_term_string"}}],"inLanguage":"fr-FR"},{"@type":"Organization","@id":"https:\/\/arekson.com\/fr\/#organization","name":"Arekson Group","url":"https:\/\/arekson.com\/fr\/","logo":{"@type":"ImageObject","inLanguage":"fr-FR","@id":"https:\/\/arekson.com\/fr\/#\/schema\/logo\/image\/","url":"https:\/\/arekson.com\/wp-content\/uploads\/2022\/06\/Arekson-Group-Logo-Gris.jpg","contentUrl":"https:\/\/arekson.com\/wp-content\/uploads\/2022\/06\/Arekson-Group-Logo-Gris.jpg","width":174,"height":72,"caption":"Arekson Group"},"image":{"@id":"https:\/\/arekson.com\/fr\/#\/schema\/logo\/image\/"}}]}},"_links":{"self":[{"href":"https:\/\/arekson.com\/fr\/wp-json\/wp\/v2\/product\/18507","targetHints":{"allow":["GET"]}}],"collection":[{"href":"https:\/\/arekson.com\/fr\/wp-json\/wp\/v2\/product"}],"about":[{"href":"https:\/\/arekson.com\/fr\/wp-json\/wp\/v2\/types\/product"}],"wp:featuredmedia":[{"embeddable":true,"href":"https:\/\/arekson.com\/fr\/wp-json\/wp\/v2\/media\/5911"}],"wp:attachment":[{"href":"https:\/\/arekson.com\/fr\/wp-json\/wp\/v2\/media?parent=18507"}],"wp:term":[{"taxonomy":"product_brand","embeddable":true,"href":"https:\/\/arekson.com\/fr\/wp-json\/wp\/v2\/product_brand?post=18507"},{"taxonomy":"product_cat","embeddable":true,"href":"https:\/\/arekson.com\/fr\/wp-json\/wp\/v2\/product_cat?post=18507"},{"taxonomy":"product_tag","embeddable":true,"href":"https:\/\/arekson.com\/fr\/wp-json\/wp\/v2\/product_tag?post=18507"}],"curies":[{"name":"wp","href":"https:\/\/api.w.org\/{rel}","templated":true}]}}