{"id":18440,"date":"2022-06-03T18:09:59","date_gmt":"2022-06-03T16:09:59","guid":{"rendered":"https:\/\/arekson.com\/producto\/soft-roll-rouleau-abrasif-avec-eponge-pre-coupe\/"},"modified":"2022-06-15T16:13:48","modified_gmt":"2022-06-15T14:13:48","slug":"soft-roll-rouleau-abrasif-avec-eponge-pre-coupe","status":"publish","type":"product","link":"https:\/\/arekson.com\/fr\/producto\/soft-roll-rouleau-abrasif-avec-eponge-pre-coupe\/","title":{"rendered":"<strong><span class=\"nom-corto\">SOFT ROLL <\/span><\/strong><br><span class=\"nom-largo\">Rouleau abrasif avec \u00e9ponge pr\u00e9-coup\u00e9<\/span>"},"content":{"rendered":"","protected":false},"excerpt":{"rendered":"<p>Abrasif avec support rembourr\u00e9 pr\u00e9-coup\u00e9 en rouleau pour le pon\u00e7age et d\u00e9polissage de surfaces difficilement accessibles avec des outils de pon\u00e7age tels que des profils arrondis et courbes.<\/p>\n","protected":false},"featured_media":5857,"template":"","meta":{"_et_pb_use_builder":"","_et_pb_old_content":"","_et_gb_content_width":""},"product_brand":[],"product_cat":[1125,1123,1129,370],"product_tag":[],"class_list":{"0":"post-18440","1":"product","2":"type-product","3":"status-publish","4":"has-post-thumbnail","6":"product_cat-abrasifs","7":"product_cat-auxiliaires","8":"product_cat-rouleau-abrasif","9":"product_cat-seicar-fr","10":"pa_seicar-fr-ref-jar0220p-grain-p220-boite-115-mm-x-25-m-5-unites","11":"pa_seicar-fr-ref-jar0240p-grain-p240-boite-115-mm-x-25-m-5-unites","12":"pa_seicar-fr-ref-jar0320p-grain-p320-boite-115-mm-x-25-m-5-unites","13":"pa_seicar-fr-ref-jar0400p-grain-p400-boite-115-mm-x-25-m-5-unites","14":"pa_seicar-fr-ref-jar0500p-grain-p500-boite-115-mm-x-25-m-5-unites","15":"pa_seicar-fr-ref-jar0600p-grain-p600-boite-115-mm-x-25-m-5-unites","16":"pa_seicar-fr-ref-jar0800p-grain-p800-boite-115-mm-x-25-m-5-unites","17":"pa_seicar-fr-ref-jar1000p-grain-p1000-boite-115-mm-x-25-m-5-unites","19":"first","20":"outofstock","21":"purchasable","22":"product-type-variable"},"yoast_head":"<!-- This site is optimized with the Yoast SEO plugin v27.2 - https:\/\/yoast.com\/product\/yoast-seo-wordpress\/ -->\n<title>SEICAR | SOFT ROLL | Rouleau abrasif avec \u00e9ponge pr\u00e9-coup\u00e9<\/title>\n<meta name=\"description\" content=\"SOFT ROLL | Rouleau abrasif avec \u00e9ponge pr\u00e9-coup\u00e9 | ARTICLES AUXILIAIRES | PRODUITS ABRASIFS | REF: JAR1000P | SEICAR\" \/>\n<meta name=\"robots\" content=\"index, follow, max-snippet:-1, max-image-preview:large, max-video-preview:-1\" \/>\n<link rel=\"canonical\" href=\"https:\/\/arekson.com\/fr\/producto\/soft-roll-rouleau-abrasif-avec-eponge-pre-coupe\/\" \/>\n<meta property=\"og:locale\" content=\"fr_FR\" \/>\n<meta property=\"og:type\" content=\"article\" \/>\n<meta property=\"og:title\" content=\"SEICAR | SOFT ROLL | Rouleau abrasif avec \u00e9ponge pr\u00e9-coup\u00e9\" \/>\n<meta property=\"og:description\" content=\"SOFT ROLL | Rouleau abrasif avec \u00e9ponge pr\u00e9-coup\u00e9 | ARTICLES AUXILIAIRES | PRODUITS ABRASIFS | REF: JAR1000P | SEICAR\" \/>\n<meta property=\"og:url\" content=\"https:\/\/arekson.com\/fr\/producto\/soft-roll-rouleau-abrasif-avec-eponge-pre-coupe\/\" \/>\n<meta property=\"og:site_name\" content=\"Arekson Group\" \/>\n<meta property=\"article:modified_time\" content=\"2022-06-15T14:13:48+00:00\" \/>\n<meta property=\"og:image\" content=\"https:\/\/arekson.com\/wp-content\/uploads\/2022\/05\/JAR0220P.jpg\" \/>\n\t<meta property=\"og:image:width\" content=\"800\" \/>\n\t<meta property=\"og:image:height\" content=\"800\" \/>\n\t<meta property=\"og:image:type\" content=\"image\/jpeg\" \/>\n<meta name=\"twitter:card\" content=\"summary_large_image\" \/>\n<script type=\"application\/ld+json\" class=\"yoast-schema-graph\">{\"@context\":\"https:\/\/schema.org\",\"@graph\":[{\"@type\":\"WebPage\",\"@id\":\"https:\/\/arekson.com\/fr\/producto\/soft-roll-rouleau-abrasif-avec-eponge-pre-coupe\/\",\"url\":\"https:\/\/arekson.com\/fr\/producto\/soft-roll-rouleau-abrasif-avec-eponge-pre-coupe\/\",\"name\":\"SEICAR | SOFT ROLL | Rouleau abrasif avec \u00e9ponge pr\u00e9-coup\u00e9\",\"isPartOf\":{\"@id\":\"https:\/\/arekson.com\/fr\/#website\"},\"primaryImageOfPage\":{\"@id\":\"https:\/\/arekson.com\/fr\/producto\/soft-roll-rouleau-abrasif-avec-eponge-pre-coupe\/#primaryimage\"},\"image\":{\"@id\":\"https:\/\/arekson.com\/fr\/producto\/soft-roll-rouleau-abrasif-avec-eponge-pre-coupe\/#primaryimage\"},\"thumbnailUrl\":\"https:\/\/arekson.com\/wp-content\/uploads\/2022\/05\/JAR0220P.jpg\",\"datePublished\":\"2022-06-03T16:09:59+00:00\",\"dateModified\":\"2022-06-15T14:13:48+00:00\",\"description\":\"SOFT ROLL | Rouleau abrasif avec \u00e9ponge pr\u00e9-coup\u00e9 | ARTICLES AUXILIAIRES | PRODUITS ABRASIFS | REF: JAR1000P | SEICAR\",\"breadcrumb\":{\"@id\":\"https:\/\/arekson.com\/fr\/producto\/soft-roll-rouleau-abrasif-avec-eponge-pre-coupe\/#breadcrumb\"},\"inLanguage\":\"fr-FR\",\"potentialAction\":[{\"@type\":\"ReadAction\",\"target\":[\"https:\/\/arekson.com\/fr\/producto\/soft-roll-rouleau-abrasif-avec-eponge-pre-coupe\/\"]}]},{\"@type\":\"ImageObject\",\"inLanguage\":\"fr-FR\",\"@id\":\"https:\/\/arekson.com\/fr\/producto\/soft-roll-rouleau-abrasif-avec-eponge-pre-coupe\/#primaryimage\",\"url\":\"https:\/\/arekson.com\/wp-content\/uploads\/2022\/05\/JAR0220P.jpg\",\"contentUrl\":\"https:\/\/arekson.com\/wp-content\/uploads\/2022\/05\/JAR0220P.jpg\",\"width\":800,\"height\":800},{\"@type\":\"BreadcrumbList\",\"@id\":\"https:\/\/arekson.com\/fr\/producto\/soft-roll-rouleau-abrasif-avec-eponge-pre-coupe\/#breadcrumb\",\"itemListElement\":[{\"@type\":\"ListItem\",\"position\":1,\"name\":\"Home\",\"item\":\"https:\/\/arekson.com\/fr\/\"},{\"@type\":\"ListItem\",\"position\":2,\"name\":\"Produits\",\"item\":\"https:\/\/arekson.com\/fr\/shop\/\"},{\"@type\":\"ListItem\",\"position\":3,\"name\":\"SOFT ROLL Rouleau abrasif avec \u00e9ponge pr\u00e9-coup\u00e9\"}]},{\"@type\":\"WebSite\",\"@id\":\"https:\/\/arekson.com\/fr\/#website\",\"url\":\"https:\/\/arekson.com\/fr\/\",\"name\":\"Arekson Group\",\"description\":\"Marcas Referentes del Automovil Profesional\",\"publisher\":{\"@id\":\"https:\/\/arekson.com\/fr\/#organization\"},\"potentialAction\":[{\"@type\":\"SearchAction\",\"target\":{\"@type\":\"EntryPoint\",\"urlTemplate\":\"https:\/\/arekson.com\/fr\/?s={search_term_string}\"},\"query-input\":{\"@type\":\"PropertyValueSpecification\",\"valueRequired\":true,\"valueName\":\"search_term_string\"}}],\"inLanguage\":\"fr-FR\"},{\"@type\":\"Organization\",\"@id\":\"https:\/\/arekson.com\/fr\/#organization\",\"name\":\"Arekson Group\",\"url\":\"https:\/\/arekson.com\/fr\/\",\"logo\":{\"@type\":\"ImageObject\",\"inLanguage\":\"fr-FR\",\"@id\":\"https:\/\/arekson.com\/fr\/#\/schema\/logo\/image\/\",\"url\":\"https:\/\/arekson.com\/wp-content\/uploads\/2022\/06\/Arekson-Group-Logo-Gris.jpg\",\"contentUrl\":\"https:\/\/arekson.com\/wp-content\/uploads\/2022\/06\/Arekson-Group-Logo-Gris.jpg\",\"width\":174,\"height\":72,\"caption\":\"Arekson Group\"},\"image\":{\"@id\":\"https:\/\/arekson.com\/fr\/#\/schema\/logo\/image\/\"}}]}<\/script>\n<!-- \/ Yoast SEO plugin. -->","yoast_head_json":{"title":"SEICAR | SOFT ROLL | Rouleau abrasif avec \u00e9ponge pr\u00e9-coup\u00e9","description":"SOFT ROLL | Rouleau abrasif avec \u00e9ponge pr\u00e9-coup\u00e9 | ARTICLES AUXILIAIRES | PRODUITS ABRASIFS | REF: JAR1000P | SEICAR","robots":{"index":"index","follow":"follow","max-snippet":"max-snippet:-1","max-image-preview":"max-image-preview:large","max-video-preview":"max-video-preview:-1"},"canonical":"https:\/\/arekson.com\/fr\/producto\/soft-roll-rouleau-abrasif-avec-eponge-pre-coupe\/","og_locale":"fr_FR","og_type":"article","og_title":"SEICAR | SOFT ROLL | Rouleau abrasif avec \u00e9ponge pr\u00e9-coup\u00e9","og_description":"SOFT ROLL | Rouleau abrasif avec \u00e9ponge pr\u00e9-coup\u00e9 | ARTICLES AUXILIAIRES | PRODUITS ABRASIFS | REF: JAR1000P | SEICAR","og_url":"https:\/\/arekson.com\/fr\/producto\/soft-roll-rouleau-abrasif-avec-eponge-pre-coupe\/","og_site_name":"Arekson Group","article_modified_time":"2022-06-15T14:13:48+00:00","og_image":[{"width":800,"height":800,"url":"https:\/\/arekson.com\/wp-content\/uploads\/2022\/05\/JAR0220P.jpg","type":"image\/jpeg"}],"twitter_card":"summary_large_image","schema":{"@context":"https:\/\/schema.org","@graph":[{"@type":"WebPage","@id":"https:\/\/arekson.com\/fr\/producto\/soft-roll-rouleau-abrasif-avec-eponge-pre-coupe\/","url":"https:\/\/arekson.com\/fr\/producto\/soft-roll-rouleau-abrasif-avec-eponge-pre-coupe\/","name":"SEICAR | SOFT ROLL | Rouleau abrasif avec \u00e9ponge pr\u00e9-coup\u00e9","isPartOf":{"@id":"https:\/\/arekson.com\/fr\/#website"},"primaryImageOfPage":{"@id":"https:\/\/arekson.com\/fr\/producto\/soft-roll-rouleau-abrasif-avec-eponge-pre-coupe\/#primaryimage"},"image":{"@id":"https:\/\/arekson.com\/fr\/producto\/soft-roll-rouleau-abrasif-avec-eponge-pre-coupe\/#primaryimage"},"thumbnailUrl":"https:\/\/arekson.com\/wp-content\/uploads\/2022\/05\/JAR0220P.jpg","datePublished":"2022-06-03T16:09:59+00:00","dateModified":"2022-06-15T14:13:48+00:00","description":"SOFT ROLL | Rouleau abrasif avec \u00e9ponge pr\u00e9-coup\u00e9 | ARTICLES AUXILIAIRES | PRODUITS ABRASIFS | REF: JAR1000P | SEICAR","breadcrumb":{"@id":"https:\/\/arekson.com\/fr\/producto\/soft-roll-rouleau-abrasif-avec-eponge-pre-coupe\/#breadcrumb"},"inLanguage":"fr-FR","potentialAction":[{"@type":"ReadAction","target":["https:\/\/arekson.com\/fr\/producto\/soft-roll-rouleau-abrasif-avec-eponge-pre-coupe\/"]}]},{"@type":"ImageObject","inLanguage":"fr-FR","@id":"https:\/\/arekson.com\/fr\/producto\/soft-roll-rouleau-abrasif-avec-eponge-pre-coupe\/#primaryimage","url":"https:\/\/arekson.com\/wp-content\/uploads\/2022\/05\/JAR0220P.jpg","contentUrl":"https:\/\/arekson.com\/wp-content\/uploads\/2022\/05\/JAR0220P.jpg","width":800,"height":800},{"@type":"BreadcrumbList","@id":"https:\/\/arekson.com\/fr\/producto\/soft-roll-rouleau-abrasif-avec-eponge-pre-coupe\/#breadcrumb","itemListElement":[{"@type":"ListItem","position":1,"name":"Home","item":"https:\/\/arekson.com\/fr\/"},{"@type":"ListItem","position":2,"name":"Produits","item":"https:\/\/arekson.com\/fr\/shop\/"},{"@type":"ListItem","position":3,"name":"SOFT ROLL Rouleau abrasif avec \u00e9ponge pr\u00e9-coup\u00e9"}]},{"@type":"WebSite","@id":"https:\/\/arekson.com\/fr\/#website","url":"https:\/\/arekson.com\/fr\/","name":"Arekson Group","description":"Marcas Referentes del Automovil Profesional","publisher":{"@id":"https:\/\/arekson.com\/fr\/#organization"},"potentialAction":[{"@type":"SearchAction","target":{"@type":"EntryPoint","urlTemplate":"https:\/\/arekson.com\/fr\/?s={search_term_string}"},"query-input":{"@type":"PropertyValueSpecification","valueRequired":true,"valueName":"search_term_string"}}],"inLanguage":"fr-FR"},{"@type":"Organization","@id":"https:\/\/arekson.com\/fr\/#organization","name":"Arekson Group","url":"https:\/\/arekson.com\/fr\/","logo":{"@type":"ImageObject","inLanguage":"fr-FR","@id":"https:\/\/arekson.com\/fr\/#\/schema\/logo\/image\/","url":"https:\/\/arekson.com\/wp-content\/uploads\/2022\/06\/Arekson-Group-Logo-Gris.jpg","contentUrl":"https:\/\/arekson.com\/wp-content\/uploads\/2022\/06\/Arekson-Group-Logo-Gris.jpg","width":174,"height":72,"caption":"Arekson Group"},"image":{"@id":"https:\/\/arekson.com\/fr\/#\/schema\/logo\/image\/"}}]}},"_links":{"self":[{"href":"https:\/\/arekson.com\/fr\/wp-json\/wp\/v2\/product\/18440","targetHints":{"allow":["GET"]}}],"collection":[{"href":"https:\/\/arekson.com\/fr\/wp-json\/wp\/v2\/product"}],"about":[{"href":"https:\/\/arekson.com\/fr\/wp-json\/wp\/v2\/types\/product"}],"wp:featuredmedia":[{"embeddable":true,"href":"https:\/\/arekson.com\/fr\/wp-json\/wp\/v2\/media\/5857"}],"wp:attachment":[{"href":"https:\/\/arekson.com\/fr\/wp-json\/wp\/v2\/media?parent=18440"}],"wp:term":[{"taxonomy":"product_brand","embeddable":true,"href":"https:\/\/arekson.com\/fr\/wp-json\/wp\/v2\/product_brand?post=18440"},{"taxonomy":"product_cat","embeddable":true,"href":"https:\/\/arekson.com\/fr\/wp-json\/wp\/v2\/product_cat?post=18440"},{"taxonomy":"product_tag","embeddable":true,"href":"https:\/\/arekson.com\/fr\/wp-json\/wp\/v2\/product_tag?post=18440"}],"curies":[{"name":"wp","href":"https:\/\/api.w.org\/{rel}","templated":true}]}}