{"id":18418,"date":"2022-06-03T18:09:49","date_gmt":"2022-06-03T16:09:49","guid":{"rendered":"https:\/\/arekson.com\/producto\/ceramic-fast-cut-696-disque-ceramique-support-en-plastique\/"},"modified":"2022-06-15T16:13:21","modified_gmt":"2022-06-15T14:13:21","slug":"ceramic-fast-cut-696-disque-ceramique-support-en-plastique","status":"publish","type":"product","link":"https:\/\/arekson.com\/fr\/producto\/ceramic-fast-cut-696-disque-ceramique-support-en-plastique\/","title":{"rendered":"<strong><span class=\"nom-corto\">CERAMIC FAST CUT 696 <\/span><\/strong><br><span class=\"nom-largo\">Disque c\u00e9ramique support en plastique<\/span>"},"content":{"rendered":"","protected":false},"excerpt":{"rendered":"<p>Disque abrasif c\u00e9ramique compact \u00e0 haut pouvoir de broyage et longue dur\u00e9e de vie avec base en plastique. Traitement anti-colmatage avec st\u00e9arate de zinc \u00e0 base d&rsquo;eau \u00ab\u00a0Long Life\u00a0\u00bb. Productivit\u00e9 accrue gr\u00e2ce \u00e0 sa grande capacit\u00e9 de meulage et \u00e0 la possibilit\u00e9 de travailler \u00e0 des vitesses de coupe plus \u00e9lev\u00e9es.<\/p>\n","protected":false},"featured_media":5875,"template":"","meta":{"_et_pb_use_builder":"","_et_pb_old_content":"","_et_gb_content_width":""},"product_brand":[],"product_cat":[1125,1123,1127,370],"product_tag":[],"class_list":{"0":"post-18418","1":"product","2":"type-product","3":"status-publish","4":"has-post-thumbnail","6":"product_cat-abrasifs","7":"product_cat-auxiliaires","8":"product_cat-disque-abrasif","9":"product_cat-seicar-fr","10":"pa_seicar-fr-ref-jds0080c-grain-p80-rouge-boite-o-150-mm-21-ag-100-unites","11":"pa_seicar-fr-ref-jds0100c-grain-p100-rouge-boite-o-150-mm-21-ag-100-unites","12":"pa_seicar-fr-ref-jds0120c-grain-p120-rouge-boite-o-150-mm-21-ag-10-unites","13":"pa_seicar-fr-ref-jds0150c-grain-p150-rouge-boite-o-150-mm-21-ag-100-unites","14":"pa_seicar-fr-ref-jds0180c-grain-p180-rouge-boite-o-150-mm-21-ag-100-unites","15":"pa_seicar-fr-ref-jds0220c-grain-p220-rouge-boite-o-150-mm-21-ag-100-unites","16":"pa_seicar-fr-ref-jds0240c-grain-p240-rouge-boite-o-150-mm-21-ag-100-unites","17":"pa_seicar-fr-ref-jds0280c-grain-p280-rouge-boite-o-150-mm-21-ag-100-unites","18":"pa_seicar-fr-ref-jds0320c-grain-p320-rouge-boite-o-150-mm-21-ag-100-unites","19":"pa_seicar-fr-ref-jds0360c-grain-p360-rouge-boite-o-150-mm-21-ag-100-unites","20":"pa_seicar-fr-ref-jds0400c-grain-p400-rouge-boite-o-150-mm-21-ag-100-unites","21":"pa_seicar-fr-ref-jds0500c-grain-p500-rouge-boite-o-150-mm-21-ag-100-unites","22":"pa_seicar-fr-ref-jds0600c-grain-p600-rouge-boite-o-150-mm-21-ag-100-unites","23":"pa_seicar-fr-ref-jds0800c-grain-p800-rouge-boite-o-150-mm-21-ag-100-unites","24":"pa_seicar-fr-ref-jds1000c-grain-p1000-rouge-boite-o-150-mm-21-ag-100-unites","25":"pa_seicar-fr-ref-jds1200c-grain-p1200-rouge-boite-o-150-mm-21-ag-100-unites","26":"pa_seicar-fr-ref-jds1500c-grain-p1500-rouge-boite-o-150-mm-21-ag-100-unites","28":"first","29":"outofstock","30":"purchasable","31":"product-type-variable"},"yoast_head":"<!-- This site is optimized with the Yoast SEO plugin v27.2 - https:\/\/yoast.com\/product\/yoast-seo-wordpress\/ -->\n<title>SEICAR | CERAMIC FAST CUT 696 | Disque c\u00e9ramique support en plastique<\/title>\n<meta name=\"description\" content=\"CERAMIC FAST CUT 696 | Disque c\u00e9ramique support en plastique | ARTICLES AUXILIAIRES | PRODUITS ABRASIFS | REF: JDS1500C | SEICAR\" \/>\n<meta name=\"robots\" content=\"index, follow, max-snippet:-1, max-image-preview:large, max-video-preview:-1\" \/>\n<link rel=\"canonical\" href=\"https:\/\/arekson.com\/fr\/producto\/ceramic-fast-cut-696-disque-ceramique-support-en-plastique\/\" \/>\n<meta property=\"og:locale\" content=\"fr_FR\" \/>\n<meta property=\"og:type\" content=\"article\" \/>\n<meta property=\"og:title\" content=\"SEICAR | CERAMIC FAST CUT 696 | Disque c\u00e9ramique support en plastique\" \/>\n<meta property=\"og:description\" content=\"CERAMIC FAST CUT 696 | Disque c\u00e9ramique support en plastique | ARTICLES AUXILIAIRES | PRODUITS ABRASIFS | REF: JDS1500C | SEICAR\" \/>\n<meta property=\"og:url\" content=\"https:\/\/arekson.com\/fr\/producto\/ceramic-fast-cut-696-disque-ceramique-support-en-plastique\/\" \/>\n<meta property=\"og:site_name\" content=\"Arekson Group\" \/>\n<meta property=\"article:modified_time\" content=\"2022-06-15T14:13:21+00:00\" \/>\n<meta property=\"og:image\" content=\"https:\/\/arekson.com\/wp-content\/uploads\/2022\/05\/JDS0080C.jpg\" \/>\n\t<meta property=\"og:image:width\" content=\"800\" \/>\n\t<meta property=\"og:image:height\" content=\"800\" \/>\n\t<meta property=\"og:image:type\" content=\"image\/jpeg\" \/>\n<meta name=\"twitter:card\" content=\"summary_large_image\" \/>\n<script type=\"application\/ld+json\" class=\"yoast-schema-graph\">{\"@context\":\"https:\/\/schema.org\",\"@graph\":[{\"@type\":\"WebPage\",\"@id\":\"https:\/\/arekson.com\/fr\/producto\/ceramic-fast-cut-696-disque-ceramique-support-en-plastique\/\",\"url\":\"https:\/\/arekson.com\/fr\/producto\/ceramic-fast-cut-696-disque-ceramique-support-en-plastique\/\",\"name\":\"SEICAR | CERAMIC FAST CUT 696 | Disque c\u00e9ramique support en plastique\",\"isPartOf\":{\"@id\":\"https:\/\/arekson.com\/fr\/#website\"},\"primaryImageOfPage\":{\"@id\":\"https:\/\/arekson.com\/fr\/producto\/ceramic-fast-cut-696-disque-ceramique-support-en-plastique\/#primaryimage\"},\"image\":{\"@id\":\"https:\/\/arekson.com\/fr\/producto\/ceramic-fast-cut-696-disque-ceramique-support-en-plastique\/#primaryimage\"},\"thumbnailUrl\":\"https:\/\/arekson.com\/wp-content\/uploads\/2022\/05\/JDS0080C.jpg\",\"datePublished\":\"2022-06-03T16:09:49+00:00\",\"dateModified\":\"2022-06-15T14:13:21+00:00\",\"description\":\"CERAMIC FAST CUT 696 | Disque c\u00e9ramique support en plastique | ARTICLES AUXILIAIRES | PRODUITS ABRASIFS | REF: JDS1500C | SEICAR\",\"breadcrumb\":{\"@id\":\"https:\/\/arekson.com\/fr\/producto\/ceramic-fast-cut-696-disque-ceramique-support-en-plastique\/#breadcrumb\"},\"inLanguage\":\"fr-FR\",\"potentialAction\":[{\"@type\":\"ReadAction\",\"target\":[\"https:\/\/arekson.com\/fr\/producto\/ceramic-fast-cut-696-disque-ceramique-support-en-plastique\/\"]}]},{\"@type\":\"ImageObject\",\"inLanguage\":\"fr-FR\",\"@id\":\"https:\/\/arekson.com\/fr\/producto\/ceramic-fast-cut-696-disque-ceramique-support-en-plastique\/#primaryimage\",\"url\":\"https:\/\/arekson.com\/wp-content\/uploads\/2022\/05\/JDS0080C.jpg\",\"contentUrl\":\"https:\/\/arekson.com\/wp-content\/uploads\/2022\/05\/JDS0080C.jpg\",\"width\":800,\"height\":800},{\"@type\":\"BreadcrumbList\",\"@id\":\"https:\/\/arekson.com\/fr\/producto\/ceramic-fast-cut-696-disque-ceramique-support-en-plastique\/#breadcrumb\",\"itemListElement\":[{\"@type\":\"ListItem\",\"position\":1,\"name\":\"Home\",\"item\":\"https:\/\/arekson.com\/fr\/\"},{\"@type\":\"ListItem\",\"position\":2,\"name\":\"Produits\",\"item\":\"https:\/\/arekson.com\/fr\/shop\/\"},{\"@type\":\"ListItem\",\"position\":3,\"name\":\"CERAMIC FAST CUT 696 Disque c\u00e9ramique support en plastique\"}]},{\"@type\":\"WebSite\",\"@id\":\"https:\/\/arekson.com\/fr\/#website\",\"url\":\"https:\/\/arekson.com\/fr\/\",\"name\":\"Arekson Group\",\"description\":\"Marcas Referentes del Automovil Profesional\",\"publisher\":{\"@id\":\"https:\/\/arekson.com\/fr\/#organization\"},\"potentialAction\":[{\"@type\":\"SearchAction\",\"target\":{\"@type\":\"EntryPoint\",\"urlTemplate\":\"https:\/\/arekson.com\/fr\/?s={search_term_string}\"},\"query-input\":{\"@type\":\"PropertyValueSpecification\",\"valueRequired\":true,\"valueName\":\"search_term_string\"}}],\"inLanguage\":\"fr-FR\"},{\"@type\":\"Organization\",\"@id\":\"https:\/\/arekson.com\/fr\/#organization\",\"name\":\"Arekson Group\",\"url\":\"https:\/\/arekson.com\/fr\/\",\"logo\":{\"@type\":\"ImageObject\",\"inLanguage\":\"fr-FR\",\"@id\":\"https:\/\/arekson.com\/fr\/#\/schema\/logo\/image\/\",\"url\":\"https:\/\/arekson.com\/wp-content\/uploads\/2022\/06\/Arekson-Group-Logo-Gris.jpg\",\"contentUrl\":\"https:\/\/arekson.com\/wp-content\/uploads\/2022\/06\/Arekson-Group-Logo-Gris.jpg\",\"width\":174,\"height\":72,\"caption\":\"Arekson Group\"},\"image\":{\"@id\":\"https:\/\/arekson.com\/fr\/#\/schema\/logo\/image\/\"}}]}<\/script>\n<!-- \/ Yoast SEO plugin. -->","yoast_head_json":{"title":"SEICAR | CERAMIC FAST CUT 696 | Disque c\u00e9ramique support en plastique","description":"CERAMIC FAST CUT 696 | Disque c\u00e9ramique support en plastique | ARTICLES AUXILIAIRES | PRODUITS ABRASIFS | REF: JDS1500C | SEICAR","robots":{"index":"index","follow":"follow","max-snippet":"max-snippet:-1","max-image-preview":"max-image-preview:large","max-video-preview":"max-video-preview:-1"},"canonical":"https:\/\/arekson.com\/fr\/producto\/ceramic-fast-cut-696-disque-ceramique-support-en-plastique\/","og_locale":"fr_FR","og_type":"article","og_title":"SEICAR | CERAMIC FAST CUT 696 | Disque c\u00e9ramique support en plastique","og_description":"CERAMIC FAST CUT 696 | Disque c\u00e9ramique support en plastique | ARTICLES AUXILIAIRES | PRODUITS ABRASIFS | REF: JDS1500C | SEICAR","og_url":"https:\/\/arekson.com\/fr\/producto\/ceramic-fast-cut-696-disque-ceramique-support-en-plastique\/","og_site_name":"Arekson Group","article_modified_time":"2022-06-15T14:13:21+00:00","og_image":[{"width":800,"height":800,"url":"https:\/\/arekson.com\/wp-content\/uploads\/2022\/05\/JDS0080C.jpg","type":"image\/jpeg"}],"twitter_card":"summary_large_image","schema":{"@context":"https:\/\/schema.org","@graph":[{"@type":"WebPage","@id":"https:\/\/arekson.com\/fr\/producto\/ceramic-fast-cut-696-disque-ceramique-support-en-plastique\/","url":"https:\/\/arekson.com\/fr\/producto\/ceramic-fast-cut-696-disque-ceramique-support-en-plastique\/","name":"SEICAR | CERAMIC FAST CUT 696 | Disque c\u00e9ramique support en plastique","isPartOf":{"@id":"https:\/\/arekson.com\/fr\/#website"},"primaryImageOfPage":{"@id":"https:\/\/arekson.com\/fr\/producto\/ceramic-fast-cut-696-disque-ceramique-support-en-plastique\/#primaryimage"},"image":{"@id":"https:\/\/arekson.com\/fr\/producto\/ceramic-fast-cut-696-disque-ceramique-support-en-plastique\/#primaryimage"},"thumbnailUrl":"https:\/\/arekson.com\/wp-content\/uploads\/2022\/05\/JDS0080C.jpg","datePublished":"2022-06-03T16:09:49+00:00","dateModified":"2022-06-15T14:13:21+00:00","description":"CERAMIC FAST CUT 696 | Disque c\u00e9ramique support en plastique | ARTICLES AUXILIAIRES | PRODUITS ABRASIFS | REF: JDS1500C | SEICAR","breadcrumb":{"@id":"https:\/\/arekson.com\/fr\/producto\/ceramic-fast-cut-696-disque-ceramique-support-en-plastique\/#breadcrumb"},"inLanguage":"fr-FR","potentialAction":[{"@type":"ReadAction","target":["https:\/\/arekson.com\/fr\/producto\/ceramic-fast-cut-696-disque-ceramique-support-en-plastique\/"]}]},{"@type":"ImageObject","inLanguage":"fr-FR","@id":"https:\/\/arekson.com\/fr\/producto\/ceramic-fast-cut-696-disque-ceramique-support-en-plastique\/#primaryimage","url":"https:\/\/arekson.com\/wp-content\/uploads\/2022\/05\/JDS0080C.jpg","contentUrl":"https:\/\/arekson.com\/wp-content\/uploads\/2022\/05\/JDS0080C.jpg","width":800,"height":800},{"@type":"BreadcrumbList","@id":"https:\/\/arekson.com\/fr\/producto\/ceramic-fast-cut-696-disque-ceramique-support-en-plastique\/#breadcrumb","itemListElement":[{"@type":"ListItem","position":1,"name":"Home","item":"https:\/\/arekson.com\/fr\/"},{"@type":"ListItem","position":2,"name":"Produits","item":"https:\/\/arekson.com\/fr\/shop\/"},{"@type":"ListItem","position":3,"name":"CERAMIC FAST CUT 696 Disque c\u00e9ramique support en plastique"}]},{"@type":"WebSite","@id":"https:\/\/arekson.com\/fr\/#website","url":"https:\/\/arekson.com\/fr\/","name":"Arekson Group","description":"Marcas Referentes del Automovil Profesional","publisher":{"@id":"https:\/\/arekson.com\/fr\/#organization"},"potentialAction":[{"@type":"SearchAction","target":{"@type":"EntryPoint","urlTemplate":"https:\/\/arekson.com\/fr\/?s={search_term_string}"},"query-input":{"@type":"PropertyValueSpecification","valueRequired":true,"valueName":"search_term_string"}}],"inLanguage":"fr-FR"},{"@type":"Organization","@id":"https:\/\/arekson.com\/fr\/#organization","name":"Arekson Group","url":"https:\/\/arekson.com\/fr\/","logo":{"@type":"ImageObject","inLanguage":"fr-FR","@id":"https:\/\/arekson.com\/fr\/#\/schema\/logo\/image\/","url":"https:\/\/arekson.com\/wp-content\/uploads\/2022\/06\/Arekson-Group-Logo-Gris.jpg","contentUrl":"https:\/\/arekson.com\/wp-content\/uploads\/2022\/06\/Arekson-Group-Logo-Gris.jpg","width":174,"height":72,"caption":"Arekson Group"},"image":{"@id":"https:\/\/arekson.com\/fr\/#\/schema\/logo\/image\/"}}]}},"_links":{"self":[{"href":"https:\/\/arekson.com\/fr\/wp-json\/wp\/v2\/product\/18418","targetHints":{"allow":["GET"]}}],"collection":[{"href":"https:\/\/arekson.com\/fr\/wp-json\/wp\/v2\/product"}],"about":[{"href":"https:\/\/arekson.com\/fr\/wp-json\/wp\/v2\/types\/product"}],"wp:featuredmedia":[{"embeddable":true,"href":"https:\/\/arekson.com\/fr\/wp-json\/wp\/v2\/media\/5875"}],"wp:attachment":[{"href":"https:\/\/arekson.com\/fr\/wp-json\/wp\/v2\/media?parent=18418"}],"wp:term":[{"taxonomy":"product_brand","embeddable":true,"href":"https:\/\/arekson.com\/fr\/wp-json\/wp\/v2\/product_brand?post=18418"},{"taxonomy":"product_cat","embeddable":true,"href":"https:\/\/arekson.com\/fr\/wp-json\/wp\/v2\/product_cat?post=18418"},{"taxonomy":"product_tag","embeddable":true,"href":"https:\/\/arekson.com\/fr\/wp-json\/wp\/v2\/product_tag?post=18418"}],"curies":[{"name":"wp","href":"https:\/\/api.w.org\/{rel}","templated":true}]}}