{"id":18395,"date":"2022-06-03T18:09:29","date_gmt":"2022-06-03T16:09:29","guid":{"rendered":"https:\/\/arekson.com\/producto\/696-fast-cut-disque-abrasif-a-coupe-rapide\/"},"modified":"2022-06-15T16:12:15","modified_gmt":"2022-06-15T14:12:15","slug":"696-fast-cut-disque-abrasif-finition-fine","status":"publish","type":"product","link":"https:\/\/arekson.com\/fr\/producto\/696-fast-cut-disque-abrasif-finition-fine\/","title":{"rendered":"<strong><span class=\"nom-corto\">696 FAST CUT <\/span><\/strong><br><span class=\"nom-largo\">Disque abrasif finition fine<\/span>"},"content":{"rendered":"","protected":false},"excerpt":{"rendered":"<p>Disque abrasif \u00e0 coupe rapide pour la pr\u00e9paration et la finition de surfaces. Grain abrasif \u00e0 l&rsquo;oxyde d&rsquo;aluminium de cassure concho\u00efdale qui rallonge la dur\u00e9e de vie utile du disque. Traitement anti-obstruction avec st\u00e9arate de zinc \u00e0 base aqueuse \u00ab\u00a0Long Life\u00a0\u00bb. Support en papier latex \u00ab\u00a0Extra-Flex\u00a0\u00bb<\/p>\n","protected":false},"featured_media":5890,"template":"","meta":{"_et_pb_use_builder":"","_et_pb_old_content":"","_et_gb_content_width":""},"product_brand":[],"product_cat":[1125,1123,1127,370],"product_tag":[],"class_list":{"0":"post-18395","1":"product","2":"type-product","3":"status-publish","4":"has-post-thumbnail","6":"product_cat-abrasifs","7":"product_cat-auxiliaires","8":"product_cat-disque-abrasif","9":"product_cat-seicar-fr","10":"pa_seicar-fr-ref-jds040a-grain-p40-boite-o-150-mm-21-ag-50-unites","11":"pa_seicar-fr-ref-jds060a-grain-p60-boite-o-150-mm-21-ag-50-unites","12":"pa_seicar-fr-ref-jds080a-grain-p80-boite-o-150-mm-21-ag-10-unites","13":"pa_seicar-fr-ref-jds1000-grain-p1000-boite-o-150-mm-21-ag-10-unites","14":"pa_seicar-fr-ref-jds100a-grain-p100-boite-o-150-mm-21-ag-100-unites","15":"pa_seicar-fr-ref-jds120a-grain-p120-boite-o-150-mm-21-ag-100-unites","16":"pa_seicar-fr-ref-jds150a-grain-p150-boite-o-150-mm-21-ag-100-unites","17":"pa_seicar-fr-ref-jds180-grain-p180-boite-o-150-mm-21-ag-10-unites","18":"pa_seicar-fr-ref-jds220-grain-p220-boite-o-150-mm-21-ag-10-unites","19":"pa_seicar-fr-ref-jds240-grain-p240-boite-o-150-mm-21-ag-10-unites","20":"pa_seicar-fr-ref-jds280-grain-p280-boite-o-150-mm-21-ag-10-unites","21":"pa_seicar-fr-ref-jds320-grain-p320-boite-o-150-mm-21-ag-10-unites","22":"pa_seicar-fr-ref-jds360-grain-p360-boite-o-150-mm-21-ag-10-unites","23":"pa_seicar-fr-ref-jds400-grain-p400-boite-o-150-mm-21-ag-10-unites","24":"pa_seicar-fr-ref-jds500-grain-p500-boite-o-150-mm-21-ag-10-unites","25":"pa_seicar-fr-ref-jds600-grain-p600-boite-o-150-mm-21-ag-10-unites","26":"pa_seicar-fr-ref-jds800-grain-p800-boite-o-150-mm-21-ag-10-unites","28":"first","29":"outofstock","30":"purchasable","31":"product-type-variable"},"yoast_head":"<!-- This site is optimized with the Yoast SEO plugin v27.2 - https:\/\/yoast.com\/product\/yoast-seo-wordpress\/ -->\n<title>SEICAR | 696 FAST CUT | Disque abrasif finition fine<\/title>\n<meta name=\"description\" content=\"696 FAST CUT | Disque abrasif finition fine | ARTICLES AUXILIAIRES | PRODUITS ABRASIFS | REF: JDS1000 | SEICAR\" \/>\n<meta name=\"robots\" content=\"index, follow, max-snippet:-1, max-image-preview:large, max-video-preview:-1\" \/>\n<link rel=\"canonical\" href=\"https:\/\/arekson.com\/fr\/producto\/696-fast-cut-disque-abrasif-finition-fine\/\" \/>\n<meta property=\"og:locale\" content=\"fr_FR\" \/>\n<meta property=\"og:type\" content=\"article\" \/>\n<meta property=\"og:title\" content=\"SEICAR | 696 FAST CUT | Disque abrasif finition fine\" \/>\n<meta property=\"og:description\" content=\"696 FAST CUT | Disque abrasif finition fine | ARTICLES AUXILIAIRES | PRODUITS ABRASIFS | REF: JDS1000 | SEICAR\" \/>\n<meta property=\"og:url\" content=\"https:\/\/arekson.com\/fr\/producto\/696-fast-cut-disque-abrasif-finition-fine\/\" \/>\n<meta property=\"og:site_name\" content=\"Arekson Group\" \/>\n<meta property=\"article:modified_time\" content=\"2022-06-15T14:12:15+00:00\" \/>\n<meta property=\"og:image\" content=\"https:\/\/arekson.com\/wp-content\/uploads\/2022\/05\/JDS400.jpg\" \/>\n\t<meta property=\"og:image:width\" content=\"800\" \/>\n\t<meta property=\"og:image:height\" content=\"800\" \/>\n\t<meta property=\"og:image:type\" content=\"image\/jpeg\" \/>\n<meta name=\"twitter:card\" content=\"summary_large_image\" \/>\n<script type=\"application\/ld+json\" class=\"yoast-schema-graph\">{\"@context\":\"https:\/\/schema.org\",\"@graph\":[{\"@type\":\"WebPage\",\"@id\":\"https:\/\/arekson.com\/fr\/producto\/696-fast-cut-disque-abrasif-finition-fine\/\",\"url\":\"https:\/\/arekson.com\/fr\/producto\/696-fast-cut-disque-abrasif-finition-fine\/\",\"name\":\"SEICAR | 696 FAST CUT | Disque abrasif finition fine\",\"isPartOf\":{\"@id\":\"https:\/\/arekson.com\/fr\/#website\"},\"primaryImageOfPage\":{\"@id\":\"https:\/\/arekson.com\/fr\/producto\/696-fast-cut-disque-abrasif-finition-fine\/#primaryimage\"},\"image\":{\"@id\":\"https:\/\/arekson.com\/fr\/producto\/696-fast-cut-disque-abrasif-finition-fine\/#primaryimage\"},\"thumbnailUrl\":\"https:\/\/arekson.com\/wp-content\/uploads\/2022\/05\/JDS400.jpg\",\"datePublished\":\"2022-06-03T16:09:29+00:00\",\"dateModified\":\"2022-06-15T14:12:15+00:00\",\"description\":\"696 FAST CUT | Disque abrasif finition fine | ARTICLES AUXILIAIRES | PRODUITS ABRASIFS | REF: JDS1000 | SEICAR\",\"breadcrumb\":{\"@id\":\"https:\/\/arekson.com\/fr\/producto\/696-fast-cut-disque-abrasif-finition-fine\/#breadcrumb\"},\"inLanguage\":\"fr-FR\",\"potentialAction\":[{\"@type\":\"ReadAction\",\"target\":[\"https:\/\/arekson.com\/fr\/producto\/696-fast-cut-disque-abrasif-finition-fine\/\"]}]},{\"@type\":\"ImageObject\",\"inLanguage\":\"fr-FR\",\"@id\":\"https:\/\/arekson.com\/fr\/producto\/696-fast-cut-disque-abrasif-finition-fine\/#primaryimage\",\"url\":\"https:\/\/arekson.com\/wp-content\/uploads\/2022\/05\/JDS400.jpg\",\"contentUrl\":\"https:\/\/arekson.com\/wp-content\/uploads\/2022\/05\/JDS400.jpg\",\"width\":800,\"height\":800},{\"@type\":\"BreadcrumbList\",\"@id\":\"https:\/\/arekson.com\/fr\/producto\/696-fast-cut-disque-abrasif-finition-fine\/#breadcrumb\",\"itemListElement\":[{\"@type\":\"ListItem\",\"position\":1,\"name\":\"Home\",\"item\":\"https:\/\/arekson.com\/fr\/\"},{\"@type\":\"ListItem\",\"position\":2,\"name\":\"Produits\",\"item\":\"https:\/\/arekson.com\/fr\/shop\/\"},{\"@type\":\"ListItem\",\"position\":3,\"name\":\"696 FAST CUT Disque abrasif finition fine\"}]},{\"@type\":\"WebSite\",\"@id\":\"https:\/\/arekson.com\/fr\/#website\",\"url\":\"https:\/\/arekson.com\/fr\/\",\"name\":\"Arekson Group\",\"description\":\"Marcas Referentes del Automovil Profesional\",\"publisher\":{\"@id\":\"https:\/\/arekson.com\/fr\/#organization\"},\"potentialAction\":[{\"@type\":\"SearchAction\",\"target\":{\"@type\":\"EntryPoint\",\"urlTemplate\":\"https:\/\/arekson.com\/fr\/?s={search_term_string}\"},\"query-input\":{\"@type\":\"PropertyValueSpecification\",\"valueRequired\":true,\"valueName\":\"search_term_string\"}}],\"inLanguage\":\"fr-FR\"},{\"@type\":\"Organization\",\"@id\":\"https:\/\/arekson.com\/fr\/#organization\",\"name\":\"Arekson Group\",\"url\":\"https:\/\/arekson.com\/fr\/\",\"logo\":{\"@type\":\"ImageObject\",\"inLanguage\":\"fr-FR\",\"@id\":\"https:\/\/arekson.com\/fr\/#\/schema\/logo\/image\/\",\"url\":\"https:\/\/arekson.com\/wp-content\/uploads\/2022\/06\/Arekson-Group-Logo-Gris.jpg\",\"contentUrl\":\"https:\/\/arekson.com\/wp-content\/uploads\/2022\/06\/Arekson-Group-Logo-Gris.jpg\",\"width\":174,\"height\":72,\"caption\":\"Arekson Group\"},\"image\":{\"@id\":\"https:\/\/arekson.com\/fr\/#\/schema\/logo\/image\/\"}}]}<\/script>\n<!-- \/ Yoast SEO plugin. -->","yoast_head_json":{"title":"SEICAR | 696 FAST CUT | Disque abrasif finition fine","description":"696 FAST CUT | Disque abrasif finition fine | ARTICLES AUXILIAIRES | PRODUITS ABRASIFS | REF: JDS1000 | SEICAR","robots":{"index":"index","follow":"follow","max-snippet":"max-snippet:-1","max-image-preview":"max-image-preview:large","max-video-preview":"max-video-preview:-1"},"canonical":"https:\/\/arekson.com\/fr\/producto\/696-fast-cut-disque-abrasif-finition-fine\/","og_locale":"fr_FR","og_type":"article","og_title":"SEICAR | 696 FAST CUT | Disque abrasif finition fine","og_description":"696 FAST CUT | Disque abrasif finition fine | ARTICLES AUXILIAIRES | PRODUITS ABRASIFS | REF: JDS1000 | SEICAR","og_url":"https:\/\/arekson.com\/fr\/producto\/696-fast-cut-disque-abrasif-finition-fine\/","og_site_name":"Arekson Group","article_modified_time":"2022-06-15T14:12:15+00:00","og_image":[{"width":800,"height":800,"url":"https:\/\/arekson.com\/wp-content\/uploads\/2022\/05\/JDS400.jpg","type":"image\/jpeg"}],"twitter_card":"summary_large_image","schema":{"@context":"https:\/\/schema.org","@graph":[{"@type":"WebPage","@id":"https:\/\/arekson.com\/fr\/producto\/696-fast-cut-disque-abrasif-finition-fine\/","url":"https:\/\/arekson.com\/fr\/producto\/696-fast-cut-disque-abrasif-finition-fine\/","name":"SEICAR | 696 FAST CUT | Disque abrasif finition fine","isPartOf":{"@id":"https:\/\/arekson.com\/fr\/#website"},"primaryImageOfPage":{"@id":"https:\/\/arekson.com\/fr\/producto\/696-fast-cut-disque-abrasif-finition-fine\/#primaryimage"},"image":{"@id":"https:\/\/arekson.com\/fr\/producto\/696-fast-cut-disque-abrasif-finition-fine\/#primaryimage"},"thumbnailUrl":"https:\/\/arekson.com\/wp-content\/uploads\/2022\/05\/JDS400.jpg","datePublished":"2022-06-03T16:09:29+00:00","dateModified":"2022-06-15T14:12:15+00:00","description":"696 FAST CUT | Disque abrasif finition fine | ARTICLES AUXILIAIRES | PRODUITS ABRASIFS | REF: JDS1000 | SEICAR","breadcrumb":{"@id":"https:\/\/arekson.com\/fr\/producto\/696-fast-cut-disque-abrasif-finition-fine\/#breadcrumb"},"inLanguage":"fr-FR","potentialAction":[{"@type":"ReadAction","target":["https:\/\/arekson.com\/fr\/producto\/696-fast-cut-disque-abrasif-finition-fine\/"]}]},{"@type":"ImageObject","inLanguage":"fr-FR","@id":"https:\/\/arekson.com\/fr\/producto\/696-fast-cut-disque-abrasif-finition-fine\/#primaryimage","url":"https:\/\/arekson.com\/wp-content\/uploads\/2022\/05\/JDS400.jpg","contentUrl":"https:\/\/arekson.com\/wp-content\/uploads\/2022\/05\/JDS400.jpg","width":800,"height":800},{"@type":"BreadcrumbList","@id":"https:\/\/arekson.com\/fr\/producto\/696-fast-cut-disque-abrasif-finition-fine\/#breadcrumb","itemListElement":[{"@type":"ListItem","position":1,"name":"Home","item":"https:\/\/arekson.com\/fr\/"},{"@type":"ListItem","position":2,"name":"Produits","item":"https:\/\/arekson.com\/fr\/shop\/"},{"@type":"ListItem","position":3,"name":"696 FAST CUT Disque abrasif finition fine"}]},{"@type":"WebSite","@id":"https:\/\/arekson.com\/fr\/#website","url":"https:\/\/arekson.com\/fr\/","name":"Arekson Group","description":"Marcas Referentes del Automovil Profesional","publisher":{"@id":"https:\/\/arekson.com\/fr\/#organization"},"potentialAction":[{"@type":"SearchAction","target":{"@type":"EntryPoint","urlTemplate":"https:\/\/arekson.com\/fr\/?s={search_term_string}"},"query-input":{"@type":"PropertyValueSpecification","valueRequired":true,"valueName":"search_term_string"}}],"inLanguage":"fr-FR"},{"@type":"Organization","@id":"https:\/\/arekson.com\/fr\/#organization","name":"Arekson Group","url":"https:\/\/arekson.com\/fr\/","logo":{"@type":"ImageObject","inLanguage":"fr-FR","@id":"https:\/\/arekson.com\/fr\/#\/schema\/logo\/image\/","url":"https:\/\/arekson.com\/wp-content\/uploads\/2022\/06\/Arekson-Group-Logo-Gris.jpg","contentUrl":"https:\/\/arekson.com\/wp-content\/uploads\/2022\/06\/Arekson-Group-Logo-Gris.jpg","width":174,"height":72,"caption":"Arekson Group"},"image":{"@id":"https:\/\/arekson.com\/fr\/#\/schema\/logo\/image\/"}}]}},"_links":{"self":[{"href":"https:\/\/arekson.com\/fr\/wp-json\/wp\/v2\/product\/18395","targetHints":{"allow":["GET"]}}],"collection":[{"href":"https:\/\/arekson.com\/fr\/wp-json\/wp\/v2\/product"}],"about":[{"href":"https:\/\/arekson.com\/fr\/wp-json\/wp\/v2\/types\/product"}],"wp:featuredmedia":[{"embeddable":true,"href":"https:\/\/arekson.com\/fr\/wp-json\/wp\/v2\/media\/5890"}],"wp:attachment":[{"href":"https:\/\/arekson.com\/fr\/wp-json\/wp\/v2\/media?parent=18395"}],"wp:term":[{"taxonomy":"product_brand","embeddable":true,"href":"https:\/\/arekson.com\/fr\/wp-json\/wp\/v2\/product_brand?post=18395"},{"taxonomy":"product_cat","embeddable":true,"href":"https:\/\/arekson.com\/fr\/wp-json\/wp\/v2\/product_cat?post=18395"},{"taxonomy":"product_tag","embeddable":true,"href":"https:\/\/arekson.com\/fr\/wp-json\/wp\/v2\/product_tag?post=18395"}],"curies":[{"name":"wp","href":"https:\/\/api.w.org\/{rel}","templated":true}]}}