{"id":18389,"date":"2022-06-03T18:09:08","date_gmt":"2022-06-03T16:09:08","guid":{"rendered":"https:\/\/arekson.com\/producto\/wahs-h20-cleaner-21-nettoyeur-concentre-pour-lave-pistolets\/"},"modified":"2025-06-05T16:36:13","modified_gmt":"2025-06-05T14:36:13","slug":"wahs-h20-cleaner-21-nettoyeur-concentre-pour-lave-pistolets","status":"publish","type":"product","link":"https:\/\/arekson.com\/fr\/producto\/wahs-h20-cleaner-21-nettoyeur-concentre-pour-lave-pistolets\/","title":{"rendered":"<strong><span class=\"nom-corto\">WASH H20 CLEANER 2:1 <\/span><\/strong><br><span class=\"nom-largo\">Nettoyeur concentr\u00e9 pour lave-pistolets<\/span>"},"content":{"rendered":"","protected":false},"excerpt":{"rendered":"<p>Liquide nettoyeur pour lave-pistolets \u00e0 l&rsquo;eau. Premier fluide qui permet de nettoyer \u00c0 FROID et automatiquement des peintures \u00e0 base d&rsquo;eau. Nettoyage en profondeur (parties int\u00e9rieures et ext\u00e9rieures) sans besoin de chauffer le fluide. Rendement : (600-800 lavages) ne g\u00e9n\u00e8re que 30 litres de r\u00e9sidus, qui peuvent \u00eatre soit coagul\u00e9s et filtr\u00e9s, soit directement recycl\u00e9s \u00e0 l&rsquo;\u00e9tat liquide. R\u00e9duit de 80% la quantit\u00e9 de r\u00e9sidus.<\/p>\n","protected":false},"featured_media":6307,"template":"","meta":{"_et_pb_use_builder":"","_et_pb_old_content":"","_et_gb_content_width":""},"product_brand":[],"product_cat":[1223,1233,1235,370],"product_tag":[],"class_list":{"0":"post-18389","1":"product","2":"type-product","3":"status-publish","4":"has-post-thumbnail","6":"product_cat-chimiques","7":"product_cat-produit-degraissant-et-nettoyant","8":"product_cat-produit-degraissant-et-nettoyant-produit-degraissant-et-nettoyant","9":"product_cat-seicar-fr","10":"pa_seicar-fr-ref-lqc010-bidon-10-lt-1-unite","12":"first","13":"outofstock","14":"purchasable","15":"product-type-variable"},"yoast_head":"<!-- This site is optimized with the Yoast SEO plugin v27.2 - https:\/\/yoast.com\/product\/yoast-seo-wordpress\/ -->\n<title>SEICAR | WASH H20 CLEANER 2:1 | Nettoyeur concentr\u00e9 pour lave-pistolets<\/title>\n<meta name=\"description\" content=\"WASH H20 CLEANER 2:1 | Nettoyeur concentr\u00e9 pour lave-pistolets | PRODUITS CHIMIQUES | PRODUIT D\u00c9GRAISSANT ET NETTOYANT | REF: LQC010 | SEICAR\" \/>\n<meta name=\"robots\" content=\"index, follow, max-snippet:-1, max-image-preview:large, max-video-preview:-1\" \/>\n<link rel=\"canonical\" href=\"https:\/\/arekson.com\/fr\/producto\/wahs-h20-cleaner-21-nettoyeur-concentre-pour-lave-pistolets\/\" \/>\n<meta property=\"og:locale\" content=\"fr_FR\" \/>\n<meta property=\"og:type\" content=\"article\" \/>\n<meta property=\"og:title\" content=\"SEICAR | WASH H20 CLEANER 2:1 | Nettoyeur concentr\u00e9 pour lave-pistolets\" \/>\n<meta property=\"og:description\" content=\"WASH H20 CLEANER 2:1 | Nettoyeur concentr\u00e9 pour lave-pistolets | PRODUITS CHIMIQUES | PRODUIT D\u00c9GRAISSANT ET NETTOYANT | REF: LQC010 | SEICAR\" \/>\n<meta property=\"og:url\" content=\"https:\/\/arekson.com\/fr\/producto\/wahs-h20-cleaner-21-nettoyeur-concentre-pour-lave-pistolets\/\" \/>\n<meta property=\"og:site_name\" content=\"Arekson Group\" \/>\n<meta property=\"article:modified_time\" content=\"2025-06-05T14:36:13+00:00\" \/>\n<meta property=\"og:image\" content=\"https:\/\/arekson.com\/wp-content\/uploads\/2022\/05\/LQC010.jpg\" \/>\n\t<meta property=\"og:image:width\" content=\"800\" \/>\n\t<meta property=\"og:image:height\" content=\"800\" \/>\n\t<meta property=\"og:image:type\" content=\"image\/jpeg\" \/>\n<meta name=\"twitter:card\" content=\"summary_large_image\" \/>\n<script type=\"application\/ld+json\" class=\"yoast-schema-graph\">{\"@context\":\"https:\/\/schema.org\",\"@graph\":[{\"@type\":\"WebPage\",\"@id\":\"https:\/\/arekson.com\/fr\/producto\/wahs-h20-cleaner-21-nettoyeur-concentre-pour-lave-pistolets\/\",\"url\":\"https:\/\/arekson.com\/fr\/producto\/wahs-h20-cleaner-21-nettoyeur-concentre-pour-lave-pistolets\/\",\"name\":\"SEICAR | WASH H20 CLEANER 2:1 | Nettoyeur concentr\u00e9 pour lave-pistolets\",\"isPartOf\":{\"@id\":\"https:\/\/arekson.com\/fr\/#website\"},\"primaryImageOfPage\":{\"@id\":\"https:\/\/arekson.com\/fr\/producto\/wahs-h20-cleaner-21-nettoyeur-concentre-pour-lave-pistolets\/#primaryimage\"},\"image\":{\"@id\":\"https:\/\/arekson.com\/fr\/producto\/wahs-h20-cleaner-21-nettoyeur-concentre-pour-lave-pistolets\/#primaryimage\"},\"thumbnailUrl\":\"https:\/\/arekson.com\/wp-content\/uploads\/2022\/05\/LQC010.jpg\",\"datePublished\":\"2022-06-03T16:09:08+00:00\",\"dateModified\":\"2025-06-05T14:36:13+00:00\",\"description\":\"WASH H20 CLEANER 2:1 | Nettoyeur concentr\u00e9 pour lave-pistolets | PRODUITS CHIMIQUES | PRODUIT D\u00c9GRAISSANT ET NETTOYANT | REF: LQC010 | SEICAR\",\"breadcrumb\":{\"@id\":\"https:\/\/arekson.com\/fr\/producto\/wahs-h20-cleaner-21-nettoyeur-concentre-pour-lave-pistolets\/#breadcrumb\"},\"inLanguage\":\"fr-FR\",\"potentialAction\":[{\"@type\":\"ReadAction\",\"target\":[\"https:\/\/arekson.com\/fr\/producto\/wahs-h20-cleaner-21-nettoyeur-concentre-pour-lave-pistolets\/\"]}]},{\"@type\":\"ImageObject\",\"inLanguage\":\"fr-FR\",\"@id\":\"https:\/\/arekson.com\/fr\/producto\/wahs-h20-cleaner-21-nettoyeur-concentre-pour-lave-pistolets\/#primaryimage\",\"url\":\"https:\/\/arekson.com\/wp-content\/uploads\/2022\/05\/LQC010.jpg\",\"contentUrl\":\"https:\/\/arekson.com\/wp-content\/uploads\/2022\/05\/LQC010.jpg\",\"width\":800,\"height\":800},{\"@type\":\"BreadcrumbList\",\"@id\":\"https:\/\/arekson.com\/fr\/producto\/wahs-h20-cleaner-21-nettoyeur-concentre-pour-lave-pistolets\/#breadcrumb\",\"itemListElement\":[{\"@type\":\"ListItem\",\"position\":1,\"name\":\"Home\",\"item\":\"https:\/\/arekson.com\/fr\/\"},{\"@type\":\"ListItem\",\"position\":2,\"name\":\"Produits\",\"item\":\"https:\/\/arekson.com\/fr\/shop\/\"},{\"@type\":\"ListItem\",\"position\":3,\"name\":\"WASH H20 CLEANER 2:1 Nettoyeur concentr\u00e9 pour lave-pistolets\"}]},{\"@type\":\"WebSite\",\"@id\":\"https:\/\/arekson.com\/fr\/#website\",\"url\":\"https:\/\/arekson.com\/fr\/\",\"name\":\"Arekson Group\",\"description\":\"Marcas Referentes del Automovil Profesional\",\"publisher\":{\"@id\":\"https:\/\/arekson.com\/fr\/#organization\"},\"potentialAction\":[{\"@type\":\"SearchAction\",\"target\":{\"@type\":\"EntryPoint\",\"urlTemplate\":\"https:\/\/arekson.com\/fr\/?s={search_term_string}\"},\"query-input\":{\"@type\":\"PropertyValueSpecification\",\"valueRequired\":true,\"valueName\":\"search_term_string\"}}],\"inLanguage\":\"fr-FR\"},{\"@type\":\"Organization\",\"@id\":\"https:\/\/arekson.com\/fr\/#organization\",\"name\":\"Arekson Group\",\"url\":\"https:\/\/arekson.com\/fr\/\",\"logo\":{\"@type\":\"ImageObject\",\"inLanguage\":\"fr-FR\",\"@id\":\"https:\/\/arekson.com\/fr\/#\/schema\/logo\/image\/\",\"url\":\"https:\/\/arekson.com\/wp-content\/uploads\/2022\/06\/Arekson-Group-Logo-Gris.jpg\",\"contentUrl\":\"https:\/\/arekson.com\/wp-content\/uploads\/2022\/06\/Arekson-Group-Logo-Gris.jpg\",\"width\":174,\"height\":72,\"caption\":\"Arekson Group\"},\"image\":{\"@id\":\"https:\/\/arekson.com\/fr\/#\/schema\/logo\/image\/\"}}]}<\/script>\n<!-- \/ Yoast SEO plugin. -->","yoast_head_json":{"title":"SEICAR | WASH H20 CLEANER 2:1 | Nettoyeur concentr\u00e9 pour lave-pistolets","description":"WASH H20 CLEANER 2:1 | Nettoyeur concentr\u00e9 pour lave-pistolets | PRODUITS CHIMIQUES | PRODUIT D\u00c9GRAISSANT ET NETTOYANT | REF: LQC010 | SEICAR","robots":{"index":"index","follow":"follow","max-snippet":"max-snippet:-1","max-image-preview":"max-image-preview:large","max-video-preview":"max-video-preview:-1"},"canonical":"https:\/\/arekson.com\/fr\/producto\/wahs-h20-cleaner-21-nettoyeur-concentre-pour-lave-pistolets\/","og_locale":"fr_FR","og_type":"article","og_title":"SEICAR | WASH H20 CLEANER 2:1 | Nettoyeur concentr\u00e9 pour lave-pistolets","og_description":"WASH H20 CLEANER 2:1 | Nettoyeur concentr\u00e9 pour lave-pistolets | PRODUITS CHIMIQUES | PRODUIT D\u00c9GRAISSANT ET NETTOYANT | REF: LQC010 | SEICAR","og_url":"https:\/\/arekson.com\/fr\/producto\/wahs-h20-cleaner-21-nettoyeur-concentre-pour-lave-pistolets\/","og_site_name":"Arekson Group","article_modified_time":"2025-06-05T14:36:13+00:00","og_image":[{"width":800,"height":800,"url":"https:\/\/arekson.com\/wp-content\/uploads\/2022\/05\/LQC010.jpg","type":"image\/jpeg"}],"twitter_card":"summary_large_image","schema":{"@context":"https:\/\/schema.org","@graph":[{"@type":"WebPage","@id":"https:\/\/arekson.com\/fr\/producto\/wahs-h20-cleaner-21-nettoyeur-concentre-pour-lave-pistolets\/","url":"https:\/\/arekson.com\/fr\/producto\/wahs-h20-cleaner-21-nettoyeur-concentre-pour-lave-pistolets\/","name":"SEICAR | WASH H20 CLEANER 2:1 | Nettoyeur concentr\u00e9 pour lave-pistolets","isPartOf":{"@id":"https:\/\/arekson.com\/fr\/#website"},"primaryImageOfPage":{"@id":"https:\/\/arekson.com\/fr\/producto\/wahs-h20-cleaner-21-nettoyeur-concentre-pour-lave-pistolets\/#primaryimage"},"image":{"@id":"https:\/\/arekson.com\/fr\/producto\/wahs-h20-cleaner-21-nettoyeur-concentre-pour-lave-pistolets\/#primaryimage"},"thumbnailUrl":"https:\/\/arekson.com\/wp-content\/uploads\/2022\/05\/LQC010.jpg","datePublished":"2022-06-03T16:09:08+00:00","dateModified":"2025-06-05T14:36:13+00:00","description":"WASH H20 CLEANER 2:1 | Nettoyeur concentr\u00e9 pour lave-pistolets | PRODUITS CHIMIQUES | PRODUIT D\u00c9GRAISSANT ET NETTOYANT | REF: LQC010 | SEICAR","breadcrumb":{"@id":"https:\/\/arekson.com\/fr\/producto\/wahs-h20-cleaner-21-nettoyeur-concentre-pour-lave-pistolets\/#breadcrumb"},"inLanguage":"fr-FR","potentialAction":[{"@type":"ReadAction","target":["https:\/\/arekson.com\/fr\/producto\/wahs-h20-cleaner-21-nettoyeur-concentre-pour-lave-pistolets\/"]}]},{"@type":"ImageObject","inLanguage":"fr-FR","@id":"https:\/\/arekson.com\/fr\/producto\/wahs-h20-cleaner-21-nettoyeur-concentre-pour-lave-pistolets\/#primaryimage","url":"https:\/\/arekson.com\/wp-content\/uploads\/2022\/05\/LQC010.jpg","contentUrl":"https:\/\/arekson.com\/wp-content\/uploads\/2022\/05\/LQC010.jpg","width":800,"height":800},{"@type":"BreadcrumbList","@id":"https:\/\/arekson.com\/fr\/producto\/wahs-h20-cleaner-21-nettoyeur-concentre-pour-lave-pistolets\/#breadcrumb","itemListElement":[{"@type":"ListItem","position":1,"name":"Home","item":"https:\/\/arekson.com\/fr\/"},{"@type":"ListItem","position":2,"name":"Produits","item":"https:\/\/arekson.com\/fr\/shop\/"},{"@type":"ListItem","position":3,"name":"WASH H20 CLEANER 2:1 Nettoyeur concentr\u00e9 pour lave-pistolets"}]},{"@type":"WebSite","@id":"https:\/\/arekson.com\/fr\/#website","url":"https:\/\/arekson.com\/fr\/","name":"Arekson Group","description":"Marcas Referentes del Automovil Profesional","publisher":{"@id":"https:\/\/arekson.com\/fr\/#organization"},"potentialAction":[{"@type":"SearchAction","target":{"@type":"EntryPoint","urlTemplate":"https:\/\/arekson.com\/fr\/?s={search_term_string}"},"query-input":{"@type":"PropertyValueSpecification","valueRequired":true,"valueName":"search_term_string"}}],"inLanguage":"fr-FR"},{"@type":"Organization","@id":"https:\/\/arekson.com\/fr\/#organization","name":"Arekson Group","url":"https:\/\/arekson.com\/fr\/","logo":{"@type":"ImageObject","inLanguage":"fr-FR","@id":"https:\/\/arekson.com\/fr\/#\/schema\/logo\/image\/","url":"https:\/\/arekson.com\/wp-content\/uploads\/2022\/06\/Arekson-Group-Logo-Gris.jpg","contentUrl":"https:\/\/arekson.com\/wp-content\/uploads\/2022\/06\/Arekson-Group-Logo-Gris.jpg","width":174,"height":72,"caption":"Arekson Group"},"image":{"@id":"https:\/\/arekson.com\/fr\/#\/schema\/logo\/image\/"}}]}},"_links":{"self":[{"href":"https:\/\/arekson.com\/fr\/wp-json\/wp\/v2\/product\/18389","targetHints":{"allow":["GET"]}}],"collection":[{"href":"https:\/\/arekson.com\/fr\/wp-json\/wp\/v2\/product"}],"about":[{"href":"https:\/\/arekson.com\/fr\/wp-json\/wp\/v2\/types\/product"}],"wp:featuredmedia":[{"embeddable":true,"href":"https:\/\/arekson.com\/fr\/wp-json\/wp\/v2\/media\/6307"}],"wp:attachment":[{"href":"https:\/\/arekson.com\/fr\/wp-json\/wp\/v2\/media?parent=18389"}],"wp:term":[{"taxonomy":"product_brand","embeddable":true,"href":"https:\/\/arekson.com\/fr\/wp-json\/wp\/v2\/product_brand?post=18389"},{"taxonomy":"product_cat","embeddable":true,"href":"https:\/\/arekson.com\/fr\/wp-json\/wp\/v2\/product_cat?post=18389"},{"taxonomy":"product_tag","embeddable":true,"href":"https:\/\/arekson.com\/fr\/wp-json\/wp\/v2\/product_tag?post=18389"}],"curies":[{"name":"wp","href":"https:\/\/api.w.org\/{rel}","templated":true}]}}