{"id":18387,"date":"2022-06-03T18:09:08","date_gmt":"2022-06-03T16:09:08","guid":{"rendered":"https:\/\/arekson.com\/producto\/foam-cleaner-h07-mousse-de-nettoyage-universel\/"},"modified":"2023-06-12T12:42:53","modified_gmt":"2023-06-12T10:42:53","slug":"foam-cleaner-h07-mousse-de-nettoyage-universel","status":"publish","type":"product","link":"https:\/\/arekson.com\/fr\/producto\/foam-cleaner-h07-mousse-de-nettoyage-universel\/","title":{"rendered":"<strong><span class=\"nom-corto\">FOAM CLEANER H07 <\/span><\/strong><br><span class=\"nom-largo\">Mousse de nettoyage universel<\/span>"},"content":{"rendered":"<p style=\"text-align: right;\"><a class=\"boton-ficha\" href=\"https:\/\/arekson.com\/wp-content\/uploads\/2023\/06\/LQS012-FOAM-CLEANER-H07-FT-VER.2016-Arekson_FR.pdf\" target=\"_blank\" rel=\"noopener\">D\u00e9tails Techniques<\/a> <\/p>\n","protected":false},"excerpt":{"rendered":"<p>Mousse de nettoyage polyvalente pour tous types de surfaces telles que le verre, le plastique, la peinture, la tapisserie, etc. Enl\u00e8ve la salet\u00e9, la graisse, les adh\u00e9sifs et les moustiques sur les v\u00e9hicules. Sans silicones.<\/p>\n","protected":false},"featured_media":6322,"template":"","meta":{"_et_pb_use_builder":"","_et_pb_old_content":"","_et_gb_content_width":""},"product_brand":[],"product_cat":[1223,1233,1235,370],"product_tag":[],"class_list":{"0":"post-18387","1":"product","2":"type-product","3":"status-publish","4":"has-post-thumbnail","6":"product_cat-chimiques","7":"product_cat-produit-degraissant-et-nettoyant","8":"product_cat-produit-degraissant-et-nettoyant-produit-degraissant-et-nettoyant","9":"product_cat-seicar-fr","10":"pa_seicar-fr-ref-lqs012-transparent-spray-750-ml-12-unites","12":"first","13":"outofstock","14":"purchasable","15":"product-type-variable"},"yoast_head":"<!-- This site is optimized with the Yoast SEO plugin v27.2 - https:\/\/yoast.com\/product\/yoast-seo-wordpress\/ -->\n<title>SEICAR | FOAM CLEANER H07 | Mousse de nettoyage universel<\/title>\n<meta name=\"description\" content=\"FOAM CLEANER H07 | Mousse de nettoyage universel | PRODUITS CHIMIQUES | PRODUIT D\u00c9GRAISSANT ET NETTOYANT | REF: LQS012 | SEICAR\" \/>\n<meta name=\"robots\" content=\"index, follow, max-snippet:-1, max-image-preview:large, max-video-preview:-1\" \/>\n<link rel=\"canonical\" href=\"https:\/\/arekson.com\/fr\/producto\/foam-cleaner-h07-mousse-de-nettoyage-universel\/\" \/>\n<meta property=\"og:locale\" content=\"fr_FR\" \/>\n<meta property=\"og:type\" content=\"article\" \/>\n<meta property=\"og:title\" content=\"SEICAR | FOAM CLEANER H07 | Mousse de nettoyage universel\" \/>\n<meta property=\"og:description\" content=\"FOAM CLEANER H07 | Mousse de nettoyage universel | PRODUITS CHIMIQUES | PRODUIT D\u00c9GRAISSANT ET NETTOYANT | REF: LQS012 | SEICAR\" \/>\n<meta property=\"og:url\" content=\"https:\/\/arekson.com\/fr\/producto\/foam-cleaner-h07-mousse-de-nettoyage-universel\/\" \/>\n<meta property=\"og:site_name\" content=\"Arekson Group\" \/>\n<meta property=\"article:modified_time\" content=\"2023-06-12T10:42:53+00:00\" \/>\n<meta property=\"og:image\" content=\"https:\/\/arekson.com\/wp-content\/uploads\/2022\/05\/LQS012.jpg\" \/>\n\t<meta property=\"og:image:width\" content=\"800\" \/>\n\t<meta property=\"og:image:height\" content=\"800\" \/>\n\t<meta property=\"og:image:type\" content=\"image\/jpeg\" \/>\n<meta name=\"twitter:card\" content=\"summary_large_image\" \/>\n<script type=\"application\/ld+json\" class=\"yoast-schema-graph\">{\"@context\":\"https:\/\/schema.org\",\"@graph\":[{\"@type\":\"WebPage\",\"@id\":\"https:\/\/arekson.com\/fr\/producto\/foam-cleaner-h07-mousse-de-nettoyage-universel\/\",\"url\":\"https:\/\/arekson.com\/fr\/producto\/foam-cleaner-h07-mousse-de-nettoyage-universel\/\",\"name\":\"SEICAR | FOAM CLEANER H07 | Mousse de nettoyage universel\",\"isPartOf\":{\"@id\":\"https:\/\/arekson.com\/fr\/#website\"},\"primaryImageOfPage\":{\"@id\":\"https:\/\/arekson.com\/fr\/producto\/foam-cleaner-h07-mousse-de-nettoyage-universel\/#primaryimage\"},\"image\":{\"@id\":\"https:\/\/arekson.com\/fr\/producto\/foam-cleaner-h07-mousse-de-nettoyage-universel\/#primaryimage\"},\"thumbnailUrl\":\"https:\/\/arekson.com\/wp-content\/uploads\/2022\/05\/LQS012.jpg\",\"datePublished\":\"2022-06-03T16:09:08+00:00\",\"dateModified\":\"2023-06-12T10:42:53+00:00\",\"description\":\"FOAM CLEANER H07 | Mousse de nettoyage universel | PRODUITS CHIMIQUES | PRODUIT D\u00c9GRAISSANT ET NETTOYANT | REF: LQS012 | SEICAR\",\"breadcrumb\":{\"@id\":\"https:\/\/arekson.com\/fr\/producto\/foam-cleaner-h07-mousse-de-nettoyage-universel\/#breadcrumb\"},\"inLanguage\":\"fr-FR\",\"potentialAction\":[{\"@type\":\"ReadAction\",\"target\":[\"https:\/\/arekson.com\/fr\/producto\/foam-cleaner-h07-mousse-de-nettoyage-universel\/\"]}]},{\"@type\":\"ImageObject\",\"inLanguage\":\"fr-FR\",\"@id\":\"https:\/\/arekson.com\/fr\/producto\/foam-cleaner-h07-mousse-de-nettoyage-universel\/#primaryimage\",\"url\":\"https:\/\/arekson.com\/wp-content\/uploads\/2022\/05\/LQS012.jpg\",\"contentUrl\":\"https:\/\/arekson.com\/wp-content\/uploads\/2022\/05\/LQS012.jpg\",\"width\":800,\"height\":800},{\"@type\":\"BreadcrumbList\",\"@id\":\"https:\/\/arekson.com\/fr\/producto\/foam-cleaner-h07-mousse-de-nettoyage-universel\/#breadcrumb\",\"itemListElement\":[{\"@type\":\"ListItem\",\"position\":1,\"name\":\"Home\",\"item\":\"https:\/\/arekson.com\/fr\/\"},{\"@type\":\"ListItem\",\"position\":2,\"name\":\"Produits\",\"item\":\"https:\/\/arekson.com\/fr\/shop\/\"},{\"@type\":\"ListItem\",\"position\":3,\"name\":\"FOAM CLEANER H07 Mousse de nettoyage universel\"}]},{\"@type\":\"WebSite\",\"@id\":\"https:\/\/arekson.com\/fr\/#website\",\"url\":\"https:\/\/arekson.com\/fr\/\",\"name\":\"Arekson Group\",\"description\":\"Marcas Referentes del Automovil Profesional\",\"publisher\":{\"@id\":\"https:\/\/arekson.com\/fr\/#organization\"},\"potentialAction\":[{\"@type\":\"SearchAction\",\"target\":{\"@type\":\"EntryPoint\",\"urlTemplate\":\"https:\/\/arekson.com\/fr\/?s={search_term_string}\"},\"query-input\":{\"@type\":\"PropertyValueSpecification\",\"valueRequired\":true,\"valueName\":\"search_term_string\"}}],\"inLanguage\":\"fr-FR\"},{\"@type\":\"Organization\",\"@id\":\"https:\/\/arekson.com\/fr\/#organization\",\"name\":\"Arekson Group\",\"url\":\"https:\/\/arekson.com\/fr\/\",\"logo\":{\"@type\":\"ImageObject\",\"inLanguage\":\"fr-FR\",\"@id\":\"https:\/\/arekson.com\/fr\/#\/schema\/logo\/image\/\",\"url\":\"https:\/\/arekson.com\/wp-content\/uploads\/2022\/06\/Arekson-Group-Logo-Gris.jpg\",\"contentUrl\":\"https:\/\/arekson.com\/wp-content\/uploads\/2022\/06\/Arekson-Group-Logo-Gris.jpg\",\"width\":174,\"height\":72,\"caption\":\"Arekson Group\"},\"image\":{\"@id\":\"https:\/\/arekson.com\/fr\/#\/schema\/logo\/image\/\"}}]}<\/script>\n<!-- \/ Yoast SEO plugin. -->","yoast_head_json":{"title":"SEICAR | FOAM CLEANER H07 | Mousse de nettoyage universel","description":"FOAM CLEANER H07 | Mousse de nettoyage universel | PRODUITS CHIMIQUES | PRODUIT D\u00c9GRAISSANT ET NETTOYANT | REF: LQS012 | SEICAR","robots":{"index":"index","follow":"follow","max-snippet":"max-snippet:-1","max-image-preview":"max-image-preview:large","max-video-preview":"max-video-preview:-1"},"canonical":"https:\/\/arekson.com\/fr\/producto\/foam-cleaner-h07-mousse-de-nettoyage-universel\/","og_locale":"fr_FR","og_type":"article","og_title":"SEICAR | FOAM CLEANER H07 | Mousse de nettoyage universel","og_description":"FOAM CLEANER H07 | Mousse de nettoyage universel | PRODUITS CHIMIQUES | PRODUIT D\u00c9GRAISSANT ET NETTOYANT | REF: LQS012 | SEICAR","og_url":"https:\/\/arekson.com\/fr\/producto\/foam-cleaner-h07-mousse-de-nettoyage-universel\/","og_site_name":"Arekson Group","article_modified_time":"2023-06-12T10:42:53+00:00","og_image":[{"width":800,"height":800,"url":"https:\/\/arekson.com\/wp-content\/uploads\/2022\/05\/LQS012.jpg","type":"image\/jpeg"}],"twitter_card":"summary_large_image","schema":{"@context":"https:\/\/schema.org","@graph":[{"@type":"WebPage","@id":"https:\/\/arekson.com\/fr\/producto\/foam-cleaner-h07-mousse-de-nettoyage-universel\/","url":"https:\/\/arekson.com\/fr\/producto\/foam-cleaner-h07-mousse-de-nettoyage-universel\/","name":"SEICAR | FOAM CLEANER H07 | Mousse de nettoyage universel","isPartOf":{"@id":"https:\/\/arekson.com\/fr\/#website"},"primaryImageOfPage":{"@id":"https:\/\/arekson.com\/fr\/producto\/foam-cleaner-h07-mousse-de-nettoyage-universel\/#primaryimage"},"image":{"@id":"https:\/\/arekson.com\/fr\/producto\/foam-cleaner-h07-mousse-de-nettoyage-universel\/#primaryimage"},"thumbnailUrl":"https:\/\/arekson.com\/wp-content\/uploads\/2022\/05\/LQS012.jpg","datePublished":"2022-06-03T16:09:08+00:00","dateModified":"2023-06-12T10:42:53+00:00","description":"FOAM CLEANER H07 | Mousse de nettoyage universel | PRODUITS CHIMIQUES | PRODUIT D\u00c9GRAISSANT ET NETTOYANT | REF: LQS012 | SEICAR","breadcrumb":{"@id":"https:\/\/arekson.com\/fr\/producto\/foam-cleaner-h07-mousse-de-nettoyage-universel\/#breadcrumb"},"inLanguage":"fr-FR","potentialAction":[{"@type":"ReadAction","target":["https:\/\/arekson.com\/fr\/producto\/foam-cleaner-h07-mousse-de-nettoyage-universel\/"]}]},{"@type":"ImageObject","inLanguage":"fr-FR","@id":"https:\/\/arekson.com\/fr\/producto\/foam-cleaner-h07-mousse-de-nettoyage-universel\/#primaryimage","url":"https:\/\/arekson.com\/wp-content\/uploads\/2022\/05\/LQS012.jpg","contentUrl":"https:\/\/arekson.com\/wp-content\/uploads\/2022\/05\/LQS012.jpg","width":800,"height":800},{"@type":"BreadcrumbList","@id":"https:\/\/arekson.com\/fr\/producto\/foam-cleaner-h07-mousse-de-nettoyage-universel\/#breadcrumb","itemListElement":[{"@type":"ListItem","position":1,"name":"Home","item":"https:\/\/arekson.com\/fr\/"},{"@type":"ListItem","position":2,"name":"Produits","item":"https:\/\/arekson.com\/fr\/shop\/"},{"@type":"ListItem","position":3,"name":"FOAM CLEANER H07 Mousse de nettoyage universel"}]},{"@type":"WebSite","@id":"https:\/\/arekson.com\/fr\/#website","url":"https:\/\/arekson.com\/fr\/","name":"Arekson Group","description":"Marcas Referentes del Automovil Profesional","publisher":{"@id":"https:\/\/arekson.com\/fr\/#organization"},"potentialAction":[{"@type":"SearchAction","target":{"@type":"EntryPoint","urlTemplate":"https:\/\/arekson.com\/fr\/?s={search_term_string}"},"query-input":{"@type":"PropertyValueSpecification","valueRequired":true,"valueName":"search_term_string"}}],"inLanguage":"fr-FR"},{"@type":"Organization","@id":"https:\/\/arekson.com\/fr\/#organization","name":"Arekson Group","url":"https:\/\/arekson.com\/fr\/","logo":{"@type":"ImageObject","inLanguage":"fr-FR","@id":"https:\/\/arekson.com\/fr\/#\/schema\/logo\/image\/","url":"https:\/\/arekson.com\/wp-content\/uploads\/2022\/06\/Arekson-Group-Logo-Gris.jpg","contentUrl":"https:\/\/arekson.com\/wp-content\/uploads\/2022\/06\/Arekson-Group-Logo-Gris.jpg","width":174,"height":72,"caption":"Arekson Group"},"image":{"@id":"https:\/\/arekson.com\/fr\/#\/schema\/logo\/image\/"}}]}},"_links":{"self":[{"href":"https:\/\/arekson.com\/fr\/wp-json\/wp\/v2\/product\/18387","targetHints":{"allow":["GET"]}}],"collection":[{"href":"https:\/\/arekson.com\/fr\/wp-json\/wp\/v2\/product"}],"about":[{"href":"https:\/\/arekson.com\/fr\/wp-json\/wp\/v2\/types\/product"}],"wp:featuredmedia":[{"embeddable":true,"href":"https:\/\/arekson.com\/fr\/wp-json\/wp\/v2\/media\/6322"}],"wp:attachment":[{"href":"https:\/\/arekson.com\/fr\/wp-json\/wp\/v2\/media?parent=18387"}],"wp:term":[{"taxonomy":"product_brand","embeddable":true,"href":"https:\/\/arekson.com\/fr\/wp-json\/wp\/v2\/product_brand?post=18387"},{"taxonomy":"product_cat","embeddable":true,"href":"https:\/\/arekson.com\/fr\/wp-json\/wp\/v2\/product_cat?post=18387"},{"taxonomy":"product_tag","embeddable":true,"href":"https:\/\/arekson.com\/fr\/wp-json\/wp\/v2\/product_tag?post=18387"}],"curies":[{"name":"wp","href":"https:\/\/api.w.org\/{rel}","templated":true}]}}