{"id":18354,"date":"2022-06-03T18:08:52","date_gmt":"2022-06-03T16:08:52","guid":{"rendered":"https:\/\/arekson.com\/producto\/1k-spray-rellen-500-solvent-aerosol-remplissable-femelle\/"},"modified":"2023-06-08T09:02:12","modified_gmt":"2023-06-08T07:02:12","slug":"1k-spray-rellen-500-solvent-aerosol-remplissable-femelle","status":"publish","type":"product","link":"https:\/\/arekson.com\/fr\/producto\/1k-spray-rellen-500-solvent-aerosol-remplissable-femelle\/","title":{"rendered":"<strong><span class=\"nom-corto\">1K SPRAY RELLEN 500 SOLVENT <\/span><\/strong><br><span class=\"nom-largo\">A\u00e9rosol remplissable femelle<\/span>"},"content":{"rendered":"<p style=\"text-align: right;\"><a class=\"boton-ficha\" href=\"https:\/\/arekson.com\/wp-content\/uploads\/2023\/06\/PTX500-1K-SPRAY-RELLEN-500-SOLVENT-VERS.-2017_FR.pdf\"_blank\" rel=\"noopener\">D\u00e9tails Techniques<\/a> <\/p>\n","protected":false},"excerpt":{"rendered":"<p>A\u00e9rosol remplissable.  Contient un m\u00e9lange propulseur sans CFC qui dilue la peinture ajout\u00e9e. On le remplit avec un appareil sp\u00e9cifique. Compatible avec des peintures mono composant acryliques, cellulosiques et alkydes. Femelle.<\/p>\n","protected":false},"featured_media":6742,"template":"","meta":{"_et_pb_use_builder":"","_et_pb_old_content":"","_et_gb_content_width":""},"product_brand":[],"product_cat":[1223,1231,370,1225],"product_tag":[],"class_list":{"0":"post-18354","1":"product","2":"type-product","3":"status-publish","4":"has-post-thumbnail","6":"product_cat-chimiques","7":"product_cat-peintures","8":"product_cat-seicar-fr","9":"product_cat-vernis-peintures-dissolvants","10":"pa_seicar-fr-ref-ptx500-spray-400-ml-12-unites","12":"first","13":"outofstock","14":"purchasable","15":"product-type-variable"},"yoast_head":"<!-- This site is optimized with the Yoast SEO plugin v27.2 - https:\/\/yoast.com\/product\/yoast-seo-wordpress\/ -->\n<title>SEICAR | 1K SPRAY RELLEN 500 SOLVENT | A\u00e9rosol remplissable femelle<\/title>\n<meta name=\"description\" content=\"1K SPRAY RELLEN 500 SOLVENT | A\u00e9rosol remplissable femelle | PRODUITS CHIMIQUES | VERNIS - PEINTURES - DISSOLVANTS | REF: PTX500 | SEICAR\" \/>\n<meta name=\"robots\" content=\"index, follow, max-snippet:-1, max-image-preview:large, max-video-preview:-1\" \/>\n<link rel=\"canonical\" href=\"https:\/\/arekson.com\/fr\/producto\/1k-spray-rellen-500-solvent-aerosol-remplissable-femelle\/\" \/>\n<meta property=\"og:locale\" content=\"fr_FR\" \/>\n<meta property=\"og:type\" content=\"article\" \/>\n<meta property=\"og:title\" content=\"SEICAR | 1K SPRAY RELLEN 500 SOLVENT | A\u00e9rosol remplissable femelle\" \/>\n<meta property=\"og:description\" content=\"1K SPRAY RELLEN 500 SOLVENT | A\u00e9rosol remplissable femelle | PRODUITS CHIMIQUES | VERNIS - PEINTURES - DISSOLVANTS | REF: PTX500 | SEICAR\" \/>\n<meta property=\"og:url\" content=\"https:\/\/arekson.com\/fr\/producto\/1k-spray-rellen-500-solvent-aerosol-remplissable-femelle\/\" \/>\n<meta property=\"og:site_name\" content=\"Arekson Group\" \/>\n<meta property=\"article:modified_time\" content=\"2023-06-08T07:02:12+00:00\" \/>\n<meta property=\"og:image\" content=\"https:\/\/arekson.com\/wp-content\/uploads\/2022\/05\/PTX500.jpg\" \/>\n\t<meta property=\"og:image:width\" content=\"800\" \/>\n\t<meta property=\"og:image:height\" content=\"800\" \/>\n\t<meta property=\"og:image:type\" content=\"image\/jpeg\" \/>\n<meta name=\"twitter:card\" content=\"summary_large_image\" \/>\n<script type=\"application\/ld+json\" class=\"yoast-schema-graph\">{\"@context\":\"https:\/\/schema.org\",\"@graph\":[{\"@type\":\"WebPage\",\"@id\":\"https:\/\/arekson.com\/fr\/producto\/1k-spray-rellen-500-solvent-aerosol-remplissable-femelle\/\",\"url\":\"https:\/\/arekson.com\/fr\/producto\/1k-spray-rellen-500-solvent-aerosol-remplissable-femelle\/\",\"name\":\"SEICAR | 1K SPRAY RELLEN 500 SOLVENT | A\u00e9rosol remplissable femelle\",\"isPartOf\":{\"@id\":\"https:\/\/arekson.com\/fr\/#website\"},\"primaryImageOfPage\":{\"@id\":\"https:\/\/arekson.com\/fr\/producto\/1k-spray-rellen-500-solvent-aerosol-remplissable-femelle\/#primaryimage\"},\"image\":{\"@id\":\"https:\/\/arekson.com\/fr\/producto\/1k-spray-rellen-500-solvent-aerosol-remplissable-femelle\/#primaryimage\"},\"thumbnailUrl\":\"https:\/\/arekson.com\/wp-content\/uploads\/2022\/05\/PTX500.jpg\",\"datePublished\":\"2022-06-03T16:08:52+00:00\",\"dateModified\":\"2023-06-08T07:02:12+00:00\",\"description\":\"1K SPRAY RELLEN 500 SOLVENT | A\u00e9rosol remplissable femelle | PRODUITS CHIMIQUES | VERNIS - PEINTURES - DISSOLVANTS | REF: PTX500 | SEICAR\",\"breadcrumb\":{\"@id\":\"https:\/\/arekson.com\/fr\/producto\/1k-spray-rellen-500-solvent-aerosol-remplissable-femelle\/#breadcrumb\"},\"inLanguage\":\"fr-FR\",\"potentialAction\":[{\"@type\":\"ReadAction\",\"target\":[\"https:\/\/arekson.com\/fr\/producto\/1k-spray-rellen-500-solvent-aerosol-remplissable-femelle\/\"]}]},{\"@type\":\"ImageObject\",\"inLanguage\":\"fr-FR\",\"@id\":\"https:\/\/arekson.com\/fr\/producto\/1k-spray-rellen-500-solvent-aerosol-remplissable-femelle\/#primaryimage\",\"url\":\"https:\/\/arekson.com\/wp-content\/uploads\/2022\/05\/PTX500.jpg\",\"contentUrl\":\"https:\/\/arekson.com\/wp-content\/uploads\/2022\/05\/PTX500.jpg\",\"width\":800,\"height\":800},{\"@type\":\"BreadcrumbList\",\"@id\":\"https:\/\/arekson.com\/fr\/producto\/1k-spray-rellen-500-solvent-aerosol-remplissable-femelle\/#breadcrumb\",\"itemListElement\":[{\"@type\":\"ListItem\",\"position\":1,\"name\":\"Home\",\"item\":\"https:\/\/arekson.com\/fr\/\"},{\"@type\":\"ListItem\",\"position\":2,\"name\":\"Produits\",\"item\":\"https:\/\/arekson.com\/fr\/shop\/\"},{\"@type\":\"ListItem\",\"position\":3,\"name\":\"1K SPRAY RELLEN 500 SOLVENT A\u00e9rosol remplissable femelle\"}]},{\"@type\":\"WebSite\",\"@id\":\"https:\/\/arekson.com\/fr\/#website\",\"url\":\"https:\/\/arekson.com\/fr\/\",\"name\":\"Arekson Group\",\"description\":\"Marcas Referentes del Automovil Profesional\",\"publisher\":{\"@id\":\"https:\/\/arekson.com\/fr\/#organization\"},\"potentialAction\":[{\"@type\":\"SearchAction\",\"target\":{\"@type\":\"EntryPoint\",\"urlTemplate\":\"https:\/\/arekson.com\/fr\/?s={search_term_string}\"},\"query-input\":{\"@type\":\"PropertyValueSpecification\",\"valueRequired\":true,\"valueName\":\"search_term_string\"}}],\"inLanguage\":\"fr-FR\"},{\"@type\":\"Organization\",\"@id\":\"https:\/\/arekson.com\/fr\/#organization\",\"name\":\"Arekson Group\",\"url\":\"https:\/\/arekson.com\/fr\/\",\"logo\":{\"@type\":\"ImageObject\",\"inLanguage\":\"fr-FR\",\"@id\":\"https:\/\/arekson.com\/fr\/#\/schema\/logo\/image\/\",\"url\":\"https:\/\/arekson.com\/wp-content\/uploads\/2022\/06\/Arekson-Group-Logo-Gris.jpg\",\"contentUrl\":\"https:\/\/arekson.com\/wp-content\/uploads\/2022\/06\/Arekson-Group-Logo-Gris.jpg\",\"width\":174,\"height\":72,\"caption\":\"Arekson Group\"},\"image\":{\"@id\":\"https:\/\/arekson.com\/fr\/#\/schema\/logo\/image\/\"}}]}<\/script>\n<!-- \/ Yoast SEO plugin. -->","yoast_head_json":{"title":"SEICAR | 1K SPRAY RELLEN 500 SOLVENT | A\u00e9rosol remplissable femelle","description":"1K SPRAY RELLEN 500 SOLVENT | A\u00e9rosol remplissable femelle | PRODUITS CHIMIQUES | VERNIS - PEINTURES - DISSOLVANTS | REF: PTX500 | SEICAR","robots":{"index":"index","follow":"follow","max-snippet":"max-snippet:-1","max-image-preview":"max-image-preview:large","max-video-preview":"max-video-preview:-1"},"canonical":"https:\/\/arekson.com\/fr\/producto\/1k-spray-rellen-500-solvent-aerosol-remplissable-femelle\/","og_locale":"fr_FR","og_type":"article","og_title":"SEICAR | 1K SPRAY RELLEN 500 SOLVENT | A\u00e9rosol remplissable femelle","og_description":"1K SPRAY RELLEN 500 SOLVENT | A\u00e9rosol remplissable femelle | PRODUITS CHIMIQUES | VERNIS - PEINTURES - DISSOLVANTS | REF: PTX500 | SEICAR","og_url":"https:\/\/arekson.com\/fr\/producto\/1k-spray-rellen-500-solvent-aerosol-remplissable-femelle\/","og_site_name":"Arekson Group","article_modified_time":"2023-06-08T07:02:12+00:00","og_image":[{"width":800,"height":800,"url":"https:\/\/arekson.com\/wp-content\/uploads\/2022\/05\/PTX500.jpg","type":"image\/jpeg"}],"twitter_card":"summary_large_image","schema":{"@context":"https:\/\/schema.org","@graph":[{"@type":"WebPage","@id":"https:\/\/arekson.com\/fr\/producto\/1k-spray-rellen-500-solvent-aerosol-remplissable-femelle\/","url":"https:\/\/arekson.com\/fr\/producto\/1k-spray-rellen-500-solvent-aerosol-remplissable-femelle\/","name":"SEICAR | 1K SPRAY RELLEN 500 SOLVENT | A\u00e9rosol remplissable femelle","isPartOf":{"@id":"https:\/\/arekson.com\/fr\/#website"},"primaryImageOfPage":{"@id":"https:\/\/arekson.com\/fr\/producto\/1k-spray-rellen-500-solvent-aerosol-remplissable-femelle\/#primaryimage"},"image":{"@id":"https:\/\/arekson.com\/fr\/producto\/1k-spray-rellen-500-solvent-aerosol-remplissable-femelle\/#primaryimage"},"thumbnailUrl":"https:\/\/arekson.com\/wp-content\/uploads\/2022\/05\/PTX500.jpg","datePublished":"2022-06-03T16:08:52+00:00","dateModified":"2023-06-08T07:02:12+00:00","description":"1K SPRAY RELLEN 500 SOLVENT | A\u00e9rosol remplissable femelle | PRODUITS CHIMIQUES | VERNIS - PEINTURES - DISSOLVANTS | REF: PTX500 | SEICAR","breadcrumb":{"@id":"https:\/\/arekson.com\/fr\/producto\/1k-spray-rellen-500-solvent-aerosol-remplissable-femelle\/#breadcrumb"},"inLanguage":"fr-FR","potentialAction":[{"@type":"ReadAction","target":["https:\/\/arekson.com\/fr\/producto\/1k-spray-rellen-500-solvent-aerosol-remplissable-femelle\/"]}]},{"@type":"ImageObject","inLanguage":"fr-FR","@id":"https:\/\/arekson.com\/fr\/producto\/1k-spray-rellen-500-solvent-aerosol-remplissable-femelle\/#primaryimage","url":"https:\/\/arekson.com\/wp-content\/uploads\/2022\/05\/PTX500.jpg","contentUrl":"https:\/\/arekson.com\/wp-content\/uploads\/2022\/05\/PTX500.jpg","width":800,"height":800},{"@type":"BreadcrumbList","@id":"https:\/\/arekson.com\/fr\/producto\/1k-spray-rellen-500-solvent-aerosol-remplissable-femelle\/#breadcrumb","itemListElement":[{"@type":"ListItem","position":1,"name":"Home","item":"https:\/\/arekson.com\/fr\/"},{"@type":"ListItem","position":2,"name":"Produits","item":"https:\/\/arekson.com\/fr\/shop\/"},{"@type":"ListItem","position":3,"name":"1K SPRAY RELLEN 500 SOLVENT A\u00e9rosol remplissable femelle"}]},{"@type":"WebSite","@id":"https:\/\/arekson.com\/fr\/#website","url":"https:\/\/arekson.com\/fr\/","name":"Arekson Group","description":"Marcas Referentes del Automovil Profesional","publisher":{"@id":"https:\/\/arekson.com\/fr\/#organization"},"potentialAction":[{"@type":"SearchAction","target":{"@type":"EntryPoint","urlTemplate":"https:\/\/arekson.com\/fr\/?s={search_term_string}"},"query-input":{"@type":"PropertyValueSpecification","valueRequired":true,"valueName":"search_term_string"}}],"inLanguage":"fr-FR"},{"@type":"Organization","@id":"https:\/\/arekson.com\/fr\/#organization","name":"Arekson Group","url":"https:\/\/arekson.com\/fr\/","logo":{"@type":"ImageObject","inLanguage":"fr-FR","@id":"https:\/\/arekson.com\/fr\/#\/schema\/logo\/image\/","url":"https:\/\/arekson.com\/wp-content\/uploads\/2022\/06\/Arekson-Group-Logo-Gris.jpg","contentUrl":"https:\/\/arekson.com\/wp-content\/uploads\/2022\/06\/Arekson-Group-Logo-Gris.jpg","width":174,"height":72,"caption":"Arekson Group"},"image":{"@id":"https:\/\/arekson.com\/fr\/#\/schema\/logo\/image\/"}}]}},"_links":{"self":[{"href":"https:\/\/arekson.com\/fr\/wp-json\/wp\/v2\/product\/18354","targetHints":{"allow":["GET"]}}],"collection":[{"href":"https:\/\/arekson.com\/fr\/wp-json\/wp\/v2\/product"}],"about":[{"href":"https:\/\/arekson.com\/fr\/wp-json\/wp\/v2\/types\/product"}],"wp:featuredmedia":[{"embeddable":true,"href":"https:\/\/arekson.com\/fr\/wp-json\/wp\/v2\/media\/6742"}],"wp:attachment":[{"href":"https:\/\/arekson.com\/fr\/wp-json\/wp\/v2\/media?parent=18354"}],"wp:term":[{"taxonomy":"product_brand","embeddable":true,"href":"https:\/\/arekson.com\/fr\/wp-json\/wp\/v2\/product_brand?post=18354"},{"taxonomy":"product_cat","embeddable":true,"href":"https:\/\/arekson.com\/fr\/wp-json\/wp\/v2\/product_cat?post=18354"},{"taxonomy":"product_tag","embeddable":true,"href":"https:\/\/arekson.com\/fr\/wp-json\/wp\/v2\/product_tag?post=18354"}],"curies":[{"name":"wp","href":"https:\/\/api.w.org\/{rel}","templated":true}]}}