{"id":18340,"date":"2022-06-03T18:08:47","date_gmt":"2022-06-03T16:08:47","guid":{"rendered":"https:\/\/arekson.com\/producto\/black-670-semi-matte-spray-noir-semi-mat-acrylique\/"},"modified":"2023-06-06T08:52:43","modified_gmt":"2023-06-06T06:52:43","slug":"black-670-semi-matte-spray-noir-semi-mat-acrylique","status":"publish","type":"product","link":"https:\/\/arekson.com\/fr\/producto\/black-670-semi-matte-spray-noir-semi-mat-acrylique\/","title":{"rendered":"<strong><span class=\"nom-corto\">BLACK 670 SEMI-MATTE SPRAY <\/span><\/strong><br><span class=\"nom-largo\">Noir semi-mat acrylique<\/span>"},"content":{"rendered":"<p style=\"text-align: right;\"><a class=\"boton-ficha\" href=\"https:\/\/arekson.com\/wp-content\/uploads\/2023\/06\/PTX674-673-670-BLACK-674-673-670-SPRAY-VERS-Arekson-2014_FR.pdf\" target=\"_blank\" rel=\"noopener\">D\u00e9tails Techniques<\/a> <\/p>\n","protected":false},"excerpt":{"rendered":"<p>Noir semi-mat acrylique en a\u00e9rosol \u00e0 s\u00e9chage rapide et bon pouvoir couvrant. Excellente adh\u00e9sion sur diff\u00e9rentes surfaces comme le bois, m\u00e9tal, verre et diff\u00e9rents types de mati\u00e8res plastiques. Prot\u00e8ge contre la corrosion. R\u00e9sistant \u00e0 l&rsquo;essence, aux substances chimiques, aux intemp\u00e9ries et aux rayons ultraviolets.<\/p>\n","protected":false},"featured_media":6760,"template":"","meta":{"_et_pb_use_builder":"","_et_pb_old_content":"","_et_gb_content_width":""},"product_brand":[],"product_cat":[1223,1231,370,1225],"product_tag":[],"class_list":{"0":"post-18340","1":"product","2":"type-product","3":"status-publish","4":"has-post-thumbnail","6":"product_cat-chimiques","7":"product_cat-peintures","8":"product_cat-seicar-fr","9":"product_cat-vernis-peintures-dissolvants","10":"pa_seicar-fr-ref-ptx670-noir-semi-mat-spray-400-ml-12-unites","12":"first","13":"outofstock","14":"purchasable","15":"product-type-variable"},"yoast_head":"<!-- This site is optimized with the Yoast SEO plugin v27.2 - https:\/\/yoast.com\/product\/yoast-seo-wordpress\/ -->\n<title>SEICAR | BLACK 670 SEMI-MATTE SPRAY | Noir semi-mat acrylique<\/title>\n<meta name=\"description\" content=\"BLACK 670 SEMI-MATTE SPRAY | Noir semi-mat acrylique | PRODUITS CHIMIQUES | VERNIS - PEINTURES - DISSOLVANTS | REF: PTX670 | SEICAR\" \/>\n<meta name=\"robots\" content=\"index, follow, max-snippet:-1, max-image-preview:large, max-video-preview:-1\" \/>\n<link rel=\"canonical\" href=\"https:\/\/arekson.com\/fr\/producto\/black-670-semi-matte-spray-noir-semi-mat-acrylique\/\" \/>\n<meta property=\"og:locale\" content=\"fr_FR\" \/>\n<meta property=\"og:type\" content=\"article\" \/>\n<meta property=\"og:title\" content=\"SEICAR | BLACK 670 SEMI-MATTE SPRAY | Noir semi-mat acrylique\" \/>\n<meta property=\"og:description\" content=\"BLACK 670 SEMI-MATTE SPRAY | Noir semi-mat acrylique | PRODUITS CHIMIQUES | VERNIS - PEINTURES - DISSOLVANTS | REF: PTX670 | SEICAR\" \/>\n<meta property=\"og:url\" content=\"https:\/\/arekson.com\/fr\/producto\/black-670-semi-matte-spray-noir-semi-mat-acrylique\/\" \/>\n<meta property=\"og:site_name\" content=\"Arekson Group\" \/>\n<meta property=\"article:modified_time\" content=\"2023-06-06T06:52:43+00:00\" \/>\n<meta property=\"og:image\" content=\"https:\/\/arekson.com\/wp-content\/uploads\/2022\/05\/PTX670.jpg\" \/>\n\t<meta property=\"og:image:width\" content=\"800\" \/>\n\t<meta property=\"og:image:height\" content=\"800\" \/>\n\t<meta property=\"og:image:type\" content=\"image\/jpeg\" \/>\n<meta name=\"twitter:card\" content=\"summary_large_image\" \/>\n<script type=\"application\/ld+json\" class=\"yoast-schema-graph\">{\"@context\":\"https:\/\/schema.org\",\"@graph\":[{\"@type\":\"WebPage\",\"@id\":\"https:\/\/arekson.com\/fr\/producto\/black-670-semi-matte-spray-noir-semi-mat-acrylique\/\",\"url\":\"https:\/\/arekson.com\/fr\/producto\/black-670-semi-matte-spray-noir-semi-mat-acrylique\/\",\"name\":\"SEICAR | BLACK 670 SEMI-MATTE SPRAY | Noir semi-mat acrylique\",\"isPartOf\":{\"@id\":\"https:\/\/arekson.com\/fr\/#website\"},\"primaryImageOfPage\":{\"@id\":\"https:\/\/arekson.com\/fr\/producto\/black-670-semi-matte-spray-noir-semi-mat-acrylique\/#primaryimage\"},\"image\":{\"@id\":\"https:\/\/arekson.com\/fr\/producto\/black-670-semi-matte-spray-noir-semi-mat-acrylique\/#primaryimage\"},\"thumbnailUrl\":\"https:\/\/arekson.com\/wp-content\/uploads\/2022\/05\/PTX670.jpg\",\"datePublished\":\"2022-06-03T16:08:47+00:00\",\"dateModified\":\"2023-06-06T06:52:43+00:00\",\"description\":\"BLACK 670 SEMI-MATTE SPRAY | Noir semi-mat acrylique | PRODUITS CHIMIQUES | VERNIS - PEINTURES - DISSOLVANTS | REF: PTX670 | SEICAR\",\"breadcrumb\":{\"@id\":\"https:\/\/arekson.com\/fr\/producto\/black-670-semi-matte-spray-noir-semi-mat-acrylique\/#breadcrumb\"},\"inLanguage\":\"fr-FR\",\"potentialAction\":[{\"@type\":\"ReadAction\",\"target\":[\"https:\/\/arekson.com\/fr\/producto\/black-670-semi-matte-spray-noir-semi-mat-acrylique\/\"]}]},{\"@type\":\"ImageObject\",\"inLanguage\":\"fr-FR\",\"@id\":\"https:\/\/arekson.com\/fr\/producto\/black-670-semi-matte-spray-noir-semi-mat-acrylique\/#primaryimage\",\"url\":\"https:\/\/arekson.com\/wp-content\/uploads\/2022\/05\/PTX670.jpg\",\"contentUrl\":\"https:\/\/arekson.com\/wp-content\/uploads\/2022\/05\/PTX670.jpg\",\"width\":800,\"height\":800},{\"@type\":\"BreadcrumbList\",\"@id\":\"https:\/\/arekson.com\/fr\/producto\/black-670-semi-matte-spray-noir-semi-mat-acrylique\/#breadcrumb\",\"itemListElement\":[{\"@type\":\"ListItem\",\"position\":1,\"name\":\"Home\",\"item\":\"https:\/\/arekson.com\/fr\/\"},{\"@type\":\"ListItem\",\"position\":2,\"name\":\"Produits\",\"item\":\"https:\/\/arekson.com\/fr\/shop\/\"},{\"@type\":\"ListItem\",\"position\":3,\"name\":\"BLACK 670 SEMI-MATTE SPRAY Noir semi-mat acrylique\"}]},{\"@type\":\"WebSite\",\"@id\":\"https:\/\/arekson.com\/fr\/#website\",\"url\":\"https:\/\/arekson.com\/fr\/\",\"name\":\"Arekson Group\",\"description\":\"Marcas Referentes del Automovil Profesional\",\"publisher\":{\"@id\":\"https:\/\/arekson.com\/fr\/#organization\"},\"potentialAction\":[{\"@type\":\"SearchAction\",\"target\":{\"@type\":\"EntryPoint\",\"urlTemplate\":\"https:\/\/arekson.com\/fr\/?s={search_term_string}\"},\"query-input\":{\"@type\":\"PropertyValueSpecification\",\"valueRequired\":true,\"valueName\":\"search_term_string\"}}],\"inLanguage\":\"fr-FR\"},{\"@type\":\"Organization\",\"@id\":\"https:\/\/arekson.com\/fr\/#organization\",\"name\":\"Arekson Group\",\"url\":\"https:\/\/arekson.com\/fr\/\",\"logo\":{\"@type\":\"ImageObject\",\"inLanguage\":\"fr-FR\",\"@id\":\"https:\/\/arekson.com\/fr\/#\/schema\/logo\/image\/\",\"url\":\"https:\/\/arekson.com\/wp-content\/uploads\/2022\/06\/Arekson-Group-Logo-Gris.jpg\",\"contentUrl\":\"https:\/\/arekson.com\/wp-content\/uploads\/2022\/06\/Arekson-Group-Logo-Gris.jpg\",\"width\":174,\"height\":72,\"caption\":\"Arekson Group\"},\"image\":{\"@id\":\"https:\/\/arekson.com\/fr\/#\/schema\/logo\/image\/\"}}]}<\/script>\n<!-- \/ Yoast SEO plugin. -->","yoast_head_json":{"title":"SEICAR | BLACK 670 SEMI-MATTE SPRAY | Noir semi-mat acrylique","description":"BLACK 670 SEMI-MATTE SPRAY | Noir semi-mat acrylique | PRODUITS CHIMIQUES | VERNIS - PEINTURES - DISSOLVANTS | REF: PTX670 | SEICAR","robots":{"index":"index","follow":"follow","max-snippet":"max-snippet:-1","max-image-preview":"max-image-preview:large","max-video-preview":"max-video-preview:-1"},"canonical":"https:\/\/arekson.com\/fr\/producto\/black-670-semi-matte-spray-noir-semi-mat-acrylique\/","og_locale":"fr_FR","og_type":"article","og_title":"SEICAR | BLACK 670 SEMI-MATTE SPRAY | Noir semi-mat acrylique","og_description":"BLACK 670 SEMI-MATTE SPRAY | Noir semi-mat acrylique | PRODUITS CHIMIQUES | VERNIS - PEINTURES - DISSOLVANTS | REF: PTX670 | SEICAR","og_url":"https:\/\/arekson.com\/fr\/producto\/black-670-semi-matte-spray-noir-semi-mat-acrylique\/","og_site_name":"Arekson Group","article_modified_time":"2023-06-06T06:52:43+00:00","og_image":[{"width":800,"height":800,"url":"https:\/\/arekson.com\/wp-content\/uploads\/2022\/05\/PTX670.jpg","type":"image\/jpeg"}],"twitter_card":"summary_large_image","schema":{"@context":"https:\/\/schema.org","@graph":[{"@type":"WebPage","@id":"https:\/\/arekson.com\/fr\/producto\/black-670-semi-matte-spray-noir-semi-mat-acrylique\/","url":"https:\/\/arekson.com\/fr\/producto\/black-670-semi-matte-spray-noir-semi-mat-acrylique\/","name":"SEICAR | BLACK 670 SEMI-MATTE SPRAY | Noir semi-mat acrylique","isPartOf":{"@id":"https:\/\/arekson.com\/fr\/#website"},"primaryImageOfPage":{"@id":"https:\/\/arekson.com\/fr\/producto\/black-670-semi-matte-spray-noir-semi-mat-acrylique\/#primaryimage"},"image":{"@id":"https:\/\/arekson.com\/fr\/producto\/black-670-semi-matte-spray-noir-semi-mat-acrylique\/#primaryimage"},"thumbnailUrl":"https:\/\/arekson.com\/wp-content\/uploads\/2022\/05\/PTX670.jpg","datePublished":"2022-06-03T16:08:47+00:00","dateModified":"2023-06-06T06:52:43+00:00","description":"BLACK 670 SEMI-MATTE SPRAY | Noir semi-mat acrylique | PRODUITS CHIMIQUES | VERNIS - PEINTURES - DISSOLVANTS | REF: PTX670 | SEICAR","breadcrumb":{"@id":"https:\/\/arekson.com\/fr\/producto\/black-670-semi-matte-spray-noir-semi-mat-acrylique\/#breadcrumb"},"inLanguage":"fr-FR","potentialAction":[{"@type":"ReadAction","target":["https:\/\/arekson.com\/fr\/producto\/black-670-semi-matte-spray-noir-semi-mat-acrylique\/"]}]},{"@type":"ImageObject","inLanguage":"fr-FR","@id":"https:\/\/arekson.com\/fr\/producto\/black-670-semi-matte-spray-noir-semi-mat-acrylique\/#primaryimage","url":"https:\/\/arekson.com\/wp-content\/uploads\/2022\/05\/PTX670.jpg","contentUrl":"https:\/\/arekson.com\/wp-content\/uploads\/2022\/05\/PTX670.jpg","width":800,"height":800},{"@type":"BreadcrumbList","@id":"https:\/\/arekson.com\/fr\/producto\/black-670-semi-matte-spray-noir-semi-mat-acrylique\/#breadcrumb","itemListElement":[{"@type":"ListItem","position":1,"name":"Home","item":"https:\/\/arekson.com\/fr\/"},{"@type":"ListItem","position":2,"name":"Produits","item":"https:\/\/arekson.com\/fr\/shop\/"},{"@type":"ListItem","position":3,"name":"BLACK 670 SEMI-MATTE SPRAY Noir semi-mat acrylique"}]},{"@type":"WebSite","@id":"https:\/\/arekson.com\/fr\/#website","url":"https:\/\/arekson.com\/fr\/","name":"Arekson Group","description":"Marcas Referentes del Automovil Profesional","publisher":{"@id":"https:\/\/arekson.com\/fr\/#organization"},"potentialAction":[{"@type":"SearchAction","target":{"@type":"EntryPoint","urlTemplate":"https:\/\/arekson.com\/fr\/?s={search_term_string}"},"query-input":{"@type":"PropertyValueSpecification","valueRequired":true,"valueName":"search_term_string"}}],"inLanguage":"fr-FR"},{"@type":"Organization","@id":"https:\/\/arekson.com\/fr\/#organization","name":"Arekson Group","url":"https:\/\/arekson.com\/fr\/","logo":{"@type":"ImageObject","inLanguage":"fr-FR","@id":"https:\/\/arekson.com\/fr\/#\/schema\/logo\/image\/","url":"https:\/\/arekson.com\/wp-content\/uploads\/2022\/06\/Arekson-Group-Logo-Gris.jpg","contentUrl":"https:\/\/arekson.com\/wp-content\/uploads\/2022\/06\/Arekson-Group-Logo-Gris.jpg","width":174,"height":72,"caption":"Arekson Group"},"image":{"@id":"https:\/\/arekson.com\/fr\/#\/schema\/logo\/image\/"}}]}},"_links":{"self":[{"href":"https:\/\/arekson.com\/fr\/wp-json\/wp\/v2\/product\/18340","targetHints":{"allow":["GET"]}}],"collection":[{"href":"https:\/\/arekson.com\/fr\/wp-json\/wp\/v2\/product"}],"about":[{"href":"https:\/\/arekson.com\/fr\/wp-json\/wp\/v2\/types\/product"}],"wp:featuredmedia":[{"embeddable":true,"href":"https:\/\/arekson.com\/fr\/wp-json\/wp\/v2\/media\/6760"}],"wp:attachment":[{"href":"https:\/\/arekson.com\/fr\/wp-json\/wp\/v2\/media?parent=18340"}],"wp:term":[{"taxonomy":"product_brand","embeddable":true,"href":"https:\/\/arekson.com\/fr\/wp-json\/wp\/v2\/product_brand?post=18340"},{"taxonomy":"product_cat","embeddable":true,"href":"https:\/\/arekson.com\/fr\/wp-json\/wp\/v2\/product_cat?post=18340"},{"taxonomy":"product_tag","embeddable":true,"href":"https:\/\/arekson.com\/fr\/wp-json\/wp\/v2\/product_tag?post=18340"}],"curies":[{"name":"wp","href":"https:\/\/api.w.org\/{rel}","templated":true}]}}