{"id":18332,"date":"2022-06-03T18:08:43","date_gmt":"2022-06-03T16:08:43","guid":{"rendered":"https:\/\/arekson.com\/producto\/black-674-matte-noir-mat\/"},"modified":"2022-06-15T16:10:00","modified_gmt":"2022-06-15T14:10:00","slug":"black-674-matte-noir-mat","status":"publish","type":"product","link":"https:\/\/arekson.com\/fr\/producto\/black-674-matte-noir-mat\/","title":{"rendered":"<strong><span class=\"nom-corto\">BLACK 674 MATTE <\/span><\/strong><br><span class=\"nom-largo\">Noir mat<\/span>"},"content":{"rendered":"","protected":false},"excerpt":{"rendered":"<p>Peinture \u00e0 s\u00e9chage rapide dot\u00e9e d\u2019un fort pouvoir couvrant et d\u2019une excellente adh\u00e9sion \u00e0 diff\u00e9rentes surfaces, trait\u00e9es ou non trait\u00e9es, en bois, en m\u00e9tal, en verre et en diff\u00e9rentes mati\u00e8res plastiques. Couleur de finition et dure, r\u00e9sistante \u00e0 l\u2019essence, aux substances chimiques, \u00e0 l\u2019intemp\u00e9rie et aux rayons UV.<\/p>\n","protected":false},"featured_media":6772,"template":"","meta":{"_et_pb_use_builder":"","_et_pb_old_content":"","_et_gb_content_width":""},"product_brand":[],"product_cat":[1223,1231,370,1225],"product_tag":[],"class_list":{"0":"post-18332","1":"product","2":"type-product","3":"status-publish","4":"has-post-thumbnail","6":"product_cat-chimiques","7":"product_cat-peintures","8":"product_cat-seicar-fr","9":"product_cat-vernis-peintures-dissolvants","10":"pa_seicar-fr-ref-ptx674b-noir-mat-pot-750-ml-6-unites","12":"first","13":"outofstock","14":"purchasable","15":"product-type-variable"},"yoast_head":"<!-- This site is optimized with the Yoast SEO plugin v27.2 - https:\/\/yoast.com\/product\/yoast-seo-wordpress\/ -->\n<title>SEICAR | BLACK 674 MATTE | Noir mat<\/title>\n<meta name=\"description\" content=\"BLACK 674 MATTE | Noir mat | PRODUITS CHIMIQUES | VERNIS - PEINTURES - DISSOLVANTS | REF: PTX674B | SEICAR\" \/>\n<meta name=\"robots\" content=\"index, follow, max-snippet:-1, max-image-preview:large, max-video-preview:-1\" \/>\n<link rel=\"canonical\" href=\"https:\/\/arekson.com\/fr\/producto\/black-674-matte-noir-mat\/\" \/>\n<meta property=\"og:locale\" content=\"fr_FR\" \/>\n<meta property=\"og:type\" content=\"article\" \/>\n<meta property=\"og:title\" content=\"SEICAR | BLACK 674 MATTE | Noir mat\" \/>\n<meta property=\"og:description\" content=\"BLACK 674 MATTE | Noir mat | PRODUITS CHIMIQUES | VERNIS - PEINTURES - DISSOLVANTS | REF: PTX674B | SEICAR\" \/>\n<meta property=\"og:url\" content=\"https:\/\/arekson.com\/fr\/producto\/black-674-matte-noir-mat\/\" \/>\n<meta property=\"og:site_name\" content=\"Arekson Group\" \/>\n<meta property=\"article:modified_time\" content=\"2022-06-15T14:10:00+00:00\" \/>\n<meta property=\"og:image\" content=\"https:\/\/arekson.com\/wp-content\/uploads\/2022\/05\/PTX674B.jpg\" \/>\n\t<meta property=\"og:image:width\" content=\"800\" \/>\n\t<meta property=\"og:image:height\" content=\"800\" \/>\n\t<meta property=\"og:image:type\" content=\"image\/jpeg\" \/>\n<meta name=\"twitter:card\" content=\"summary_large_image\" \/>\n<script type=\"application\/ld+json\" class=\"yoast-schema-graph\">{\"@context\":\"https:\/\/schema.org\",\"@graph\":[{\"@type\":\"WebPage\",\"@id\":\"https:\/\/arekson.com\/fr\/producto\/black-674-matte-noir-mat\/\",\"url\":\"https:\/\/arekson.com\/fr\/producto\/black-674-matte-noir-mat\/\",\"name\":\"SEICAR | BLACK 674 MATTE | Noir mat\",\"isPartOf\":{\"@id\":\"https:\/\/arekson.com\/fr\/#website\"},\"primaryImageOfPage\":{\"@id\":\"https:\/\/arekson.com\/fr\/producto\/black-674-matte-noir-mat\/#primaryimage\"},\"image\":{\"@id\":\"https:\/\/arekson.com\/fr\/producto\/black-674-matte-noir-mat\/#primaryimage\"},\"thumbnailUrl\":\"https:\/\/arekson.com\/wp-content\/uploads\/2022\/05\/PTX674B.jpg\",\"datePublished\":\"2022-06-03T16:08:43+00:00\",\"dateModified\":\"2022-06-15T14:10:00+00:00\",\"description\":\"BLACK 674 MATTE | Noir mat | PRODUITS CHIMIQUES | VERNIS - PEINTURES - DISSOLVANTS | REF: PTX674B | SEICAR\",\"breadcrumb\":{\"@id\":\"https:\/\/arekson.com\/fr\/producto\/black-674-matte-noir-mat\/#breadcrumb\"},\"inLanguage\":\"fr-FR\",\"potentialAction\":[{\"@type\":\"ReadAction\",\"target\":[\"https:\/\/arekson.com\/fr\/producto\/black-674-matte-noir-mat\/\"]}]},{\"@type\":\"ImageObject\",\"inLanguage\":\"fr-FR\",\"@id\":\"https:\/\/arekson.com\/fr\/producto\/black-674-matte-noir-mat\/#primaryimage\",\"url\":\"https:\/\/arekson.com\/wp-content\/uploads\/2022\/05\/PTX674B.jpg\",\"contentUrl\":\"https:\/\/arekson.com\/wp-content\/uploads\/2022\/05\/PTX674B.jpg\",\"width\":800,\"height\":800},{\"@type\":\"BreadcrumbList\",\"@id\":\"https:\/\/arekson.com\/fr\/producto\/black-674-matte-noir-mat\/#breadcrumb\",\"itemListElement\":[{\"@type\":\"ListItem\",\"position\":1,\"name\":\"Home\",\"item\":\"https:\/\/arekson.com\/fr\/\"},{\"@type\":\"ListItem\",\"position\":2,\"name\":\"Produits\",\"item\":\"https:\/\/arekson.com\/fr\/shop\/\"},{\"@type\":\"ListItem\",\"position\":3,\"name\":\"BLACK 674 MATTE Noir mat\"}]},{\"@type\":\"WebSite\",\"@id\":\"https:\/\/arekson.com\/fr\/#website\",\"url\":\"https:\/\/arekson.com\/fr\/\",\"name\":\"Arekson Group\",\"description\":\"Marcas Referentes del Automovil Profesional\",\"publisher\":{\"@id\":\"https:\/\/arekson.com\/fr\/#organization\"},\"potentialAction\":[{\"@type\":\"SearchAction\",\"target\":{\"@type\":\"EntryPoint\",\"urlTemplate\":\"https:\/\/arekson.com\/fr\/?s={search_term_string}\"},\"query-input\":{\"@type\":\"PropertyValueSpecification\",\"valueRequired\":true,\"valueName\":\"search_term_string\"}}],\"inLanguage\":\"fr-FR\"},{\"@type\":\"Organization\",\"@id\":\"https:\/\/arekson.com\/fr\/#organization\",\"name\":\"Arekson Group\",\"url\":\"https:\/\/arekson.com\/fr\/\",\"logo\":{\"@type\":\"ImageObject\",\"inLanguage\":\"fr-FR\",\"@id\":\"https:\/\/arekson.com\/fr\/#\/schema\/logo\/image\/\",\"url\":\"https:\/\/arekson.com\/wp-content\/uploads\/2022\/06\/Arekson-Group-Logo-Gris.jpg\",\"contentUrl\":\"https:\/\/arekson.com\/wp-content\/uploads\/2022\/06\/Arekson-Group-Logo-Gris.jpg\",\"width\":174,\"height\":72,\"caption\":\"Arekson Group\"},\"image\":{\"@id\":\"https:\/\/arekson.com\/fr\/#\/schema\/logo\/image\/\"}}]}<\/script>\n<!-- \/ Yoast SEO plugin. -->","yoast_head_json":{"title":"SEICAR | BLACK 674 MATTE | Noir mat","description":"BLACK 674 MATTE | Noir mat | PRODUITS CHIMIQUES | VERNIS - PEINTURES - DISSOLVANTS | REF: PTX674B | SEICAR","robots":{"index":"index","follow":"follow","max-snippet":"max-snippet:-1","max-image-preview":"max-image-preview:large","max-video-preview":"max-video-preview:-1"},"canonical":"https:\/\/arekson.com\/fr\/producto\/black-674-matte-noir-mat\/","og_locale":"fr_FR","og_type":"article","og_title":"SEICAR | BLACK 674 MATTE | Noir mat","og_description":"BLACK 674 MATTE | Noir mat | PRODUITS CHIMIQUES | VERNIS - PEINTURES - DISSOLVANTS | REF: PTX674B | SEICAR","og_url":"https:\/\/arekson.com\/fr\/producto\/black-674-matte-noir-mat\/","og_site_name":"Arekson Group","article_modified_time":"2022-06-15T14:10:00+00:00","og_image":[{"width":800,"height":800,"url":"https:\/\/arekson.com\/wp-content\/uploads\/2022\/05\/PTX674B.jpg","type":"image\/jpeg"}],"twitter_card":"summary_large_image","schema":{"@context":"https:\/\/schema.org","@graph":[{"@type":"WebPage","@id":"https:\/\/arekson.com\/fr\/producto\/black-674-matte-noir-mat\/","url":"https:\/\/arekson.com\/fr\/producto\/black-674-matte-noir-mat\/","name":"SEICAR | BLACK 674 MATTE | Noir mat","isPartOf":{"@id":"https:\/\/arekson.com\/fr\/#website"},"primaryImageOfPage":{"@id":"https:\/\/arekson.com\/fr\/producto\/black-674-matte-noir-mat\/#primaryimage"},"image":{"@id":"https:\/\/arekson.com\/fr\/producto\/black-674-matte-noir-mat\/#primaryimage"},"thumbnailUrl":"https:\/\/arekson.com\/wp-content\/uploads\/2022\/05\/PTX674B.jpg","datePublished":"2022-06-03T16:08:43+00:00","dateModified":"2022-06-15T14:10:00+00:00","description":"BLACK 674 MATTE | Noir mat | PRODUITS CHIMIQUES | VERNIS - PEINTURES - DISSOLVANTS | REF: PTX674B | SEICAR","breadcrumb":{"@id":"https:\/\/arekson.com\/fr\/producto\/black-674-matte-noir-mat\/#breadcrumb"},"inLanguage":"fr-FR","potentialAction":[{"@type":"ReadAction","target":["https:\/\/arekson.com\/fr\/producto\/black-674-matte-noir-mat\/"]}]},{"@type":"ImageObject","inLanguage":"fr-FR","@id":"https:\/\/arekson.com\/fr\/producto\/black-674-matte-noir-mat\/#primaryimage","url":"https:\/\/arekson.com\/wp-content\/uploads\/2022\/05\/PTX674B.jpg","contentUrl":"https:\/\/arekson.com\/wp-content\/uploads\/2022\/05\/PTX674B.jpg","width":800,"height":800},{"@type":"BreadcrumbList","@id":"https:\/\/arekson.com\/fr\/producto\/black-674-matte-noir-mat\/#breadcrumb","itemListElement":[{"@type":"ListItem","position":1,"name":"Home","item":"https:\/\/arekson.com\/fr\/"},{"@type":"ListItem","position":2,"name":"Produits","item":"https:\/\/arekson.com\/fr\/shop\/"},{"@type":"ListItem","position":3,"name":"BLACK 674 MATTE Noir mat"}]},{"@type":"WebSite","@id":"https:\/\/arekson.com\/fr\/#website","url":"https:\/\/arekson.com\/fr\/","name":"Arekson Group","description":"Marcas Referentes del Automovil Profesional","publisher":{"@id":"https:\/\/arekson.com\/fr\/#organization"},"potentialAction":[{"@type":"SearchAction","target":{"@type":"EntryPoint","urlTemplate":"https:\/\/arekson.com\/fr\/?s={search_term_string}"},"query-input":{"@type":"PropertyValueSpecification","valueRequired":true,"valueName":"search_term_string"}}],"inLanguage":"fr-FR"},{"@type":"Organization","@id":"https:\/\/arekson.com\/fr\/#organization","name":"Arekson Group","url":"https:\/\/arekson.com\/fr\/","logo":{"@type":"ImageObject","inLanguage":"fr-FR","@id":"https:\/\/arekson.com\/fr\/#\/schema\/logo\/image\/","url":"https:\/\/arekson.com\/wp-content\/uploads\/2022\/06\/Arekson-Group-Logo-Gris.jpg","contentUrl":"https:\/\/arekson.com\/wp-content\/uploads\/2022\/06\/Arekson-Group-Logo-Gris.jpg","width":174,"height":72,"caption":"Arekson Group"},"image":{"@id":"https:\/\/arekson.com\/fr\/#\/schema\/logo\/image\/"}}]}},"_links":{"self":[{"href":"https:\/\/arekson.com\/fr\/wp-json\/wp\/v2\/product\/18332","targetHints":{"allow":["GET"]}}],"collection":[{"href":"https:\/\/arekson.com\/fr\/wp-json\/wp\/v2\/product"}],"about":[{"href":"https:\/\/arekson.com\/fr\/wp-json\/wp\/v2\/types\/product"}],"wp:featuredmedia":[{"embeddable":true,"href":"https:\/\/arekson.com\/fr\/wp-json\/wp\/v2\/media\/6772"}],"wp:attachment":[{"href":"https:\/\/arekson.com\/fr\/wp-json\/wp\/v2\/media?parent=18332"}],"wp:term":[{"taxonomy":"product_brand","embeddable":true,"href":"https:\/\/arekson.com\/fr\/wp-json\/wp\/v2\/product_brand?post=18332"},{"taxonomy":"product_cat","embeddable":true,"href":"https:\/\/arekson.com\/fr\/wp-json\/wp\/v2\/product_cat?post=18332"},{"taxonomy":"product_tag","embeddable":true,"href":"https:\/\/arekson.com\/fr\/wp-json\/wp\/v2\/product_tag?post=18332"}],"curies":[{"name":"wp","href":"https:\/\/api.w.org\/{rel}","templated":true}]}}