{"id":18324,"date":"2022-06-03T18:08:39","date_gmt":"2022-06-03T16:08:39","guid":{"rendered":"https:\/\/arekson.com\/producto\/klarlack-695-vernis-acrylique-en-aerosol\/"},"modified":"2023-06-16T08:40:29","modified_gmt":"2023-06-16T06:40:29","slug":"klarlack-695-vernis-acrylique-en-aerosol","status":"publish","type":"product","link":"https:\/\/arekson.com\/fr\/producto\/klarlack-695-vernis-acrylique-en-aerosol\/","title":{"rendered":"<strong><span class=\"nom-corto\">KLARLACK 695 <\/span><\/strong><br><span class=\"nom-largo\">Vernis acrylique en a\u00e9rosol<\/span>"},"content":{"rendered":"<p style=\"text-align: right;\"><a class=\"boton-ficha\" href=\"https:\/\/arekson.com\/wp-content\/uploads\/2023\/06\/BAX695-KLARLACK-695-FT-02.2020_FR.pdf\" target=\"_blank\" rel=\"noopener\">D\u00e9tails Techniques<\/a> <\/p>\n","protected":false},"excerpt":{"rendered":"<p>Vernis acrylique en a\u00e9rosol. S\u00e9chage rapide avec un bon pouvoir couvrant et une excellente adh\u00e9sion sur diff\u00e9rentes surfaces telles que le bois, m\u00e9tal, verre et diff\u00e9rents types de mati\u00e8res plastiques. R\u00e9sistant \u00e0 l&rsquo;essence, aux substances chimiques, aux intemp\u00e9ries et aux rayons ultraviolets.<\/p>\n","protected":false},"featured_media":5218,"template":"","meta":{"_et_pb_use_builder":"","_et_pb_old_content":"","_et_gb_content_width":""},"product_brand":[],"product_cat":[1223,370,1227,1225],"product_tag":[],"class_list":{"0":"post-18324","1":"product","2":"type-product","3":"status-publish","4":"has-post-thumbnail","6":"product_cat-chimiques","7":"product_cat-seicar-fr","8":"product_cat-vernis","9":"product_cat-vernis-peintures-dissolvants","10":"pa_seicar-fr-ref-bax695-transparent-spray-400-ml-12-unites","12":"first","13":"outofstock","14":"purchasable","15":"product-type-variable"},"yoast_head":"<!-- This site is optimized with the Yoast SEO plugin v27.2 - https:\/\/yoast.com\/product\/yoast-seo-wordpress\/ -->\n<title>SEICAR | KLARLACK 695 | Vernis acrylique en a\u00e9rosol<\/title>\n<meta name=\"description\" content=\"KLARLACK 695 | Vernis acrylique en a\u00e9rosol | PRODUITS CHIMIQUES | VERNIS - PEINTURES - DISSOLVANTS | REF: BAX695 | SEICAR\" \/>\n<meta name=\"robots\" content=\"index, follow, max-snippet:-1, max-image-preview:large, max-video-preview:-1\" \/>\n<link rel=\"canonical\" href=\"https:\/\/arekson.com\/fr\/producto\/klarlack-695-vernis-acrylique-en-aerosol\/\" \/>\n<meta property=\"og:locale\" content=\"fr_FR\" \/>\n<meta property=\"og:type\" content=\"article\" \/>\n<meta property=\"og:title\" content=\"SEICAR | KLARLACK 695 | Vernis acrylique en a\u00e9rosol\" \/>\n<meta property=\"og:description\" content=\"KLARLACK 695 | Vernis acrylique en a\u00e9rosol | PRODUITS CHIMIQUES | VERNIS - PEINTURES - DISSOLVANTS | REF: BAX695 | SEICAR\" \/>\n<meta property=\"og:url\" content=\"https:\/\/arekson.com\/fr\/producto\/klarlack-695-vernis-acrylique-en-aerosol\/\" \/>\n<meta property=\"og:site_name\" content=\"Arekson Group\" \/>\n<meta property=\"article:modified_time\" content=\"2023-06-16T06:40:29+00:00\" \/>\n<meta property=\"og:image\" content=\"https:\/\/arekson.com\/wp-content\/uploads\/2022\/05\/BAX695.jpg\" \/>\n\t<meta property=\"og:image:width\" content=\"800\" \/>\n\t<meta property=\"og:image:height\" content=\"800\" \/>\n\t<meta property=\"og:image:type\" content=\"image\/jpeg\" \/>\n<meta name=\"twitter:card\" content=\"summary_large_image\" \/>\n<script type=\"application\/ld+json\" class=\"yoast-schema-graph\">{\"@context\":\"https:\/\/schema.org\",\"@graph\":[{\"@type\":\"WebPage\",\"@id\":\"https:\/\/arekson.com\/fr\/producto\/klarlack-695-vernis-acrylique-en-aerosol\/\",\"url\":\"https:\/\/arekson.com\/fr\/producto\/klarlack-695-vernis-acrylique-en-aerosol\/\",\"name\":\"SEICAR | KLARLACK 695 | Vernis acrylique en a\u00e9rosol\",\"isPartOf\":{\"@id\":\"https:\/\/arekson.com\/fr\/#website\"},\"primaryImageOfPage\":{\"@id\":\"https:\/\/arekson.com\/fr\/producto\/klarlack-695-vernis-acrylique-en-aerosol\/#primaryimage\"},\"image\":{\"@id\":\"https:\/\/arekson.com\/fr\/producto\/klarlack-695-vernis-acrylique-en-aerosol\/#primaryimage\"},\"thumbnailUrl\":\"https:\/\/arekson.com\/wp-content\/uploads\/2022\/05\/BAX695.jpg\",\"datePublished\":\"2022-06-03T16:08:39+00:00\",\"dateModified\":\"2023-06-16T06:40:29+00:00\",\"description\":\"KLARLACK 695 | Vernis acrylique en a\u00e9rosol | PRODUITS CHIMIQUES | VERNIS - PEINTURES - DISSOLVANTS | REF: BAX695 | SEICAR\",\"breadcrumb\":{\"@id\":\"https:\/\/arekson.com\/fr\/producto\/klarlack-695-vernis-acrylique-en-aerosol\/#breadcrumb\"},\"inLanguage\":\"fr-FR\",\"potentialAction\":[{\"@type\":\"ReadAction\",\"target\":[\"https:\/\/arekson.com\/fr\/producto\/klarlack-695-vernis-acrylique-en-aerosol\/\"]}]},{\"@type\":\"ImageObject\",\"inLanguage\":\"fr-FR\",\"@id\":\"https:\/\/arekson.com\/fr\/producto\/klarlack-695-vernis-acrylique-en-aerosol\/#primaryimage\",\"url\":\"https:\/\/arekson.com\/wp-content\/uploads\/2022\/05\/BAX695.jpg\",\"contentUrl\":\"https:\/\/arekson.com\/wp-content\/uploads\/2022\/05\/BAX695.jpg\",\"width\":800,\"height\":800},{\"@type\":\"BreadcrumbList\",\"@id\":\"https:\/\/arekson.com\/fr\/producto\/klarlack-695-vernis-acrylique-en-aerosol\/#breadcrumb\",\"itemListElement\":[{\"@type\":\"ListItem\",\"position\":1,\"name\":\"Home\",\"item\":\"https:\/\/arekson.com\/fr\/\"},{\"@type\":\"ListItem\",\"position\":2,\"name\":\"Produits\",\"item\":\"https:\/\/arekson.com\/fr\/shop\/\"},{\"@type\":\"ListItem\",\"position\":3,\"name\":\"KLARLACK 695 Vernis acrylique en a\u00e9rosol\"}]},{\"@type\":\"WebSite\",\"@id\":\"https:\/\/arekson.com\/fr\/#website\",\"url\":\"https:\/\/arekson.com\/fr\/\",\"name\":\"Arekson Group\",\"description\":\"Marcas Referentes del Automovil Profesional\",\"publisher\":{\"@id\":\"https:\/\/arekson.com\/fr\/#organization\"},\"potentialAction\":[{\"@type\":\"SearchAction\",\"target\":{\"@type\":\"EntryPoint\",\"urlTemplate\":\"https:\/\/arekson.com\/fr\/?s={search_term_string}\"},\"query-input\":{\"@type\":\"PropertyValueSpecification\",\"valueRequired\":true,\"valueName\":\"search_term_string\"}}],\"inLanguage\":\"fr-FR\"},{\"@type\":\"Organization\",\"@id\":\"https:\/\/arekson.com\/fr\/#organization\",\"name\":\"Arekson Group\",\"url\":\"https:\/\/arekson.com\/fr\/\",\"logo\":{\"@type\":\"ImageObject\",\"inLanguage\":\"fr-FR\",\"@id\":\"https:\/\/arekson.com\/fr\/#\/schema\/logo\/image\/\",\"url\":\"https:\/\/arekson.com\/wp-content\/uploads\/2022\/06\/Arekson-Group-Logo-Gris.jpg\",\"contentUrl\":\"https:\/\/arekson.com\/wp-content\/uploads\/2022\/06\/Arekson-Group-Logo-Gris.jpg\",\"width\":174,\"height\":72,\"caption\":\"Arekson Group\"},\"image\":{\"@id\":\"https:\/\/arekson.com\/fr\/#\/schema\/logo\/image\/\"}}]}<\/script>\n<!-- \/ Yoast SEO plugin. -->","yoast_head_json":{"title":"SEICAR | KLARLACK 695 | Vernis acrylique en a\u00e9rosol","description":"KLARLACK 695 | Vernis acrylique en a\u00e9rosol | PRODUITS CHIMIQUES | VERNIS - PEINTURES - DISSOLVANTS | REF: BAX695 | SEICAR","robots":{"index":"index","follow":"follow","max-snippet":"max-snippet:-1","max-image-preview":"max-image-preview:large","max-video-preview":"max-video-preview:-1"},"canonical":"https:\/\/arekson.com\/fr\/producto\/klarlack-695-vernis-acrylique-en-aerosol\/","og_locale":"fr_FR","og_type":"article","og_title":"SEICAR | KLARLACK 695 | Vernis acrylique en a\u00e9rosol","og_description":"KLARLACK 695 | Vernis acrylique en a\u00e9rosol | PRODUITS CHIMIQUES | VERNIS - PEINTURES - DISSOLVANTS | REF: BAX695 | SEICAR","og_url":"https:\/\/arekson.com\/fr\/producto\/klarlack-695-vernis-acrylique-en-aerosol\/","og_site_name":"Arekson Group","article_modified_time":"2023-06-16T06:40:29+00:00","og_image":[{"width":800,"height":800,"url":"https:\/\/arekson.com\/wp-content\/uploads\/2022\/05\/BAX695.jpg","type":"image\/jpeg"}],"twitter_card":"summary_large_image","schema":{"@context":"https:\/\/schema.org","@graph":[{"@type":"WebPage","@id":"https:\/\/arekson.com\/fr\/producto\/klarlack-695-vernis-acrylique-en-aerosol\/","url":"https:\/\/arekson.com\/fr\/producto\/klarlack-695-vernis-acrylique-en-aerosol\/","name":"SEICAR | KLARLACK 695 | Vernis acrylique en a\u00e9rosol","isPartOf":{"@id":"https:\/\/arekson.com\/fr\/#website"},"primaryImageOfPage":{"@id":"https:\/\/arekson.com\/fr\/producto\/klarlack-695-vernis-acrylique-en-aerosol\/#primaryimage"},"image":{"@id":"https:\/\/arekson.com\/fr\/producto\/klarlack-695-vernis-acrylique-en-aerosol\/#primaryimage"},"thumbnailUrl":"https:\/\/arekson.com\/wp-content\/uploads\/2022\/05\/BAX695.jpg","datePublished":"2022-06-03T16:08:39+00:00","dateModified":"2023-06-16T06:40:29+00:00","description":"KLARLACK 695 | Vernis acrylique en a\u00e9rosol | PRODUITS CHIMIQUES | VERNIS - PEINTURES - DISSOLVANTS | REF: BAX695 | SEICAR","breadcrumb":{"@id":"https:\/\/arekson.com\/fr\/producto\/klarlack-695-vernis-acrylique-en-aerosol\/#breadcrumb"},"inLanguage":"fr-FR","potentialAction":[{"@type":"ReadAction","target":["https:\/\/arekson.com\/fr\/producto\/klarlack-695-vernis-acrylique-en-aerosol\/"]}]},{"@type":"ImageObject","inLanguage":"fr-FR","@id":"https:\/\/arekson.com\/fr\/producto\/klarlack-695-vernis-acrylique-en-aerosol\/#primaryimage","url":"https:\/\/arekson.com\/wp-content\/uploads\/2022\/05\/BAX695.jpg","contentUrl":"https:\/\/arekson.com\/wp-content\/uploads\/2022\/05\/BAX695.jpg","width":800,"height":800},{"@type":"BreadcrumbList","@id":"https:\/\/arekson.com\/fr\/producto\/klarlack-695-vernis-acrylique-en-aerosol\/#breadcrumb","itemListElement":[{"@type":"ListItem","position":1,"name":"Home","item":"https:\/\/arekson.com\/fr\/"},{"@type":"ListItem","position":2,"name":"Produits","item":"https:\/\/arekson.com\/fr\/shop\/"},{"@type":"ListItem","position":3,"name":"KLARLACK 695 Vernis acrylique en a\u00e9rosol"}]},{"@type":"WebSite","@id":"https:\/\/arekson.com\/fr\/#website","url":"https:\/\/arekson.com\/fr\/","name":"Arekson Group","description":"Marcas Referentes del Automovil Profesional","publisher":{"@id":"https:\/\/arekson.com\/fr\/#organization"},"potentialAction":[{"@type":"SearchAction","target":{"@type":"EntryPoint","urlTemplate":"https:\/\/arekson.com\/fr\/?s={search_term_string}"},"query-input":{"@type":"PropertyValueSpecification","valueRequired":true,"valueName":"search_term_string"}}],"inLanguage":"fr-FR"},{"@type":"Organization","@id":"https:\/\/arekson.com\/fr\/#organization","name":"Arekson Group","url":"https:\/\/arekson.com\/fr\/","logo":{"@type":"ImageObject","inLanguage":"fr-FR","@id":"https:\/\/arekson.com\/fr\/#\/schema\/logo\/image\/","url":"https:\/\/arekson.com\/wp-content\/uploads\/2022\/06\/Arekson-Group-Logo-Gris.jpg","contentUrl":"https:\/\/arekson.com\/wp-content\/uploads\/2022\/06\/Arekson-Group-Logo-Gris.jpg","width":174,"height":72,"caption":"Arekson Group"},"image":{"@id":"https:\/\/arekson.com\/fr\/#\/schema\/logo\/image\/"}}]}},"_links":{"self":[{"href":"https:\/\/arekson.com\/fr\/wp-json\/wp\/v2\/product\/18324","targetHints":{"allow":["GET"]}}],"collection":[{"href":"https:\/\/arekson.com\/fr\/wp-json\/wp\/v2\/product"}],"about":[{"href":"https:\/\/arekson.com\/fr\/wp-json\/wp\/v2\/types\/product"}],"wp:featuredmedia":[{"embeddable":true,"href":"https:\/\/arekson.com\/fr\/wp-json\/wp\/v2\/media\/5218"}],"wp:attachment":[{"href":"https:\/\/arekson.com\/fr\/wp-json\/wp\/v2\/media?parent=18324"}],"wp:term":[{"taxonomy":"product_brand","embeddable":true,"href":"https:\/\/arekson.com\/fr\/wp-json\/wp\/v2\/product_brand?post=18324"},{"taxonomy":"product_cat","embeddable":true,"href":"https:\/\/arekson.com\/fr\/wp-json\/wp\/v2\/product_cat?post=18324"},{"taxonomy":"product_tag","embeddable":true,"href":"https:\/\/arekson.com\/fr\/wp-json\/wp\/v2\/product_tag?post=18324"}],"curies":[{"name":"wp","href":"https:\/\/api.w.org\/{rel}","templated":true}]}}