{"id":18302,"date":"2022-06-03T18:08:31","date_gmt":"2022-06-03T16:08:31","guid":{"rendered":"https:\/\/arekson.com\/producto\/klarlack-655-express-uhs-21-vernis-rapide-de-pieces-uhs\/"},"modified":"2022-06-15T16:09:20","modified_gmt":"2022-06-15T14:09:20","slug":"klarlack-655-express-uhs-21-vernis-rapide-de-pieces-uhs","status":"publish","type":"product","link":"https:\/\/arekson.com\/fr\/producto\/klarlack-655-express-uhs-21-vernis-rapide-de-pieces-uhs\/","title":{"rendered":"<strong><span class=\"nom-corto\">KLARLACK 655 EXPRESS UHS 2:1 <\/span><\/strong><br><span class=\"nom-largo\">Vernis rapide de pi\u00e8ces UHS.<\/span>"},"content":{"rendered":"","protected":false},"excerpt":{"rendered":"<p>Vernis acrylique UHS \u00e0 deux composants pour les r\u00e9parations partielles. S\u00e9chage rapide sans besoin de chaleur dans la cabine et extensibilit\u00e9 in\u00e9gal\u00e9e de la finition pour atteindre le pourcentage maximal de luminosit\u00e9. Grande r\u00e9sistance aux rayures et aux rayons UV. Top qualit\u00e9. Conforme \u00e0 la l\u00e9gislation sur les COV.<\/p>\n","protected":false},"featured_media":5209,"template":"","meta":{"_et_pb_use_builder":"","_et_pb_old_content":"","_et_gb_content_width":""},"product_brand":[],"product_cat":[1223,370,1227,1225],"product_tag":[],"class_list":{"0":"post-18302","1":"product","2":"type-product","3":"status-publish","4":"has-post-thumbnail","6":"product_cat-chimiques","7":"product_cat-seicar-fr","8":"product_cat-vernis","9":"product_cat-vernis-peintures-dissolvants","10":"pa_seicar-fr-ref-bax655-transparent-conditionnement-en-fer-blanc-5-lt-3-unites","12":"first","13":"outofstock","14":"purchasable","15":"product-type-variable"},"yoast_head":"<!-- This site is optimized with the Yoast SEO plugin v27.2 - https:\/\/yoast.com\/product\/yoast-seo-wordpress\/ -->\n<title>SEICAR | KLARLACK 655 EXPRESS UHS 2:1 | Vernis rapide de pi\u00e8ces UHS.<\/title>\n<meta name=\"description\" content=\"KLARLACK 655 EXPRESS UHS 2:1 | Vernis rapide de pi\u00e8ces UHS. | PRODUITS CHIMIQUES | VERNIS - PEINTURES - DISSOLVANTS | REF: BAX655 | SEICAR\" \/>\n<meta name=\"robots\" content=\"index, follow, max-snippet:-1, max-image-preview:large, max-video-preview:-1\" \/>\n<link rel=\"canonical\" href=\"https:\/\/arekson.com\/fr\/producto\/klarlack-655-express-uhs-21-vernis-rapide-de-pieces-uhs\/\" \/>\n<meta property=\"og:locale\" content=\"fr_FR\" \/>\n<meta property=\"og:type\" content=\"article\" \/>\n<meta property=\"og:title\" content=\"SEICAR | KLARLACK 655 EXPRESS UHS 2:1 | Vernis rapide de pi\u00e8ces UHS.\" \/>\n<meta property=\"og:description\" content=\"KLARLACK 655 EXPRESS UHS 2:1 | Vernis rapide de pi\u00e8ces UHS. | PRODUITS CHIMIQUES | VERNIS - PEINTURES - DISSOLVANTS | REF: BAX655 | SEICAR\" \/>\n<meta property=\"og:url\" content=\"https:\/\/arekson.com\/fr\/producto\/klarlack-655-express-uhs-21-vernis-rapide-de-pieces-uhs\/\" \/>\n<meta property=\"og:site_name\" content=\"Arekson Group\" \/>\n<meta property=\"article:modified_time\" content=\"2022-06-15T14:09:20+00:00\" \/>\n<meta property=\"og:image\" content=\"https:\/\/arekson.com\/wp-content\/uploads\/2022\/05\/BAX655.jpg\" \/>\n\t<meta property=\"og:image:width\" content=\"800\" \/>\n\t<meta property=\"og:image:height\" content=\"800\" \/>\n\t<meta property=\"og:image:type\" content=\"image\/jpeg\" \/>\n<meta name=\"twitter:card\" content=\"summary_large_image\" \/>\n<script type=\"application\/ld+json\" class=\"yoast-schema-graph\">{\"@context\":\"https:\/\/schema.org\",\"@graph\":[{\"@type\":\"WebPage\",\"@id\":\"https:\/\/arekson.com\/fr\/producto\/klarlack-655-express-uhs-21-vernis-rapide-de-pieces-uhs\/\",\"url\":\"https:\/\/arekson.com\/fr\/producto\/klarlack-655-express-uhs-21-vernis-rapide-de-pieces-uhs\/\",\"name\":\"SEICAR | KLARLACK 655 EXPRESS UHS 2:1 | Vernis rapide de pi\u00e8ces UHS.\",\"isPartOf\":{\"@id\":\"https:\/\/arekson.com\/fr\/#website\"},\"primaryImageOfPage\":{\"@id\":\"https:\/\/arekson.com\/fr\/producto\/klarlack-655-express-uhs-21-vernis-rapide-de-pieces-uhs\/#primaryimage\"},\"image\":{\"@id\":\"https:\/\/arekson.com\/fr\/producto\/klarlack-655-express-uhs-21-vernis-rapide-de-pieces-uhs\/#primaryimage\"},\"thumbnailUrl\":\"https:\/\/arekson.com\/wp-content\/uploads\/2022\/05\/BAX655.jpg\",\"datePublished\":\"2022-06-03T16:08:31+00:00\",\"dateModified\":\"2022-06-15T14:09:20+00:00\",\"description\":\"KLARLACK 655 EXPRESS UHS 2:1 | Vernis rapide de pi\u00e8ces UHS. | PRODUITS CHIMIQUES | VERNIS - PEINTURES - DISSOLVANTS | REF: BAX655 | SEICAR\",\"breadcrumb\":{\"@id\":\"https:\/\/arekson.com\/fr\/producto\/klarlack-655-express-uhs-21-vernis-rapide-de-pieces-uhs\/#breadcrumb\"},\"inLanguage\":\"fr-FR\",\"potentialAction\":[{\"@type\":\"ReadAction\",\"target\":[\"https:\/\/arekson.com\/fr\/producto\/klarlack-655-express-uhs-21-vernis-rapide-de-pieces-uhs\/\"]}]},{\"@type\":\"ImageObject\",\"inLanguage\":\"fr-FR\",\"@id\":\"https:\/\/arekson.com\/fr\/producto\/klarlack-655-express-uhs-21-vernis-rapide-de-pieces-uhs\/#primaryimage\",\"url\":\"https:\/\/arekson.com\/wp-content\/uploads\/2022\/05\/BAX655.jpg\",\"contentUrl\":\"https:\/\/arekson.com\/wp-content\/uploads\/2022\/05\/BAX655.jpg\",\"width\":800,\"height\":800},{\"@type\":\"BreadcrumbList\",\"@id\":\"https:\/\/arekson.com\/fr\/producto\/klarlack-655-express-uhs-21-vernis-rapide-de-pieces-uhs\/#breadcrumb\",\"itemListElement\":[{\"@type\":\"ListItem\",\"position\":1,\"name\":\"Home\",\"item\":\"https:\/\/arekson.com\/fr\/\"},{\"@type\":\"ListItem\",\"position\":2,\"name\":\"Produits\",\"item\":\"https:\/\/arekson.com\/fr\/shop\/\"},{\"@type\":\"ListItem\",\"position\":3,\"name\":\"KLARLACK 655 EXPRESS UHS 2:1 Vernis rapide de pi\u00e8ces UHS.\"}]},{\"@type\":\"WebSite\",\"@id\":\"https:\/\/arekson.com\/fr\/#website\",\"url\":\"https:\/\/arekson.com\/fr\/\",\"name\":\"Arekson Group\",\"description\":\"Marcas Referentes del Automovil Profesional\",\"publisher\":{\"@id\":\"https:\/\/arekson.com\/fr\/#organization\"},\"potentialAction\":[{\"@type\":\"SearchAction\",\"target\":{\"@type\":\"EntryPoint\",\"urlTemplate\":\"https:\/\/arekson.com\/fr\/?s={search_term_string}\"},\"query-input\":{\"@type\":\"PropertyValueSpecification\",\"valueRequired\":true,\"valueName\":\"search_term_string\"}}],\"inLanguage\":\"fr-FR\"},{\"@type\":\"Organization\",\"@id\":\"https:\/\/arekson.com\/fr\/#organization\",\"name\":\"Arekson Group\",\"url\":\"https:\/\/arekson.com\/fr\/\",\"logo\":{\"@type\":\"ImageObject\",\"inLanguage\":\"fr-FR\",\"@id\":\"https:\/\/arekson.com\/fr\/#\/schema\/logo\/image\/\",\"url\":\"https:\/\/arekson.com\/wp-content\/uploads\/2022\/06\/Arekson-Group-Logo-Gris.jpg\",\"contentUrl\":\"https:\/\/arekson.com\/wp-content\/uploads\/2022\/06\/Arekson-Group-Logo-Gris.jpg\",\"width\":174,\"height\":72,\"caption\":\"Arekson Group\"},\"image\":{\"@id\":\"https:\/\/arekson.com\/fr\/#\/schema\/logo\/image\/\"}}]}<\/script>\n<!-- \/ Yoast SEO plugin. -->","yoast_head_json":{"title":"SEICAR | KLARLACK 655 EXPRESS UHS 2:1 | Vernis rapide de pi\u00e8ces UHS.","description":"KLARLACK 655 EXPRESS UHS 2:1 | Vernis rapide de pi\u00e8ces UHS. | PRODUITS CHIMIQUES | VERNIS - PEINTURES - DISSOLVANTS | REF: BAX655 | SEICAR","robots":{"index":"index","follow":"follow","max-snippet":"max-snippet:-1","max-image-preview":"max-image-preview:large","max-video-preview":"max-video-preview:-1"},"canonical":"https:\/\/arekson.com\/fr\/producto\/klarlack-655-express-uhs-21-vernis-rapide-de-pieces-uhs\/","og_locale":"fr_FR","og_type":"article","og_title":"SEICAR | KLARLACK 655 EXPRESS UHS 2:1 | Vernis rapide de pi\u00e8ces UHS.","og_description":"KLARLACK 655 EXPRESS UHS 2:1 | Vernis rapide de pi\u00e8ces UHS. | PRODUITS CHIMIQUES | VERNIS - PEINTURES - DISSOLVANTS | REF: BAX655 | SEICAR","og_url":"https:\/\/arekson.com\/fr\/producto\/klarlack-655-express-uhs-21-vernis-rapide-de-pieces-uhs\/","og_site_name":"Arekson Group","article_modified_time":"2022-06-15T14:09:20+00:00","og_image":[{"width":800,"height":800,"url":"https:\/\/arekson.com\/wp-content\/uploads\/2022\/05\/BAX655.jpg","type":"image\/jpeg"}],"twitter_card":"summary_large_image","schema":{"@context":"https:\/\/schema.org","@graph":[{"@type":"WebPage","@id":"https:\/\/arekson.com\/fr\/producto\/klarlack-655-express-uhs-21-vernis-rapide-de-pieces-uhs\/","url":"https:\/\/arekson.com\/fr\/producto\/klarlack-655-express-uhs-21-vernis-rapide-de-pieces-uhs\/","name":"SEICAR | KLARLACK 655 EXPRESS UHS 2:1 | Vernis rapide de pi\u00e8ces UHS.","isPartOf":{"@id":"https:\/\/arekson.com\/fr\/#website"},"primaryImageOfPage":{"@id":"https:\/\/arekson.com\/fr\/producto\/klarlack-655-express-uhs-21-vernis-rapide-de-pieces-uhs\/#primaryimage"},"image":{"@id":"https:\/\/arekson.com\/fr\/producto\/klarlack-655-express-uhs-21-vernis-rapide-de-pieces-uhs\/#primaryimage"},"thumbnailUrl":"https:\/\/arekson.com\/wp-content\/uploads\/2022\/05\/BAX655.jpg","datePublished":"2022-06-03T16:08:31+00:00","dateModified":"2022-06-15T14:09:20+00:00","description":"KLARLACK 655 EXPRESS UHS 2:1 | Vernis rapide de pi\u00e8ces UHS. | PRODUITS CHIMIQUES | VERNIS - PEINTURES - DISSOLVANTS | REF: BAX655 | SEICAR","breadcrumb":{"@id":"https:\/\/arekson.com\/fr\/producto\/klarlack-655-express-uhs-21-vernis-rapide-de-pieces-uhs\/#breadcrumb"},"inLanguage":"fr-FR","potentialAction":[{"@type":"ReadAction","target":["https:\/\/arekson.com\/fr\/producto\/klarlack-655-express-uhs-21-vernis-rapide-de-pieces-uhs\/"]}]},{"@type":"ImageObject","inLanguage":"fr-FR","@id":"https:\/\/arekson.com\/fr\/producto\/klarlack-655-express-uhs-21-vernis-rapide-de-pieces-uhs\/#primaryimage","url":"https:\/\/arekson.com\/wp-content\/uploads\/2022\/05\/BAX655.jpg","contentUrl":"https:\/\/arekson.com\/wp-content\/uploads\/2022\/05\/BAX655.jpg","width":800,"height":800},{"@type":"BreadcrumbList","@id":"https:\/\/arekson.com\/fr\/producto\/klarlack-655-express-uhs-21-vernis-rapide-de-pieces-uhs\/#breadcrumb","itemListElement":[{"@type":"ListItem","position":1,"name":"Home","item":"https:\/\/arekson.com\/fr\/"},{"@type":"ListItem","position":2,"name":"Produits","item":"https:\/\/arekson.com\/fr\/shop\/"},{"@type":"ListItem","position":3,"name":"KLARLACK 655 EXPRESS UHS 2:1 Vernis rapide de pi\u00e8ces UHS."}]},{"@type":"WebSite","@id":"https:\/\/arekson.com\/fr\/#website","url":"https:\/\/arekson.com\/fr\/","name":"Arekson Group","description":"Marcas Referentes del Automovil Profesional","publisher":{"@id":"https:\/\/arekson.com\/fr\/#organization"},"potentialAction":[{"@type":"SearchAction","target":{"@type":"EntryPoint","urlTemplate":"https:\/\/arekson.com\/fr\/?s={search_term_string}"},"query-input":{"@type":"PropertyValueSpecification","valueRequired":true,"valueName":"search_term_string"}}],"inLanguage":"fr-FR"},{"@type":"Organization","@id":"https:\/\/arekson.com\/fr\/#organization","name":"Arekson Group","url":"https:\/\/arekson.com\/fr\/","logo":{"@type":"ImageObject","inLanguage":"fr-FR","@id":"https:\/\/arekson.com\/fr\/#\/schema\/logo\/image\/","url":"https:\/\/arekson.com\/wp-content\/uploads\/2022\/06\/Arekson-Group-Logo-Gris.jpg","contentUrl":"https:\/\/arekson.com\/wp-content\/uploads\/2022\/06\/Arekson-Group-Logo-Gris.jpg","width":174,"height":72,"caption":"Arekson Group"},"image":{"@id":"https:\/\/arekson.com\/fr\/#\/schema\/logo\/image\/"}}]}},"_links":{"self":[{"href":"https:\/\/arekson.com\/fr\/wp-json\/wp\/v2\/product\/18302","targetHints":{"allow":["GET"]}}],"collection":[{"href":"https:\/\/arekson.com\/fr\/wp-json\/wp\/v2\/product"}],"about":[{"href":"https:\/\/arekson.com\/fr\/wp-json\/wp\/v2\/types\/product"}],"wp:featuredmedia":[{"embeddable":true,"href":"https:\/\/arekson.com\/fr\/wp-json\/wp\/v2\/media\/5209"}],"wp:attachment":[{"href":"https:\/\/arekson.com\/fr\/wp-json\/wp\/v2\/media?parent=18302"}],"wp:term":[{"taxonomy":"product_brand","embeddable":true,"href":"https:\/\/arekson.com\/fr\/wp-json\/wp\/v2\/product_brand?post=18302"},{"taxonomy":"product_cat","embeddable":true,"href":"https:\/\/arekson.com\/fr\/wp-json\/wp\/v2\/product_cat?post=18302"},{"taxonomy":"product_tag","embeddable":true,"href":"https:\/\/arekson.com\/fr\/wp-json\/wp\/v2\/product_tag?post=18302"}],"curies":[{"name":"wp","href":"https:\/\/api.w.org\/{rel}","templated":true}]}}