{"id":18243,"date":"2022-06-03T18:07:59","date_gmt":"2022-06-03T16:07:59","guid":{"rendered":"https:\/\/arekson.com\/producto\/plastic-plast-515-mastic-de-finition-pour-matieres-plastiques\/"},"modified":"2022-06-15T16:07:55","modified_gmt":"2022-06-15T14:07:55","slug":"plastic-plast-515-mastic-de-finition-pour-matieres-plastiques","status":"publish","type":"product","link":"https:\/\/arekson.com\/fr\/producto\/plastic-plast-515-mastic-de-finition-pour-matieres-plastiques\/","title":{"rendered":"<strong><span class=\"nom-corto\">PLASTIC PLAST 515 <\/span><\/strong><br><span class=\"nom-largo\">Mastic de finition pour mati\u00e8res plastiques<\/span>"},"content":{"rendered":"","protected":false},"excerpt":{"rendered":"<p>Mastic souple renforc\u00e9 de fibre de verre pour la r\u00e9paration et la finition de petites rayures et imperfections sur des composants plastiques. Pon\u00e7age excellent. Ne pas appliquer sur des polyur\u00e9thanes bi composants.<\/p>\n","protected":false},"featured_media":5461,"template":"","meta":{"_et_pb_use_builder":"","_et_pb_old_content":"","_et_gb_content_width":""},"product_brand":[],"product_cat":[1223,1279,370,1275],"product_tag":[],"class_list":{"0":"post-18243","1":"product","2":"type-product","3":"status-publish","4":"has-post-thumbnail","6":"product_cat-chimiques","7":"product_cat-reparation-et-collage-de-plastiques","8":"product_cat-seicar-fr","9":"product_cat-traitement-des-plastiques","10":"pa_seicar-fr-ref-cpx008-gris-fonce-conditionnement-en-fer-blanc-825-gr-6-unites","12":"first","13":"outofstock","14":"purchasable","15":"product-type-variable"},"yoast_head":"<!-- This site is optimized with the Yoast SEO plugin v27.2 - https:\/\/yoast.com\/product\/yoast-seo-wordpress\/ -->\n<title>SEICAR | PLASTIC PLAST 515 | Mastic de finition pour mati\u00e8res plastiques<\/title>\n<meta name=\"description\" content=\"PLASTIC PLAST 515 | Mastic de finition pour mati\u00e8res plastiques | PRODUITS CHIMIQUES | TRAITEMENT DES PLASTIQUES | REF: CPX008 | SEICAR\" \/>\n<meta name=\"robots\" content=\"index, follow, max-snippet:-1, max-image-preview:large, max-video-preview:-1\" \/>\n<link rel=\"canonical\" href=\"https:\/\/arekson.com\/fr\/producto\/plastic-plast-515-mastic-de-finition-pour-matieres-plastiques\/\" \/>\n<meta property=\"og:locale\" content=\"fr_FR\" \/>\n<meta property=\"og:type\" content=\"article\" \/>\n<meta property=\"og:title\" content=\"SEICAR | PLASTIC PLAST 515 | Mastic de finition pour mati\u00e8res plastiques\" \/>\n<meta property=\"og:description\" content=\"PLASTIC PLAST 515 | Mastic de finition pour mati\u00e8res plastiques | PRODUITS CHIMIQUES | TRAITEMENT DES PLASTIQUES | REF: CPX008 | SEICAR\" \/>\n<meta property=\"og:url\" content=\"https:\/\/arekson.com\/fr\/producto\/plastic-plast-515-mastic-de-finition-pour-matieres-plastiques\/\" \/>\n<meta property=\"og:site_name\" content=\"Arekson Group\" \/>\n<meta property=\"article:modified_time\" content=\"2022-06-15T14:07:55+00:00\" \/>\n<meta property=\"og:image\" content=\"https:\/\/arekson.com\/wp-content\/uploads\/2022\/05\/CPX008.jpg\" \/>\n\t<meta property=\"og:image:width\" content=\"800\" \/>\n\t<meta property=\"og:image:height\" content=\"800\" \/>\n\t<meta property=\"og:image:type\" content=\"image\/jpeg\" \/>\n<meta name=\"twitter:card\" content=\"summary_large_image\" \/>\n<script type=\"application\/ld+json\" class=\"yoast-schema-graph\">{\"@context\":\"https:\/\/schema.org\",\"@graph\":[{\"@type\":\"WebPage\",\"@id\":\"https:\/\/arekson.com\/fr\/producto\/plastic-plast-515-mastic-de-finition-pour-matieres-plastiques\/\",\"url\":\"https:\/\/arekson.com\/fr\/producto\/plastic-plast-515-mastic-de-finition-pour-matieres-plastiques\/\",\"name\":\"SEICAR | PLASTIC PLAST 515 | Mastic de finition pour mati\u00e8res plastiques\",\"isPartOf\":{\"@id\":\"https:\/\/arekson.com\/fr\/#website\"},\"primaryImageOfPage\":{\"@id\":\"https:\/\/arekson.com\/fr\/producto\/plastic-plast-515-mastic-de-finition-pour-matieres-plastiques\/#primaryimage\"},\"image\":{\"@id\":\"https:\/\/arekson.com\/fr\/producto\/plastic-plast-515-mastic-de-finition-pour-matieres-plastiques\/#primaryimage\"},\"thumbnailUrl\":\"https:\/\/arekson.com\/wp-content\/uploads\/2022\/05\/CPX008.jpg\",\"datePublished\":\"2022-06-03T16:07:59+00:00\",\"dateModified\":\"2022-06-15T14:07:55+00:00\",\"description\":\"PLASTIC PLAST 515 | Mastic de finition pour mati\u00e8res plastiques | PRODUITS CHIMIQUES | TRAITEMENT DES PLASTIQUES | REF: CPX008 | SEICAR\",\"breadcrumb\":{\"@id\":\"https:\/\/arekson.com\/fr\/producto\/plastic-plast-515-mastic-de-finition-pour-matieres-plastiques\/#breadcrumb\"},\"inLanguage\":\"fr-FR\",\"potentialAction\":[{\"@type\":\"ReadAction\",\"target\":[\"https:\/\/arekson.com\/fr\/producto\/plastic-plast-515-mastic-de-finition-pour-matieres-plastiques\/\"]}]},{\"@type\":\"ImageObject\",\"inLanguage\":\"fr-FR\",\"@id\":\"https:\/\/arekson.com\/fr\/producto\/plastic-plast-515-mastic-de-finition-pour-matieres-plastiques\/#primaryimage\",\"url\":\"https:\/\/arekson.com\/wp-content\/uploads\/2022\/05\/CPX008.jpg\",\"contentUrl\":\"https:\/\/arekson.com\/wp-content\/uploads\/2022\/05\/CPX008.jpg\",\"width\":800,\"height\":800},{\"@type\":\"BreadcrumbList\",\"@id\":\"https:\/\/arekson.com\/fr\/producto\/plastic-plast-515-mastic-de-finition-pour-matieres-plastiques\/#breadcrumb\",\"itemListElement\":[{\"@type\":\"ListItem\",\"position\":1,\"name\":\"Home\",\"item\":\"https:\/\/arekson.com\/fr\/\"},{\"@type\":\"ListItem\",\"position\":2,\"name\":\"Produits\",\"item\":\"https:\/\/arekson.com\/fr\/shop\/\"},{\"@type\":\"ListItem\",\"position\":3,\"name\":\"PLASTIC PLAST 515 Mastic de finition pour mati\u00e8res plastiques\"}]},{\"@type\":\"WebSite\",\"@id\":\"https:\/\/arekson.com\/fr\/#website\",\"url\":\"https:\/\/arekson.com\/fr\/\",\"name\":\"Arekson Group\",\"description\":\"Marcas Referentes del Automovil Profesional\",\"publisher\":{\"@id\":\"https:\/\/arekson.com\/fr\/#organization\"},\"potentialAction\":[{\"@type\":\"SearchAction\",\"target\":{\"@type\":\"EntryPoint\",\"urlTemplate\":\"https:\/\/arekson.com\/fr\/?s={search_term_string}\"},\"query-input\":{\"@type\":\"PropertyValueSpecification\",\"valueRequired\":true,\"valueName\":\"search_term_string\"}}],\"inLanguage\":\"fr-FR\"},{\"@type\":\"Organization\",\"@id\":\"https:\/\/arekson.com\/fr\/#organization\",\"name\":\"Arekson Group\",\"url\":\"https:\/\/arekson.com\/fr\/\",\"logo\":{\"@type\":\"ImageObject\",\"inLanguage\":\"fr-FR\",\"@id\":\"https:\/\/arekson.com\/fr\/#\/schema\/logo\/image\/\",\"url\":\"https:\/\/arekson.com\/wp-content\/uploads\/2022\/06\/Arekson-Group-Logo-Gris.jpg\",\"contentUrl\":\"https:\/\/arekson.com\/wp-content\/uploads\/2022\/06\/Arekson-Group-Logo-Gris.jpg\",\"width\":174,\"height\":72,\"caption\":\"Arekson Group\"},\"image\":{\"@id\":\"https:\/\/arekson.com\/fr\/#\/schema\/logo\/image\/\"}}]}<\/script>\n<!-- \/ Yoast SEO plugin. -->","yoast_head_json":{"title":"SEICAR | PLASTIC PLAST 515 | Mastic de finition pour mati\u00e8res plastiques","description":"PLASTIC PLAST 515 | Mastic de finition pour mati\u00e8res plastiques | PRODUITS CHIMIQUES | TRAITEMENT DES PLASTIQUES | REF: CPX008 | SEICAR","robots":{"index":"index","follow":"follow","max-snippet":"max-snippet:-1","max-image-preview":"max-image-preview:large","max-video-preview":"max-video-preview:-1"},"canonical":"https:\/\/arekson.com\/fr\/producto\/plastic-plast-515-mastic-de-finition-pour-matieres-plastiques\/","og_locale":"fr_FR","og_type":"article","og_title":"SEICAR | PLASTIC PLAST 515 | Mastic de finition pour mati\u00e8res plastiques","og_description":"PLASTIC PLAST 515 | Mastic de finition pour mati\u00e8res plastiques | PRODUITS CHIMIQUES | TRAITEMENT DES PLASTIQUES | REF: CPX008 | SEICAR","og_url":"https:\/\/arekson.com\/fr\/producto\/plastic-plast-515-mastic-de-finition-pour-matieres-plastiques\/","og_site_name":"Arekson Group","article_modified_time":"2022-06-15T14:07:55+00:00","og_image":[{"width":800,"height":800,"url":"https:\/\/arekson.com\/wp-content\/uploads\/2022\/05\/CPX008.jpg","type":"image\/jpeg"}],"twitter_card":"summary_large_image","schema":{"@context":"https:\/\/schema.org","@graph":[{"@type":"WebPage","@id":"https:\/\/arekson.com\/fr\/producto\/plastic-plast-515-mastic-de-finition-pour-matieres-plastiques\/","url":"https:\/\/arekson.com\/fr\/producto\/plastic-plast-515-mastic-de-finition-pour-matieres-plastiques\/","name":"SEICAR | PLASTIC PLAST 515 | Mastic de finition pour mati\u00e8res plastiques","isPartOf":{"@id":"https:\/\/arekson.com\/fr\/#website"},"primaryImageOfPage":{"@id":"https:\/\/arekson.com\/fr\/producto\/plastic-plast-515-mastic-de-finition-pour-matieres-plastiques\/#primaryimage"},"image":{"@id":"https:\/\/arekson.com\/fr\/producto\/plastic-plast-515-mastic-de-finition-pour-matieres-plastiques\/#primaryimage"},"thumbnailUrl":"https:\/\/arekson.com\/wp-content\/uploads\/2022\/05\/CPX008.jpg","datePublished":"2022-06-03T16:07:59+00:00","dateModified":"2022-06-15T14:07:55+00:00","description":"PLASTIC PLAST 515 | Mastic de finition pour mati\u00e8res plastiques | PRODUITS CHIMIQUES | TRAITEMENT DES PLASTIQUES | REF: CPX008 | SEICAR","breadcrumb":{"@id":"https:\/\/arekson.com\/fr\/producto\/plastic-plast-515-mastic-de-finition-pour-matieres-plastiques\/#breadcrumb"},"inLanguage":"fr-FR","potentialAction":[{"@type":"ReadAction","target":["https:\/\/arekson.com\/fr\/producto\/plastic-plast-515-mastic-de-finition-pour-matieres-plastiques\/"]}]},{"@type":"ImageObject","inLanguage":"fr-FR","@id":"https:\/\/arekson.com\/fr\/producto\/plastic-plast-515-mastic-de-finition-pour-matieres-plastiques\/#primaryimage","url":"https:\/\/arekson.com\/wp-content\/uploads\/2022\/05\/CPX008.jpg","contentUrl":"https:\/\/arekson.com\/wp-content\/uploads\/2022\/05\/CPX008.jpg","width":800,"height":800},{"@type":"BreadcrumbList","@id":"https:\/\/arekson.com\/fr\/producto\/plastic-plast-515-mastic-de-finition-pour-matieres-plastiques\/#breadcrumb","itemListElement":[{"@type":"ListItem","position":1,"name":"Home","item":"https:\/\/arekson.com\/fr\/"},{"@type":"ListItem","position":2,"name":"Produits","item":"https:\/\/arekson.com\/fr\/shop\/"},{"@type":"ListItem","position":3,"name":"PLASTIC PLAST 515 Mastic de finition pour mati\u00e8res plastiques"}]},{"@type":"WebSite","@id":"https:\/\/arekson.com\/fr\/#website","url":"https:\/\/arekson.com\/fr\/","name":"Arekson Group","description":"Marcas Referentes del Automovil Profesional","publisher":{"@id":"https:\/\/arekson.com\/fr\/#organization"},"potentialAction":[{"@type":"SearchAction","target":{"@type":"EntryPoint","urlTemplate":"https:\/\/arekson.com\/fr\/?s={search_term_string}"},"query-input":{"@type":"PropertyValueSpecification","valueRequired":true,"valueName":"search_term_string"}}],"inLanguage":"fr-FR"},{"@type":"Organization","@id":"https:\/\/arekson.com\/fr\/#organization","name":"Arekson Group","url":"https:\/\/arekson.com\/fr\/","logo":{"@type":"ImageObject","inLanguage":"fr-FR","@id":"https:\/\/arekson.com\/fr\/#\/schema\/logo\/image\/","url":"https:\/\/arekson.com\/wp-content\/uploads\/2022\/06\/Arekson-Group-Logo-Gris.jpg","contentUrl":"https:\/\/arekson.com\/wp-content\/uploads\/2022\/06\/Arekson-Group-Logo-Gris.jpg","width":174,"height":72,"caption":"Arekson Group"},"image":{"@id":"https:\/\/arekson.com\/fr\/#\/schema\/logo\/image\/"}}]}},"_links":{"self":[{"href":"https:\/\/arekson.com\/fr\/wp-json\/wp\/v2\/product\/18243","targetHints":{"allow":["GET"]}}],"collection":[{"href":"https:\/\/arekson.com\/fr\/wp-json\/wp\/v2\/product"}],"about":[{"href":"https:\/\/arekson.com\/fr\/wp-json\/wp\/v2\/types\/product"}],"wp:featuredmedia":[{"embeddable":true,"href":"https:\/\/arekson.com\/fr\/wp-json\/wp\/v2\/media\/5461"}],"wp:attachment":[{"href":"https:\/\/arekson.com\/fr\/wp-json\/wp\/v2\/media?parent=18243"}],"wp:term":[{"taxonomy":"product_brand","embeddable":true,"href":"https:\/\/arekson.com\/fr\/wp-json\/wp\/v2\/product_brand?post=18243"},{"taxonomy":"product_cat","embeddable":true,"href":"https:\/\/arekson.com\/fr\/wp-json\/wp\/v2\/product_cat?post=18243"},{"taxonomy":"product_tag","embeddable":true,"href":"https:\/\/arekson.com\/fr\/wp-json\/wp\/v2\/product_tag?post=18243"}],"curies":[{"name":"wp","href":"https:\/\/api.w.org\/{rel}","templated":true}]}}