{"id":18236,"date":"2022-06-03T18:07:59","date_gmt":"2022-06-03T16:07:59","guid":{"rendered":"https:\/\/arekson.com\/producto\/plastic-repair-518-reparation-de-plastique-universelle\/"},"modified":"2025-03-04T16:26:43","modified_gmt":"2025-03-04T15:26:43","slug":"plastic-repair-518-reparation-de-plastique-universelle","status":"publish","type":"product","link":"https:\/\/arekson.com\/fr\/producto\/plastic-repair-518-reparation-de-plastique-universelle\/","title":{"rendered":"<strong><span class=\"nom-corto\">PLASTIC REPAIR 518 <\/span><\/strong><br><span class=\"nom-largo\">R\u00e9paration de plastique Universelle<\/span>"},"content":{"rendered":"<p style=\"text-align: right;\"><a class=\"boton-ficha\" href=\"https:\/\/arekson.com\/wp-content\/uploads\/2025\/03\/CPX518-PLASTIC-REPAIR-518-FR-FT-03022025.pdf\" target=\"_blank\" rel=\"noopener\">D\u00e9tails Techniques<\/a> <\/p>\n","protected":false},"excerpt":{"rendered":"<p>Au polyur\u00e9thane bi composant universel pour la r\u00e9paration rapide et le collage des mat\u00e9riaux synth\u00e9tiques, plastiques PP, EDPM, TPO, XENOY, ABS, PUR, PS, PA, GCK, et PVC, etc. et le m\u00e9tal. S\u00e9chage rapide et pon\u00e7age facile.<\/p>\n","protected":false},"featured_media":5497,"template":"","meta":{"_et_pb_use_builder":"","_et_pb_old_content":"","_et_gb_content_width":""},"product_brand":[],"product_cat":[1223,1279,370,1275],"product_tag":[],"class_list":{"0":"post-18236","1":"product","2":"type-product","3":"status-publish","4":"has-post-thumbnail","6":"product_cat-chimiques","7":"product_cat-reparation-et-collage-de-plastiques","8":"product_cat-seicar-fr","9":"product_cat-traitement-des-plastiques","10":"pa_seicar-fr-ref-cpx518-noir-cartouche-50-ml-12-unites","11":"pa_seicar-fr-ref-cpx518t-transparent-cartouche-50-ml-12-unites","13":"first","14":"outofstock","15":"purchasable","16":"product-type-variable"},"yoast_head":"<!-- This site is optimized with the Yoast SEO plugin v27.2 - https:\/\/yoast.com\/product\/yoast-seo-wordpress\/ -->\n<title>SEICAR | PLASTIC REPAIR 518 | R\u00e9paration de plastique Universelle<\/title>\n<meta name=\"description\" content=\"PLASTIC REPAIR 518 | R\u00e9paration de plastique Universelle | PRODUITS CHIMIQUES | TRAITEMENT DES PLASTIQUES | REF: CPX518T | SEICAR\" \/>\n<meta name=\"robots\" content=\"index, follow, max-snippet:-1, max-image-preview:large, max-video-preview:-1\" \/>\n<link rel=\"canonical\" href=\"https:\/\/arekson.com\/fr\/producto\/plastic-repair-518-reparation-de-plastique-universelle\/\" \/>\n<meta property=\"og:locale\" content=\"fr_FR\" \/>\n<meta property=\"og:type\" content=\"article\" \/>\n<meta property=\"og:title\" content=\"SEICAR | PLASTIC REPAIR 518 | R\u00e9paration de plastique Universelle\" \/>\n<meta property=\"og:description\" content=\"PLASTIC REPAIR 518 | R\u00e9paration de plastique Universelle | PRODUITS CHIMIQUES | TRAITEMENT DES PLASTIQUES | REF: CPX518T | SEICAR\" \/>\n<meta property=\"og:url\" content=\"https:\/\/arekson.com\/fr\/producto\/plastic-repair-518-reparation-de-plastique-universelle\/\" \/>\n<meta property=\"og:site_name\" content=\"Arekson Group\" \/>\n<meta property=\"article:modified_time\" content=\"2025-03-04T15:26:43+00:00\" \/>\n<meta property=\"og:image\" content=\"https:\/\/arekson.com\/wp-content\/uploads\/2022\/05\/CPX518.jpg\" \/>\n\t<meta property=\"og:image:width\" content=\"800\" \/>\n\t<meta property=\"og:image:height\" content=\"800\" \/>\n\t<meta property=\"og:image:type\" content=\"image\/jpeg\" \/>\n<meta name=\"twitter:card\" content=\"summary_large_image\" \/>\n<script type=\"application\/ld+json\" class=\"yoast-schema-graph\">{\"@context\":\"https:\/\/schema.org\",\"@graph\":[{\"@type\":\"WebPage\",\"@id\":\"https:\/\/arekson.com\/fr\/producto\/plastic-repair-518-reparation-de-plastique-universelle\/\",\"url\":\"https:\/\/arekson.com\/fr\/producto\/plastic-repair-518-reparation-de-plastique-universelle\/\",\"name\":\"SEICAR | PLASTIC REPAIR 518 | R\u00e9paration de plastique Universelle\",\"isPartOf\":{\"@id\":\"https:\/\/arekson.com\/fr\/#website\"},\"primaryImageOfPage\":{\"@id\":\"https:\/\/arekson.com\/fr\/producto\/plastic-repair-518-reparation-de-plastique-universelle\/#primaryimage\"},\"image\":{\"@id\":\"https:\/\/arekson.com\/fr\/producto\/plastic-repair-518-reparation-de-plastique-universelle\/#primaryimage\"},\"thumbnailUrl\":\"https:\/\/arekson.com\/wp-content\/uploads\/2022\/05\/CPX518.jpg\",\"datePublished\":\"2022-06-03T16:07:59+00:00\",\"dateModified\":\"2025-03-04T15:26:43+00:00\",\"description\":\"PLASTIC REPAIR 518 | R\u00e9paration de plastique Universelle | PRODUITS CHIMIQUES | TRAITEMENT DES PLASTIQUES | REF: CPX518T | SEICAR\",\"breadcrumb\":{\"@id\":\"https:\/\/arekson.com\/fr\/producto\/plastic-repair-518-reparation-de-plastique-universelle\/#breadcrumb\"},\"inLanguage\":\"fr-FR\",\"potentialAction\":[{\"@type\":\"ReadAction\",\"target\":[\"https:\/\/arekson.com\/fr\/producto\/plastic-repair-518-reparation-de-plastique-universelle\/\"]}]},{\"@type\":\"ImageObject\",\"inLanguage\":\"fr-FR\",\"@id\":\"https:\/\/arekson.com\/fr\/producto\/plastic-repair-518-reparation-de-plastique-universelle\/#primaryimage\",\"url\":\"https:\/\/arekson.com\/wp-content\/uploads\/2022\/05\/CPX518.jpg\",\"contentUrl\":\"https:\/\/arekson.com\/wp-content\/uploads\/2022\/05\/CPX518.jpg\",\"width\":800,\"height\":800},{\"@type\":\"BreadcrumbList\",\"@id\":\"https:\/\/arekson.com\/fr\/producto\/plastic-repair-518-reparation-de-plastique-universelle\/#breadcrumb\",\"itemListElement\":[{\"@type\":\"ListItem\",\"position\":1,\"name\":\"Home\",\"item\":\"https:\/\/arekson.com\/fr\/\"},{\"@type\":\"ListItem\",\"position\":2,\"name\":\"Produits\",\"item\":\"https:\/\/arekson.com\/fr\/shop\/\"},{\"@type\":\"ListItem\",\"position\":3,\"name\":\"PLASTIC REPAIR 518 R\u00e9paration de plastique Universelle\"}]},{\"@type\":\"WebSite\",\"@id\":\"https:\/\/arekson.com\/fr\/#website\",\"url\":\"https:\/\/arekson.com\/fr\/\",\"name\":\"Arekson Group\",\"description\":\"Marcas Referentes del Automovil Profesional\",\"publisher\":{\"@id\":\"https:\/\/arekson.com\/fr\/#organization\"},\"potentialAction\":[{\"@type\":\"SearchAction\",\"target\":{\"@type\":\"EntryPoint\",\"urlTemplate\":\"https:\/\/arekson.com\/fr\/?s={search_term_string}\"},\"query-input\":{\"@type\":\"PropertyValueSpecification\",\"valueRequired\":true,\"valueName\":\"search_term_string\"}}],\"inLanguage\":\"fr-FR\"},{\"@type\":\"Organization\",\"@id\":\"https:\/\/arekson.com\/fr\/#organization\",\"name\":\"Arekson Group\",\"url\":\"https:\/\/arekson.com\/fr\/\",\"logo\":{\"@type\":\"ImageObject\",\"inLanguage\":\"fr-FR\",\"@id\":\"https:\/\/arekson.com\/fr\/#\/schema\/logo\/image\/\",\"url\":\"https:\/\/arekson.com\/wp-content\/uploads\/2022\/06\/Arekson-Group-Logo-Gris.jpg\",\"contentUrl\":\"https:\/\/arekson.com\/wp-content\/uploads\/2022\/06\/Arekson-Group-Logo-Gris.jpg\",\"width\":174,\"height\":72,\"caption\":\"Arekson Group\"},\"image\":{\"@id\":\"https:\/\/arekson.com\/fr\/#\/schema\/logo\/image\/\"}}]}<\/script>\n<!-- \/ Yoast SEO plugin. -->","yoast_head_json":{"title":"SEICAR | PLASTIC REPAIR 518 | R\u00e9paration de plastique Universelle","description":"PLASTIC REPAIR 518 | R\u00e9paration de plastique Universelle | PRODUITS CHIMIQUES | TRAITEMENT DES PLASTIQUES | REF: CPX518T | SEICAR","robots":{"index":"index","follow":"follow","max-snippet":"max-snippet:-1","max-image-preview":"max-image-preview:large","max-video-preview":"max-video-preview:-1"},"canonical":"https:\/\/arekson.com\/fr\/producto\/plastic-repair-518-reparation-de-plastique-universelle\/","og_locale":"fr_FR","og_type":"article","og_title":"SEICAR | PLASTIC REPAIR 518 | R\u00e9paration de plastique Universelle","og_description":"PLASTIC REPAIR 518 | R\u00e9paration de plastique Universelle | PRODUITS CHIMIQUES | TRAITEMENT DES PLASTIQUES | REF: CPX518T | SEICAR","og_url":"https:\/\/arekson.com\/fr\/producto\/plastic-repair-518-reparation-de-plastique-universelle\/","og_site_name":"Arekson Group","article_modified_time":"2025-03-04T15:26:43+00:00","og_image":[{"width":800,"height":800,"url":"https:\/\/arekson.com\/wp-content\/uploads\/2022\/05\/CPX518.jpg","type":"image\/jpeg"}],"twitter_card":"summary_large_image","schema":{"@context":"https:\/\/schema.org","@graph":[{"@type":"WebPage","@id":"https:\/\/arekson.com\/fr\/producto\/plastic-repair-518-reparation-de-plastique-universelle\/","url":"https:\/\/arekson.com\/fr\/producto\/plastic-repair-518-reparation-de-plastique-universelle\/","name":"SEICAR | PLASTIC REPAIR 518 | R\u00e9paration de plastique Universelle","isPartOf":{"@id":"https:\/\/arekson.com\/fr\/#website"},"primaryImageOfPage":{"@id":"https:\/\/arekson.com\/fr\/producto\/plastic-repair-518-reparation-de-plastique-universelle\/#primaryimage"},"image":{"@id":"https:\/\/arekson.com\/fr\/producto\/plastic-repair-518-reparation-de-plastique-universelle\/#primaryimage"},"thumbnailUrl":"https:\/\/arekson.com\/wp-content\/uploads\/2022\/05\/CPX518.jpg","datePublished":"2022-06-03T16:07:59+00:00","dateModified":"2025-03-04T15:26:43+00:00","description":"PLASTIC REPAIR 518 | R\u00e9paration de plastique Universelle | PRODUITS CHIMIQUES | TRAITEMENT DES PLASTIQUES | REF: CPX518T | SEICAR","breadcrumb":{"@id":"https:\/\/arekson.com\/fr\/producto\/plastic-repair-518-reparation-de-plastique-universelle\/#breadcrumb"},"inLanguage":"fr-FR","potentialAction":[{"@type":"ReadAction","target":["https:\/\/arekson.com\/fr\/producto\/plastic-repair-518-reparation-de-plastique-universelle\/"]}]},{"@type":"ImageObject","inLanguage":"fr-FR","@id":"https:\/\/arekson.com\/fr\/producto\/plastic-repair-518-reparation-de-plastique-universelle\/#primaryimage","url":"https:\/\/arekson.com\/wp-content\/uploads\/2022\/05\/CPX518.jpg","contentUrl":"https:\/\/arekson.com\/wp-content\/uploads\/2022\/05\/CPX518.jpg","width":800,"height":800},{"@type":"BreadcrumbList","@id":"https:\/\/arekson.com\/fr\/producto\/plastic-repair-518-reparation-de-plastique-universelle\/#breadcrumb","itemListElement":[{"@type":"ListItem","position":1,"name":"Home","item":"https:\/\/arekson.com\/fr\/"},{"@type":"ListItem","position":2,"name":"Produits","item":"https:\/\/arekson.com\/fr\/shop\/"},{"@type":"ListItem","position":3,"name":"PLASTIC REPAIR 518 R\u00e9paration de plastique Universelle"}]},{"@type":"WebSite","@id":"https:\/\/arekson.com\/fr\/#website","url":"https:\/\/arekson.com\/fr\/","name":"Arekson Group","description":"Marcas Referentes del Automovil Profesional","publisher":{"@id":"https:\/\/arekson.com\/fr\/#organization"},"potentialAction":[{"@type":"SearchAction","target":{"@type":"EntryPoint","urlTemplate":"https:\/\/arekson.com\/fr\/?s={search_term_string}"},"query-input":{"@type":"PropertyValueSpecification","valueRequired":true,"valueName":"search_term_string"}}],"inLanguage":"fr-FR"},{"@type":"Organization","@id":"https:\/\/arekson.com\/fr\/#organization","name":"Arekson Group","url":"https:\/\/arekson.com\/fr\/","logo":{"@type":"ImageObject","inLanguage":"fr-FR","@id":"https:\/\/arekson.com\/fr\/#\/schema\/logo\/image\/","url":"https:\/\/arekson.com\/wp-content\/uploads\/2022\/06\/Arekson-Group-Logo-Gris.jpg","contentUrl":"https:\/\/arekson.com\/wp-content\/uploads\/2022\/06\/Arekson-Group-Logo-Gris.jpg","width":174,"height":72,"caption":"Arekson Group"},"image":{"@id":"https:\/\/arekson.com\/fr\/#\/schema\/logo\/image\/"}}]}},"_links":{"self":[{"href":"https:\/\/arekson.com\/fr\/wp-json\/wp\/v2\/product\/18236","targetHints":{"allow":["GET"]}}],"collection":[{"href":"https:\/\/arekson.com\/fr\/wp-json\/wp\/v2\/product"}],"about":[{"href":"https:\/\/arekson.com\/fr\/wp-json\/wp\/v2\/types\/product"}],"wp:featuredmedia":[{"embeddable":true,"href":"https:\/\/arekson.com\/fr\/wp-json\/wp\/v2\/media\/5497"}],"wp:attachment":[{"href":"https:\/\/arekson.com\/fr\/wp-json\/wp\/v2\/media?parent=18236"}],"wp:term":[{"taxonomy":"product_brand","embeddable":true,"href":"https:\/\/arekson.com\/fr\/wp-json\/wp\/v2\/product_brand?post=18236"},{"taxonomy":"product_cat","embeddable":true,"href":"https:\/\/arekson.com\/fr\/wp-json\/wp\/v2\/product_cat?post=18236"},{"taxonomy":"product_tag","embeddable":true,"href":"https:\/\/arekson.com\/fr\/wp-json\/wp\/v2\/product_tag?post=18236"}],"curies":[{"name":"wp","href":"https:\/\/api.w.org\/{rel}","templated":true}]}}