{"id":18159,"date":"2022-06-03T18:07:23","date_gmt":"2022-06-03T16:07:23","guid":{"rendered":"https:\/\/arekson.com\/producto\/degreaser-glass-395-cloth-degraissant-collage-pare-brise\/"},"modified":"2023-07-10T10:36:25","modified_gmt":"2023-07-10T08:36:25","slug":"degreaser-glass-395-cloth-degraissant-collage-pare-brise","status":"publish","type":"product","link":"https:\/\/arekson.com\/fr\/producto\/degreaser-glass-395-cloth-degraissant-collage-pare-brise\/","title":{"rendered":"<strong><span class=\"nom-corto\">DEGREASER GLASS 395 CLOTH <\/span><\/strong><br><span class=\"nom-largo\">D\u00e9graissant collage pare-brise<\/span>"},"content":{"rendered":"<p style=\"text-align: right;\"><a class=\"boton-ficha\" href=\"https:\/\/arekson.com\/wp-content\/uploads\/2022\/06\/SLXK01-KIT-FAST-GLASS-FICHA-TECNICA-FT02.2021.pdf\" target=\"_blank\" rel=\"noopener\">Ficha T\u00e9cnica<\/a> <\/p>\n","protected":false},"excerpt":{"rendered":"<p>D\u00e9graissant et activateur d&rsquo;adh\u00e9sion transparent pour le nettoyage et le pr\u00e9paration des surfaces, n\u00e9cessaire avant l&rsquo;application de notre PRIMER 395 et du joint colle d&rsquo;\u00e9tanch\u00e9it\u00e9 FAST GLASS 395. Voir fiche technique.<\/p>\n","protected":false},"featured_media":6907,"template":"","meta":{"_et_pb_use_builder":"off","_et_pb_old_content":"<p style=\"text-align: right\"><a class=\"boton-ficha\" href=\"https:\/\/arekson.com\/wp-content\/uploads\/2022\/06\/SLXK01-KIT-FAST-GLASS-FICHA-TECNICA-FT02.2021.pdf\" target=\"_blank\" rel=\"noopener\">Ficha T\u00e9cnica<\/a> <\/p>","_et_gb_content_width":""},"product_brand":[],"product_cat":[1223,1271,1267,370],"product_tag":[],"class_list":{"0":"post-18159","1":"product","2":"type-product","3":"status-publish","4":"has-post-thumbnail","6":"product_cat-chimiques","7":"product_cat-joints-de-vitres","8":"product_cat-joints-et-adhesifs","9":"product_cat-seicar-fr","10":"pa_seicar-fr-ref-slx019t-transparent-sachet-12-unites","12":"first","13":"outofstock","14":"purchasable","15":"product-type-variable"},"yoast_head":"<!-- This site is optimized with the Yoast SEO plugin v27.2 - https:\/\/yoast.com\/product\/yoast-seo-wordpress\/ -->\n<title>SEICAR | DEGREASER GLASS 395 CLOTH | D\u00e9graissant collage pare-brise<\/title>\n<meta name=\"description\" content=\"DEGREASER GLASS 395 CLOTH | D\u00e9graissant collage pare-brise | PRODUITS CHIMIQUES | JOINTS ET ADH\u00c9SIFS | REF: SLX019T | SEICAR\" \/>\n<meta name=\"robots\" content=\"index, follow, max-snippet:-1, max-image-preview:large, max-video-preview:-1\" \/>\n<link rel=\"canonical\" href=\"https:\/\/arekson.com\/fr\/producto\/degreaser-glass-395-cloth-degraissant-collage-pare-brise\/\" \/>\n<meta property=\"og:locale\" content=\"fr_FR\" \/>\n<meta property=\"og:type\" content=\"article\" \/>\n<meta property=\"og:title\" content=\"SEICAR | DEGREASER GLASS 395 CLOTH | D\u00e9graissant collage pare-brise\" \/>\n<meta property=\"og:description\" content=\"DEGREASER GLASS 395 CLOTH | D\u00e9graissant collage pare-brise | PRODUITS CHIMIQUES | JOINTS ET ADH\u00c9SIFS | REF: SLX019T | SEICAR\" \/>\n<meta property=\"og:url\" content=\"https:\/\/arekson.com\/fr\/producto\/degreaser-glass-395-cloth-degraissant-collage-pare-brise\/\" \/>\n<meta property=\"og:site_name\" content=\"Arekson Group\" \/>\n<meta property=\"article:modified_time\" content=\"2023-07-10T08:36:25+00:00\" \/>\n<meta property=\"og:image\" content=\"https:\/\/arekson.com\/wp-content\/uploads\/2022\/05\/SLX019T.jpg\" \/>\n\t<meta property=\"og:image:width\" content=\"800\" \/>\n\t<meta property=\"og:image:height\" content=\"800\" \/>\n\t<meta property=\"og:image:type\" content=\"image\/jpeg\" \/>\n<meta name=\"twitter:card\" content=\"summary_large_image\" \/>\n<script type=\"application\/ld+json\" class=\"yoast-schema-graph\">{\"@context\":\"https:\/\/schema.org\",\"@graph\":[{\"@type\":\"WebPage\",\"@id\":\"https:\/\/arekson.com\/fr\/producto\/degreaser-glass-395-cloth-degraissant-collage-pare-brise\/\",\"url\":\"https:\/\/arekson.com\/fr\/producto\/degreaser-glass-395-cloth-degraissant-collage-pare-brise\/\",\"name\":\"SEICAR | DEGREASER GLASS 395 CLOTH | D\u00e9graissant collage pare-brise\",\"isPartOf\":{\"@id\":\"https:\/\/arekson.com\/fr\/#website\"},\"primaryImageOfPage\":{\"@id\":\"https:\/\/arekson.com\/fr\/producto\/degreaser-glass-395-cloth-degraissant-collage-pare-brise\/#primaryimage\"},\"image\":{\"@id\":\"https:\/\/arekson.com\/fr\/producto\/degreaser-glass-395-cloth-degraissant-collage-pare-brise\/#primaryimage\"},\"thumbnailUrl\":\"https:\/\/arekson.com\/wp-content\/uploads\/2022\/05\/SLX019T.jpg\",\"datePublished\":\"2022-06-03T16:07:23+00:00\",\"dateModified\":\"2023-07-10T08:36:25+00:00\",\"description\":\"DEGREASER GLASS 395 CLOTH | D\u00e9graissant collage pare-brise | PRODUITS CHIMIQUES | JOINTS ET ADH\u00c9SIFS | REF: SLX019T | SEICAR\",\"breadcrumb\":{\"@id\":\"https:\/\/arekson.com\/fr\/producto\/degreaser-glass-395-cloth-degraissant-collage-pare-brise\/#breadcrumb\"},\"inLanguage\":\"fr-FR\",\"potentialAction\":[{\"@type\":\"ReadAction\",\"target\":[\"https:\/\/arekson.com\/fr\/producto\/degreaser-glass-395-cloth-degraissant-collage-pare-brise\/\"]}]},{\"@type\":\"ImageObject\",\"inLanguage\":\"fr-FR\",\"@id\":\"https:\/\/arekson.com\/fr\/producto\/degreaser-glass-395-cloth-degraissant-collage-pare-brise\/#primaryimage\",\"url\":\"https:\/\/arekson.com\/wp-content\/uploads\/2022\/05\/SLX019T.jpg\",\"contentUrl\":\"https:\/\/arekson.com\/wp-content\/uploads\/2022\/05\/SLX019T.jpg\",\"width\":800,\"height\":800},{\"@type\":\"BreadcrumbList\",\"@id\":\"https:\/\/arekson.com\/fr\/producto\/degreaser-glass-395-cloth-degraissant-collage-pare-brise\/#breadcrumb\",\"itemListElement\":[{\"@type\":\"ListItem\",\"position\":1,\"name\":\"Home\",\"item\":\"https:\/\/arekson.com\/fr\/\"},{\"@type\":\"ListItem\",\"position\":2,\"name\":\"Produits\",\"item\":\"https:\/\/arekson.com\/fr\/shop\/\"},{\"@type\":\"ListItem\",\"position\":3,\"name\":\"DEGREASER GLASS 395 CLOTH D\u00e9graissant collage pare-brise\"}]},{\"@type\":\"WebSite\",\"@id\":\"https:\/\/arekson.com\/fr\/#website\",\"url\":\"https:\/\/arekson.com\/fr\/\",\"name\":\"Arekson Group\",\"description\":\"Marcas Referentes del Automovil Profesional\",\"publisher\":{\"@id\":\"https:\/\/arekson.com\/fr\/#organization\"},\"potentialAction\":[{\"@type\":\"SearchAction\",\"target\":{\"@type\":\"EntryPoint\",\"urlTemplate\":\"https:\/\/arekson.com\/fr\/?s={search_term_string}\"},\"query-input\":{\"@type\":\"PropertyValueSpecification\",\"valueRequired\":true,\"valueName\":\"search_term_string\"}}],\"inLanguage\":\"fr-FR\"},{\"@type\":\"Organization\",\"@id\":\"https:\/\/arekson.com\/fr\/#organization\",\"name\":\"Arekson Group\",\"url\":\"https:\/\/arekson.com\/fr\/\",\"logo\":{\"@type\":\"ImageObject\",\"inLanguage\":\"fr-FR\",\"@id\":\"https:\/\/arekson.com\/fr\/#\/schema\/logo\/image\/\",\"url\":\"https:\/\/arekson.com\/wp-content\/uploads\/2022\/06\/Arekson-Group-Logo-Gris.jpg\",\"contentUrl\":\"https:\/\/arekson.com\/wp-content\/uploads\/2022\/06\/Arekson-Group-Logo-Gris.jpg\",\"width\":174,\"height\":72,\"caption\":\"Arekson Group\"},\"image\":{\"@id\":\"https:\/\/arekson.com\/fr\/#\/schema\/logo\/image\/\"}}]}<\/script>\n<!-- \/ Yoast SEO plugin. -->","yoast_head_json":{"title":"SEICAR | DEGREASER GLASS 395 CLOTH | D\u00e9graissant collage pare-brise","description":"DEGREASER GLASS 395 CLOTH | D\u00e9graissant collage pare-brise | PRODUITS CHIMIQUES | JOINTS ET ADH\u00c9SIFS | REF: SLX019T | SEICAR","robots":{"index":"index","follow":"follow","max-snippet":"max-snippet:-1","max-image-preview":"max-image-preview:large","max-video-preview":"max-video-preview:-1"},"canonical":"https:\/\/arekson.com\/fr\/producto\/degreaser-glass-395-cloth-degraissant-collage-pare-brise\/","og_locale":"fr_FR","og_type":"article","og_title":"SEICAR | DEGREASER GLASS 395 CLOTH | D\u00e9graissant collage pare-brise","og_description":"DEGREASER GLASS 395 CLOTH | D\u00e9graissant collage pare-brise | PRODUITS CHIMIQUES | JOINTS ET ADH\u00c9SIFS | REF: SLX019T | SEICAR","og_url":"https:\/\/arekson.com\/fr\/producto\/degreaser-glass-395-cloth-degraissant-collage-pare-brise\/","og_site_name":"Arekson Group","article_modified_time":"2023-07-10T08:36:25+00:00","og_image":[{"width":800,"height":800,"url":"https:\/\/arekson.com\/wp-content\/uploads\/2022\/05\/SLX019T.jpg","type":"image\/jpeg"}],"twitter_card":"summary_large_image","schema":{"@context":"https:\/\/schema.org","@graph":[{"@type":"WebPage","@id":"https:\/\/arekson.com\/fr\/producto\/degreaser-glass-395-cloth-degraissant-collage-pare-brise\/","url":"https:\/\/arekson.com\/fr\/producto\/degreaser-glass-395-cloth-degraissant-collage-pare-brise\/","name":"SEICAR | DEGREASER GLASS 395 CLOTH | D\u00e9graissant collage pare-brise","isPartOf":{"@id":"https:\/\/arekson.com\/fr\/#website"},"primaryImageOfPage":{"@id":"https:\/\/arekson.com\/fr\/producto\/degreaser-glass-395-cloth-degraissant-collage-pare-brise\/#primaryimage"},"image":{"@id":"https:\/\/arekson.com\/fr\/producto\/degreaser-glass-395-cloth-degraissant-collage-pare-brise\/#primaryimage"},"thumbnailUrl":"https:\/\/arekson.com\/wp-content\/uploads\/2022\/05\/SLX019T.jpg","datePublished":"2022-06-03T16:07:23+00:00","dateModified":"2023-07-10T08:36:25+00:00","description":"DEGREASER GLASS 395 CLOTH | D\u00e9graissant collage pare-brise | PRODUITS CHIMIQUES | JOINTS ET ADH\u00c9SIFS | REF: SLX019T | SEICAR","breadcrumb":{"@id":"https:\/\/arekson.com\/fr\/producto\/degreaser-glass-395-cloth-degraissant-collage-pare-brise\/#breadcrumb"},"inLanguage":"fr-FR","potentialAction":[{"@type":"ReadAction","target":["https:\/\/arekson.com\/fr\/producto\/degreaser-glass-395-cloth-degraissant-collage-pare-brise\/"]}]},{"@type":"ImageObject","inLanguage":"fr-FR","@id":"https:\/\/arekson.com\/fr\/producto\/degreaser-glass-395-cloth-degraissant-collage-pare-brise\/#primaryimage","url":"https:\/\/arekson.com\/wp-content\/uploads\/2022\/05\/SLX019T.jpg","contentUrl":"https:\/\/arekson.com\/wp-content\/uploads\/2022\/05\/SLX019T.jpg","width":800,"height":800},{"@type":"BreadcrumbList","@id":"https:\/\/arekson.com\/fr\/producto\/degreaser-glass-395-cloth-degraissant-collage-pare-brise\/#breadcrumb","itemListElement":[{"@type":"ListItem","position":1,"name":"Home","item":"https:\/\/arekson.com\/fr\/"},{"@type":"ListItem","position":2,"name":"Produits","item":"https:\/\/arekson.com\/fr\/shop\/"},{"@type":"ListItem","position":3,"name":"DEGREASER GLASS 395 CLOTH D\u00e9graissant collage pare-brise"}]},{"@type":"WebSite","@id":"https:\/\/arekson.com\/fr\/#website","url":"https:\/\/arekson.com\/fr\/","name":"Arekson Group","description":"Marcas Referentes del Automovil Profesional","publisher":{"@id":"https:\/\/arekson.com\/fr\/#organization"},"potentialAction":[{"@type":"SearchAction","target":{"@type":"EntryPoint","urlTemplate":"https:\/\/arekson.com\/fr\/?s={search_term_string}"},"query-input":{"@type":"PropertyValueSpecification","valueRequired":true,"valueName":"search_term_string"}}],"inLanguage":"fr-FR"},{"@type":"Organization","@id":"https:\/\/arekson.com\/fr\/#organization","name":"Arekson Group","url":"https:\/\/arekson.com\/fr\/","logo":{"@type":"ImageObject","inLanguage":"fr-FR","@id":"https:\/\/arekson.com\/fr\/#\/schema\/logo\/image\/","url":"https:\/\/arekson.com\/wp-content\/uploads\/2022\/06\/Arekson-Group-Logo-Gris.jpg","contentUrl":"https:\/\/arekson.com\/wp-content\/uploads\/2022\/06\/Arekson-Group-Logo-Gris.jpg","width":174,"height":72,"caption":"Arekson Group"},"image":{"@id":"https:\/\/arekson.com\/fr\/#\/schema\/logo\/image\/"}}]}},"_links":{"self":[{"href":"https:\/\/arekson.com\/fr\/wp-json\/wp\/v2\/product\/18159","targetHints":{"allow":["GET"]}}],"collection":[{"href":"https:\/\/arekson.com\/fr\/wp-json\/wp\/v2\/product"}],"about":[{"href":"https:\/\/arekson.com\/fr\/wp-json\/wp\/v2\/types\/product"}],"wp:featuredmedia":[{"embeddable":true,"href":"https:\/\/arekson.com\/fr\/wp-json\/wp\/v2\/media\/6907"}],"wp:attachment":[{"href":"https:\/\/arekson.com\/fr\/wp-json\/wp\/v2\/media?parent=18159"}],"wp:term":[{"taxonomy":"product_brand","embeddable":true,"href":"https:\/\/arekson.com\/fr\/wp-json\/wp\/v2\/product_brand?post=18159"},{"taxonomy":"product_cat","embeddable":true,"href":"https:\/\/arekson.com\/fr\/wp-json\/wp\/v2\/product_cat?post=18159"},{"taxonomy":"product_tag","embeddable":true,"href":"https:\/\/arekson.com\/fr\/wp-json\/wp\/v2\/product_tag?post=18159"}],"curies":[{"name":"wp","href":"https:\/\/api.w.org\/{rel}","templated":true}]}}