{"id":18154,"date":"2022-06-03T18:07:23","date_gmt":"2022-06-03T16:07:23","guid":{"rendered":"https:\/\/arekson.com\/producto\/primer-glass-395-primaire-pour-le-collage-de-pare-brise\/"},"modified":"2022-06-15T16:05:48","modified_gmt":"2022-06-15T14:05:48","slug":"primer-glass-395-primaire-pour-le-collage-de-pare-brise","status":"publish","type":"product","link":"https:\/\/arekson.com\/fr\/producto\/primer-glass-395-primaire-pour-le-collage-de-pare-brise\/","title":{"rendered":"<strong><span class=\"nom-corto\">PRIMER GLASS 395 <\/span><\/strong><br><span class=\"nom-largo\">Primaire pour le collage de pare-brise<\/span>"},"content":{"rendered":"","protected":false},"excerpt":{"rendered":"<p>Primaire d&rsquo;adh\u00e9sion universel de couleur noir pour vitres, pellicule c\u00e9ramique, peinture et m\u00e9tal. Prot\u00e8ge des rayons UV et de la corrosion. Nettoyer pr\u00e9alablement avec le d\u00e9graissant activateur SLX019 Degreaser. Voir fiche technique.<\/p>\n","protected":false},"featured_media":6901,"template":"","meta":{"_et_pb_use_builder":"","_et_pb_old_content":"","_et_gb_content_width":""},"product_brand":[],"product_cat":[1223,1271,1267,370],"product_tag":[],"class_list":{"0":"post-18154","1":"product","2":"type-product","3":"status-publish","4":"has-post-thumbnail","6":"product_cat-chimiques","7":"product_cat-joints-de-vitres","8":"product_cat-joints-et-adhesifs","9":"product_cat-seicar-fr","10":"pa_seicar-fr-ref-slx016-noir-flacon-30-ml-12-unites","12":"first","13":"outofstock","14":"purchasable","15":"product-type-variable"},"yoast_head":"<!-- This site is optimized with the Yoast SEO plugin v27.2 - https:\/\/yoast.com\/product\/yoast-seo-wordpress\/ -->\n<title>SEICAR | PRIMER GLASS 395 | Primaire pour le collage de pare-brise<\/title>\n<meta name=\"description\" content=\"PRIMER GLASS 395 | Primaire pour le collage de pare-brise | PRODUITS CHIMIQUES | JOINTS ET ADH\u00c9SIFS | REF: SLX016 | SEICAR\" \/>\n<meta name=\"robots\" content=\"index, follow, max-snippet:-1, max-image-preview:large, max-video-preview:-1\" \/>\n<link rel=\"canonical\" href=\"https:\/\/arekson.com\/fr\/producto\/primer-glass-395-primaire-pour-le-collage-de-pare-brise\/\" \/>\n<meta property=\"og:locale\" content=\"fr_FR\" \/>\n<meta property=\"og:type\" content=\"article\" \/>\n<meta property=\"og:title\" content=\"SEICAR | PRIMER GLASS 395 | Primaire pour le collage de pare-brise\" \/>\n<meta property=\"og:description\" content=\"PRIMER GLASS 395 | Primaire pour le collage de pare-brise | PRODUITS CHIMIQUES | JOINTS ET ADH\u00c9SIFS | REF: SLX016 | SEICAR\" \/>\n<meta property=\"og:url\" content=\"https:\/\/arekson.com\/fr\/producto\/primer-glass-395-primaire-pour-le-collage-de-pare-brise\/\" \/>\n<meta property=\"og:site_name\" content=\"Arekson Group\" \/>\n<meta property=\"article:modified_time\" content=\"2022-06-15T14:05:48+00:00\" \/>\n<meta property=\"og:image\" content=\"https:\/\/arekson.com\/wp-content\/uploads\/2022\/05\/SLX016.jpg\" \/>\n\t<meta property=\"og:image:width\" content=\"800\" \/>\n\t<meta property=\"og:image:height\" content=\"800\" \/>\n\t<meta property=\"og:image:type\" content=\"image\/jpeg\" \/>\n<meta name=\"twitter:card\" content=\"summary_large_image\" \/>\n<script type=\"application\/ld+json\" class=\"yoast-schema-graph\">{\"@context\":\"https:\/\/schema.org\",\"@graph\":[{\"@type\":\"WebPage\",\"@id\":\"https:\/\/arekson.com\/fr\/producto\/primer-glass-395-primaire-pour-le-collage-de-pare-brise\/\",\"url\":\"https:\/\/arekson.com\/fr\/producto\/primer-glass-395-primaire-pour-le-collage-de-pare-brise\/\",\"name\":\"SEICAR | PRIMER GLASS 395 | Primaire pour le collage de pare-brise\",\"isPartOf\":{\"@id\":\"https:\/\/arekson.com\/fr\/#website\"},\"primaryImageOfPage\":{\"@id\":\"https:\/\/arekson.com\/fr\/producto\/primer-glass-395-primaire-pour-le-collage-de-pare-brise\/#primaryimage\"},\"image\":{\"@id\":\"https:\/\/arekson.com\/fr\/producto\/primer-glass-395-primaire-pour-le-collage-de-pare-brise\/#primaryimage\"},\"thumbnailUrl\":\"https:\/\/arekson.com\/wp-content\/uploads\/2022\/05\/SLX016.jpg\",\"datePublished\":\"2022-06-03T16:07:23+00:00\",\"dateModified\":\"2022-06-15T14:05:48+00:00\",\"description\":\"PRIMER GLASS 395 | Primaire pour le collage de pare-brise | PRODUITS CHIMIQUES | JOINTS ET ADH\u00c9SIFS | REF: SLX016 | SEICAR\",\"breadcrumb\":{\"@id\":\"https:\/\/arekson.com\/fr\/producto\/primer-glass-395-primaire-pour-le-collage-de-pare-brise\/#breadcrumb\"},\"inLanguage\":\"fr-FR\",\"potentialAction\":[{\"@type\":\"ReadAction\",\"target\":[\"https:\/\/arekson.com\/fr\/producto\/primer-glass-395-primaire-pour-le-collage-de-pare-brise\/\"]}]},{\"@type\":\"ImageObject\",\"inLanguage\":\"fr-FR\",\"@id\":\"https:\/\/arekson.com\/fr\/producto\/primer-glass-395-primaire-pour-le-collage-de-pare-brise\/#primaryimage\",\"url\":\"https:\/\/arekson.com\/wp-content\/uploads\/2022\/05\/SLX016.jpg\",\"contentUrl\":\"https:\/\/arekson.com\/wp-content\/uploads\/2022\/05\/SLX016.jpg\",\"width\":800,\"height\":800},{\"@type\":\"BreadcrumbList\",\"@id\":\"https:\/\/arekson.com\/fr\/producto\/primer-glass-395-primaire-pour-le-collage-de-pare-brise\/#breadcrumb\",\"itemListElement\":[{\"@type\":\"ListItem\",\"position\":1,\"name\":\"Home\",\"item\":\"https:\/\/arekson.com\/fr\/\"},{\"@type\":\"ListItem\",\"position\":2,\"name\":\"Produits\",\"item\":\"https:\/\/arekson.com\/fr\/shop\/\"},{\"@type\":\"ListItem\",\"position\":3,\"name\":\"PRIMER GLASS 395 Primaire pour le collage de pare-brise\"}]},{\"@type\":\"WebSite\",\"@id\":\"https:\/\/arekson.com\/fr\/#website\",\"url\":\"https:\/\/arekson.com\/fr\/\",\"name\":\"Arekson Group\",\"description\":\"Marcas Referentes del Automovil Profesional\",\"publisher\":{\"@id\":\"https:\/\/arekson.com\/fr\/#organization\"},\"potentialAction\":[{\"@type\":\"SearchAction\",\"target\":{\"@type\":\"EntryPoint\",\"urlTemplate\":\"https:\/\/arekson.com\/fr\/?s={search_term_string}\"},\"query-input\":{\"@type\":\"PropertyValueSpecification\",\"valueRequired\":true,\"valueName\":\"search_term_string\"}}],\"inLanguage\":\"fr-FR\"},{\"@type\":\"Organization\",\"@id\":\"https:\/\/arekson.com\/fr\/#organization\",\"name\":\"Arekson Group\",\"url\":\"https:\/\/arekson.com\/fr\/\",\"logo\":{\"@type\":\"ImageObject\",\"inLanguage\":\"fr-FR\",\"@id\":\"https:\/\/arekson.com\/fr\/#\/schema\/logo\/image\/\",\"url\":\"https:\/\/arekson.com\/wp-content\/uploads\/2022\/06\/Arekson-Group-Logo-Gris.jpg\",\"contentUrl\":\"https:\/\/arekson.com\/wp-content\/uploads\/2022\/06\/Arekson-Group-Logo-Gris.jpg\",\"width\":174,\"height\":72,\"caption\":\"Arekson Group\"},\"image\":{\"@id\":\"https:\/\/arekson.com\/fr\/#\/schema\/logo\/image\/\"}}]}<\/script>\n<!-- \/ Yoast SEO plugin. -->","yoast_head_json":{"title":"SEICAR | PRIMER GLASS 395 | Primaire pour le collage de pare-brise","description":"PRIMER GLASS 395 | Primaire pour le collage de pare-brise | PRODUITS CHIMIQUES | JOINTS ET ADH\u00c9SIFS | REF: SLX016 | SEICAR","robots":{"index":"index","follow":"follow","max-snippet":"max-snippet:-1","max-image-preview":"max-image-preview:large","max-video-preview":"max-video-preview:-1"},"canonical":"https:\/\/arekson.com\/fr\/producto\/primer-glass-395-primaire-pour-le-collage-de-pare-brise\/","og_locale":"fr_FR","og_type":"article","og_title":"SEICAR | PRIMER GLASS 395 | Primaire pour le collage de pare-brise","og_description":"PRIMER GLASS 395 | Primaire pour le collage de pare-brise | PRODUITS CHIMIQUES | JOINTS ET ADH\u00c9SIFS | REF: SLX016 | SEICAR","og_url":"https:\/\/arekson.com\/fr\/producto\/primer-glass-395-primaire-pour-le-collage-de-pare-brise\/","og_site_name":"Arekson Group","article_modified_time":"2022-06-15T14:05:48+00:00","og_image":[{"width":800,"height":800,"url":"https:\/\/arekson.com\/wp-content\/uploads\/2022\/05\/SLX016.jpg","type":"image\/jpeg"}],"twitter_card":"summary_large_image","schema":{"@context":"https:\/\/schema.org","@graph":[{"@type":"WebPage","@id":"https:\/\/arekson.com\/fr\/producto\/primer-glass-395-primaire-pour-le-collage-de-pare-brise\/","url":"https:\/\/arekson.com\/fr\/producto\/primer-glass-395-primaire-pour-le-collage-de-pare-brise\/","name":"SEICAR | PRIMER GLASS 395 | Primaire pour le collage de pare-brise","isPartOf":{"@id":"https:\/\/arekson.com\/fr\/#website"},"primaryImageOfPage":{"@id":"https:\/\/arekson.com\/fr\/producto\/primer-glass-395-primaire-pour-le-collage-de-pare-brise\/#primaryimage"},"image":{"@id":"https:\/\/arekson.com\/fr\/producto\/primer-glass-395-primaire-pour-le-collage-de-pare-brise\/#primaryimage"},"thumbnailUrl":"https:\/\/arekson.com\/wp-content\/uploads\/2022\/05\/SLX016.jpg","datePublished":"2022-06-03T16:07:23+00:00","dateModified":"2022-06-15T14:05:48+00:00","description":"PRIMER GLASS 395 | Primaire pour le collage de pare-brise | PRODUITS CHIMIQUES | JOINTS ET ADH\u00c9SIFS | REF: SLX016 | SEICAR","breadcrumb":{"@id":"https:\/\/arekson.com\/fr\/producto\/primer-glass-395-primaire-pour-le-collage-de-pare-brise\/#breadcrumb"},"inLanguage":"fr-FR","potentialAction":[{"@type":"ReadAction","target":["https:\/\/arekson.com\/fr\/producto\/primer-glass-395-primaire-pour-le-collage-de-pare-brise\/"]}]},{"@type":"ImageObject","inLanguage":"fr-FR","@id":"https:\/\/arekson.com\/fr\/producto\/primer-glass-395-primaire-pour-le-collage-de-pare-brise\/#primaryimage","url":"https:\/\/arekson.com\/wp-content\/uploads\/2022\/05\/SLX016.jpg","contentUrl":"https:\/\/arekson.com\/wp-content\/uploads\/2022\/05\/SLX016.jpg","width":800,"height":800},{"@type":"BreadcrumbList","@id":"https:\/\/arekson.com\/fr\/producto\/primer-glass-395-primaire-pour-le-collage-de-pare-brise\/#breadcrumb","itemListElement":[{"@type":"ListItem","position":1,"name":"Home","item":"https:\/\/arekson.com\/fr\/"},{"@type":"ListItem","position":2,"name":"Produits","item":"https:\/\/arekson.com\/fr\/shop\/"},{"@type":"ListItem","position":3,"name":"PRIMER GLASS 395 Primaire pour le collage de pare-brise"}]},{"@type":"WebSite","@id":"https:\/\/arekson.com\/fr\/#website","url":"https:\/\/arekson.com\/fr\/","name":"Arekson Group","description":"Marcas Referentes del Automovil Profesional","publisher":{"@id":"https:\/\/arekson.com\/fr\/#organization"},"potentialAction":[{"@type":"SearchAction","target":{"@type":"EntryPoint","urlTemplate":"https:\/\/arekson.com\/fr\/?s={search_term_string}"},"query-input":{"@type":"PropertyValueSpecification","valueRequired":true,"valueName":"search_term_string"}}],"inLanguage":"fr-FR"},{"@type":"Organization","@id":"https:\/\/arekson.com\/fr\/#organization","name":"Arekson Group","url":"https:\/\/arekson.com\/fr\/","logo":{"@type":"ImageObject","inLanguage":"fr-FR","@id":"https:\/\/arekson.com\/fr\/#\/schema\/logo\/image\/","url":"https:\/\/arekson.com\/wp-content\/uploads\/2022\/06\/Arekson-Group-Logo-Gris.jpg","contentUrl":"https:\/\/arekson.com\/wp-content\/uploads\/2022\/06\/Arekson-Group-Logo-Gris.jpg","width":174,"height":72,"caption":"Arekson Group"},"image":{"@id":"https:\/\/arekson.com\/fr\/#\/schema\/logo\/image\/"}}]}},"_links":{"self":[{"href":"https:\/\/arekson.com\/fr\/wp-json\/wp\/v2\/product\/18154","targetHints":{"allow":["GET"]}}],"collection":[{"href":"https:\/\/arekson.com\/fr\/wp-json\/wp\/v2\/product"}],"about":[{"href":"https:\/\/arekson.com\/fr\/wp-json\/wp\/v2\/types\/product"}],"wp:featuredmedia":[{"embeddable":true,"href":"https:\/\/arekson.com\/fr\/wp-json\/wp\/v2\/media\/6901"}],"wp:attachment":[{"href":"https:\/\/arekson.com\/fr\/wp-json\/wp\/v2\/media?parent=18154"}],"wp:term":[{"taxonomy":"product_brand","embeddable":true,"href":"https:\/\/arekson.com\/fr\/wp-json\/wp\/v2\/product_brand?post=18154"},{"taxonomy":"product_cat","embeddable":true,"href":"https:\/\/arekson.com\/fr\/wp-json\/wp\/v2\/product_cat?post=18154"},{"taxonomy":"product_tag","embeddable":true,"href":"https:\/\/arekson.com\/fr\/wp-json\/wp\/v2\/product_tag?post=18154"}],"curies":[{"name":"wp","href":"https:\/\/api.w.org\/{rel}","templated":true}]}}