{"id":18148,"date":"2022-06-03T18:07:19","date_gmt":"2022-06-03T16:07:19","guid":{"rendered":"https:\/\/arekson.com\/producto\/kit-fast-glass-395-kit-colle-joint-detancheite-pu-pour-pare-brises\/"},"modified":"2024-09-13T12:58:37","modified_gmt":"2024-09-13T10:58:37","slug":"kit-fast-glass-395-kit-colle-joint-detancheite-pu-pour-pare-brises","status":"publish","type":"product","link":"https:\/\/arekson.com\/fr\/producto\/kit-fast-glass-395-kit-colle-joint-detancheite-pu-pour-pare-brises\/","title":{"rendered":"<strong><span class=\"nom-corto\">KIT FAST GLASS 395 <\/span><\/strong><br><span class=\"nom-largo\">Kit colle joint d&rsquo;\u00e9tanch\u00e9it\u00e9  PU pour pare brises<\/span>"},"content":{"rendered":"<p>&lt;p style=\u00a0\u00bbtext-align: right;\u00a0\u00bb&gt;&lt;a class=\u00a0\u00bbboton-ficha\u00a0\u00bb href=\u00a0\u00bbhttps:\/\/arekson.com\/wp-content\/uploads\/2024\/09\/SLXKV1-FAST-GLASS-395-eco-FRANCES-FT-12062024.pdf\u00a0\u00bb target=\u00a0\u00bb_blank\u00a0\u00bb rel=\u00a0\u00bbnoopener\u00a0\u00bb&gt;D\u00e9tails Techniques&lt;\/a&gt; &lt;\/p&gt;<\/p>\n","protected":false},"excerpt":{"rendered":"<p>Kit joint colle d&rsquo;\u00e9tanch\u00e9it\u00e9 au polyur\u00e9thane rapide mono composant pour le collage et l&rsquo;\u00e9tanch\u00e9it\u00e9 des pare-brise et vitres en g\u00e9n\u00e9ral. V\u00e9hicule disponible en 2 heures. Kit compos\u00e9 de joint colle d&rsquo;\u00e9tanch\u00e9it\u00e9 Fast Glass, buse sectionn\u00e9e, Primer, D\u00e9graissant, tampon applicateur et gants.<\/p>\n","protected":false},"featured_media":6925,"template":"","meta":{"_et_pb_use_builder":"off","_et_pb_old_content":"","_et_gb_content_width":""},"product_brand":[],"product_cat":[1223,1271,1267,370],"product_tag":[],"class_list":{"0":"post-18148","1":"product","2":"type-product","3":"status-publish","4":"has-post-thumbnail","6":"product_cat-chimiques","7":"product_cat-joints-de-vitres","8":"product_cat-joints-et-adhesifs","9":"product_cat-seicar-fr","10":"pa_seicar-fr-ref-slxk01-noir-etui-kit-6-unites","12":"first","13":"outofstock","14":"purchasable","15":"product-type-variable"},"yoast_head":"<!-- This site is optimized with the Yoast SEO plugin v27.2 - https:\/\/yoast.com\/product\/yoast-seo-wordpress\/ -->\n<title>SEICAR | KIT FAST GLASS 395 | Kit colle joint d&#039;\u00e9tanch\u00e9it\u00e9 PU pour pare brises<\/title>\n<meta name=\"description\" content=\"KIT FAST GLASS 395 | Kit colle joint d&#039;\u00e9tanch\u00e9it\u00e9 PU pour pare brises | PRODUITS CHIMIQUES | JOINTS ET ADH\u00c9SIFS | REF: SLXK01 | SEICAR\" \/>\n<meta name=\"robots\" content=\"index, follow, max-snippet:-1, max-image-preview:large, max-video-preview:-1\" \/>\n<link rel=\"canonical\" href=\"https:\/\/arekson.com\/fr\/producto\/kit-fast-glass-395-kit-colle-joint-detancheite-pu-pour-pare-brises\/\" \/>\n<meta property=\"og:locale\" content=\"fr_FR\" \/>\n<meta property=\"og:type\" content=\"article\" \/>\n<meta property=\"og:title\" content=\"SEICAR | KIT FAST GLASS 395 | Kit colle joint d&#039;\u00e9tanch\u00e9it\u00e9 PU pour pare brises\" \/>\n<meta property=\"og:description\" content=\"KIT FAST GLASS 395 | Kit colle joint d&#039;\u00e9tanch\u00e9it\u00e9 PU pour pare brises | PRODUITS CHIMIQUES | JOINTS ET ADH\u00c9SIFS | REF: SLXK01 | SEICAR\" \/>\n<meta property=\"og:url\" content=\"https:\/\/arekson.com\/fr\/producto\/kit-fast-glass-395-kit-colle-joint-detancheite-pu-pour-pare-brises\/\" \/>\n<meta property=\"og:site_name\" content=\"Arekson Group\" \/>\n<meta property=\"article:modified_time\" content=\"2024-09-13T10:58:37+00:00\" \/>\n<meta property=\"og:image\" content=\"https:\/\/arekson.com\/wp-content\/uploads\/2022\/05\/SLXK01.jpg\" \/>\n\t<meta property=\"og:image:width\" content=\"800\" \/>\n\t<meta property=\"og:image:height\" content=\"800\" \/>\n\t<meta property=\"og:image:type\" content=\"image\/jpeg\" \/>\n<meta name=\"twitter:card\" content=\"summary_large_image\" \/>\n<script type=\"application\/ld+json\" class=\"yoast-schema-graph\">{\"@context\":\"https:\/\/schema.org\",\"@graph\":[{\"@type\":\"WebPage\",\"@id\":\"https:\/\/arekson.com\/fr\/producto\/kit-fast-glass-395-kit-colle-joint-detancheite-pu-pour-pare-brises\/\",\"url\":\"https:\/\/arekson.com\/fr\/producto\/kit-fast-glass-395-kit-colle-joint-detancheite-pu-pour-pare-brises\/\",\"name\":\"SEICAR | KIT FAST GLASS 395 | Kit colle joint d'\u00e9tanch\u00e9it\u00e9 PU pour pare brises\",\"isPartOf\":{\"@id\":\"https:\/\/arekson.com\/fr\/#website\"},\"primaryImageOfPage\":{\"@id\":\"https:\/\/arekson.com\/fr\/producto\/kit-fast-glass-395-kit-colle-joint-detancheite-pu-pour-pare-brises\/#primaryimage\"},\"image\":{\"@id\":\"https:\/\/arekson.com\/fr\/producto\/kit-fast-glass-395-kit-colle-joint-detancheite-pu-pour-pare-brises\/#primaryimage\"},\"thumbnailUrl\":\"https:\/\/arekson.com\/wp-content\/uploads\/2022\/05\/SLXK01.jpg\",\"datePublished\":\"2022-06-03T16:07:19+00:00\",\"dateModified\":\"2024-09-13T10:58:37+00:00\",\"description\":\"KIT FAST GLASS 395 | Kit colle joint d'\u00e9tanch\u00e9it\u00e9 PU pour pare brises | PRODUITS CHIMIQUES | JOINTS ET ADH\u00c9SIFS | REF: SLXK01 | SEICAR\",\"breadcrumb\":{\"@id\":\"https:\/\/arekson.com\/fr\/producto\/kit-fast-glass-395-kit-colle-joint-detancheite-pu-pour-pare-brises\/#breadcrumb\"},\"inLanguage\":\"fr-FR\",\"potentialAction\":[{\"@type\":\"ReadAction\",\"target\":[\"https:\/\/arekson.com\/fr\/producto\/kit-fast-glass-395-kit-colle-joint-detancheite-pu-pour-pare-brises\/\"]}]},{\"@type\":\"ImageObject\",\"inLanguage\":\"fr-FR\",\"@id\":\"https:\/\/arekson.com\/fr\/producto\/kit-fast-glass-395-kit-colle-joint-detancheite-pu-pour-pare-brises\/#primaryimage\",\"url\":\"https:\/\/arekson.com\/wp-content\/uploads\/2022\/05\/SLXK01.jpg\",\"contentUrl\":\"https:\/\/arekson.com\/wp-content\/uploads\/2022\/05\/SLXK01.jpg\",\"width\":800,\"height\":800},{\"@type\":\"BreadcrumbList\",\"@id\":\"https:\/\/arekson.com\/fr\/producto\/kit-fast-glass-395-kit-colle-joint-detancheite-pu-pour-pare-brises\/#breadcrumb\",\"itemListElement\":[{\"@type\":\"ListItem\",\"position\":1,\"name\":\"Home\",\"item\":\"https:\/\/arekson.com\/fr\/\"},{\"@type\":\"ListItem\",\"position\":2,\"name\":\"Produits\",\"item\":\"https:\/\/arekson.com\/fr\/shop\/\"},{\"@type\":\"ListItem\",\"position\":3,\"name\":\"KIT FAST GLASS 395 Kit colle joint d&#8217;\u00e9tanch\u00e9it\u00e9 PU pour pare brises\"}]},{\"@type\":\"WebSite\",\"@id\":\"https:\/\/arekson.com\/fr\/#website\",\"url\":\"https:\/\/arekson.com\/fr\/\",\"name\":\"Arekson Group\",\"description\":\"Marcas Referentes del Automovil Profesional\",\"publisher\":{\"@id\":\"https:\/\/arekson.com\/fr\/#organization\"},\"potentialAction\":[{\"@type\":\"SearchAction\",\"target\":{\"@type\":\"EntryPoint\",\"urlTemplate\":\"https:\/\/arekson.com\/fr\/?s={search_term_string}\"},\"query-input\":{\"@type\":\"PropertyValueSpecification\",\"valueRequired\":true,\"valueName\":\"search_term_string\"}}],\"inLanguage\":\"fr-FR\"},{\"@type\":\"Organization\",\"@id\":\"https:\/\/arekson.com\/fr\/#organization\",\"name\":\"Arekson Group\",\"url\":\"https:\/\/arekson.com\/fr\/\",\"logo\":{\"@type\":\"ImageObject\",\"inLanguage\":\"fr-FR\",\"@id\":\"https:\/\/arekson.com\/fr\/#\/schema\/logo\/image\/\",\"url\":\"https:\/\/arekson.com\/wp-content\/uploads\/2022\/06\/Arekson-Group-Logo-Gris.jpg\",\"contentUrl\":\"https:\/\/arekson.com\/wp-content\/uploads\/2022\/06\/Arekson-Group-Logo-Gris.jpg\",\"width\":174,\"height\":72,\"caption\":\"Arekson Group\"},\"image\":{\"@id\":\"https:\/\/arekson.com\/fr\/#\/schema\/logo\/image\/\"}}]}<\/script>\n<!-- \/ Yoast SEO plugin. -->","yoast_head_json":{"title":"SEICAR | KIT FAST GLASS 395 | Kit colle joint d'\u00e9tanch\u00e9it\u00e9 PU pour pare brises","description":"KIT FAST GLASS 395 | Kit colle joint d'\u00e9tanch\u00e9it\u00e9 PU pour pare brises | PRODUITS CHIMIQUES | JOINTS ET ADH\u00c9SIFS | REF: SLXK01 | SEICAR","robots":{"index":"index","follow":"follow","max-snippet":"max-snippet:-1","max-image-preview":"max-image-preview:large","max-video-preview":"max-video-preview:-1"},"canonical":"https:\/\/arekson.com\/fr\/producto\/kit-fast-glass-395-kit-colle-joint-detancheite-pu-pour-pare-brises\/","og_locale":"fr_FR","og_type":"article","og_title":"SEICAR | KIT FAST GLASS 395 | Kit colle joint d'\u00e9tanch\u00e9it\u00e9 PU pour pare brises","og_description":"KIT FAST GLASS 395 | Kit colle joint d'\u00e9tanch\u00e9it\u00e9 PU pour pare brises | PRODUITS CHIMIQUES | JOINTS ET ADH\u00c9SIFS | REF: SLXK01 | SEICAR","og_url":"https:\/\/arekson.com\/fr\/producto\/kit-fast-glass-395-kit-colle-joint-detancheite-pu-pour-pare-brises\/","og_site_name":"Arekson Group","article_modified_time":"2024-09-13T10:58:37+00:00","og_image":[{"width":800,"height":800,"url":"https:\/\/arekson.com\/wp-content\/uploads\/2022\/05\/SLXK01.jpg","type":"image\/jpeg"}],"twitter_card":"summary_large_image","schema":{"@context":"https:\/\/schema.org","@graph":[{"@type":"WebPage","@id":"https:\/\/arekson.com\/fr\/producto\/kit-fast-glass-395-kit-colle-joint-detancheite-pu-pour-pare-brises\/","url":"https:\/\/arekson.com\/fr\/producto\/kit-fast-glass-395-kit-colle-joint-detancheite-pu-pour-pare-brises\/","name":"SEICAR | KIT FAST GLASS 395 | Kit colle joint d'\u00e9tanch\u00e9it\u00e9 PU pour pare brises","isPartOf":{"@id":"https:\/\/arekson.com\/fr\/#website"},"primaryImageOfPage":{"@id":"https:\/\/arekson.com\/fr\/producto\/kit-fast-glass-395-kit-colle-joint-detancheite-pu-pour-pare-brises\/#primaryimage"},"image":{"@id":"https:\/\/arekson.com\/fr\/producto\/kit-fast-glass-395-kit-colle-joint-detancheite-pu-pour-pare-brises\/#primaryimage"},"thumbnailUrl":"https:\/\/arekson.com\/wp-content\/uploads\/2022\/05\/SLXK01.jpg","datePublished":"2022-06-03T16:07:19+00:00","dateModified":"2024-09-13T10:58:37+00:00","description":"KIT FAST GLASS 395 | Kit colle joint d'\u00e9tanch\u00e9it\u00e9 PU pour pare brises | PRODUITS CHIMIQUES | JOINTS ET ADH\u00c9SIFS | REF: SLXK01 | SEICAR","breadcrumb":{"@id":"https:\/\/arekson.com\/fr\/producto\/kit-fast-glass-395-kit-colle-joint-detancheite-pu-pour-pare-brises\/#breadcrumb"},"inLanguage":"fr-FR","potentialAction":[{"@type":"ReadAction","target":["https:\/\/arekson.com\/fr\/producto\/kit-fast-glass-395-kit-colle-joint-detancheite-pu-pour-pare-brises\/"]}]},{"@type":"ImageObject","inLanguage":"fr-FR","@id":"https:\/\/arekson.com\/fr\/producto\/kit-fast-glass-395-kit-colle-joint-detancheite-pu-pour-pare-brises\/#primaryimage","url":"https:\/\/arekson.com\/wp-content\/uploads\/2022\/05\/SLXK01.jpg","contentUrl":"https:\/\/arekson.com\/wp-content\/uploads\/2022\/05\/SLXK01.jpg","width":800,"height":800},{"@type":"BreadcrumbList","@id":"https:\/\/arekson.com\/fr\/producto\/kit-fast-glass-395-kit-colle-joint-detancheite-pu-pour-pare-brises\/#breadcrumb","itemListElement":[{"@type":"ListItem","position":1,"name":"Home","item":"https:\/\/arekson.com\/fr\/"},{"@type":"ListItem","position":2,"name":"Produits","item":"https:\/\/arekson.com\/fr\/shop\/"},{"@type":"ListItem","position":3,"name":"KIT FAST GLASS 395 Kit colle joint d&#8217;\u00e9tanch\u00e9it\u00e9 PU pour pare brises"}]},{"@type":"WebSite","@id":"https:\/\/arekson.com\/fr\/#website","url":"https:\/\/arekson.com\/fr\/","name":"Arekson Group","description":"Marcas Referentes del Automovil Profesional","publisher":{"@id":"https:\/\/arekson.com\/fr\/#organization"},"potentialAction":[{"@type":"SearchAction","target":{"@type":"EntryPoint","urlTemplate":"https:\/\/arekson.com\/fr\/?s={search_term_string}"},"query-input":{"@type":"PropertyValueSpecification","valueRequired":true,"valueName":"search_term_string"}}],"inLanguage":"fr-FR"},{"@type":"Organization","@id":"https:\/\/arekson.com\/fr\/#organization","name":"Arekson Group","url":"https:\/\/arekson.com\/fr\/","logo":{"@type":"ImageObject","inLanguage":"fr-FR","@id":"https:\/\/arekson.com\/fr\/#\/schema\/logo\/image\/","url":"https:\/\/arekson.com\/wp-content\/uploads\/2022\/06\/Arekson-Group-Logo-Gris.jpg","contentUrl":"https:\/\/arekson.com\/wp-content\/uploads\/2022\/06\/Arekson-Group-Logo-Gris.jpg","width":174,"height":72,"caption":"Arekson Group"},"image":{"@id":"https:\/\/arekson.com\/fr\/#\/schema\/logo\/image\/"}}]}},"_links":{"self":[{"href":"https:\/\/arekson.com\/fr\/wp-json\/wp\/v2\/product\/18148","targetHints":{"allow":["GET"]}}],"collection":[{"href":"https:\/\/arekson.com\/fr\/wp-json\/wp\/v2\/product"}],"about":[{"href":"https:\/\/arekson.com\/fr\/wp-json\/wp\/v2\/types\/product"}],"wp:featuredmedia":[{"embeddable":true,"href":"https:\/\/arekson.com\/fr\/wp-json\/wp\/v2\/media\/6925"}],"wp:attachment":[{"href":"https:\/\/arekson.com\/fr\/wp-json\/wp\/v2\/media?parent=18148"}],"wp:term":[{"taxonomy":"product_brand","embeddable":true,"href":"https:\/\/arekson.com\/fr\/wp-json\/wp\/v2\/product_brand?post=18148"},{"taxonomy":"product_cat","embeddable":true,"href":"https:\/\/arekson.com\/fr\/wp-json\/wp\/v2\/product_cat?post=18148"},{"taxonomy":"product_tag","embeddable":true,"href":"https:\/\/arekson.com\/fr\/wp-json\/wp\/v2\/product_tag?post=18148"}],"curies":[{"name":"wp","href":"https:\/\/api.w.org\/{rel}","templated":true}]}}