{"id":18133,"date":"2022-06-03T18:07:11","date_gmt":"2022-06-03T16:07:11","guid":{"rendered":"https:\/\/arekson.com\/producto\/seal-brush-380-joint-detancheite-a-la-brosse\/"},"modified":"2023-06-06T08:53:31","modified_gmt":"2023-06-06T06:53:31","slug":"seal-brush-380-joint-detancheite-a-la-brosse","status":"publish","type":"product","link":"https:\/\/arekson.com\/fr\/producto\/seal-brush-380-joint-detancheite-a-la-brosse\/","title":{"rendered":"<strong><span class=\"nom-corto\">SEAL BRUSH 380 <\/span><\/strong><br><span class=\"nom-largo\">Joint d&rsquo;\u00e9tanch\u00e9it\u00e9 \u00e0 la brosse<\/span>"},"content":{"rendered":"<p style=\"text-align: right;\"><a class=\"boton-ficha\" href=\"https:\/\/arekson.com\/wp-content\/uploads\/2023\/06\/SEX001-SEAL-BRUSH-380-FT-03.2019_FR.pdf\" target=\"_blank\" rel=\"noopener\">D\u00e9tails Techniques<\/a> <\/p>\n","protected":false},"excerpt":{"rendered":"<p>Joint d&rsquo;\u00e9tanch\u00e9it\u00e9 \u00e0 la brosse pour tout type de joints et de soudures sur les t\u00f4les de la carrosserie. Extensibilit\u00e9 optimal, sans formation de fils. Bonne stabilit\u00e9. Reproduction de la finition originale. S\u00e9chage rapide. Recouvrable. Appliquer avec un pinceau en nylon sp\u00e9cial pour \u00e9taler les joints d&rsquo;\u00e9tanch\u00e9it\u00e9.<\/p>\n","protected":false},"featured_media":6883,"template":"","meta":{"_et_pb_use_builder":"","_et_pb_old_content":"","_et_gb_content_width":""},"product_brand":[],"product_cat":[1223,1273,1267,370],"product_tag":[],"class_list":{"0":"post-18133","1":"product","2":"type-product","3":"status-publish","4":"has-post-thumbnail","6":"product_cat-chimiques","7":"product_cat-joints-de-carrosserie","8":"product_cat-joints-et-adhesifs","9":"product_cat-seicar-fr","10":"pa_seicar-fr-ref-sex001-gris-pot-1-kg-12-unites","12":"first","13":"outofstock","14":"purchasable","15":"product-type-variable"},"yoast_head":"<!-- This site is optimized with the Yoast SEO plugin v27.2 - https:\/\/yoast.com\/product\/yoast-seo-wordpress\/ -->\n<title>SEICAR | SEAL BRUSH 380 | Joint d&#039;\u00e9tanch\u00e9it\u00e9 \u00e0 la brosse<\/title>\n<meta name=\"description\" content=\"SEAL BRUSH 380 | Joint d&#039;\u00e9tanch\u00e9it\u00e9 \u00e0 la brosse | PRODUITS CHIMIQUES | JOINTS ET ADH\u00c9SIFS | REF: SEX001 | SEICAR\" \/>\n<meta name=\"robots\" content=\"index, follow, max-snippet:-1, max-image-preview:large, max-video-preview:-1\" \/>\n<link rel=\"canonical\" href=\"https:\/\/arekson.com\/fr\/producto\/seal-brush-380-joint-detancheite-a-la-brosse\/\" \/>\n<meta property=\"og:locale\" content=\"fr_FR\" \/>\n<meta property=\"og:type\" content=\"article\" \/>\n<meta property=\"og:title\" content=\"SEICAR | SEAL BRUSH 380 | Joint d&#039;\u00e9tanch\u00e9it\u00e9 \u00e0 la brosse\" \/>\n<meta property=\"og:description\" content=\"SEAL BRUSH 380 | Joint d&#039;\u00e9tanch\u00e9it\u00e9 \u00e0 la brosse | PRODUITS CHIMIQUES | JOINTS ET ADH\u00c9SIFS | REF: SEX001 | SEICAR\" \/>\n<meta property=\"og:url\" content=\"https:\/\/arekson.com\/fr\/producto\/seal-brush-380-joint-detancheite-a-la-brosse\/\" \/>\n<meta property=\"og:site_name\" content=\"Arekson Group\" \/>\n<meta property=\"article:modified_time\" content=\"2023-06-06T06:53:31+00:00\" \/>\n<meta property=\"og:image\" content=\"https:\/\/arekson.com\/wp-content\/uploads\/2022\/05\/SEX001.jpg\" \/>\n\t<meta property=\"og:image:width\" content=\"800\" \/>\n\t<meta property=\"og:image:height\" content=\"800\" \/>\n\t<meta property=\"og:image:type\" content=\"image\/jpeg\" \/>\n<meta name=\"twitter:card\" content=\"summary_large_image\" \/>\n<script type=\"application\/ld+json\" class=\"yoast-schema-graph\">{\"@context\":\"https:\/\/schema.org\",\"@graph\":[{\"@type\":\"WebPage\",\"@id\":\"https:\/\/arekson.com\/fr\/producto\/seal-brush-380-joint-detancheite-a-la-brosse\/\",\"url\":\"https:\/\/arekson.com\/fr\/producto\/seal-brush-380-joint-detancheite-a-la-brosse\/\",\"name\":\"SEICAR | SEAL BRUSH 380 | Joint d'\u00e9tanch\u00e9it\u00e9 \u00e0 la brosse\",\"isPartOf\":{\"@id\":\"https:\/\/arekson.com\/fr\/#website\"},\"primaryImageOfPage\":{\"@id\":\"https:\/\/arekson.com\/fr\/producto\/seal-brush-380-joint-detancheite-a-la-brosse\/#primaryimage\"},\"image\":{\"@id\":\"https:\/\/arekson.com\/fr\/producto\/seal-brush-380-joint-detancheite-a-la-brosse\/#primaryimage\"},\"thumbnailUrl\":\"https:\/\/arekson.com\/wp-content\/uploads\/2022\/05\/SEX001.jpg\",\"datePublished\":\"2022-06-03T16:07:11+00:00\",\"dateModified\":\"2023-06-06T06:53:31+00:00\",\"description\":\"SEAL BRUSH 380 | Joint d'\u00e9tanch\u00e9it\u00e9 \u00e0 la brosse | PRODUITS CHIMIQUES | JOINTS ET ADH\u00c9SIFS | REF: SEX001 | SEICAR\",\"breadcrumb\":{\"@id\":\"https:\/\/arekson.com\/fr\/producto\/seal-brush-380-joint-detancheite-a-la-brosse\/#breadcrumb\"},\"inLanguage\":\"fr-FR\",\"potentialAction\":[{\"@type\":\"ReadAction\",\"target\":[\"https:\/\/arekson.com\/fr\/producto\/seal-brush-380-joint-detancheite-a-la-brosse\/\"]}]},{\"@type\":\"ImageObject\",\"inLanguage\":\"fr-FR\",\"@id\":\"https:\/\/arekson.com\/fr\/producto\/seal-brush-380-joint-detancheite-a-la-brosse\/#primaryimage\",\"url\":\"https:\/\/arekson.com\/wp-content\/uploads\/2022\/05\/SEX001.jpg\",\"contentUrl\":\"https:\/\/arekson.com\/wp-content\/uploads\/2022\/05\/SEX001.jpg\",\"width\":800,\"height\":800},{\"@type\":\"BreadcrumbList\",\"@id\":\"https:\/\/arekson.com\/fr\/producto\/seal-brush-380-joint-detancheite-a-la-brosse\/#breadcrumb\",\"itemListElement\":[{\"@type\":\"ListItem\",\"position\":1,\"name\":\"Home\",\"item\":\"https:\/\/arekson.com\/fr\/\"},{\"@type\":\"ListItem\",\"position\":2,\"name\":\"Produits\",\"item\":\"https:\/\/arekson.com\/fr\/shop\/\"},{\"@type\":\"ListItem\",\"position\":3,\"name\":\"SEAL BRUSH 380 Joint d&#8217;\u00e9tanch\u00e9it\u00e9 \u00e0 la brosse\"}]},{\"@type\":\"WebSite\",\"@id\":\"https:\/\/arekson.com\/fr\/#website\",\"url\":\"https:\/\/arekson.com\/fr\/\",\"name\":\"Arekson Group\",\"description\":\"Marcas Referentes del Automovil Profesional\",\"publisher\":{\"@id\":\"https:\/\/arekson.com\/fr\/#organization\"},\"potentialAction\":[{\"@type\":\"SearchAction\",\"target\":{\"@type\":\"EntryPoint\",\"urlTemplate\":\"https:\/\/arekson.com\/fr\/?s={search_term_string}\"},\"query-input\":{\"@type\":\"PropertyValueSpecification\",\"valueRequired\":true,\"valueName\":\"search_term_string\"}}],\"inLanguage\":\"fr-FR\"},{\"@type\":\"Organization\",\"@id\":\"https:\/\/arekson.com\/fr\/#organization\",\"name\":\"Arekson Group\",\"url\":\"https:\/\/arekson.com\/fr\/\",\"logo\":{\"@type\":\"ImageObject\",\"inLanguage\":\"fr-FR\",\"@id\":\"https:\/\/arekson.com\/fr\/#\/schema\/logo\/image\/\",\"url\":\"https:\/\/arekson.com\/wp-content\/uploads\/2022\/06\/Arekson-Group-Logo-Gris.jpg\",\"contentUrl\":\"https:\/\/arekson.com\/wp-content\/uploads\/2022\/06\/Arekson-Group-Logo-Gris.jpg\",\"width\":174,\"height\":72,\"caption\":\"Arekson Group\"},\"image\":{\"@id\":\"https:\/\/arekson.com\/fr\/#\/schema\/logo\/image\/\"}}]}<\/script>\n<!-- \/ Yoast SEO plugin. -->","yoast_head_json":{"title":"SEICAR | SEAL BRUSH 380 | Joint d'\u00e9tanch\u00e9it\u00e9 \u00e0 la brosse","description":"SEAL BRUSH 380 | Joint d'\u00e9tanch\u00e9it\u00e9 \u00e0 la brosse | PRODUITS CHIMIQUES | JOINTS ET ADH\u00c9SIFS | REF: SEX001 | SEICAR","robots":{"index":"index","follow":"follow","max-snippet":"max-snippet:-1","max-image-preview":"max-image-preview:large","max-video-preview":"max-video-preview:-1"},"canonical":"https:\/\/arekson.com\/fr\/producto\/seal-brush-380-joint-detancheite-a-la-brosse\/","og_locale":"fr_FR","og_type":"article","og_title":"SEICAR | SEAL BRUSH 380 | Joint d'\u00e9tanch\u00e9it\u00e9 \u00e0 la brosse","og_description":"SEAL BRUSH 380 | Joint d'\u00e9tanch\u00e9it\u00e9 \u00e0 la brosse | PRODUITS CHIMIQUES | JOINTS ET ADH\u00c9SIFS | REF: SEX001 | SEICAR","og_url":"https:\/\/arekson.com\/fr\/producto\/seal-brush-380-joint-detancheite-a-la-brosse\/","og_site_name":"Arekson Group","article_modified_time":"2023-06-06T06:53:31+00:00","og_image":[{"width":800,"height":800,"url":"https:\/\/arekson.com\/wp-content\/uploads\/2022\/05\/SEX001.jpg","type":"image\/jpeg"}],"twitter_card":"summary_large_image","schema":{"@context":"https:\/\/schema.org","@graph":[{"@type":"WebPage","@id":"https:\/\/arekson.com\/fr\/producto\/seal-brush-380-joint-detancheite-a-la-brosse\/","url":"https:\/\/arekson.com\/fr\/producto\/seal-brush-380-joint-detancheite-a-la-brosse\/","name":"SEICAR | SEAL BRUSH 380 | Joint d'\u00e9tanch\u00e9it\u00e9 \u00e0 la brosse","isPartOf":{"@id":"https:\/\/arekson.com\/fr\/#website"},"primaryImageOfPage":{"@id":"https:\/\/arekson.com\/fr\/producto\/seal-brush-380-joint-detancheite-a-la-brosse\/#primaryimage"},"image":{"@id":"https:\/\/arekson.com\/fr\/producto\/seal-brush-380-joint-detancheite-a-la-brosse\/#primaryimage"},"thumbnailUrl":"https:\/\/arekson.com\/wp-content\/uploads\/2022\/05\/SEX001.jpg","datePublished":"2022-06-03T16:07:11+00:00","dateModified":"2023-06-06T06:53:31+00:00","description":"SEAL BRUSH 380 | Joint d'\u00e9tanch\u00e9it\u00e9 \u00e0 la brosse | PRODUITS CHIMIQUES | JOINTS ET ADH\u00c9SIFS | REF: SEX001 | SEICAR","breadcrumb":{"@id":"https:\/\/arekson.com\/fr\/producto\/seal-brush-380-joint-detancheite-a-la-brosse\/#breadcrumb"},"inLanguage":"fr-FR","potentialAction":[{"@type":"ReadAction","target":["https:\/\/arekson.com\/fr\/producto\/seal-brush-380-joint-detancheite-a-la-brosse\/"]}]},{"@type":"ImageObject","inLanguage":"fr-FR","@id":"https:\/\/arekson.com\/fr\/producto\/seal-brush-380-joint-detancheite-a-la-brosse\/#primaryimage","url":"https:\/\/arekson.com\/wp-content\/uploads\/2022\/05\/SEX001.jpg","contentUrl":"https:\/\/arekson.com\/wp-content\/uploads\/2022\/05\/SEX001.jpg","width":800,"height":800},{"@type":"BreadcrumbList","@id":"https:\/\/arekson.com\/fr\/producto\/seal-brush-380-joint-detancheite-a-la-brosse\/#breadcrumb","itemListElement":[{"@type":"ListItem","position":1,"name":"Home","item":"https:\/\/arekson.com\/fr\/"},{"@type":"ListItem","position":2,"name":"Produits","item":"https:\/\/arekson.com\/fr\/shop\/"},{"@type":"ListItem","position":3,"name":"SEAL BRUSH 380 Joint d&#8217;\u00e9tanch\u00e9it\u00e9 \u00e0 la brosse"}]},{"@type":"WebSite","@id":"https:\/\/arekson.com\/fr\/#website","url":"https:\/\/arekson.com\/fr\/","name":"Arekson Group","description":"Marcas Referentes del Automovil Profesional","publisher":{"@id":"https:\/\/arekson.com\/fr\/#organization"},"potentialAction":[{"@type":"SearchAction","target":{"@type":"EntryPoint","urlTemplate":"https:\/\/arekson.com\/fr\/?s={search_term_string}"},"query-input":{"@type":"PropertyValueSpecification","valueRequired":true,"valueName":"search_term_string"}}],"inLanguage":"fr-FR"},{"@type":"Organization","@id":"https:\/\/arekson.com\/fr\/#organization","name":"Arekson Group","url":"https:\/\/arekson.com\/fr\/","logo":{"@type":"ImageObject","inLanguage":"fr-FR","@id":"https:\/\/arekson.com\/fr\/#\/schema\/logo\/image\/","url":"https:\/\/arekson.com\/wp-content\/uploads\/2022\/06\/Arekson-Group-Logo-Gris.jpg","contentUrl":"https:\/\/arekson.com\/wp-content\/uploads\/2022\/06\/Arekson-Group-Logo-Gris.jpg","width":174,"height":72,"caption":"Arekson Group"},"image":{"@id":"https:\/\/arekson.com\/fr\/#\/schema\/logo\/image\/"}}]}},"_links":{"self":[{"href":"https:\/\/arekson.com\/fr\/wp-json\/wp\/v2\/product\/18133","targetHints":{"allow":["GET"]}}],"collection":[{"href":"https:\/\/arekson.com\/fr\/wp-json\/wp\/v2\/product"}],"about":[{"href":"https:\/\/arekson.com\/fr\/wp-json\/wp\/v2\/types\/product"}],"wp:featuredmedia":[{"embeddable":true,"href":"https:\/\/arekson.com\/fr\/wp-json\/wp\/v2\/media\/6883"}],"wp:attachment":[{"href":"https:\/\/arekson.com\/fr\/wp-json\/wp\/v2\/media?parent=18133"}],"wp:term":[{"taxonomy":"product_brand","embeddable":true,"href":"https:\/\/arekson.com\/fr\/wp-json\/wp\/v2\/product_brand?post=18133"},{"taxonomy":"product_cat","embeddable":true,"href":"https:\/\/arekson.com\/fr\/wp-json\/wp\/v2\/product_cat?post=18133"},{"taxonomy":"product_tag","embeddable":true,"href":"https:\/\/arekson.com\/fr\/wp-json\/wp\/v2\/product_tag?post=18133"}],"curies":[{"name":"wp","href":"https:\/\/api.w.org\/{rel}","templated":true}]}}