{"id":18127,"date":"2022-06-03T18:07:11","date_gmt":"2022-06-03T16:07:11","guid":{"rendered":"https:\/\/arekson.com\/producto\/ms-pulver-398-joint-detancheite-ms-polymere-pulverisable\/"},"modified":"2023-06-06T08:48:49","modified_gmt":"2023-06-06T06:48:49","slug":"ms-pulver-398-joint-detancheite-ms-polymere-pulverisable","status":"publish","type":"product","link":"https:\/\/arekson.com\/fr\/producto\/ms-pulver-398-joint-detancheite-ms-polymere-pulverisable\/","title":{"rendered":"<strong><span class=\"nom-corto\">MS PULVER 398 <\/span><\/strong><br><span class=\"nom-largo\">Joint d&rsquo;\u00e9tanch\u00e9it\u00e9 MS polym\u00e8re pulv\u00e9risable<\/span>"},"content":{"rendered":"<p style=\"text-align: right;\"><a class=\"boton-ficha\" href=\"https:\/\/arekson.com\/wp-content\/uploads\/2023\/06\/SMX001-MS-PULVER-398-FT-VER.2014_FR.pdf\" target=\"_blank\" rel=\"noopener\">D\u00e9tails Techniques<\/a> <\/p>\n","protected":false},"excerpt":{"rendered":"<p>Joint d&rsquo;\u00e9tanch\u00e9it\u00e9 polym\u00e8re pulv\u00e9risable pour la reproduction du joint original sur les parties int\u00e9rieures et ext\u00e9rieures du v\u00e9hicule, joint en cordon, bord de la porti\u00e8re, protecteur anti-gravillon, etc. Ne contient pas d&rsquo;isocyanates, ne r\u00e9tr\u00e9cit pas (100% extrait sec). Recouvrable imm\u00e9diatement.<\/p>\n","protected":false},"featured_media":6931,"template":"","meta":{"_et_pb_use_builder":"","_et_pb_old_content":"","_et_gb_content_width":""},"product_brand":[],"product_cat":[1223,1273,1267,370],"product_tag":[],"class_list":{"0":"post-18127","1":"product","2":"type-product","3":"status-publish","4":"has-post-thumbnail","6":"product_cat-chimiques","7":"product_cat-joints-de-carrosserie","8":"product_cat-joints-et-adhesifs","9":"product_cat-seicar-fr","10":"pa_seicar-fr-ref-smx001-gris-cartouche-310-ml-12-unites","11":"pa_seicar-fr-ref-smx002-beige-cartouche-310-ml-12-unites","12":"pa_seicar-fr-ref-smx003-noir-cartouche-310-ml-12-unites","14":"first","15":"outofstock","16":"purchasable","17":"product-type-variable"},"yoast_head":"<!-- This site is optimized with the Yoast SEO plugin v27.2 - https:\/\/yoast.com\/product\/yoast-seo-wordpress\/ -->\n<title>SEICAR | MS PULVER 398 | Joint d&#039;\u00e9tanch\u00e9it\u00e9 MS polym\u00e8re pulv\u00e9risable<\/title>\n<meta name=\"description\" content=\"MS PULVER 398 | Joint d&#039;\u00e9tanch\u00e9it\u00e9 MS polym\u00e8re pulv\u00e9risable | PRODUITS CHIMIQUES | JOINTS ET ADH\u00c9SIFS | REF: SMX003 | SEICAR\" \/>\n<meta name=\"robots\" content=\"index, follow, max-snippet:-1, max-image-preview:large, max-video-preview:-1\" \/>\n<link rel=\"canonical\" href=\"https:\/\/arekson.com\/fr\/producto\/ms-pulver-398-joint-detancheite-ms-polymere-pulverisable\/\" \/>\n<meta property=\"og:locale\" content=\"fr_FR\" \/>\n<meta property=\"og:type\" content=\"article\" \/>\n<meta property=\"og:title\" content=\"SEICAR | MS PULVER 398 | Joint d&#039;\u00e9tanch\u00e9it\u00e9 MS polym\u00e8re pulv\u00e9risable\" \/>\n<meta property=\"og:description\" content=\"MS PULVER 398 | Joint d&#039;\u00e9tanch\u00e9it\u00e9 MS polym\u00e8re pulv\u00e9risable | PRODUITS CHIMIQUES | JOINTS ET ADH\u00c9SIFS | REF: SMX003 | SEICAR\" \/>\n<meta property=\"og:url\" content=\"https:\/\/arekson.com\/fr\/producto\/ms-pulver-398-joint-detancheite-ms-polymere-pulverisable\/\" \/>\n<meta property=\"og:site_name\" content=\"Arekson Group\" \/>\n<meta property=\"article:modified_time\" content=\"2023-06-06T06:48:49+00:00\" \/>\n<meta property=\"og:image\" content=\"https:\/\/arekson.com\/wp-content\/uploads\/2022\/05\/SMX001.jpg\" \/>\n\t<meta property=\"og:image:width\" content=\"800\" \/>\n\t<meta property=\"og:image:height\" content=\"800\" \/>\n\t<meta property=\"og:image:type\" content=\"image\/jpeg\" \/>\n<meta name=\"twitter:card\" content=\"summary_large_image\" \/>\n<script type=\"application\/ld+json\" class=\"yoast-schema-graph\">{\"@context\":\"https:\/\/schema.org\",\"@graph\":[{\"@type\":\"WebPage\",\"@id\":\"https:\/\/arekson.com\/fr\/producto\/ms-pulver-398-joint-detancheite-ms-polymere-pulverisable\/\",\"url\":\"https:\/\/arekson.com\/fr\/producto\/ms-pulver-398-joint-detancheite-ms-polymere-pulverisable\/\",\"name\":\"SEICAR | MS PULVER 398 | Joint d'\u00e9tanch\u00e9it\u00e9 MS polym\u00e8re pulv\u00e9risable\",\"isPartOf\":{\"@id\":\"https:\/\/arekson.com\/fr\/#website\"},\"primaryImageOfPage\":{\"@id\":\"https:\/\/arekson.com\/fr\/producto\/ms-pulver-398-joint-detancheite-ms-polymere-pulverisable\/#primaryimage\"},\"image\":{\"@id\":\"https:\/\/arekson.com\/fr\/producto\/ms-pulver-398-joint-detancheite-ms-polymere-pulverisable\/#primaryimage\"},\"thumbnailUrl\":\"https:\/\/arekson.com\/wp-content\/uploads\/2022\/05\/SMX001.jpg\",\"datePublished\":\"2022-06-03T16:07:11+00:00\",\"dateModified\":\"2023-06-06T06:48:49+00:00\",\"description\":\"MS PULVER 398 | Joint d'\u00e9tanch\u00e9it\u00e9 MS polym\u00e8re pulv\u00e9risable | PRODUITS CHIMIQUES | JOINTS ET ADH\u00c9SIFS | REF: SMX003 | SEICAR\",\"breadcrumb\":{\"@id\":\"https:\/\/arekson.com\/fr\/producto\/ms-pulver-398-joint-detancheite-ms-polymere-pulverisable\/#breadcrumb\"},\"inLanguage\":\"fr-FR\",\"potentialAction\":[{\"@type\":\"ReadAction\",\"target\":[\"https:\/\/arekson.com\/fr\/producto\/ms-pulver-398-joint-detancheite-ms-polymere-pulverisable\/\"]}]},{\"@type\":\"ImageObject\",\"inLanguage\":\"fr-FR\",\"@id\":\"https:\/\/arekson.com\/fr\/producto\/ms-pulver-398-joint-detancheite-ms-polymere-pulverisable\/#primaryimage\",\"url\":\"https:\/\/arekson.com\/wp-content\/uploads\/2022\/05\/SMX001.jpg\",\"contentUrl\":\"https:\/\/arekson.com\/wp-content\/uploads\/2022\/05\/SMX001.jpg\",\"width\":800,\"height\":800},{\"@type\":\"BreadcrumbList\",\"@id\":\"https:\/\/arekson.com\/fr\/producto\/ms-pulver-398-joint-detancheite-ms-polymere-pulverisable\/#breadcrumb\",\"itemListElement\":[{\"@type\":\"ListItem\",\"position\":1,\"name\":\"Home\",\"item\":\"https:\/\/arekson.com\/fr\/\"},{\"@type\":\"ListItem\",\"position\":2,\"name\":\"Produits\",\"item\":\"https:\/\/arekson.com\/fr\/shop\/\"},{\"@type\":\"ListItem\",\"position\":3,\"name\":\"MS PULVER 398 Joint d&#8217;\u00e9tanch\u00e9it\u00e9 MS polym\u00e8re pulv\u00e9risable\"}]},{\"@type\":\"WebSite\",\"@id\":\"https:\/\/arekson.com\/fr\/#website\",\"url\":\"https:\/\/arekson.com\/fr\/\",\"name\":\"Arekson Group\",\"description\":\"Marcas Referentes del Automovil Profesional\",\"publisher\":{\"@id\":\"https:\/\/arekson.com\/fr\/#organization\"},\"potentialAction\":[{\"@type\":\"SearchAction\",\"target\":{\"@type\":\"EntryPoint\",\"urlTemplate\":\"https:\/\/arekson.com\/fr\/?s={search_term_string}\"},\"query-input\":{\"@type\":\"PropertyValueSpecification\",\"valueRequired\":true,\"valueName\":\"search_term_string\"}}],\"inLanguage\":\"fr-FR\"},{\"@type\":\"Organization\",\"@id\":\"https:\/\/arekson.com\/fr\/#organization\",\"name\":\"Arekson Group\",\"url\":\"https:\/\/arekson.com\/fr\/\",\"logo\":{\"@type\":\"ImageObject\",\"inLanguage\":\"fr-FR\",\"@id\":\"https:\/\/arekson.com\/fr\/#\/schema\/logo\/image\/\",\"url\":\"https:\/\/arekson.com\/wp-content\/uploads\/2022\/06\/Arekson-Group-Logo-Gris.jpg\",\"contentUrl\":\"https:\/\/arekson.com\/wp-content\/uploads\/2022\/06\/Arekson-Group-Logo-Gris.jpg\",\"width\":174,\"height\":72,\"caption\":\"Arekson Group\"},\"image\":{\"@id\":\"https:\/\/arekson.com\/fr\/#\/schema\/logo\/image\/\"}}]}<\/script>\n<!-- \/ Yoast SEO plugin. -->","yoast_head_json":{"title":"SEICAR | MS PULVER 398 | Joint d'\u00e9tanch\u00e9it\u00e9 MS polym\u00e8re pulv\u00e9risable","description":"MS PULVER 398 | Joint d'\u00e9tanch\u00e9it\u00e9 MS polym\u00e8re pulv\u00e9risable | PRODUITS CHIMIQUES | JOINTS ET ADH\u00c9SIFS | REF: SMX003 | SEICAR","robots":{"index":"index","follow":"follow","max-snippet":"max-snippet:-1","max-image-preview":"max-image-preview:large","max-video-preview":"max-video-preview:-1"},"canonical":"https:\/\/arekson.com\/fr\/producto\/ms-pulver-398-joint-detancheite-ms-polymere-pulverisable\/","og_locale":"fr_FR","og_type":"article","og_title":"SEICAR | MS PULVER 398 | Joint d'\u00e9tanch\u00e9it\u00e9 MS polym\u00e8re pulv\u00e9risable","og_description":"MS PULVER 398 | Joint d'\u00e9tanch\u00e9it\u00e9 MS polym\u00e8re pulv\u00e9risable | PRODUITS CHIMIQUES | JOINTS ET ADH\u00c9SIFS | REF: SMX003 | SEICAR","og_url":"https:\/\/arekson.com\/fr\/producto\/ms-pulver-398-joint-detancheite-ms-polymere-pulverisable\/","og_site_name":"Arekson Group","article_modified_time":"2023-06-06T06:48:49+00:00","og_image":[{"width":800,"height":800,"url":"https:\/\/arekson.com\/wp-content\/uploads\/2022\/05\/SMX001.jpg","type":"image\/jpeg"}],"twitter_card":"summary_large_image","schema":{"@context":"https:\/\/schema.org","@graph":[{"@type":"WebPage","@id":"https:\/\/arekson.com\/fr\/producto\/ms-pulver-398-joint-detancheite-ms-polymere-pulverisable\/","url":"https:\/\/arekson.com\/fr\/producto\/ms-pulver-398-joint-detancheite-ms-polymere-pulverisable\/","name":"SEICAR | MS PULVER 398 | Joint d'\u00e9tanch\u00e9it\u00e9 MS polym\u00e8re pulv\u00e9risable","isPartOf":{"@id":"https:\/\/arekson.com\/fr\/#website"},"primaryImageOfPage":{"@id":"https:\/\/arekson.com\/fr\/producto\/ms-pulver-398-joint-detancheite-ms-polymere-pulverisable\/#primaryimage"},"image":{"@id":"https:\/\/arekson.com\/fr\/producto\/ms-pulver-398-joint-detancheite-ms-polymere-pulverisable\/#primaryimage"},"thumbnailUrl":"https:\/\/arekson.com\/wp-content\/uploads\/2022\/05\/SMX001.jpg","datePublished":"2022-06-03T16:07:11+00:00","dateModified":"2023-06-06T06:48:49+00:00","description":"MS PULVER 398 | Joint d'\u00e9tanch\u00e9it\u00e9 MS polym\u00e8re pulv\u00e9risable | PRODUITS CHIMIQUES | JOINTS ET ADH\u00c9SIFS | REF: SMX003 | SEICAR","breadcrumb":{"@id":"https:\/\/arekson.com\/fr\/producto\/ms-pulver-398-joint-detancheite-ms-polymere-pulverisable\/#breadcrumb"},"inLanguage":"fr-FR","potentialAction":[{"@type":"ReadAction","target":["https:\/\/arekson.com\/fr\/producto\/ms-pulver-398-joint-detancheite-ms-polymere-pulverisable\/"]}]},{"@type":"ImageObject","inLanguage":"fr-FR","@id":"https:\/\/arekson.com\/fr\/producto\/ms-pulver-398-joint-detancheite-ms-polymere-pulverisable\/#primaryimage","url":"https:\/\/arekson.com\/wp-content\/uploads\/2022\/05\/SMX001.jpg","contentUrl":"https:\/\/arekson.com\/wp-content\/uploads\/2022\/05\/SMX001.jpg","width":800,"height":800},{"@type":"BreadcrumbList","@id":"https:\/\/arekson.com\/fr\/producto\/ms-pulver-398-joint-detancheite-ms-polymere-pulverisable\/#breadcrumb","itemListElement":[{"@type":"ListItem","position":1,"name":"Home","item":"https:\/\/arekson.com\/fr\/"},{"@type":"ListItem","position":2,"name":"Produits","item":"https:\/\/arekson.com\/fr\/shop\/"},{"@type":"ListItem","position":3,"name":"MS PULVER 398 Joint d&#8217;\u00e9tanch\u00e9it\u00e9 MS polym\u00e8re pulv\u00e9risable"}]},{"@type":"WebSite","@id":"https:\/\/arekson.com\/fr\/#website","url":"https:\/\/arekson.com\/fr\/","name":"Arekson Group","description":"Marcas Referentes del Automovil Profesional","publisher":{"@id":"https:\/\/arekson.com\/fr\/#organization"},"potentialAction":[{"@type":"SearchAction","target":{"@type":"EntryPoint","urlTemplate":"https:\/\/arekson.com\/fr\/?s={search_term_string}"},"query-input":{"@type":"PropertyValueSpecification","valueRequired":true,"valueName":"search_term_string"}}],"inLanguage":"fr-FR"},{"@type":"Organization","@id":"https:\/\/arekson.com\/fr\/#organization","name":"Arekson Group","url":"https:\/\/arekson.com\/fr\/","logo":{"@type":"ImageObject","inLanguage":"fr-FR","@id":"https:\/\/arekson.com\/fr\/#\/schema\/logo\/image\/","url":"https:\/\/arekson.com\/wp-content\/uploads\/2022\/06\/Arekson-Group-Logo-Gris.jpg","contentUrl":"https:\/\/arekson.com\/wp-content\/uploads\/2022\/06\/Arekson-Group-Logo-Gris.jpg","width":174,"height":72,"caption":"Arekson Group"},"image":{"@id":"https:\/\/arekson.com\/fr\/#\/schema\/logo\/image\/"}}]}},"_links":{"self":[{"href":"https:\/\/arekson.com\/fr\/wp-json\/wp\/v2\/product\/18127","targetHints":{"allow":["GET"]}}],"collection":[{"href":"https:\/\/arekson.com\/fr\/wp-json\/wp\/v2\/product"}],"about":[{"href":"https:\/\/arekson.com\/fr\/wp-json\/wp\/v2\/types\/product"}],"wp:featuredmedia":[{"embeddable":true,"href":"https:\/\/arekson.com\/fr\/wp-json\/wp\/v2\/media\/6931"}],"wp:attachment":[{"href":"https:\/\/arekson.com\/fr\/wp-json\/wp\/v2\/media?parent=18127"}],"wp:term":[{"taxonomy":"product_brand","embeddable":true,"href":"https:\/\/arekson.com\/fr\/wp-json\/wp\/v2\/product_brand?post=18127"},{"taxonomy":"product_cat","embeddable":true,"href":"https:\/\/arekson.com\/fr\/wp-json\/wp\/v2\/product_cat?post=18127"},{"taxonomy":"product_tag","embeddable":true,"href":"https:\/\/arekson.com\/fr\/wp-json\/wp\/v2\/product_tag?post=18127"}],"curies":[{"name":"wp","href":"https:\/\/api.w.org\/{rel}","templated":true}]}}