{"id":18117,"date":"2022-06-03T18:07:07","date_gmt":"2022-06-03T16:07:07","guid":{"rendered":"https:\/\/arekson.com\/producto\/fast-flex-390-joint-detancheite-adhesif-au-polyurethane-pu\/"},"modified":"2025-03-04T16:22:05","modified_gmt":"2025-03-04T15:22:05","slug":"fast-flex-390-joint-detancheite-adhesif-au-polyurethane-pu","status":"publish","type":"product","link":"https:\/\/arekson.com\/fr\/producto\/fast-flex-390-joint-detancheite-adhesif-au-polyurethane-pu\/","title":{"rendered":"<strong><span class=\"nom-corto\">FAST FLEX 390 <\/span><\/strong><br><span class=\"nom-largo\">Joint d&rsquo;\u00e9tanch\u00e9it\u00e9 adh\u00e9sif au polyur\u00e9thane PU<\/span>"},"content":{"rendered":"<p style=\"text-align: right;\"><a class=\"boton-ficha\" href=\"https:\/\/arekson.com\/wp-content\/uploads\/2025\/03\/SPX001-FAST-FLEX-390-FR-FT-03022025.pdf\" target=\"_blank\" rel=\"noopener\">D\u00e9tails Techniques<\/a> <\/p>\n","protected":false},"excerpt":{"rendered":"<p>Joint colle d&rsquo;\u00e9tanch\u00e9it\u00e9 au polyur\u00e9thane mono composant pour le collage et masticage de surfaces et de joints en g\u00e9n\u00e9ral. Ne r\u00e9tr\u00e9cit pas. Haute r\u00e9sistance \u00e0 l&rsquo;abrasion. \u00c9lastique en permanence ; r\u00e9siste au vieillissement. R\u00e9champissable.<\/p>\n","protected":false},"featured_media":6946,"template":"","meta":{"_et_pb_use_builder":"","_et_pb_old_content":"","_et_gb_content_width":""},"product_brand":[],"product_cat":[1223,1273,1267,370],"product_tag":[],"class_list":{"0":"post-18117","1":"product","2":"type-product","3":"status-publish","4":"has-post-thumbnail","6":"product_cat-chimiques","7":"product_cat-joints-de-carrosserie","8":"product_cat-joints-et-adhesifs","9":"product_cat-seicar-fr","10":"pa_seicar-fr-ref-spx001-blanc-cartouche-300-ml-12-unites","11":"pa_seicar-fr-ref-spx002-gris-cartouche-300-ml-12-unites","12":"pa_seicar-fr-ref-spx004-noir-cartouche-300-ml-12-unites","14":"first","15":"outofstock","16":"purchasable","17":"product-type-variable"},"yoast_head":"<!-- This site is optimized with the Yoast SEO plugin v27.2 - https:\/\/yoast.com\/product\/yoast-seo-wordpress\/ -->\n<title>SEICAR | FAST FLEX 390 | Joint d&#039;\u00e9tanch\u00e9it\u00e9 adh\u00e9sif au polyur\u00e9thane PU<\/title>\n<meta name=\"description\" content=\"FAST FLEX 390 | Joint d&#039;\u00e9tanch\u00e9it\u00e9 adh\u00e9sif au polyur\u00e9thane PU | PRODUITS CHIMIQUES | JOINTS ET ADH\u00c9SIFS | REF: SPX004 | SEICAR\" \/>\n<meta name=\"robots\" content=\"index, follow, max-snippet:-1, max-image-preview:large, max-video-preview:-1\" \/>\n<link rel=\"canonical\" href=\"https:\/\/arekson.com\/fr\/producto\/fast-flex-390-joint-detancheite-adhesif-au-polyurethane-pu\/\" \/>\n<meta property=\"og:locale\" content=\"fr_FR\" \/>\n<meta property=\"og:type\" content=\"article\" \/>\n<meta property=\"og:title\" content=\"SEICAR | FAST FLEX 390 | Joint d&#039;\u00e9tanch\u00e9it\u00e9 adh\u00e9sif au polyur\u00e9thane PU\" \/>\n<meta property=\"og:description\" content=\"FAST FLEX 390 | Joint d&#039;\u00e9tanch\u00e9it\u00e9 adh\u00e9sif au polyur\u00e9thane PU | PRODUITS CHIMIQUES | JOINTS ET ADH\u00c9SIFS | REF: SPX004 | SEICAR\" \/>\n<meta property=\"og:url\" content=\"https:\/\/arekson.com\/fr\/producto\/fast-flex-390-joint-detancheite-adhesif-au-polyurethane-pu\/\" \/>\n<meta property=\"og:site_name\" content=\"Arekson Group\" \/>\n<meta property=\"article:modified_time\" content=\"2025-03-04T15:22:05+00:00\" \/>\n<meta property=\"og:image\" content=\"https:\/\/arekson.com\/wp-content\/uploads\/2022\/05\/SPX001.jpg\" \/>\n\t<meta property=\"og:image:width\" content=\"800\" \/>\n\t<meta property=\"og:image:height\" content=\"800\" \/>\n\t<meta property=\"og:image:type\" content=\"image\/jpeg\" \/>\n<meta name=\"twitter:card\" content=\"summary_large_image\" \/>\n<script type=\"application\/ld+json\" class=\"yoast-schema-graph\">{\"@context\":\"https:\/\/schema.org\",\"@graph\":[{\"@type\":\"WebPage\",\"@id\":\"https:\/\/arekson.com\/fr\/producto\/fast-flex-390-joint-detancheite-adhesif-au-polyurethane-pu\/\",\"url\":\"https:\/\/arekson.com\/fr\/producto\/fast-flex-390-joint-detancheite-adhesif-au-polyurethane-pu\/\",\"name\":\"SEICAR | FAST FLEX 390 | Joint d'\u00e9tanch\u00e9it\u00e9 adh\u00e9sif au polyur\u00e9thane PU\",\"isPartOf\":{\"@id\":\"https:\/\/arekson.com\/fr\/#website\"},\"primaryImageOfPage\":{\"@id\":\"https:\/\/arekson.com\/fr\/producto\/fast-flex-390-joint-detancheite-adhesif-au-polyurethane-pu\/#primaryimage\"},\"image\":{\"@id\":\"https:\/\/arekson.com\/fr\/producto\/fast-flex-390-joint-detancheite-adhesif-au-polyurethane-pu\/#primaryimage\"},\"thumbnailUrl\":\"https:\/\/arekson.com\/wp-content\/uploads\/2022\/05\/SPX001.jpg\",\"datePublished\":\"2022-06-03T16:07:07+00:00\",\"dateModified\":\"2025-03-04T15:22:05+00:00\",\"description\":\"FAST FLEX 390 | Joint d'\u00e9tanch\u00e9it\u00e9 adh\u00e9sif au polyur\u00e9thane PU | PRODUITS CHIMIQUES | JOINTS ET ADH\u00c9SIFS | REF: SPX004 | SEICAR\",\"breadcrumb\":{\"@id\":\"https:\/\/arekson.com\/fr\/producto\/fast-flex-390-joint-detancheite-adhesif-au-polyurethane-pu\/#breadcrumb\"},\"inLanguage\":\"fr-FR\",\"potentialAction\":[{\"@type\":\"ReadAction\",\"target\":[\"https:\/\/arekson.com\/fr\/producto\/fast-flex-390-joint-detancheite-adhesif-au-polyurethane-pu\/\"]}]},{\"@type\":\"ImageObject\",\"inLanguage\":\"fr-FR\",\"@id\":\"https:\/\/arekson.com\/fr\/producto\/fast-flex-390-joint-detancheite-adhesif-au-polyurethane-pu\/#primaryimage\",\"url\":\"https:\/\/arekson.com\/wp-content\/uploads\/2022\/05\/SPX001.jpg\",\"contentUrl\":\"https:\/\/arekson.com\/wp-content\/uploads\/2022\/05\/SPX001.jpg\",\"width\":800,\"height\":800},{\"@type\":\"BreadcrumbList\",\"@id\":\"https:\/\/arekson.com\/fr\/producto\/fast-flex-390-joint-detancheite-adhesif-au-polyurethane-pu\/#breadcrumb\",\"itemListElement\":[{\"@type\":\"ListItem\",\"position\":1,\"name\":\"Home\",\"item\":\"https:\/\/arekson.com\/fr\/\"},{\"@type\":\"ListItem\",\"position\":2,\"name\":\"Produits\",\"item\":\"https:\/\/arekson.com\/fr\/shop\/\"},{\"@type\":\"ListItem\",\"position\":3,\"name\":\"FAST FLEX 390 Joint d&#8217;\u00e9tanch\u00e9it\u00e9 adh\u00e9sif au polyur\u00e9thane PU\"}]},{\"@type\":\"WebSite\",\"@id\":\"https:\/\/arekson.com\/fr\/#website\",\"url\":\"https:\/\/arekson.com\/fr\/\",\"name\":\"Arekson Group\",\"description\":\"Marcas Referentes del Automovil Profesional\",\"publisher\":{\"@id\":\"https:\/\/arekson.com\/fr\/#organization\"},\"potentialAction\":[{\"@type\":\"SearchAction\",\"target\":{\"@type\":\"EntryPoint\",\"urlTemplate\":\"https:\/\/arekson.com\/fr\/?s={search_term_string}\"},\"query-input\":{\"@type\":\"PropertyValueSpecification\",\"valueRequired\":true,\"valueName\":\"search_term_string\"}}],\"inLanguage\":\"fr-FR\"},{\"@type\":\"Organization\",\"@id\":\"https:\/\/arekson.com\/fr\/#organization\",\"name\":\"Arekson Group\",\"url\":\"https:\/\/arekson.com\/fr\/\",\"logo\":{\"@type\":\"ImageObject\",\"inLanguage\":\"fr-FR\",\"@id\":\"https:\/\/arekson.com\/fr\/#\/schema\/logo\/image\/\",\"url\":\"https:\/\/arekson.com\/wp-content\/uploads\/2022\/06\/Arekson-Group-Logo-Gris.jpg\",\"contentUrl\":\"https:\/\/arekson.com\/wp-content\/uploads\/2022\/06\/Arekson-Group-Logo-Gris.jpg\",\"width\":174,\"height\":72,\"caption\":\"Arekson Group\"},\"image\":{\"@id\":\"https:\/\/arekson.com\/fr\/#\/schema\/logo\/image\/\"}}]}<\/script>\n<!-- \/ Yoast SEO plugin. -->","yoast_head_json":{"title":"SEICAR | FAST FLEX 390 | Joint d'\u00e9tanch\u00e9it\u00e9 adh\u00e9sif au polyur\u00e9thane PU","description":"FAST FLEX 390 | Joint d'\u00e9tanch\u00e9it\u00e9 adh\u00e9sif au polyur\u00e9thane PU | PRODUITS CHIMIQUES | JOINTS ET ADH\u00c9SIFS | REF: SPX004 | SEICAR","robots":{"index":"index","follow":"follow","max-snippet":"max-snippet:-1","max-image-preview":"max-image-preview:large","max-video-preview":"max-video-preview:-1"},"canonical":"https:\/\/arekson.com\/fr\/producto\/fast-flex-390-joint-detancheite-adhesif-au-polyurethane-pu\/","og_locale":"fr_FR","og_type":"article","og_title":"SEICAR | FAST FLEX 390 | Joint d'\u00e9tanch\u00e9it\u00e9 adh\u00e9sif au polyur\u00e9thane PU","og_description":"FAST FLEX 390 | Joint d'\u00e9tanch\u00e9it\u00e9 adh\u00e9sif au polyur\u00e9thane PU | PRODUITS CHIMIQUES | JOINTS ET ADH\u00c9SIFS | REF: SPX004 | SEICAR","og_url":"https:\/\/arekson.com\/fr\/producto\/fast-flex-390-joint-detancheite-adhesif-au-polyurethane-pu\/","og_site_name":"Arekson Group","article_modified_time":"2025-03-04T15:22:05+00:00","og_image":[{"width":800,"height":800,"url":"https:\/\/arekson.com\/wp-content\/uploads\/2022\/05\/SPX001.jpg","type":"image\/jpeg"}],"twitter_card":"summary_large_image","schema":{"@context":"https:\/\/schema.org","@graph":[{"@type":"WebPage","@id":"https:\/\/arekson.com\/fr\/producto\/fast-flex-390-joint-detancheite-adhesif-au-polyurethane-pu\/","url":"https:\/\/arekson.com\/fr\/producto\/fast-flex-390-joint-detancheite-adhesif-au-polyurethane-pu\/","name":"SEICAR | FAST FLEX 390 | Joint d'\u00e9tanch\u00e9it\u00e9 adh\u00e9sif au polyur\u00e9thane PU","isPartOf":{"@id":"https:\/\/arekson.com\/fr\/#website"},"primaryImageOfPage":{"@id":"https:\/\/arekson.com\/fr\/producto\/fast-flex-390-joint-detancheite-adhesif-au-polyurethane-pu\/#primaryimage"},"image":{"@id":"https:\/\/arekson.com\/fr\/producto\/fast-flex-390-joint-detancheite-adhesif-au-polyurethane-pu\/#primaryimage"},"thumbnailUrl":"https:\/\/arekson.com\/wp-content\/uploads\/2022\/05\/SPX001.jpg","datePublished":"2022-06-03T16:07:07+00:00","dateModified":"2025-03-04T15:22:05+00:00","description":"FAST FLEX 390 | Joint d'\u00e9tanch\u00e9it\u00e9 adh\u00e9sif au polyur\u00e9thane PU | PRODUITS CHIMIQUES | JOINTS ET ADH\u00c9SIFS | REF: SPX004 | SEICAR","breadcrumb":{"@id":"https:\/\/arekson.com\/fr\/producto\/fast-flex-390-joint-detancheite-adhesif-au-polyurethane-pu\/#breadcrumb"},"inLanguage":"fr-FR","potentialAction":[{"@type":"ReadAction","target":["https:\/\/arekson.com\/fr\/producto\/fast-flex-390-joint-detancheite-adhesif-au-polyurethane-pu\/"]}]},{"@type":"ImageObject","inLanguage":"fr-FR","@id":"https:\/\/arekson.com\/fr\/producto\/fast-flex-390-joint-detancheite-adhesif-au-polyurethane-pu\/#primaryimage","url":"https:\/\/arekson.com\/wp-content\/uploads\/2022\/05\/SPX001.jpg","contentUrl":"https:\/\/arekson.com\/wp-content\/uploads\/2022\/05\/SPX001.jpg","width":800,"height":800},{"@type":"BreadcrumbList","@id":"https:\/\/arekson.com\/fr\/producto\/fast-flex-390-joint-detancheite-adhesif-au-polyurethane-pu\/#breadcrumb","itemListElement":[{"@type":"ListItem","position":1,"name":"Home","item":"https:\/\/arekson.com\/fr\/"},{"@type":"ListItem","position":2,"name":"Produits","item":"https:\/\/arekson.com\/fr\/shop\/"},{"@type":"ListItem","position":3,"name":"FAST FLEX 390 Joint d&#8217;\u00e9tanch\u00e9it\u00e9 adh\u00e9sif au polyur\u00e9thane PU"}]},{"@type":"WebSite","@id":"https:\/\/arekson.com\/fr\/#website","url":"https:\/\/arekson.com\/fr\/","name":"Arekson Group","description":"Marcas Referentes del Automovil Profesional","publisher":{"@id":"https:\/\/arekson.com\/fr\/#organization"},"potentialAction":[{"@type":"SearchAction","target":{"@type":"EntryPoint","urlTemplate":"https:\/\/arekson.com\/fr\/?s={search_term_string}"},"query-input":{"@type":"PropertyValueSpecification","valueRequired":true,"valueName":"search_term_string"}}],"inLanguage":"fr-FR"},{"@type":"Organization","@id":"https:\/\/arekson.com\/fr\/#organization","name":"Arekson Group","url":"https:\/\/arekson.com\/fr\/","logo":{"@type":"ImageObject","inLanguage":"fr-FR","@id":"https:\/\/arekson.com\/fr\/#\/schema\/logo\/image\/","url":"https:\/\/arekson.com\/wp-content\/uploads\/2022\/06\/Arekson-Group-Logo-Gris.jpg","contentUrl":"https:\/\/arekson.com\/wp-content\/uploads\/2022\/06\/Arekson-Group-Logo-Gris.jpg","width":174,"height":72,"caption":"Arekson Group"},"image":{"@id":"https:\/\/arekson.com\/fr\/#\/schema\/logo\/image\/"}}]}},"_links":{"self":[{"href":"https:\/\/arekson.com\/fr\/wp-json\/wp\/v2\/product\/18117","targetHints":{"allow":["GET"]}}],"collection":[{"href":"https:\/\/arekson.com\/fr\/wp-json\/wp\/v2\/product"}],"about":[{"href":"https:\/\/arekson.com\/fr\/wp-json\/wp\/v2\/types\/product"}],"wp:featuredmedia":[{"embeddable":true,"href":"https:\/\/arekson.com\/fr\/wp-json\/wp\/v2\/media\/6946"}],"wp:attachment":[{"href":"https:\/\/arekson.com\/fr\/wp-json\/wp\/v2\/media?parent=18117"}],"wp:term":[{"taxonomy":"product_brand","embeddable":true,"href":"https:\/\/arekson.com\/fr\/wp-json\/wp\/v2\/product_brand?post=18117"},{"taxonomy":"product_cat","embeddable":true,"href":"https:\/\/arekson.com\/fr\/wp-json\/wp\/v2\/product_cat?post=18117"},{"taxonomy":"product_tag","embeddable":true,"href":"https:\/\/arekson.com\/fr\/wp-json\/wp\/v2\/product_tag?post=18117"}],"curies":[{"name":"wp","href":"https:\/\/api.w.org\/{rel}","templated":true}]}}