{"id":18110,"date":"2022-06-03T18:07:04","date_gmt":"2022-06-03T16:07:04","guid":{"rendered":"https:\/\/arekson.com\/producto\/kontrol-355-guide-de-poncage-en-aerosol\/"},"modified":"2023-06-21T15:40:43","modified_gmt":"2023-06-21T13:40:43","slug":"kontrol-355-guide-de-poncage-en-aerosol","status":"publish","type":"product","link":"https:\/\/arekson.com\/fr\/producto\/kontrol-355-guide-de-poncage-en-aerosol\/","title":{"rendered":"<strong><span class=\"nom-corto\">KONTROL 355 <\/span><\/strong><br><span class=\"nom-largo\">Guide de pon\u00e7age en a\u00e9rosol<\/span>"},"content":{"rendered":"<p style=\"text-align: right;\"><a class=\"boton-ficha\" href=\"https:\/\/arekson.com\/wp-content\/uploads\/2023\/06\/APX055-KONTROL355-FT-VER.2009_FR.pdf\" target=\"_blank\" rel=\"noopener\">D\u00e9tails Techniques<\/a> <\/p>\n","protected":false},"excerpt":{"rendered":"<p>Guide de pon\u00e7age en a\u00e9rosol sp\u00e9cial pour les pores fonc\u00e9s. \u00c0 utiliser sur des appr\u00eats, mastics et impressions. Rep\u00e8re les pores et les rayures entre les diff\u00e9rents grains lors du pon\u00e7age. S\u00e9chage rapide.<\/p>\n","protected":false},"featured_media":5128,"template":"","meta":{"_et_pb_use_builder":"","_et_pb_old_content":"","_et_gb_content_width":""},"product_brand":[],"product_cat":[1223,1247,1241,370],"product_tag":[],"class_list":{"0":"post-18110","1":"product","2":"type-product","3":"status-publish","4":"has-post-thumbnail","6":"product_cat-chimiques","7":"product_cat-guide-de-poncage","8":"product_cat-materiaux-de-fond","9":"product_cat-seicar-fr","10":"pa_seicar-fr-ref-apx055-noir-spray-400-ml-12-unites","11":"pa_seicar-fr-ref-apx056-blanc-spray-400-ml-12-unites","13":"first","14":"outofstock","15":"purchasable","16":"product-type-variable"},"yoast_head":"<!-- This site is optimized with the Yoast SEO plugin v27.2 - https:\/\/yoast.com\/product\/yoast-seo-wordpress\/ -->\n<title>SEICAR | KONTROL 355 | Guide de pon\u00e7age en a\u00e9rosol<\/title>\n<meta name=\"description\" content=\"KONTROL 355 | Guide de pon\u00e7age en a\u00e9rosol | PRODUITS CHIMIQUES | MAT\u00c9RIAUX DE FOND | REF: APX056 | SEICAR\" \/>\n<meta name=\"robots\" content=\"index, follow, max-snippet:-1, max-image-preview:large, max-video-preview:-1\" \/>\n<link rel=\"canonical\" href=\"https:\/\/arekson.com\/fr\/producto\/kontrol-355-guide-de-poncage-en-aerosol\/\" \/>\n<meta property=\"og:locale\" content=\"fr_FR\" \/>\n<meta property=\"og:type\" content=\"article\" \/>\n<meta property=\"og:title\" content=\"SEICAR | KONTROL 355 | Guide de pon\u00e7age en a\u00e9rosol\" \/>\n<meta property=\"og:description\" content=\"KONTROL 355 | Guide de pon\u00e7age en a\u00e9rosol | PRODUITS CHIMIQUES | MAT\u00c9RIAUX DE FOND | REF: APX056 | SEICAR\" \/>\n<meta property=\"og:url\" content=\"https:\/\/arekson.com\/fr\/producto\/kontrol-355-guide-de-poncage-en-aerosol\/\" \/>\n<meta property=\"og:site_name\" content=\"Arekson Group\" \/>\n<meta property=\"article:modified_time\" content=\"2023-06-21T13:40:43+00:00\" \/>\n<meta property=\"og:image\" content=\"https:\/\/arekson.com\/wp-content\/uploads\/2022\/05\/APX055.jpg\" \/>\n\t<meta property=\"og:image:width\" content=\"800\" \/>\n\t<meta property=\"og:image:height\" content=\"800\" \/>\n\t<meta property=\"og:image:type\" content=\"image\/jpeg\" \/>\n<meta name=\"twitter:card\" content=\"summary_large_image\" \/>\n<script type=\"application\/ld+json\" class=\"yoast-schema-graph\">{\"@context\":\"https:\/\/schema.org\",\"@graph\":[{\"@type\":\"WebPage\",\"@id\":\"https:\/\/arekson.com\/fr\/producto\/kontrol-355-guide-de-poncage-en-aerosol\/\",\"url\":\"https:\/\/arekson.com\/fr\/producto\/kontrol-355-guide-de-poncage-en-aerosol\/\",\"name\":\"SEICAR | KONTROL 355 | Guide de pon\u00e7age en a\u00e9rosol\",\"isPartOf\":{\"@id\":\"https:\/\/arekson.com\/fr\/#website\"},\"primaryImageOfPage\":{\"@id\":\"https:\/\/arekson.com\/fr\/producto\/kontrol-355-guide-de-poncage-en-aerosol\/#primaryimage\"},\"image\":{\"@id\":\"https:\/\/arekson.com\/fr\/producto\/kontrol-355-guide-de-poncage-en-aerosol\/#primaryimage\"},\"thumbnailUrl\":\"https:\/\/arekson.com\/wp-content\/uploads\/2022\/05\/APX055.jpg\",\"datePublished\":\"2022-06-03T16:07:04+00:00\",\"dateModified\":\"2023-06-21T13:40:43+00:00\",\"description\":\"KONTROL 355 | Guide de pon\u00e7age en a\u00e9rosol | PRODUITS CHIMIQUES | MAT\u00c9RIAUX DE FOND | REF: APX056 | SEICAR\",\"breadcrumb\":{\"@id\":\"https:\/\/arekson.com\/fr\/producto\/kontrol-355-guide-de-poncage-en-aerosol\/#breadcrumb\"},\"inLanguage\":\"fr-FR\",\"potentialAction\":[{\"@type\":\"ReadAction\",\"target\":[\"https:\/\/arekson.com\/fr\/producto\/kontrol-355-guide-de-poncage-en-aerosol\/\"]}]},{\"@type\":\"ImageObject\",\"inLanguage\":\"fr-FR\",\"@id\":\"https:\/\/arekson.com\/fr\/producto\/kontrol-355-guide-de-poncage-en-aerosol\/#primaryimage\",\"url\":\"https:\/\/arekson.com\/wp-content\/uploads\/2022\/05\/APX055.jpg\",\"contentUrl\":\"https:\/\/arekson.com\/wp-content\/uploads\/2022\/05\/APX055.jpg\",\"width\":800,\"height\":800},{\"@type\":\"BreadcrumbList\",\"@id\":\"https:\/\/arekson.com\/fr\/producto\/kontrol-355-guide-de-poncage-en-aerosol\/#breadcrumb\",\"itemListElement\":[{\"@type\":\"ListItem\",\"position\":1,\"name\":\"Home\",\"item\":\"https:\/\/arekson.com\/fr\/\"},{\"@type\":\"ListItem\",\"position\":2,\"name\":\"Produits\",\"item\":\"https:\/\/arekson.com\/fr\/shop\/\"},{\"@type\":\"ListItem\",\"position\":3,\"name\":\"KONTROL 355 Guide de pon\u00e7age en a\u00e9rosol\"}]},{\"@type\":\"WebSite\",\"@id\":\"https:\/\/arekson.com\/fr\/#website\",\"url\":\"https:\/\/arekson.com\/fr\/\",\"name\":\"Arekson Group\",\"description\":\"Marcas Referentes del Automovil Profesional\",\"publisher\":{\"@id\":\"https:\/\/arekson.com\/fr\/#organization\"},\"potentialAction\":[{\"@type\":\"SearchAction\",\"target\":{\"@type\":\"EntryPoint\",\"urlTemplate\":\"https:\/\/arekson.com\/fr\/?s={search_term_string}\"},\"query-input\":{\"@type\":\"PropertyValueSpecification\",\"valueRequired\":true,\"valueName\":\"search_term_string\"}}],\"inLanguage\":\"fr-FR\"},{\"@type\":\"Organization\",\"@id\":\"https:\/\/arekson.com\/fr\/#organization\",\"name\":\"Arekson Group\",\"url\":\"https:\/\/arekson.com\/fr\/\",\"logo\":{\"@type\":\"ImageObject\",\"inLanguage\":\"fr-FR\",\"@id\":\"https:\/\/arekson.com\/fr\/#\/schema\/logo\/image\/\",\"url\":\"https:\/\/arekson.com\/wp-content\/uploads\/2022\/06\/Arekson-Group-Logo-Gris.jpg\",\"contentUrl\":\"https:\/\/arekson.com\/wp-content\/uploads\/2022\/06\/Arekson-Group-Logo-Gris.jpg\",\"width\":174,\"height\":72,\"caption\":\"Arekson Group\"},\"image\":{\"@id\":\"https:\/\/arekson.com\/fr\/#\/schema\/logo\/image\/\"}}]}<\/script>\n<!-- \/ Yoast SEO plugin. -->","yoast_head_json":{"title":"SEICAR | KONTROL 355 | Guide de pon\u00e7age en a\u00e9rosol","description":"KONTROL 355 | Guide de pon\u00e7age en a\u00e9rosol | PRODUITS CHIMIQUES | MAT\u00c9RIAUX DE FOND | REF: APX056 | SEICAR","robots":{"index":"index","follow":"follow","max-snippet":"max-snippet:-1","max-image-preview":"max-image-preview:large","max-video-preview":"max-video-preview:-1"},"canonical":"https:\/\/arekson.com\/fr\/producto\/kontrol-355-guide-de-poncage-en-aerosol\/","og_locale":"fr_FR","og_type":"article","og_title":"SEICAR | KONTROL 355 | Guide de pon\u00e7age en a\u00e9rosol","og_description":"KONTROL 355 | Guide de pon\u00e7age en a\u00e9rosol | PRODUITS CHIMIQUES | MAT\u00c9RIAUX DE FOND | REF: APX056 | SEICAR","og_url":"https:\/\/arekson.com\/fr\/producto\/kontrol-355-guide-de-poncage-en-aerosol\/","og_site_name":"Arekson Group","article_modified_time":"2023-06-21T13:40:43+00:00","og_image":[{"width":800,"height":800,"url":"https:\/\/arekson.com\/wp-content\/uploads\/2022\/05\/APX055.jpg","type":"image\/jpeg"}],"twitter_card":"summary_large_image","schema":{"@context":"https:\/\/schema.org","@graph":[{"@type":"WebPage","@id":"https:\/\/arekson.com\/fr\/producto\/kontrol-355-guide-de-poncage-en-aerosol\/","url":"https:\/\/arekson.com\/fr\/producto\/kontrol-355-guide-de-poncage-en-aerosol\/","name":"SEICAR | KONTROL 355 | Guide de pon\u00e7age en a\u00e9rosol","isPartOf":{"@id":"https:\/\/arekson.com\/fr\/#website"},"primaryImageOfPage":{"@id":"https:\/\/arekson.com\/fr\/producto\/kontrol-355-guide-de-poncage-en-aerosol\/#primaryimage"},"image":{"@id":"https:\/\/arekson.com\/fr\/producto\/kontrol-355-guide-de-poncage-en-aerosol\/#primaryimage"},"thumbnailUrl":"https:\/\/arekson.com\/wp-content\/uploads\/2022\/05\/APX055.jpg","datePublished":"2022-06-03T16:07:04+00:00","dateModified":"2023-06-21T13:40:43+00:00","description":"KONTROL 355 | Guide de pon\u00e7age en a\u00e9rosol | PRODUITS CHIMIQUES | MAT\u00c9RIAUX DE FOND | REF: APX056 | SEICAR","breadcrumb":{"@id":"https:\/\/arekson.com\/fr\/producto\/kontrol-355-guide-de-poncage-en-aerosol\/#breadcrumb"},"inLanguage":"fr-FR","potentialAction":[{"@type":"ReadAction","target":["https:\/\/arekson.com\/fr\/producto\/kontrol-355-guide-de-poncage-en-aerosol\/"]}]},{"@type":"ImageObject","inLanguage":"fr-FR","@id":"https:\/\/arekson.com\/fr\/producto\/kontrol-355-guide-de-poncage-en-aerosol\/#primaryimage","url":"https:\/\/arekson.com\/wp-content\/uploads\/2022\/05\/APX055.jpg","contentUrl":"https:\/\/arekson.com\/wp-content\/uploads\/2022\/05\/APX055.jpg","width":800,"height":800},{"@type":"BreadcrumbList","@id":"https:\/\/arekson.com\/fr\/producto\/kontrol-355-guide-de-poncage-en-aerosol\/#breadcrumb","itemListElement":[{"@type":"ListItem","position":1,"name":"Home","item":"https:\/\/arekson.com\/fr\/"},{"@type":"ListItem","position":2,"name":"Produits","item":"https:\/\/arekson.com\/fr\/shop\/"},{"@type":"ListItem","position":3,"name":"KONTROL 355 Guide de pon\u00e7age en a\u00e9rosol"}]},{"@type":"WebSite","@id":"https:\/\/arekson.com\/fr\/#website","url":"https:\/\/arekson.com\/fr\/","name":"Arekson Group","description":"Marcas Referentes del Automovil Profesional","publisher":{"@id":"https:\/\/arekson.com\/fr\/#organization"},"potentialAction":[{"@type":"SearchAction","target":{"@type":"EntryPoint","urlTemplate":"https:\/\/arekson.com\/fr\/?s={search_term_string}"},"query-input":{"@type":"PropertyValueSpecification","valueRequired":true,"valueName":"search_term_string"}}],"inLanguage":"fr-FR"},{"@type":"Organization","@id":"https:\/\/arekson.com\/fr\/#organization","name":"Arekson Group","url":"https:\/\/arekson.com\/fr\/","logo":{"@type":"ImageObject","inLanguage":"fr-FR","@id":"https:\/\/arekson.com\/fr\/#\/schema\/logo\/image\/","url":"https:\/\/arekson.com\/wp-content\/uploads\/2022\/06\/Arekson-Group-Logo-Gris.jpg","contentUrl":"https:\/\/arekson.com\/wp-content\/uploads\/2022\/06\/Arekson-Group-Logo-Gris.jpg","width":174,"height":72,"caption":"Arekson Group"},"image":{"@id":"https:\/\/arekson.com\/fr\/#\/schema\/logo\/image\/"}}]}},"_links":{"self":[{"href":"https:\/\/arekson.com\/fr\/wp-json\/wp\/v2\/product\/18110","targetHints":{"allow":["GET"]}}],"collection":[{"href":"https:\/\/arekson.com\/fr\/wp-json\/wp\/v2\/product"}],"about":[{"href":"https:\/\/arekson.com\/fr\/wp-json\/wp\/v2\/types\/product"}],"wp:featuredmedia":[{"embeddable":true,"href":"https:\/\/arekson.com\/fr\/wp-json\/wp\/v2\/media\/5128"}],"wp:attachment":[{"href":"https:\/\/arekson.com\/fr\/wp-json\/wp\/v2\/media?parent=18110"}],"wp:term":[{"taxonomy":"product_brand","embeddable":true,"href":"https:\/\/arekson.com\/fr\/wp-json\/wp\/v2\/product_brand?post=18110"},{"taxonomy":"product_cat","embeddable":true,"href":"https:\/\/arekson.com\/fr\/wp-json\/wp\/v2\/product_cat?post=18110"},{"taxonomy":"product_tag","embeddable":true,"href":"https:\/\/arekson.com\/fr\/wp-json\/wp\/v2\/product_tag?post=18110"}],"curies":[{"name":"wp","href":"https:\/\/api.w.org\/{rel}","templated":true}]}}