{"id":18108,"date":"2022-06-03T18:07:00","date_gmt":"2022-06-03T16:07:00","guid":{"rendered":"https:\/\/arekson.com\/producto\/zinc-hs-080-zinc-en-aerosol-electro-soudable\/"},"modified":"2023-06-21T15:39:23","modified_gmt":"2023-06-21T13:39:23","slug":"zinc-hs-080-zinc-en-aerosol-electro-soudable","status":"publish","type":"product","link":"https:\/\/arekson.com\/fr\/producto\/zinc-hs-080-zinc-en-aerosol-electro-soudable\/","title":{"rendered":"<strong><span class=\"nom-corto\">ZINC HS 080 <\/span><\/strong><br><span class=\"nom-largo\">Zinc en a\u00e9rosol \u00e9lectro-soudable<\/span>"},"content":{"rendered":"<p style=\"text-align: right;\"><a class=\"boton-ficha\" href=\"https:\/\/arekson.com\/wp-content\/uploads\/2023\/06\/ACX002-ZINC-SPRAY-FT-16062021_FR.pdf\" target=\"_blank\" rel=\"noopener\">D\u00e9tails Techniques<\/a> <\/p>\n","protected":false},"excerpt":{"rendered":"<p>Primaire anticorrosion de zinc pur en a\u00e9rosol pour la galvanisation \u00e0 froid. Apte \u00e0 prot\u00e9ger les points de soudure. R\u00e9sistant \u00e0 des temp\u00e9ratures de 600\u00ba C. S\u00e9chage rapide. Couleur gris mat.<\/p>\n","protected":false},"featured_media":5080,"template":"","meta":{"_et_pb_use_builder":"","_et_pb_old_content":"","_et_gb_content_width":""},"product_brand":[],"product_cat":[1223,1249,1241,370],"product_tag":[],"class_list":{"0":"post-18108","1":"product","2":"type-product","3":"status-publish","4":"has-post-thumbnail","6":"product_cat-chimiques","7":"product_cat-couche-dappret","8":"product_cat-materiaux-de-fond","9":"product_cat-seicar-fr","10":"pa_seicar-fr-ref-acx002-gris-spray-400-ml-12-unites","12":"first","13":"outofstock","14":"purchasable","15":"product-type-variable"},"yoast_head":"<!-- This site is optimized with the Yoast SEO plugin v27.2 - https:\/\/yoast.com\/product\/yoast-seo-wordpress\/ -->\n<title>SEICAR | ZINC HS 080 | Zinc en a\u00e9rosol \u00e9lectro-soudable<\/title>\n<meta name=\"description\" content=\"ZINC HS 080 | Zinc en a\u00e9rosol \u00e9lectro-soudable | PRODUITS CHIMIQUES | MAT\u00c9RIAUX DE FOND | REF: ACX002 | SEICAR\" \/>\n<meta name=\"robots\" content=\"index, follow, max-snippet:-1, max-image-preview:large, max-video-preview:-1\" \/>\n<link rel=\"canonical\" href=\"https:\/\/arekson.com\/fr\/producto\/zinc-hs-080-zinc-en-aerosol-electro-soudable\/\" \/>\n<meta property=\"og:locale\" content=\"fr_FR\" \/>\n<meta property=\"og:type\" content=\"article\" \/>\n<meta property=\"og:title\" content=\"SEICAR | ZINC HS 080 | Zinc en a\u00e9rosol \u00e9lectro-soudable\" \/>\n<meta property=\"og:description\" content=\"ZINC HS 080 | Zinc en a\u00e9rosol \u00e9lectro-soudable | PRODUITS CHIMIQUES | MAT\u00c9RIAUX DE FOND | REF: ACX002 | SEICAR\" \/>\n<meta property=\"og:url\" content=\"https:\/\/arekson.com\/fr\/producto\/zinc-hs-080-zinc-en-aerosol-electro-soudable\/\" \/>\n<meta property=\"og:site_name\" content=\"Arekson Group\" \/>\n<meta property=\"article:modified_time\" content=\"2023-06-21T13:39:23+00:00\" \/>\n<meta property=\"og:image\" content=\"https:\/\/arekson.com\/wp-content\/uploads\/2022\/05\/ACX002.jpg\" \/>\n\t<meta property=\"og:image:width\" content=\"800\" \/>\n\t<meta property=\"og:image:height\" content=\"800\" \/>\n\t<meta property=\"og:image:type\" content=\"image\/jpeg\" \/>\n<meta name=\"twitter:card\" content=\"summary_large_image\" \/>\n<script type=\"application\/ld+json\" class=\"yoast-schema-graph\">{\"@context\":\"https:\/\/schema.org\",\"@graph\":[{\"@type\":\"WebPage\",\"@id\":\"https:\/\/arekson.com\/fr\/producto\/zinc-hs-080-zinc-en-aerosol-electro-soudable\/\",\"url\":\"https:\/\/arekson.com\/fr\/producto\/zinc-hs-080-zinc-en-aerosol-electro-soudable\/\",\"name\":\"SEICAR | ZINC HS 080 | Zinc en a\u00e9rosol \u00e9lectro-soudable\",\"isPartOf\":{\"@id\":\"https:\/\/arekson.com\/fr\/#website\"},\"primaryImageOfPage\":{\"@id\":\"https:\/\/arekson.com\/fr\/producto\/zinc-hs-080-zinc-en-aerosol-electro-soudable\/#primaryimage\"},\"image\":{\"@id\":\"https:\/\/arekson.com\/fr\/producto\/zinc-hs-080-zinc-en-aerosol-electro-soudable\/#primaryimage\"},\"thumbnailUrl\":\"https:\/\/arekson.com\/wp-content\/uploads\/2022\/05\/ACX002.jpg\",\"datePublished\":\"2022-06-03T16:07:00+00:00\",\"dateModified\":\"2023-06-21T13:39:23+00:00\",\"description\":\"ZINC HS 080 | Zinc en a\u00e9rosol \u00e9lectro-soudable | PRODUITS CHIMIQUES | MAT\u00c9RIAUX DE FOND | REF: ACX002 | SEICAR\",\"breadcrumb\":{\"@id\":\"https:\/\/arekson.com\/fr\/producto\/zinc-hs-080-zinc-en-aerosol-electro-soudable\/#breadcrumb\"},\"inLanguage\":\"fr-FR\",\"potentialAction\":[{\"@type\":\"ReadAction\",\"target\":[\"https:\/\/arekson.com\/fr\/producto\/zinc-hs-080-zinc-en-aerosol-electro-soudable\/\"]}]},{\"@type\":\"ImageObject\",\"inLanguage\":\"fr-FR\",\"@id\":\"https:\/\/arekson.com\/fr\/producto\/zinc-hs-080-zinc-en-aerosol-electro-soudable\/#primaryimage\",\"url\":\"https:\/\/arekson.com\/wp-content\/uploads\/2022\/05\/ACX002.jpg\",\"contentUrl\":\"https:\/\/arekson.com\/wp-content\/uploads\/2022\/05\/ACX002.jpg\",\"width\":800,\"height\":800},{\"@type\":\"BreadcrumbList\",\"@id\":\"https:\/\/arekson.com\/fr\/producto\/zinc-hs-080-zinc-en-aerosol-electro-soudable\/#breadcrumb\",\"itemListElement\":[{\"@type\":\"ListItem\",\"position\":1,\"name\":\"Home\",\"item\":\"https:\/\/arekson.com\/fr\/\"},{\"@type\":\"ListItem\",\"position\":2,\"name\":\"Produits\",\"item\":\"https:\/\/arekson.com\/fr\/shop\/\"},{\"@type\":\"ListItem\",\"position\":3,\"name\":\"ZINC HS 080 Zinc en a\u00e9rosol \u00e9lectro-soudable\"}]},{\"@type\":\"WebSite\",\"@id\":\"https:\/\/arekson.com\/fr\/#website\",\"url\":\"https:\/\/arekson.com\/fr\/\",\"name\":\"Arekson Group\",\"description\":\"Marcas Referentes del Automovil Profesional\",\"publisher\":{\"@id\":\"https:\/\/arekson.com\/fr\/#organization\"},\"potentialAction\":[{\"@type\":\"SearchAction\",\"target\":{\"@type\":\"EntryPoint\",\"urlTemplate\":\"https:\/\/arekson.com\/fr\/?s={search_term_string}\"},\"query-input\":{\"@type\":\"PropertyValueSpecification\",\"valueRequired\":true,\"valueName\":\"search_term_string\"}}],\"inLanguage\":\"fr-FR\"},{\"@type\":\"Organization\",\"@id\":\"https:\/\/arekson.com\/fr\/#organization\",\"name\":\"Arekson Group\",\"url\":\"https:\/\/arekson.com\/fr\/\",\"logo\":{\"@type\":\"ImageObject\",\"inLanguage\":\"fr-FR\",\"@id\":\"https:\/\/arekson.com\/fr\/#\/schema\/logo\/image\/\",\"url\":\"https:\/\/arekson.com\/wp-content\/uploads\/2022\/06\/Arekson-Group-Logo-Gris.jpg\",\"contentUrl\":\"https:\/\/arekson.com\/wp-content\/uploads\/2022\/06\/Arekson-Group-Logo-Gris.jpg\",\"width\":174,\"height\":72,\"caption\":\"Arekson Group\"},\"image\":{\"@id\":\"https:\/\/arekson.com\/fr\/#\/schema\/logo\/image\/\"}}]}<\/script>\n<!-- \/ Yoast SEO plugin. -->","yoast_head_json":{"title":"SEICAR | ZINC HS 080 | Zinc en a\u00e9rosol \u00e9lectro-soudable","description":"ZINC HS 080 | Zinc en a\u00e9rosol \u00e9lectro-soudable | PRODUITS CHIMIQUES | MAT\u00c9RIAUX DE FOND | REF: ACX002 | SEICAR","robots":{"index":"index","follow":"follow","max-snippet":"max-snippet:-1","max-image-preview":"max-image-preview:large","max-video-preview":"max-video-preview:-1"},"canonical":"https:\/\/arekson.com\/fr\/producto\/zinc-hs-080-zinc-en-aerosol-electro-soudable\/","og_locale":"fr_FR","og_type":"article","og_title":"SEICAR | ZINC HS 080 | Zinc en a\u00e9rosol \u00e9lectro-soudable","og_description":"ZINC HS 080 | Zinc en a\u00e9rosol \u00e9lectro-soudable | PRODUITS CHIMIQUES | MAT\u00c9RIAUX DE FOND | REF: ACX002 | SEICAR","og_url":"https:\/\/arekson.com\/fr\/producto\/zinc-hs-080-zinc-en-aerosol-electro-soudable\/","og_site_name":"Arekson Group","article_modified_time":"2023-06-21T13:39:23+00:00","og_image":[{"width":800,"height":800,"url":"https:\/\/arekson.com\/wp-content\/uploads\/2022\/05\/ACX002.jpg","type":"image\/jpeg"}],"twitter_card":"summary_large_image","schema":{"@context":"https:\/\/schema.org","@graph":[{"@type":"WebPage","@id":"https:\/\/arekson.com\/fr\/producto\/zinc-hs-080-zinc-en-aerosol-electro-soudable\/","url":"https:\/\/arekson.com\/fr\/producto\/zinc-hs-080-zinc-en-aerosol-electro-soudable\/","name":"SEICAR | ZINC HS 080 | Zinc en a\u00e9rosol \u00e9lectro-soudable","isPartOf":{"@id":"https:\/\/arekson.com\/fr\/#website"},"primaryImageOfPage":{"@id":"https:\/\/arekson.com\/fr\/producto\/zinc-hs-080-zinc-en-aerosol-electro-soudable\/#primaryimage"},"image":{"@id":"https:\/\/arekson.com\/fr\/producto\/zinc-hs-080-zinc-en-aerosol-electro-soudable\/#primaryimage"},"thumbnailUrl":"https:\/\/arekson.com\/wp-content\/uploads\/2022\/05\/ACX002.jpg","datePublished":"2022-06-03T16:07:00+00:00","dateModified":"2023-06-21T13:39:23+00:00","description":"ZINC HS 080 | Zinc en a\u00e9rosol \u00e9lectro-soudable | PRODUITS CHIMIQUES | MAT\u00c9RIAUX DE FOND | REF: ACX002 | SEICAR","breadcrumb":{"@id":"https:\/\/arekson.com\/fr\/producto\/zinc-hs-080-zinc-en-aerosol-electro-soudable\/#breadcrumb"},"inLanguage":"fr-FR","potentialAction":[{"@type":"ReadAction","target":["https:\/\/arekson.com\/fr\/producto\/zinc-hs-080-zinc-en-aerosol-electro-soudable\/"]}]},{"@type":"ImageObject","inLanguage":"fr-FR","@id":"https:\/\/arekson.com\/fr\/producto\/zinc-hs-080-zinc-en-aerosol-electro-soudable\/#primaryimage","url":"https:\/\/arekson.com\/wp-content\/uploads\/2022\/05\/ACX002.jpg","contentUrl":"https:\/\/arekson.com\/wp-content\/uploads\/2022\/05\/ACX002.jpg","width":800,"height":800},{"@type":"BreadcrumbList","@id":"https:\/\/arekson.com\/fr\/producto\/zinc-hs-080-zinc-en-aerosol-electro-soudable\/#breadcrumb","itemListElement":[{"@type":"ListItem","position":1,"name":"Home","item":"https:\/\/arekson.com\/fr\/"},{"@type":"ListItem","position":2,"name":"Produits","item":"https:\/\/arekson.com\/fr\/shop\/"},{"@type":"ListItem","position":3,"name":"ZINC HS 080 Zinc en a\u00e9rosol \u00e9lectro-soudable"}]},{"@type":"WebSite","@id":"https:\/\/arekson.com\/fr\/#website","url":"https:\/\/arekson.com\/fr\/","name":"Arekson Group","description":"Marcas Referentes del Automovil Profesional","publisher":{"@id":"https:\/\/arekson.com\/fr\/#organization"},"potentialAction":[{"@type":"SearchAction","target":{"@type":"EntryPoint","urlTemplate":"https:\/\/arekson.com\/fr\/?s={search_term_string}"},"query-input":{"@type":"PropertyValueSpecification","valueRequired":true,"valueName":"search_term_string"}}],"inLanguage":"fr-FR"},{"@type":"Organization","@id":"https:\/\/arekson.com\/fr\/#organization","name":"Arekson Group","url":"https:\/\/arekson.com\/fr\/","logo":{"@type":"ImageObject","inLanguage":"fr-FR","@id":"https:\/\/arekson.com\/fr\/#\/schema\/logo\/image\/","url":"https:\/\/arekson.com\/wp-content\/uploads\/2022\/06\/Arekson-Group-Logo-Gris.jpg","contentUrl":"https:\/\/arekson.com\/wp-content\/uploads\/2022\/06\/Arekson-Group-Logo-Gris.jpg","width":174,"height":72,"caption":"Arekson Group"},"image":{"@id":"https:\/\/arekson.com\/fr\/#\/schema\/logo\/image\/"}}]}},"_links":{"self":[{"href":"https:\/\/arekson.com\/fr\/wp-json\/wp\/v2\/product\/18108","targetHints":{"allow":["GET"]}}],"collection":[{"href":"https:\/\/arekson.com\/fr\/wp-json\/wp\/v2\/product"}],"about":[{"href":"https:\/\/arekson.com\/fr\/wp-json\/wp\/v2\/types\/product"}],"wp:featuredmedia":[{"embeddable":true,"href":"https:\/\/arekson.com\/fr\/wp-json\/wp\/v2\/media\/5080"}],"wp:attachment":[{"href":"https:\/\/arekson.com\/fr\/wp-json\/wp\/v2\/media?parent=18108"}],"wp:term":[{"taxonomy":"product_brand","embeddable":true,"href":"https:\/\/arekson.com\/fr\/wp-json\/wp\/v2\/product_brand?post=18108"},{"taxonomy":"product_cat","embeddable":true,"href":"https:\/\/arekson.com\/fr\/wp-json\/wp\/v2\/product_cat?post=18108"},{"taxonomy":"product_tag","embeddable":true,"href":"https:\/\/arekson.com\/fr\/wp-json\/wp\/v2\/product_tag?post=18108"}],"curies":[{"name":"wp","href":"https:\/\/api.w.org\/{rel}","templated":true}]}}