{"id":18102,"date":"2022-06-03T18:07:00","date_gmt":"2022-06-03T16:07:00","guid":{"rendered":"https:\/\/arekson.com\/producto\/primer-cataphoresis-091-primer-colour-cataphorese\/"},"modified":"2022-06-15T16:04:31","modified_gmt":"2022-06-15T14:04:31","slug":"primer-cataphoresis-091-primer-colour-cataphorese","status":"publish","type":"product","link":"https:\/\/arekson.com\/fr\/producto\/primer-cataphoresis-091-primer-colour-cataphorese\/","title":{"rendered":"<strong><span class=\"nom-corto\">PRIMER CATAPHORESIS 091 <\/span><\/strong><br><span class=\"nom-largo\">Primer colour cataphor\u00e8se<\/span>"},"content":{"rendered":"","protected":false},"excerpt":{"rendered":"<p>Appr\u00eat impression acrylique de haute qualit\u00e9 pour le pr\u00e9traitement type cataphor\u00e8se \u00e0 la couleur. Sp\u00e9cialement con\u00e7u pour les machines, les pi\u00e8ces de machines, les outils, les v\u00e9hicules de toutes sortes, les meubles en acier etc.<\/p>\n","protected":false},"featured_media":24792,"template":"","meta":{"_et_pb_use_builder":"","_et_pb_old_content":"","_et_gb_content_width":""},"product_brand":[],"product_cat":[1223,1249,1241,370],"product_tag":[],"class_list":{"0":"post-18102","1":"product","2":"type-product","3":"status-publish","4":"has-post-thumbnail","6":"product_cat-chimiques","7":"product_cat-couche-dappret","8":"product_cat-materiaux-de-fond","9":"product_cat-seicar-fr","10":"pa_seicar-fr-ref-ims041-beige-spray-500-ml-12-unites","12":"first","13":"outofstock","14":"purchasable","15":"product-type-variable"},"yoast_head":"<!-- This site is optimized with the Yoast SEO plugin v27.2 - https:\/\/yoast.com\/product\/yoast-seo-wordpress\/ -->\n<title>SEICAR | PRIMER CATAPHORESIS 091 | Primer colour cataphor\u00e8se<\/title>\n<meta name=\"description\" content=\"PRIMER CATAPHORESIS 091 | Primer colour cataphor\u00e8se | PRODUITS CHIMIQUES | MAT\u00c9RIAUX DE FOND | REF: IMS041 | SEICAR\" \/>\n<meta name=\"robots\" content=\"index, follow, max-snippet:-1, max-image-preview:large, max-video-preview:-1\" \/>\n<link rel=\"canonical\" href=\"https:\/\/arekson.com\/fr\/producto\/primer-cataphoresis-091-primer-colour-cataphorese\/\" \/>\n<meta property=\"og:locale\" content=\"fr_FR\" \/>\n<meta property=\"og:type\" content=\"article\" \/>\n<meta property=\"og:title\" content=\"SEICAR | PRIMER CATAPHORESIS 091 | Primer colour cataphor\u00e8se\" \/>\n<meta property=\"og:description\" content=\"PRIMER CATAPHORESIS 091 | Primer colour cataphor\u00e8se | PRODUITS CHIMIQUES | MAT\u00c9RIAUX DE FOND | REF: IMS041 | SEICAR\" \/>\n<meta property=\"og:url\" content=\"https:\/\/arekson.com\/fr\/producto\/primer-cataphoresis-091-primer-colour-cataphorese\/\" \/>\n<meta property=\"og:site_name\" content=\"Arekson Group\" \/>\n<meta property=\"article:modified_time\" content=\"2022-06-15T14:04:31+00:00\" \/>\n<meta property=\"og:image\" content=\"https:\/\/arekson.com\/wp-content\/uploads\/2022\/05\/IMS041.jpg\" \/>\n\t<meta property=\"og:image:width\" content=\"800\" \/>\n\t<meta property=\"og:image:height\" content=\"800\" \/>\n\t<meta property=\"og:image:type\" content=\"image\/jpeg\" \/>\n<meta name=\"twitter:card\" content=\"summary_large_image\" \/>\n<script type=\"application\/ld+json\" class=\"yoast-schema-graph\">{\"@context\":\"https:\/\/schema.org\",\"@graph\":[{\"@type\":\"WebPage\",\"@id\":\"https:\/\/arekson.com\/fr\/producto\/primer-cataphoresis-091-primer-colour-cataphorese\/\",\"url\":\"https:\/\/arekson.com\/fr\/producto\/primer-cataphoresis-091-primer-colour-cataphorese\/\",\"name\":\"SEICAR | PRIMER CATAPHORESIS 091 | Primer colour cataphor\u00e8se\",\"isPartOf\":{\"@id\":\"https:\/\/arekson.com\/fr\/#website\"},\"primaryImageOfPage\":{\"@id\":\"https:\/\/arekson.com\/fr\/producto\/primer-cataphoresis-091-primer-colour-cataphorese\/#primaryimage\"},\"image\":{\"@id\":\"https:\/\/arekson.com\/fr\/producto\/primer-cataphoresis-091-primer-colour-cataphorese\/#primaryimage\"},\"thumbnailUrl\":\"https:\/\/arekson.com\/wp-content\/uploads\/2022\/06\/IMS041.jpg\",\"datePublished\":\"2022-06-03T16:07:00+00:00\",\"dateModified\":\"2022-06-15T14:04:31+00:00\",\"description\":\"PRIMER CATAPHORESIS 091 | Primer colour cataphor\u00e8se | PRODUITS CHIMIQUES | MAT\u00c9RIAUX DE FOND | REF: IMS041 | SEICAR\",\"breadcrumb\":{\"@id\":\"https:\/\/arekson.com\/fr\/producto\/primer-cataphoresis-091-primer-colour-cataphorese\/#breadcrumb\"},\"inLanguage\":\"fr-FR\",\"potentialAction\":[{\"@type\":\"ReadAction\",\"target\":[\"https:\/\/arekson.com\/fr\/producto\/primer-cataphoresis-091-primer-colour-cataphorese\/\"]}]},{\"@type\":\"ImageObject\",\"inLanguage\":\"fr-FR\",\"@id\":\"https:\/\/arekson.com\/fr\/producto\/primer-cataphoresis-091-primer-colour-cataphorese\/#primaryimage\",\"url\":\"https:\/\/arekson.com\/wp-content\/uploads\/2022\/06\/IMS041.jpg\",\"contentUrl\":\"https:\/\/arekson.com\/wp-content\/uploads\/2022\/06\/IMS041.jpg\",\"width\":800,\"height\":800,\"caption\":\"SEICAR | PRIMER CATAPHORESIS 091 | Imprimaci\u00f3n color cataforesis spray\"},{\"@type\":\"BreadcrumbList\",\"@id\":\"https:\/\/arekson.com\/fr\/producto\/primer-cataphoresis-091-primer-colour-cataphorese\/#breadcrumb\",\"itemListElement\":[{\"@type\":\"ListItem\",\"position\":1,\"name\":\"Home\",\"item\":\"https:\/\/arekson.com\/fr\/\"},{\"@type\":\"ListItem\",\"position\":2,\"name\":\"Produits\",\"item\":\"https:\/\/arekson.com\/fr\/shop\/\"},{\"@type\":\"ListItem\",\"position\":3,\"name\":\"PRIMER CATAPHORESIS 091 Primer colour cataphor\u00e8se\"}]},{\"@type\":\"WebSite\",\"@id\":\"https:\/\/arekson.com\/fr\/#website\",\"url\":\"https:\/\/arekson.com\/fr\/\",\"name\":\"Arekson Group\",\"description\":\"Marcas Referentes del Automovil Profesional\",\"publisher\":{\"@id\":\"https:\/\/arekson.com\/fr\/#organization\"},\"potentialAction\":[{\"@type\":\"SearchAction\",\"target\":{\"@type\":\"EntryPoint\",\"urlTemplate\":\"https:\/\/arekson.com\/fr\/?s={search_term_string}\"},\"query-input\":{\"@type\":\"PropertyValueSpecification\",\"valueRequired\":true,\"valueName\":\"search_term_string\"}}],\"inLanguage\":\"fr-FR\"},{\"@type\":\"Organization\",\"@id\":\"https:\/\/arekson.com\/fr\/#organization\",\"name\":\"Arekson Group\",\"url\":\"https:\/\/arekson.com\/fr\/\",\"logo\":{\"@type\":\"ImageObject\",\"inLanguage\":\"fr-FR\",\"@id\":\"https:\/\/arekson.com\/fr\/#\/schema\/logo\/image\/\",\"url\":\"https:\/\/arekson.com\/wp-content\/uploads\/2022\/06\/Arekson-Group-Logo-Gris.jpg\",\"contentUrl\":\"https:\/\/arekson.com\/wp-content\/uploads\/2022\/06\/Arekson-Group-Logo-Gris.jpg\",\"width\":174,\"height\":72,\"caption\":\"Arekson Group\"},\"image\":{\"@id\":\"https:\/\/arekson.com\/fr\/#\/schema\/logo\/image\/\"}}]}<\/script>\n<!-- \/ Yoast SEO plugin. -->","yoast_head_json":{"title":"SEICAR | PRIMER CATAPHORESIS 091 | Primer colour cataphor\u00e8se","description":"PRIMER CATAPHORESIS 091 | Primer colour cataphor\u00e8se | PRODUITS CHIMIQUES | MAT\u00c9RIAUX DE FOND | REF: IMS041 | SEICAR","robots":{"index":"index","follow":"follow","max-snippet":"max-snippet:-1","max-image-preview":"max-image-preview:large","max-video-preview":"max-video-preview:-1"},"canonical":"https:\/\/arekson.com\/fr\/producto\/primer-cataphoresis-091-primer-colour-cataphorese\/","og_locale":"fr_FR","og_type":"article","og_title":"SEICAR | PRIMER CATAPHORESIS 091 | Primer colour cataphor\u00e8se","og_description":"PRIMER CATAPHORESIS 091 | Primer colour cataphor\u00e8se | PRODUITS CHIMIQUES | MAT\u00c9RIAUX DE FOND | REF: IMS041 | SEICAR","og_url":"https:\/\/arekson.com\/fr\/producto\/primer-cataphoresis-091-primer-colour-cataphorese\/","og_site_name":"Arekson Group","article_modified_time":"2022-06-15T14:04:31+00:00","og_image":[{"width":800,"height":800,"url":"https:\/\/arekson.com\/wp-content\/uploads\/2022\/05\/IMS041.jpg","type":"image\/jpeg"}],"twitter_card":"summary_large_image","schema":{"@context":"https:\/\/schema.org","@graph":[{"@type":"WebPage","@id":"https:\/\/arekson.com\/fr\/producto\/primer-cataphoresis-091-primer-colour-cataphorese\/","url":"https:\/\/arekson.com\/fr\/producto\/primer-cataphoresis-091-primer-colour-cataphorese\/","name":"SEICAR | PRIMER CATAPHORESIS 091 | Primer colour cataphor\u00e8se","isPartOf":{"@id":"https:\/\/arekson.com\/fr\/#website"},"primaryImageOfPage":{"@id":"https:\/\/arekson.com\/fr\/producto\/primer-cataphoresis-091-primer-colour-cataphorese\/#primaryimage"},"image":{"@id":"https:\/\/arekson.com\/fr\/producto\/primer-cataphoresis-091-primer-colour-cataphorese\/#primaryimage"},"thumbnailUrl":"https:\/\/arekson.com\/wp-content\/uploads\/2022\/06\/IMS041.jpg","datePublished":"2022-06-03T16:07:00+00:00","dateModified":"2022-06-15T14:04:31+00:00","description":"PRIMER CATAPHORESIS 091 | Primer colour cataphor\u00e8se | PRODUITS CHIMIQUES | MAT\u00c9RIAUX DE FOND | REF: IMS041 | SEICAR","breadcrumb":{"@id":"https:\/\/arekson.com\/fr\/producto\/primer-cataphoresis-091-primer-colour-cataphorese\/#breadcrumb"},"inLanguage":"fr-FR","potentialAction":[{"@type":"ReadAction","target":["https:\/\/arekson.com\/fr\/producto\/primer-cataphoresis-091-primer-colour-cataphorese\/"]}]},{"@type":"ImageObject","inLanguage":"fr-FR","@id":"https:\/\/arekson.com\/fr\/producto\/primer-cataphoresis-091-primer-colour-cataphorese\/#primaryimage","url":"https:\/\/arekson.com\/wp-content\/uploads\/2022\/06\/IMS041.jpg","contentUrl":"https:\/\/arekson.com\/wp-content\/uploads\/2022\/06\/IMS041.jpg","width":800,"height":800,"caption":"SEICAR | PRIMER CATAPHORESIS 091 | Imprimaci\u00f3n color cataforesis spray"},{"@type":"BreadcrumbList","@id":"https:\/\/arekson.com\/fr\/producto\/primer-cataphoresis-091-primer-colour-cataphorese\/#breadcrumb","itemListElement":[{"@type":"ListItem","position":1,"name":"Home","item":"https:\/\/arekson.com\/fr\/"},{"@type":"ListItem","position":2,"name":"Produits","item":"https:\/\/arekson.com\/fr\/shop\/"},{"@type":"ListItem","position":3,"name":"PRIMER CATAPHORESIS 091 Primer colour cataphor\u00e8se"}]},{"@type":"WebSite","@id":"https:\/\/arekson.com\/fr\/#website","url":"https:\/\/arekson.com\/fr\/","name":"Arekson Group","description":"Marcas Referentes del Automovil Profesional","publisher":{"@id":"https:\/\/arekson.com\/fr\/#organization"},"potentialAction":[{"@type":"SearchAction","target":{"@type":"EntryPoint","urlTemplate":"https:\/\/arekson.com\/fr\/?s={search_term_string}"},"query-input":{"@type":"PropertyValueSpecification","valueRequired":true,"valueName":"search_term_string"}}],"inLanguage":"fr-FR"},{"@type":"Organization","@id":"https:\/\/arekson.com\/fr\/#organization","name":"Arekson Group","url":"https:\/\/arekson.com\/fr\/","logo":{"@type":"ImageObject","inLanguage":"fr-FR","@id":"https:\/\/arekson.com\/fr\/#\/schema\/logo\/image\/","url":"https:\/\/arekson.com\/wp-content\/uploads\/2022\/06\/Arekson-Group-Logo-Gris.jpg","contentUrl":"https:\/\/arekson.com\/wp-content\/uploads\/2022\/06\/Arekson-Group-Logo-Gris.jpg","width":174,"height":72,"caption":"Arekson Group"},"image":{"@id":"https:\/\/arekson.com\/fr\/#\/schema\/logo\/image\/"}}]}},"_links":{"self":[{"href":"https:\/\/arekson.com\/fr\/wp-json\/wp\/v2\/product\/18102","targetHints":{"allow":["GET"]}}],"collection":[{"href":"https:\/\/arekson.com\/fr\/wp-json\/wp\/v2\/product"}],"about":[{"href":"https:\/\/arekson.com\/fr\/wp-json\/wp\/v2\/types\/product"}],"wp:featuredmedia":[{"embeddable":true,"href":"https:\/\/arekson.com\/fr\/wp-json\/wp\/v2\/media\/24792"}],"wp:attachment":[{"href":"https:\/\/arekson.com\/fr\/wp-json\/wp\/v2\/media?parent=18102"}],"wp:term":[{"taxonomy":"product_brand","embeddable":true,"href":"https:\/\/arekson.com\/fr\/wp-json\/wp\/v2\/product_brand?post=18102"},{"taxonomy":"product_cat","embeddable":true,"href":"https:\/\/arekson.com\/fr\/wp-json\/wp\/v2\/product_cat?post=18102"},{"taxonomy":"product_tag","embeddable":true,"href":"https:\/\/arekson.com\/fr\/wp-json\/wp\/v2\/product_tag?post=18102"}],"curies":[{"name":"wp","href":"https:\/\/api.w.org\/{rel}","templated":true}]}}