{"id":18087,"date":"2022-06-03T18:06:52","date_gmt":"2022-06-03T16:06:52","guid":{"rendered":"https:\/\/arekson.com\/producto\/1k-primer-acryl-350-appret-acrylique-en-aerosol\/"},"modified":"2023-06-21T15:42:57","modified_gmt":"2023-06-21T13:42:57","slug":"1k-primer-acryl-350-appret-acrylique-en-aerosol","status":"publish","type":"product","link":"https:\/\/arekson.com\/fr\/producto\/1k-primer-acryl-350-appret-acrylique-en-aerosol\/","title":{"rendered":"<strong><span class=\"nom-corto\">1K PRIMER ACRYL 350 <\/span><\/strong><br><span class=\"nom-largo\">Appr\u00eat acrylique en a\u00e9rosol<\/span>"},"content":{"rendered":"<p style=\"text-align: right;\"><a class=\"boton-ficha\" href=\"https:\/\/arekson.com\/wp-content\/uploads\/2023\/06\/APX050-1K-PRIMER-ACRYL-350-FT-VER.2011_FR.pdf\" target=\"_blank\" rel=\"noopener\">D\u00e9tails Techniques<\/a> <\/p>\n","protected":false},"excerpt":{"rendered":"<p>Appr\u00eat acrylique mono composant en a\u00e9rosol. \u00c0 utiliser sur de petites surfaces qu&rsquo;il faut retoucher. Isole et recouvre les d\u00e9fauts, les pores et les imperfections. S\u00e9chage tr\u00e8s rapide. R\u00e9sistant au d\u00e9graissage. Pon\u00e7age facile.<\/p>\n","protected":false},"featured_media":24752,"template":"","meta":{"_et_pb_use_builder":"","_et_pb_old_content":"","_et_gb_content_width":""},"product_brand":[],"product_cat":[1243,1223,1241,370],"product_tag":[],"class_list":{"0":"post-18087","1":"product","2":"type-product","3":"status-publish","4":"has-post-thumbnail","6":"product_cat-apprets","7":"product_cat-chimiques","8":"product_cat-materiaux-de-fond","9":"product_cat-seicar-fr","10":"pa_seicar-fr-ref-apx050-gris-clair-ral-7040-spray-400-ml-12-unites","11":"pa_seicar-fr-ref-apx051-gris-fonce-ral-7024-spray-400-ml-12-unites","12":"pa_seicar-fr-ref-apx052-gris-intermediaire-ral-7046-spray-400-ml-12-unites","14":"first","15":"outofstock","16":"purchasable","17":"product-type-variable"},"yoast_head":"<!-- This site is optimized with the Yoast SEO plugin v27.2 - https:\/\/yoast.com\/product\/yoast-seo-wordpress\/ -->\n<title>SEICAR | 1K PRIMER ACRYL 350 | Appr\u00eat acrylique en a\u00e9rosol<\/title>\n<meta name=\"description\" content=\"1K PRIMER ACRYL 350 | Appr\u00eat acrylique en a\u00e9rosol | PRODUITS CHIMIQUES | MAT\u00c9RIAUX DE FOND | REF: APX052 | SEICAR\" \/>\n<meta name=\"robots\" content=\"index, follow, max-snippet:-1, max-image-preview:large, max-video-preview:-1\" \/>\n<link rel=\"canonical\" href=\"https:\/\/arekson.com\/fr\/producto\/1k-primer-acryl-350-appret-acrylique-en-aerosol\/\" \/>\n<meta property=\"og:locale\" content=\"fr_FR\" \/>\n<meta property=\"og:type\" content=\"article\" \/>\n<meta property=\"og:title\" content=\"SEICAR | 1K PRIMER ACRYL 350 | Appr\u00eat acrylique en a\u00e9rosol\" \/>\n<meta property=\"og:description\" content=\"1K PRIMER ACRYL 350 | Appr\u00eat acrylique en a\u00e9rosol | PRODUITS CHIMIQUES | MAT\u00c9RIAUX DE FOND | REF: APX052 | SEICAR\" \/>\n<meta property=\"og:url\" content=\"https:\/\/arekson.com\/fr\/producto\/1k-primer-acryl-350-appret-acrylique-en-aerosol\/\" \/>\n<meta property=\"og:site_name\" content=\"Arekson Group\" \/>\n<meta property=\"article:modified_time\" content=\"2023-06-21T13:42:57+00:00\" \/>\n<meta property=\"og:image\" content=\"https:\/\/arekson.com\/wp-content\/uploads\/2022\/06\/APX050.jpg\" \/>\n\t<meta property=\"og:image:width\" content=\"800\" \/>\n\t<meta property=\"og:image:height\" content=\"800\" \/>\n\t<meta property=\"og:image:type\" content=\"image\/jpeg\" \/>\n<meta name=\"twitter:card\" content=\"summary_large_image\" \/>\n<script type=\"application\/ld+json\" class=\"yoast-schema-graph\">{\"@context\":\"https:\/\/schema.org\",\"@graph\":[{\"@type\":\"WebPage\",\"@id\":\"https:\/\/arekson.com\/fr\/producto\/1k-primer-acryl-350-appret-acrylique-en-aerosol\/\",\"url\":\"https:\/\/arekson.com\/fr\/producto\/1k-primer-acryl-350-appret-acrylique-en-aerosol\/\",\"name\":\"SEICAR | 1K PRIMER ACRYL 350 | Appr\u00eat acrylique en a\u00e9rosol\",\"isPartOf\":{\"@id\":\"https:\/\/arekson.com\/fr\/#website\"},\"primaryImageOfPage\":{\"@id\":\"https:\/\/arekson.com\/fr\/producto\/1k-primer-acryl-350-appret-acrylique-en-aerosol\/#primaryimage\"},\"image\":{\"@id\":\"https:\/\/arekson.com\/fr\/producto\/1k-primer-acryl-350-appret-acrylique-en-aerosol\/#primaryimage\"},\"thumbnailUrl\":\"https:\/\/arekson.com\/wp-content\/uploads\/2022\/06\/APX050.jpg\",\"datePublished\":\"2022-06-03T16:06:52+00:00\",\"dateModified\":\"2023-06-21T13:42:57+00:00\",\"description\":\"1K PRIMER ACRYL 350 | Appr\u00eat acrylique en a\u00e9rosol | PRODUITS CHIMIQUES | MAT\u00c9RIAUX DE FOND | REF: APX052 | SEICAR\",\"breadcrumb\":{\"@id\":\"https:\/\/arekson.com\/fr\/producto\/1k-primer-acryl-350-appret-acrylique-en-aerosol\/#breadcrumb\"},\"inLanguage\":\"fr-FR\",\"potentialAction\":[{\"@type\":\"ReadAction\",\"target\":[\"https:\/\/arekson.com\/fr\/producto\/1k-primer-acryl-350-appret-acrylique-en-aerosol\/\"]}]},{\"@type\":\"ImageObject\",\"inLanguage\":\"fr-FR\",\"@id\":\"https:\/\/arekson.com\/fr\/producto\/1k-primer-acryl-350-appret-acrylique-en-aerosol\/#primaryimage\",\"url\":\"https:\/\/arekson.com\/wp-content\/uploads\/2022\/06\/APX050.jpg\",\"contentUrl\":\"https:\/\/arekson.com\/wp-content\/uploads\/2022\/06\/APX050.jpg\",\"width\":800,\"height\":800,\"caption\":\"SEICAR | 1K PRIMER ACRYL 350 | Aparejo acr\u00edlico Spray\"},{\"@type\":\"BreadcrumbList\",\"@id\":\"https:\/\/arekson.com\/fr\/producto\/1k-primer-acryl-350-appret-acrylique-en-aerosol\/#breadcrumb\",\"itemListElement\":[{\"@type\":\"ListItem\",\"position\":1,\"name\":\"Home\",\"item\":\"https:\/\/arekson.com\/fr\/\"},{\"@type\":\"ListItem\",\"position\":2,\"name\":\"Produits\",\"item\":\"https:\/\/arekson.com\/fr\/shop\/\"},{\"@type\":\"ListItem\",\"position\":3,\"name\":\"1K PRIMER ACRYL 350 Appr\u00eat acrylique en a\u00e9rosol\"}]},{\"@type\":\"WebSite\",\"@id\":\"https:\/\/arekson.com\/fr\/#website\",\"url\":\"https:\/\/arekson.com\/fr\/\",\"name\":\"Arekson Group\",\"description\":\"Marcas Referentes del Automovil Profesional\",\"publisher\":{\"@id\":\"https:\/\/arekson.com\/fr\/#organization\"},\"potentialAction\":[{\"@type\":\"SearchAction\",\"target\":{\"@type\":\"EntryPoint\",\"urlTemplate\":\"https:\/\/arekson.com\/fr\/?s={search_term_string}\"},\"query-input\":{\"@type\":\"PropertyValueSpecification\",\"valueRequired\":true,\"valueName\":\"search_term_string\"}}],\"inLanguage\":\"fr-FR\"},{\"@type\":\"Organization\",\"@id\":\"https:\/\/arekson.com\/fr\/#organization\",\"name\":\"Arekson Group\",\"url\":\"https:\/\/arekson.com\/fr\/\",\"logo\":{\"@type\":\"ImageObject\",\"inLanguage\":\"fr-FR\",\"@id\":\"https:\/\/arekson.com\/fr\/#\/schema\/logo\/image\/\",\"url\":\"https:\/\/arekson.com\/wp-content\/uploads\/2022\/06\/Arekson-Group-Logo-Gris.jpg\",\"contentUrl\":\"https:\/\/arekson.com\/wp-content\/uploads\/2022\/06\/Arekson-Group-Logo-Gris.jpg\",\"width\":174,\"height\":72,\"caption\":\"Arekson Group\"},\"image\":{\"@id\":\"https:\/\/arekson.com\/fr\/#\/schema\/logo\/image\/\"}}]}<\/script>\n<!-- \/ Yoast SEO plugin. -->","yoast_head_json":{"title":"SEICAR | 1K PRIMER ACRYL 350 | Appr\u00eat acrylique en a\u00e9rosol","description":"1K PRIMER ACRYL 350 | Appr\u00eat acrylique en a\u00e9rosol | PRODUITS CHIMIQUES | MAT\u00c9RIAUX DE FOND | REF: APX052 | SEICAR","robots":{"index":"index","follow":"follow","max-snippet":"max-snippet:-1","max-image-preview":"max-image-preview:large","max-video-preview":"max-video-preview:-1"},"canonical":"https:\/\/arekson.com\/fr\/producto\/1k-primer-acryl-350-appret-acrylique-en-aerosol\/","og_locale":"fr_FR","og_type":"article","og_title":"SEICAR | 1K PRIMER ACRYL 350 | Appr\u00eat acrylique en a\u00e9rosol","og_description":"1K PRIMER ACRYL 350 | Appr\u00eat acrylique en a\u00e9rosol | PRODUITS CHIMIQUES | MAT\u00c9RIAUX DE FOND | REF: APX052 | SEICAR","og_url":"https:\/\/arekson.com\/fr\/producto\/1k-primer-acryl-350-appret-acrylique-en-aerosol\/","og_site_name":"Arekson Group","article_modified_time":"2023-06-21T13:42:57+00:00","og_image":[{"width":800,"height":800,"url":"https:\/\/arekson.com\/wp-content\/uploads\/2022\/06\/APX050.jpg","type":"image\/jpeg"}],"twitter_card":"summary_large_image","schema":{"@context":"https:\/\/schema.org","@graph":[{"@type":"WebPage","@id":"https:\/\/arekson.com\/fr\/producto\/1k-primer-acryl-350-appret-acrylique-en-aerosol\/","url":"https:\/\/arekson.com\/fr\/producto\/1k-primer-acryl-350-appret-acrylique-en-aerosol\/","name":"SEICAR | 1K PRIMER ACRYL 350 | Appr\u00eat acrylique en a\u00e9rosol","isPartOf":{"@id":"https:\/\/arekson.com\/fr\/#website"},"primaryImageOfPage":{"@id":"https:\/\/arekson.com\/fr\/producto\/1k-primer-acryl-350-appret-acrylique-en-aerosol\/#primaryimage"},"image":{"@id":"https:\/\/arekson.com\/fr\/producto\/1k-primer-acryl-350-appret-acrylique-en-aerosol\/#primaryimage"},"thumbnailUrl":"https:\/\/arekson.com\/wp-content\/uploads\/2022\/06\/APX050.jpg","datePublished":"2022-06-03T16:06:52+00:00","dateModified":"2023-06-21T13:42:57+00:00","description":"1K PRIMER ACRYL 350 | Appr\u00eat acrylique en a\u00e9rosol | PRODUITS CHIMIQUES | MAT\u00c9RIAUX DE FOND | REF: APX052 | SEICAR","breadcrumb":{"@id":"https:\/\/arekson.com\/fr\/producto\/1k-primer-acryl-350-appret-acrylique-en-aerosol\/#breadcrumb"},"inLanguage":"fr-FR","potentialAction":[{"@type":"ReadAction","target":["https:\/\/arekson.com\/fr\/producto\/1k-primer-acryl-350-appret-acrylique-en-aerosol\/"]}]},{"@type":"ImageObject","inLanguage":"fr-FR","@id":"https:\/\/arekson.com\/fr\/producto\/1k-primer-acryl-350-appret-acrylique-en-aerosol\/#primaryimage","url":"https:\/\/arekson.com\/wp-content\/uploads\/2022\/06\/APX050.jpg","contentUrl":"https:\/\/arekson.com\/wp-content\/uploads\/2022\/06\/APX050.jpg","width":800,"height":800,"caption":"SEICAR | 1K PRIMER ACRYL 350 | Aparejo acr\u00edlico Spray"},{"@type":"BreadcrumbList","@id":"https:\/\/arekson.com\/fr\/producto\/1k-primer-acryl-350-appret-acrylique-en-aerosol\/#breadcrumb","itemListElement":[{"@type":"ListItem","position":1,"name":"Home","item":"https:\/\/arekson.com\/fr\/"},{"@type":"ListItem","position":2,"name":"Produits","item":"https:\/\/arekson.com\/fr\/shop\/"},{"@type":"ListItem","position":3,"name":"1K PRIMER ACRYL 350 Appr\u00eat acrylique en a\u00e9rosol"}]},{"@type":"WebSite","@id":"https:\/\/arekson.com\/fr\/#website","url":"https:\/\/arekson.com\/fr\/","name":"Arekson Group","description":"Marcas Referentes del Automovil Profesional","publisher":{"@id":"https:\/\/arekson.com\/fr\/#organization"},"potentialAction":[{"@type":"SearchAction","target":{"@type":"EntryPoint","urlTemplate":"https:\/\/arekson.com\/fr\/?s={search_term_string}"},"query-input":{"@type":"PropertyValueSpecification","valueRequired":true,"valueName":"search_term_string"}}],"inLanguage":"fr-FR"},{"@type":"Organization","@id":"https:\/\/arekson.com\/fr\/#organization","name":"Arekson Group","url":"https:\/\/arekson.com\/fr\/","logo":{"@type":"ImageObject","inLanguage":"fr-FR","@id":"https:\/\/arekson.com\/fr\/#\/schema\/logo\/image\/","url":"https:\/\/arekson.com\/wp-content\/uploads\/2022\/06\/Arekson-Group-Logo-Gris.jpg","contentUrl":"https:\/\/arekson.com\/wp-content\/uploads\/2022\/06\/Arekson-Group-Logo-Gris.jpg","width":174,"height":72,"caption":"Arekson Group"},"image":{"@id":"https:\/\/arekson.com\/fr\/#\/schema\/logo\/image\/"}}]}},"_links":{"self":[{"href":"https:\/\/arekson.com\/fr\/wp-json\/wp\/v2\/product\/18087","targetHints":{"allow":["GET"]}}],"collection":[{"href":"https:\/\/arekson.com\/fr\/wp-json\/wp\/v2\/product"}],"about":[{"href":"https:\/\/arekson.com\/fr\/wp-json\/wp\/v2\/types\/product"}],"wp:featuredmedia":[{"embeddable":true,"href":"https:\/\/arekson.com\/fr\/wp-json\/wp\/v2\/media\/24752"}],"wp:attachment":[{"href":"https:\/\/arekson.com\/fr\/wp-json\/wp\/v2\/media?parent=18087"}],"wp:term":[{"taxonomy":"product_brand","embeddable":true,"href":"https:\/\/arekson.com\/fr\/wp-json\/wp\/v2\/product_brand?post=18087"},{"taxonomy":"product_cat","embeddable":true,"href":"https:\/\/arekson.com\/fr\/wp-json\/wp\/v2\/product_cat?post=18087"},{"taxonomy":"product_tag","embeddable":true,"href":"https:\/\/arekson.com\/fr\/wp-json\/wp\/v2\/product_tag?post=18087"}],"curies":[{"name":"wp","href":"https:\/\/api.w.org\/{rel}","templated":true}]}}