{"id":16772,"date":"2022-06-02T12:09:39","date_gmt":"2022-06-02T10:09:39","guid":{"rendered":"https:\/\/arekson.com\/producto\/polisher-80-orbit-12-mm-polisseuse-orbitale\/"},"modified":"2022-06-15T15:44:00","modified_gmt":"2022-06-15T13:44:00","slug":"polisher-80-orbit-12-mm-polisseuse-orbitale","status":"publish","type":"product","link":"https:\/\/arekson.com\/fr\/producto\/polisher-80-orbit-12-mm-polisseuse-orbitale\/","title":{"rendered":"<strong><span class=\"nom-corto\">POLISHER 80 ORBIT 12 mm. <\/span><\/strong><br><span class=\"nom-largo\">Polisseuse orbitale<\/span>"},"content":{"rendered":"","protected":false},"excerpt":{"rendered":"<p>Lustreuse \u00e9lectrique orbitale al\u00e9atoire 230V-50 Hz avec 550w de puissance. Taille compacte pour le polissage de petites surfaces. Vitesse variable de 2000 \u00e0 6000 orbites x minutes. Diam\u00e8tre du plateau 75. C\u00e2ble de 3 m. Garantie de 1 an. Moteur puissant qui \u00e9limine les d\u00e9fauts plus rapidement. D\u00e9marrage en douceur avec un syst\u00e8me \u00e0 vitesse constante. Interrupteur progressif qui contr\u00f4le le r\u00e9glage \u00e0 6 vitesses. De conception ergonomique, la poign\u00e9e recouverte de caoutchouc souple rend la t\u00eate et le manchetrousr\u00e9ables et s\u00fbrs \u00e0 tenir. Les grilles de ventilation lat\u00e9rale emp\u00eachent la fibre de laine, la poussi\u00e8re de p\u00e9n\u00e9trer dans le moteur et de l\u2019endommager. Contrepoids en acier usin\u00e9 CNC. La protection de la t\u00eate a des orifices pour une meilleure ventilation.<\/p>\n","protected":false},"featured_media":10606,"template":"","meta":{"_et_pb_use_builder":"","_et_pb_old_content":"","_et_gb_content_width":""},"product_brand":[],"product_cat":[363,368,1023,1029],"product_tag":[],"class_list":{"0":"post-16772","1":"product","2":"type-product","3":"status-publish","4":"has-post-thumbnail","6":"product_cat-csp-fr","7":"product_cat-equipement-csp","8":"product_cat-outil-et-ouillages-csp","9":"product_cat-polisseuses-csp","10":"pa_ok-csp-fr-ref-951032-blanc-boite-o-80-mm-3-unites","12":"first","13":"outofstock","14":"purchasable","15":"product-type-variable"},"yoast_head":"<!-- This site is optimized with the Yoast SEO plugin v27.2 - https:\/\/yoast.com\/product\/yoast-seo-wordpress\/ -->\n<title>CSP POLISHER 80 ORBIT 12 mm. Polisseuse orbitale<\/title>\n<meta name=\"description\" content=\"POLISHER 80 ORBIT 12 mm. Standard Hardener POLISSEUSES REF: 951032 CSP\" \/>\n<meta name=\"robots\" content=\"index, follow, max-snippet:-1, max-image-preview:large, max-video-preview:-1\" \/>\n<link rel=\"canonical\" href=\"https:\/\/arekson.com\/fr\/producto\/polisher-80-orbit-12-mm-polisseuse-orbitale\/\" \/>\n<meta property=\"og:locale\" content=\"fr_FR\" \/>\n<meta property=\"og:type\" content=\"article\" \/>\n<meta property=\"og:title\" content=\"CSP POLISHER 80 ORBIT 12 mm. Polisseuse orbitale\" \/>\n<meta property=\"og:description\" content=\"POLISHER 80 ORBIT 12 mm. Standard Hardener POLISSEUSES REF: 951032 CSP\" \/>\n<meta property=\"og:url\" content=\"https:\/\/arekson.com\/fr\/producto\/polisher-80-orbit-12-mm-polisseuse-orbitale\/\" \/>\n<meta property=\"og:site_name\" content=\"Arekson Group\" \/>\n<meta property=\"article:modified_time\" content=\"2022-06-15T13:44:00+00:00\" \/>\n<meta property=\"og:image\" content=\"https:\/\/arekson.com\/wp-content\/uploads\/2022\/05\/951032.jpg\" \/>\n\t<meta property=\"og:image:width\" content=\"800\" \/>\n\t<meta property=\"og:image:height\" content=\"800\" \/>\n\t<meta property=\"og:image:type\" content=\"image\/jpeg\" \/>\n<meta name=\"twitter:card\" content=\"summary_large_image\" \/>\n<script type=\"application\/ld+json\" class=\"yoast-schema-graph\">{\"@context\":\"https:\/\/schema.org\",\"@graph\":[{\"@type\":\"WebPage\",\"@id\":\"https:\/\/arekson.com\/fr\/producto\/polisher-80-orbit-12-mm-polisseuse-orbitale\/\",\"url\":\"https:\/\/arekson.com\/fr\/producto\/polisher-80-orbit-12-mm-polisseuse-orbitale\/\",\"name\":\"CSP POLISHER 80 ORBIT 12 mm. Polisseuse orbitale\",\"isPartOf\":{\"@id\":\"https:\/\/arekson.com\/fr\/#website\"},\"primaryImageOfPage\":{\"@id\":\"https:\/\/arekson.com\/fr\/producto\/polisher-80-orbit-12-mm-polisseuse-orbitale\/#primaryimage\"},\"image\":{\"@id\":\"https:\/\/arekson.com\/fr\/producto\/polisher-80-orbit-12-mm-polisseuse-orbitale\/#primaryimage\"},\"thumbnailUrl\":\"https:\/\/arekson.com\/wp-content\/uploads\/2022\/05\/951032.jpg\",\"datePublished\":\"2022-06-02T10:09:39+00:00\",\"dateModified\":\"2022-06-15T13:44:00+00:00\",\"description\":\"POLISHER 80 ORBIT 12 mm. Standard Hardener POLISSEUSES REF: 951032 CSP\",\"breadcrumb\":{\"@id\":\"https:\/\/arekson.com\/fr\/producto\/polisher-80-orbit-12-mm-polisseuse-orbitale\/#breadcrumb\"},\"inLanguage\":\"fr-FR\",\"potentialAction\":[{\"@type\":\"ReadAction\",\"target\":[\"https:\/\/arekson.com\/fr\/producto\/polisher-80-orbit-12-mm-polisseuse-orbitale\/\"]}]},{\"@type\":\"ImageObject\",\"inLanguage\":\"fr-FR\",\"@id\":\"https:\/\/arekson.com\/fr\/producto\/polisher-80-orbit-12-mm-polisseuse-orbitale\/#primaryimage\",\"url\":\"https:\/\/arekson.com\/wp-content\/uploads\/2022\/05\/951032.jpg\",\"contentUrl\":\"https:\/\/arekson.com\/wp-content\/uploads\/2022\/05\/951032.jpg\",\"width\":800,\"height\":800},{\"@type\":\"BreadcrumbList\",\"@id\":\"https:\/\/arekson.com\/fr\/producto\/polisher-80-orbit-12-mm-polisseuse-orbitale\/#breadcrumb\",\"itemListElement\":[{\"@type\":\"ListItem\",\"position\":1,\"name\":\"Home\",\"item\":\"https:\/\/arekson.com\/fr\/\"},{\"@type\":\"ListItem\",\"position\":2,\"name\":\"Produits\",\"item\":\"https:\/\/arekson.com\/fr\/shop\/\"},{\"@type\":\"ListItem\",\"position\":3,\"name\":\"POLISHER 80 ORBIT 12 mm. Polisseuse orbitale\"}]},{\"@type\":\"WebSite\",\"@id\":\"https:\/\/arekson.com\/fr\/#website\",\"url\":\"https:\/\/arekson.com\/fr\/\",\"name\":\"Arekson Group\",\"description\":\"Marcas Referentes del Automovil Profesional\",\"publisher\":{\"@id\":\"https:\/\/arekson.com\/fr\/#organization\"},\"potentialAction\":[{\"@type\":\"SearchAction\",\"target\":{\"@type\":\"EntryPoint\",\"urlTemplate\":\"https:\/\/arekson.com\/fr\/?s={search_term_string}\"},\"query-input\":{\"@type\":\"PropertyValueSpecification\",\"valueRequired\":true,\"valueName\":\"search_term_string\"}}],\"inLanguage\":\"fr-FR\"},{\"@type\":\"Organization\",\"@id\":\"https:\/\/arekson.com\/fr\/#organization\",\"name\":\"Arekson Group\",\"url\":\"https:\/\/arekson.com\/fr\/\",\"logo\":{\"@type\":\"ImageObject\",\"inLanguage\":\"fr-FR\",\"@id\":\"https:\/\/arekson.com\/fr\/#\/schema\/logo\/image\/\",\"url\":\"https:\/\/arekson.com\/wp-content\/uploads\/2022\/06\/Arekson-Group-Logo-Gris.jpg\",\"contentUrl\":\"https:\/\/arekson.com\/wp-content\/uploads\/2022\/06\/Arekson-Group-Logo-Gris.jpg\",\"width\":174,\"height\":72,\"caption\":\"Arekson Group\"},\"image\":{\"@id\":\"https:\/\/arekson.com\/fr\/#\/schema\/logo\/image\/\"}}]}<\/script>\n<!-- \/ Yoast SEO plugin. -->","yoast_head_json":{"title":"CSP POLISHER 80 ORBIT 12 mm. Polisseuse orbitale","description":"POLISHER 80 ORBIT 12 mm. Standard Hardener POLISSEUSES REF: 951032 CSP","robots":{"index":"index","follow":"follow","max-snippet":"max-snippet:-1","max-image-preview":"max-image-preview:large","max-video-preview":"max-video-preview:-1"},"canonical":"https:\/\/arekson.com\/fr\/producto\/polisher-80-orbit-12-mm-polisseuse-orbitale\/","og_locale":"fr_FR","og_type":"article","og_title":"CSP POLISHER 80 ORBIT 12 mm. Polisseuse orbitale","og_description":"POLISHER 80 ORBIT 12 mm. Standard Hardener POLISSEUSES REF: 951032 CSP","og_url":"https:\/\/arekson.com\/fr\/producto\/polisher-80-orbit-12-mm-polisseuse-orbitale\/","og_site_name":"Arekson Group","article_modified_time":"2022-06-15T13:44:00+00:00","og_image":[{"width":800,"height":800,"url":"https:\/\/arekson.com\/wp-content\/uploads\/2022\/05\/951032.jpg","type":"image\/jpeg"}],"twitter_card":"summary_large_image","schema":{"@context":"https:\/\/schema.org","@graph":[{"@type":"WebPage","@id":"https:\/\/arekson.com\/fr\/producto\/polisher-80-orbit-12-mm-polisseuse-orbitale\/","url":"https:\/\/arekson.com\/fr\/producto\/polisher-80-orbit-12-mm-polisseuse-orbitale\/","name":"CSP POLISHER 80 ORBIT 12 mm. Polisseuse orbitale","isPartOf":{"@id":"https:\/\/arekson.com\/fr\/#website"},"primaryImageOfPage":{"@id":"https:\/\/arekson.com\/fr\/producto\/polisher-80-orbit-12-mm-polisseuse-orbitale\/#primaryimage"},"image":{"@id":"https:\/\/arekson.com\/fr\/producto\/polisher-80-orbit-12-mm-polisseuse-orbitale\/#primaryimage"},"thumbnailUrl":"https:\/\/arekson.com\/wp-content\/uploads\/2022\/05\/951032.jpg","datePublished":"2022-06-02T10:09:39+00:00","dateModified":"2022-06-15T13:44:00+00:00","description":"POLISHER 80 ORBIT 12 mm. Standard Hardener POLISSEUSES REF: 951032 CSP","breadcrumb":{"@id":"https:\/\/arekson.com\/fr\/producto\/polisher-80-orbit-12-mm-polisseuse-orbitale\/#breadcrumb"},"inLanguage":"fr-FR","potentialAction":[{"@type":"ReadAction","target":["https:\/\/arekson.com\/fr\/producto\/polisher-80-orbit-12-mm-polisseuse-orbitale\/"]}]},{"@type":"ImageObject","inLanguage":"fr-FR","@id":"https:\/\/arekson.com\/fr\/producto\/polisher-80-orbit-12-mm-polisseuse-orbitale\/#primaryimage","url":"https:\/\/arekson.com\/wp-content\/uploads\/2022\/05\/951032.jpg","contentUrl":"https:\/\/arekson.com\/wp-content\/uploads\/2022\/05\/951032.jpg","width":800,"height":800},{"@type":"BreadcrumbList","@id":"https:\/\/arekson.com\/fr\/producto\/polisher-80-orbit-12-mm-polisseuse-orbitale\/#breadcrumb","itemListElement":[{"@type":"ListItem","position":1,"name":"Home","item":"https:\/\/arekson.com\/fr\/"},{"@type":"ListItem","position":2,"name":"Produits","item":"https:\/\/arekson.com\/fr\/shop\/"},{"@type":"ListItem","position":3,"name":"POLISHER 80 ORBIT 12 mm. Polisseuse orbitale"}]},{"@type":"WebSite","@id":"https:\/\/arekson.com\/fr\/#website","url":"https:\/\/arekson.com\/fr\/","name":"Arekson Group","description":"Marcas Referentes del Automovil Profesional","publisher":{"@id":"https:\/\/arekson.com\/fr\/#organization"},"potentialAction":[{"@type":"SearchAction","target":{"@type":"EntryPoint","urlTemplate":"https:\/\/arekson.com\/fr\/?s={search_term_string}"},"query-input":{"@type":"PropertyValueSpecification","valueRequired":true,"valueName":"search_term_string"}}],"inLanguage":"fr-FR"},{"@type":"Organization","@id":"https:\/\/arekson.com\/fr\/#organization","name":"Arekson Group","url":"https:\/\/arekson.com\/fr\/","logo":{"@type":"ImageObject","inLanguage":"fr-FR","@id":"https:\/\/arekson.com\/fr\/#\/schema\/logo\/image\/","url":"https:\/\/arekson.com\/wp-content\/uploads\/2022\/06\/Arekson-Group-Logo-Gris.jpg","contentUrl":"https:\/\/arekson.com\/wp-content\/uploads\/2022\/06\/Arekson-Group-Logo-Gris.jpg","width":174,"height":72,"caption":"Arekson Group"},"image":{"@id":"https:\/\/arekson.com\/fr\/#\/schema\/logo\/image\/"}}]}},"_links":{"self":[{"href":"https:\/\/arekson.com\/fr\/wp-json\/wp\/v2\/product\/16772","targetHints":{"allow":["GET"]}}],"collection":[{"href":"https:\/\/arekson.com\/fr\/wp-json\/wp\/v2\/product"}],"about":[{"href":"https:\/\/arekson.com\/fr\/wp-json\/wp\/v2\/types\/product"}],"wp:featuredmedia":[{"embeddable":true,"href":"https:\/\/arekson.com\/fr\/wp-json\/wp\/v2\/media\/10606"}],"wp:attachment":[{"href":"https:\/\/arekson.com\/fr\/wp-json\/wp\/v2\/media?parent=16772"}],"wp:term":[{"taxonomy":"product_brand","embeddable":true,"href":"https:\/\/arekson.com\/fr\/wp-json\/wp\/v2\/product_brand?post=16772"},{"taxonomy":"product_cat","embeddable":true,"href":"https:\/\/arekson.com\/fr\/wp-json\/wp\/v2\/product_cat?post=16772"},{"taxonomy":"product_tag","embeddable":true,"href":"https:\/\/arekson.com\/fr\/wp-json\/wp\/v2\/product_tag?post=16772"}],"curies":[{"name":"wp","href":"https:\/\/api.w.org\/{rel}","templated":true}]}}