{"id":16744,"date":"2022-06-02T12:09:23","date_gmt":"2022-06-02T10:09:23","guid":{"rendered":"https:\/\/arekson.com\/producto\/gun-cleaner-sumo-complet-lave-pistolets-modulaire-automatique-et-manuel\/"},"modified":"2022-06-15T15:43:24","modified_gmt":"2022-06-15T13:43:24","slug":"gun-cleaner-sumo-complet-lave-pistolets-modulaire-automatique-et-manuel","status":"publish","type":"product","link":"https:\/\/arekson.com\/fr\/producto\/gun-cleaner-sumo-complet-lave-pistolets-modulaire-automatique-et-manuel\/","title":{"rendered":"<strong><span class=\"nom-corto\">GUN CLEANER SUMO COMPLET <\/span><\/strong><br><span class=\"nom-largo\">Lave-pistolets modulaire automatique et manuel<\/span>"},"content":{"rendered":"","protected":false},"excerpt":{"rendered":"<p>Lave-pistolets en acier inoxydable avec double cycle de lavage : Manuel et automatique. Valable pour peintures \u00e0 base de solvant ou \u00e0 base d&rsquo;eau. Grand espace pour le lavage. Nettoyage automatique avec temporisateur, supports pour les diff\u00e9rents composants du pistolet, pince \u00e0 g\u00e2chette, tube \u00e0 air comprim\u00e9 pour le raccord du pistolet, 10 injecteurs \u00e0 jet intense, fermeture de s\u00e9curit\u00e9. Nettoyage manuel avec jet liquide propre et brosse. MODULO 1 -5 | Brosse avec apport de fluide par pompe. MODULO 2 -6 | Jet avec apport de fluide propre. MODULO 3 -7 | Lavage automatique.  | Chaque pi\u00e8ce du pistolet (godet, couvercle, corps du pistolet)  a son emplacement d\u00e9di\u00e9.  | Pince pour bloquer la g\u00e2chette du pistolet. | Tuyau sous pression constante connect\u00e9 \u00e0 la prise d&rsquo;air du pistolet pour \u00e9viter que le fluide et la salet\u00e9 ne p\u00e9n\u00e8trent  dans les conduits d&rsquo;air du pistolet. | Puissants injecteurs orient\u00e9s sur les pi\u00e8ces pour garantir un lavage parfait. | Mise en marche par minuteur. MODULO 4 -8 | Rin\u00e7age automatique au fluide propre. Adopt\u00e9 par les fabricants de pistolets, Iwata et Sata. En Option: Conteneur sur roues pouvant accueillir des bidons de 30 l.<\/p>\n","protected":false},"featured_media":7930,"template":"","meta":{"_et_pb_use_builder":"","_et_pb_old_content":"","_et_gb_content_width":""},"product_brand":[],"product_cat":[363,368,1035],"product_tag":[],"class_list":{"0":"post-16744","1":"product","2":"type-product","3":"status-publish","4":"has-post-thumbnail","6":"product_cat-csp-fr","7":"product_cat-equipement-csp","8":"product_cat-laveur-de-pistolets-csp","9":"pa_ok-csp-fr-ref-950775-palette-900-x-630-x-1010-mm-1-unite","11":"first","12":"outofstock","13":"purchasable","14":"product-type-variable"},"yoast_head":"<!-- This site is optimized with the Yoast SEO plugin v27.2 - https:\/\/yoast.com\/product\/yoast-seo-wordpress\/ -->\n<title>CSP GUN CLEANER SUMO COMPLET Lave-pistolets modulaire automatique et manuel<\/title>\n<meta name=\"description\" content=\"GUN CLEANER SUMO COMPLET Gun cleaners with all modules REF: 950775 CSP\" \/>\n<meta name=\"robots\" content=\"index, follow, max-snippet:-1, max-image-preview:large, max-video-preview:-1\" \/>\n<link rel=\"canonical\" href=\"https:\/\/arekson.com\/fr\/producto\/gun-cleaner-sumo-complet-lave-pistolets-modulaire-automatique-et-manuel\/\" \/>\n<meta property=\"og:locale\" content=\"fr_FR\" \/>\n<meta property=\"og:type\" content=\"article\" \/>\n<meta property=\"og:title\" content=\"CSP GUN CLEANER SUMO COMPLET Lave-pistolets modulaire automatique et manuel\" \/>\n<meta property=\"og:description\" content=\"GUN CLEANER SUMO COMPLET Gun cleaners with all modules REF: 950775 CSP\" \/>\n<meta property=\"og:url\" content=\"https:\/\/arekson.com\/fr\/producto\/gun-cleaner-sumo-complet-lave-pistolets-modulaire-automatique-et-manuel\/\" \/>\n<meta property=\"og:site_name\" content=\"Arekson Group\" \/>\n<meta property=\"article:modified_time\" content=\"2022-06-15T13:43:24+00:00\" \/>\n<meta property=\"og:image\" content=\"https:\/\/arekson.com\/wp-content\/uploads\/2022\/05\/950775.jpg\" \/>\n\t<meta property=\"og:image:width\" content=\"800\" \/>\n\t<meta property=\"og:image:height\" content=\"800\" \/>\n\t<meta property=\"og:image:type\" content=\"image\/jpeg\" \/>\n<meta name=\"twitter:card\" content=\"summary_large_image\" \/>\n<script type=\"application\/ld+json\" class=\"yoast-schema-graph\">{\"@context\":\"https:\/\/schema.org\",\"@graph\":[{\"@type\":\"WebPage\",\"@id\":\"https:\/\/arekson.com\/fr\/producto\/gun-cleaner-sumo-complet-lave-pistolets-modulaire-automatique-et-manuel\/\",\"url\":\"https:\/\/arekson.com\/fr\/producto\/gun-cleaner-sumo-complet-lave-pistolets-modulaire-automatique-et-manuel\/\",\"name\":\"CSP GUN CLEANER SUMO COMPLET Lave-pistolets modulaire automatique et manuel\",\"isPartOf\":{\"@id\":\"https:\/\/arekson.com\/fr\/#website\"},\"primaryImageOfPage\":{\"@id\":\"https:\/\/arekson.com\/fr\/producto\/gun-cleaner-sumo-complet-lave-pistolets-modulaire-automatique-et-manuel\/#primaryimage\"},\"image\":{\"@id\":\"https:\/\/arekson.com\/fr\/producto\/gun-cleaner-sumo-complet-lave-pistolets-modulaire-automatique-et-manuel\/#primaryimage\"},\"thumbnailUrl\":\"https:\/\/arekson.com\/wp-content\/uploads\/2022\/05\/950775.jpg\",\"datePublished\":\"2022-06-02T10:09:23+00:00\",\"dateModified\":\"2022-06-15T13:43:24+00:00\",\"description\":\"GUN CLEANER SUMO COMPLET Gun cleaners with all modules REF: 950775 CSP\",\"breadcrumb\":{\"@id\":\"https:\/\/arekson.com\/fr\/producto\/gun-cleaner-sumo-complet-lave-pistolets-modulaire-automatique-et-manuel\/#breadcrumb\"},\"inLanguage\":\"fr-FR\",\"potentialAction\":[{\"@type\":\"ReadAction\",\"target\":[\"https:\/\/arekson.com\/fr\/producto\/gun-cleaner-sumo-complet-lave-pistolets-modulaire-automatique-et-manuel\/\"]}]},{\"@type\":\"ImageObject\",\"inLanguage\":\"fr-FR\",\"@id\":\"https:\/\/arekson.com\/fr\/producto\/gun-cleaner-sumo-complet-lave-pistolets-modulaire-automatique-et-manuel\/#primaryimage\",\"url\":\"https:\/\/arekson.com\/wp-content\/uploads\/2022\/05\/950775.jpg\",\"contentUrl\":\"https:\/\/arekson.com\/wp-content\/uploads\/2022\/05\/950775.jpg\",\"width\":800,\"height\":800},{\"@type\":\"BreadcrumbList\",\"@id\":\"https:\/\/arekson.com\/fr\/producto\/gun-cleaner-sumo-complet-lave-pistolets-modulaire-automatique-et-manuel\/#breadcrumb\",\"itemListElement\":[{\"@type\":\"ListItem\",\"position\":1,\"name\":\"Home\",\"item\":\"https:\/\/arekson.com\/fr\/\"},{\"@type\":\"ListItem\",\"position\":2,\"name\":\"Produits\",\"item\":\"https:\/\/arekson.com\/fr\/shop\/\"},{\"@type\":\"ListItem\",\"position\":3,\"name\":\"GUN CLEANER SUMO COMPLET Lave-pistolets modulaire automatique et manuel\"}]},{\"@type\":\"WebSite\",\"@id\":\"https:\/\/arekson.com\/fr\/#website\",\"url\":\"https:\/\/arekson.com\/fr\/\",\"name\":\"Arekson Group\",\"description\":\"Marcas Referentes del Automovil Profesional\",\"publisher\":{\"@id\":\"https:\/\/arekson.com\/fr\/#organization\"},\"potentialAction\":[{\"@type\":\"SearchAction\",\"target\":{\"@type\":\"EntryPoint\",\"urlTemplate\":\"https:\/\/arekson.com\/fr\/?s={search_term_string}\"},\"query-input\":{\"@type\":\"PropertyValueSpecification\",\"valueRequired\":true,\"valueName\":\"search_term_string\"}}],\"inLanguage\":\"fr-FR\"},{\"@type\":\"Organization\",\"@id\":\"https:\/\/arekson.com\/fr\/#organization\",\"name\":\"Arekson Group\",\"url\":\"https:\/\/arekson.com\/fr\/\",\"logo\":{\"@type\":\"ImageObject\",\"inLanguage\":\"fr-FR\",\"@id\":\"https:\/\/arekson.com\/fr\/#\/schema\/logo\/image\/\",\"url\":\"https:\/\/arekson.com\/wp-content\/uploads\/2022\/06\/Arekson-Group-Logo-Gris.jpg\",\"contentUrl\":\"https:\/\/arekson.com\/wp-content\/uploads\/2022\/06\/Arekson-Group-Logo-Gris.jpg\",\"width\":174,\"height\":72,\"caption\":\"Arekson Group\"},\"image\":{\"@id\":\"https:\/\/arekson.com\/fr\/#\/schema\/logo\/image\/\"}}]}<\/script>\n<!-- \/ Yoast SEO plugin. -->","yoast_head_json":{"title":"CSP GUN CLEANER SUMO COMPLET Lave-pistolets modulaire automatique et manuel","description":"GUN CLEANER SUMO COMPLET Gun cleaners with all modules REF: 950775 CSP","robots":{"index":"index","follow":"follow","max-snippet":"max-snippet:-1","max-image-preview":"max-image-preview:large","max-video-preview":"max-video-preview:-1"},"canonical":"https:\/\/arekson.com\/fr\/producto\/gun-cleaner-sumo-complet-lave-pistolets-modulaire-automatique-et-manuel\/","og_locale":"fr_FR","og_type":"article","og_title":"CSP GUN CLEANER SUMO COMPLET Lave-pistolets modulaire automatique et manuel","og_description":"GUN CLEANER SUMO COMPLET Gun cleaners with all modules REF: 950775 CSP","og_url":"https:\/\/arekson.com\/fr\/producto\/gun-cleaner-sumo-complet-lave-pistolets-modulaire-automatique-et-manuel\/","og_site_name":"Arekson Group","article_modified_time":"2022-06-15T13:43:24+00:00","og_image":[{"width":800,"height":800,"url":"https:\/\/arekson.com\/wp-content\/uploads\/2022\/05\/950775.jpg","type":"image\/jpeg"}],"twitter_card":"summary_large_image","schema":{"@context":"https:\/\/schema.org","@graph":[{"@type":"WebPage","@id":"https:\/\/arekson.com\/fr\/producto\/gun-cleaner-sumo-complet-lave-pistolets-modulaire-automatique-et-manuel\/","url":"https:\/\/arekson.com\/fr\/producto\/gun-cleaner-sumo-complet-lave-pistolets-modulaire-automatique-et-manuel\/","name":"CSP GUN CLEANER SUMO COMPLET Lave-pistolets modulaire automatique et manuel","isPartOf":{"@id":"https:\/\/arekson.com\/fr\/#website"},"primaryImageOfPage":{"@id":"https:\/\/arekson.com\/fr\/producto\/gun-cleaner-sumo-complet-lave-pistolets-modulaire-automatique-et-manuel\/#primaryimage"},"image":{"@id":"https:\/\/arekson.com\/fr\/producto\/gun-cleaner-sumo-complet-lave-pistolets-modulaire-automatique-et-manuel\/#primaryimage"},"thumbnailUrl":"https:\/\/arekson.com\/wp-content\/uploads\/2022\/05\/950775.jpg","datePublished":"2022-06-02T10:09:23+00:00","dateModified":"2022-06-15T13:43:24+00:00","description":"GUN CLEANER SUMO COMPLET Gun cleaners with all modules REF: 950775 CSP","breadcrumb":{"@id":"https:\/\/arekson.com\/fr\/producto\/gun-cleaner-sumo-complet-lave-pistolets-modulaire-automatique-et-manuel\/#breadcrumb"},"inLanguage":"fr-FR","potentialAction":[{"@type":"ReadAction","target":["https:\/\/arekson.com\/fr\/producto\/gun-cleaner-sumo-complet-lave-pistolets-modulaire-automatique-et-manuel\/"]}]},{"@type":"ImageObject","inLanguage":"fr-FR","@id":"https:\/\/arekson.com\/fr\/producto\/gun-cleaner-sumo-complet-lave-pistolets-modulaire-automatique-et-manuel\/#primaryimage","url":"https:\/\/arekson.com\/wp-content\/uploads\/2022\/05\/950775.jpg","contentUrl":"https:\/\/arekson.com\/wp-content\/uploads\/2022\/05\/950775.jpg","width":800,"height":800},{"@type":"BreadcrumbList","@id":"https:\/\/arekson.com\/fr\/producto\/gun-cleaner-sumo-complet-lave-pistolets-modulaire-automatique-et-manuel\/#breadcrumb","itemListElement":[{"@type":"ListItem","position":1,"name":"Home","item":"https:\/\/arekson.com\/fr\/"},{"@type":"ListItem","position":2,"name":"Produits","item":"https:\/\/arekson.com\/fr\/shop\/"},{"@type":"ListItem","position":3,"name":"GUN CLEANER SUMO COMPLET Lave-pistolets modulaire automatique et manuel"}]},{"@type":"WebSite","@id":"https:\/\/arekson.com\/fr\/#website","url":"https:\/\/arekson.com\/fr\/","name":"Arekson Group","description":"Marcas Referentes del Automovil Profesional","publisher":{"@id":"https:\/\/arekson.com\/fr\/#organization"},"potentialAction":[{"@type":"SearchAction","target":{"@type":"EntryPoint","urlTemplate":"https:\/\/arekson.com\/fr\/?s={search_term_string}"},"query-input":{"@type":"PropertyValueSpecification","valueRequired":true,"valueName":"search_term_string"}}],"inLanguage":"fr-FR"},{"@type":"Organization","@id":"https:\/\/arekson.com\/fr\/#organization","name":"Arekson Group","url":"https:\/\/arekson.com\/fr\/","logo":{"@type":"ImageObject","inLanguage":"fr-FR","@id":"https:\/\/arekson.com\/fr\/#\/schema\/logo\/image\/","url":"https:\/\/arekson.com\/wp-content\/uploads\/2022\/06\/Arekson-Group-Logo-Gris.jpg","contentUrl":"https:\/\/arekson.com\/wp-content\/uploads\/2022\/06\/Arekson-Group-Logo-Gris.jpg","width":174,"height":72,"caption":"Arekson Group"},"image":{"@id":"https:\/\/arekson.com\/fr\/#\/schema\/logo\/image\/"}}]}},"_links":{"self":[{"href":"https:\/\/arekson.com\/fr\/wp-json\/wp\/v2\/product\/16744","targetHints":{"allow":["GET"]}}],"collection":[{"href":"https:\/\/arekson.com\/fr\/wp-json\/wp\/v2\/product"}],"about":[{"href":"https:\/\/arekson.com\/fr\/wp-json\/wp\/v2\/types\/product"}],"wp:featuredmedia":[{"embeddable":true,"href":"https:\/\/arekson.com\/fr\/wp-json\/wp\/v2\/media\/7930"}],"wp:attachment":[{"href":"https:\/\/arekson.com\/fr\/wp-json\/wp\/v2\/media?parent=16744"}],"wp:term":[{"taxonomy":"product_brand","embeddable":true,"href":"https:\/\/arekson.com\/fr\/wp-json\/wp\/v2\/product_brand?post=16744"},{"taxonomy":"product_cat","embeddable":true,"href":"https:\/\/arekson.com\/fr\/wp-json\/wp\/v2\/product_cat?post=16744"},{"taxonomy":"product_tag","embeddable":true,"href":"https:\/\/arekson.com\/fr\/wp-json\/wp\/v2\/product_tag?post=16744"}],"curies":[{"name":"wp","href":"https:\/\/api.w.org\/{rel}","templated":true}]}}