{"id":16724,"date":"2022-06-02T12:09:04","date_gmt":"2022-06-02T10:09:04","guid":{"rendered":"https:\/\/arekson.com\/producto\/stokolan-creme-regeneratrice\/"},"modified":"2022-06-15T15:42:58","modified_gmt":"2022-06-15T13:42:58","slug":"stokolan-creme-regeneratrice","status":"publish","type":"product","link":"https:\/\/arekson.com\/fr\/producto\/stokolan-creme-regeneratrice\/","title":{"rendered":"<strong><span class=\"nom-corto\">STOKOLAN <\/span><\/strong><br><span class=\"nom-largo\">Cr\u00e8me r\u00e9g\u00e9n\u00e9ratrice<\/span>"},"content":{"rendered":"","protected":false},"excerpt":{"rendered":"<p>Cr\u00e8me r\u00e9g\u00e9n\u00e9ratrice de la peau pour le soin des mains et du visage. Efficacit\u00e9 test\u00e9e pour le soin des peaux expos\u00e9es aux rigueurs professionnelles et environnementales. Pour tous types de peaux. Absorption rapide. Ne contient pas de silicone.<\/p>\n","protected":false},"featured_media":25035,"template":"","meta":{"_et_pb_use_builder":"","_et_pb_old_content":"","_et_gb_content_width":""},"product_brand":[],"product_cat":[3283,363,3281,3279],"product_tag":[],"class_list":{"0":"post-16724","1":"product","2":"type-product","3":"status-publish","4":"has-post-thumbnail","6":"product_cat-creme-regeneratrice-csp","7":"product_cat-csp-fr","8":"product_cat-lavage-et-hygiene-csp","9":"product_cat-protection-et-hygiene-csp","10":"pa_ok-csp-fr-ref-950669-blanc-tube-100-ml-25-unites","12":"first","13":"outofstock","14":"purchasable","15":"product-type-variable"},"yoast_head":"<!-- This site is optimized with the Yoast SEO plugin v27.2 - https:\/\/yoast.com\/product\/yoast-seo-wordpress\/ -->\n<title>CSP STOKOLAN Cr\u00e8me r\u00e9g\u00e9n\u00e9ratrice<\/title>\n<meta name=\"description\" content=\"STOKOLAN Regenerating cream CR\u00c8ME R\u00c9G\u00c9N\u00c9RATRICE REF: 950669 CSP\" \/>\n<meta name=\"robots\" content=\"index, follow, max-snippet:-1, max-image-preview:large, max-video-preview:-1\" \/>\n<link rel=\"canonical\" href=\"https:\/\/arekson.com\/fr\/producto\/stokolan-creme-regeneratrice\/\" \/>\n<meta property=\"og:locale\" content=\"fr_FR\" \/>\n<meta property=\"og:type\" content=\"article\" \/>\n<meta property=\"og:title\" content=\"CSP STOKOLAN Cr\u00e8me r\u00e9g\u00e9n\u00e9ratrice\" \/>\n<meta property=\"og:description\" content=\"STOKOLAN Regenerating cream CR\u00c8ME R\u00c9G\u00c9N\u00c9RATRICE REF: 950669 CSP\" \/>\n<meta property=\"og:url\" content=\"https:\/\/arekson.com\/fr\/producto\/stokolan-creme-regeneratrice\/\" \/>\n<meta property=\"og:site_name\" content=\"Arekson Group\" \/>\n<meta property=\"article:modified_time\" content=\"2022-06-15T13:42:58+00:00\" \/>\n<meta property=\"og:image\" content=\"https:\/\/arekson.com\/wp-content\/uploads\/2022\/05\/950669-STOKOLAN-100-ML.jpg\" \/>\n\t<meta property=\"og:image:width\" content=\"800\" \/>\n\t<meta property=\"og:image:height\" content=\"800\" \/>\n\t<meta property=\"og:image:type\" content=\"image\/jpeg\" \/>\n<meta name=\"twitter:card\" content=\"summary_large_image\" \/>\n<script type=\"application\/ld+json\" class=\"yoast-schema-graph\">{\"@context\":\"https:\/\/schema.org\",\"@graph\":[{\"@type\":\"WebPage\",\"@id\":\"https:\/\/arekson.com\/fr\/producto\/stokolan-creme-regeneratrice\/\",\"url\":\"https:\/\/arekson.com\/fr\/producto\/stokolan-creme-regeneratrice\/\",\"name\":\"CSP STOKOLAN Cr\u00e8me r\u00e9g\u00e9n\u00e9ratrice\",\"isPartOf\":{\"@id\":\"https:\/\/arekson.com\/fr\/#website\"},\"primaryImageOfPage\":{\"@id\":\"https:\/\/arekson.com\/fr\/producto\/stokolan-creme-regeneratrice\/#primaryimage\"},\"image\":{\"@id\":\"https:\/\/arekson.com\/fr\/producto\/stokolan-creme-regeneratrice\/#primaryimage\"},\"thumbnailUrl\":\"https:\/\/arekson.com\/wp-content\/uploads\/2022\/06\/950669-STOKOLAN-100-ML.jpg\",\"datePublished\":\"2022-06-02T10:09:04+00:00\",\"dateModified\":\"2022-06-15T13:42:58+00:00\",\"description\":\"STOKOLAN Regenerating cream CR\u00c8ME R\u00c9G\u00c9N\u00c9RATRICE REF: 950669 CSP\",\"breadcrumb\":{\"@id\":\"https:\/\/arekson.com\/fr\/producto\/stokolan-creme-regeneratrice\/#breadcrumb\"},\"inLanguage\":\"fr-FR\",\"potentialAction\":[{\"@type\":\"ReadAction\",\"target\":[\"https:\/\/arekson.com\/fr\/producto\/stokolan-creme-regeneratrice\/\"]}]},{\"@type\":\"ImageObject\",\"inLanguage\":\"fr-FR\",\"@id\":\"https:\/\/arekson.com\/fr\/producto\/stokolan-creme-regeneratrice\/#primaryimage\",\"url\":\"https:\/\/arekson.com\/wp-content\/uploads\/2022\/06\/950669-STOKOLAN-100-ML.jpg\",\"contentUrl\":\"https:\/\/arekson.com\/wp-content\/uploads\/2022\/06\/950669-STOKOLAN-100-ML.jpg\",\"width\":800,\"height\":800,\"caption\":\"CSP | STOKOLAN | Crema regeneradora\"},{\"@type\":\"BreadcrumbList\",\"@id\":\"https:\/\/arekson.com\/fr\/producto\/stokolan-creme-regeneratrice\/#breadcrumb\",\"itemListElement\":[{\"@type\":\"ListItem\",\"position\":1,\"name\":\"Home\",\"item\":\"https:\/\/arekson.com\/fr\/\"},{\"@type\":\"ListItem\",\"position\":2,\"name\":\"Produits\",\"item\":\"https:\/\/arekson.com\/fr\/shop\/\"},{\"@type\":\"ListItem\",\"position\":3,\"name\":\"STOKOLAN Cr\u00e8me r\u00e9g\u00e9n\u00e9ratrice\"}]},{\"@type\":\"WebSite\",\"@id\":\"https:\/\/arekson.com\/fr\/#website\",\"url\":\"https:\/\/arekson.com\/fr\/\",\"name\":\"Arekson Group\",\"description\":\"Marcas Referentes del Automovil Profesional\",\"publisher\":{\"@id\":\"https:\/\/arekson.com\/fr\/#organization\"},\"potentialAction\":[{\"@type\":\"SearchAction\",\"target\":{\"@type\":\"EntryPoint\",\"urlTemplate\":\"https:\/\/arekson.com\/fr\/?s={search_term_string}\"},\"query-input\":{\"@type\":\"PropertyValueSpecification\",\"valueRequired\":true,\"valueName\":\"search_term_string\"}}],\"inLanguage\":\"fr-FR\"},{\"@type\":\"Organization\",\"@id\":\"https:\/\/arekson.com\/fr\/#organization\",\"name\":\"Arekson Group\",\"url\":\"https:\/\/arekson.com\/fr\/\",\"logo\":{\"@type\":\"ImageObject\",\"inLanguage\":\"fr-FR\",\"@id\":\"https:\/\/arekson.com\/fr\/#\/schema\/logo\/image\/\",\"url\":\"https:\/\/arekson.com\/wp-content\/uploads\/2022\/06\/Arekson-Group-Logo-Gris.jpg\",\"contentUrl\":\"https:\/\/arekson.com\/wp-content\/uploads\/2022\/06\/Arekson-Group-Logo-Gris.jpg\",\"width\":174,\"height\":72,\"caption\":\"Arekson Group\"},\"image\":{\"@id\":\"https:\/\/arekson.com\/fr\/#\/schema\/logo\/image\/\"}}]}<\/script>\n<!-- \/ Yoast SEO plugin. -->","yoast_head_json":{"title":"CSP STOKOLAN Cr\u00e8me r\u00e9g\u00e9n\u00e9ratrice","description":"STOKOLAN Regenerating cream CR\u00c8ME R\u00c9G\u00c9N\u00c9RATRICE REF: 950669 CSP","robots":{"index":"index","follow":"follow","max-snippet":"max-snippet:-1","max-image-preview":"max-image-preview:large","max-video-preview":"max-video-preview:-1"},"canonical":"https:\/\/arekson.com\/fr\/producto\/stokolan-creme-regeneratrice\/","og_locale":"fr_FR","og_type":"article","og_title":"CSP STOKOLAN Cr\u00e8me r\u00e9g\u00e9n\u00e9ratrice","og_description":"STOKOLAN Regenerating cream CR\u00c8ME R\u00c9G\u00c9N\u00c9RATRICE REF: 950669 CSP","og_url":"https:\/\/arekson.com\/fr\/producto\/stokolan-creme-regeneratrice\/","og_site_name":"Arekson Group","article_modified_time":"2022-06-15T13:42:58+00:00","og_image":[{"width":800,"height":800,"url":"https:\/\/arekson.com\/wp-content\/uploads\/2022\/05\/950669-STOKOLAN-100-ML.jpg","type":"image\/jpeg"}],"twitter_card":"summary_large_image","schema":{"@context":"https:\/\/schema.org","@graph":[{"@type":"WebPage","@id":"https:\/\/arekson.com\/fr\/producto\/stokolan-creme-regeneratrice\/","url":"https:\/\/arekson.com\/fr\/producto\/stokolan-creme-regeneratrice\/","name":"CSP STOKOLAN Cr\u00e8me r\u00e9g\u00e9n\u00e9ratrice","isPartOf":{"@id":"https:\/\/arekson.com\/fr\/#website"},"primaryImageOfPage":{"@id":"https:\/\/arekson.com\/fr\/producto\/stokolan-creme-regeneratrice\/#primaryimage"},"image":{"@id":"https:\/\/arekson.com\/fr\/producto\/stokolan-creme-regeneratrice\/#primaryimage"},"thumbnailUrl":"https:\/\/arekson.com\/wp-content\/uploads\/2022\/06\/950669-STOKOLAN-100-ML.jpg","datePublished":"2022-06-02T10:09:04+00:00","dateModified":"2022-06-15T13:42:58+00:00","description":"STOKOLAN Regenerating cream CR\u00c8ME R\u00c9G\u00c9N\u00c9RATRICE REF: 950669 CSP","breadcrumb":{"@id":"https:\/\/arekson.com\/fr\/producto\/stokolan-creme-regeneratrice\/#breadcrumb"},"inLanguage":"fr-FR","potentialAction":[{"@type":"ReadAction","target":["https:\/\/arekson.com\/fr\/producto\/stokolan-creme-regeneratrice\/"]}]},{"@type":"ImageObject","inLanguage":"fr-FR","@id":"https:\/\/arekson.com\/fr\/producto\/stokolan-creme-regeneratrice\/#primaryimage","url":"https:\/\/arekson.com\/wp-content\/uploads\/2022\/06\/950669-STOKOLAN-100-ML.jpg","contentUrl":"https:\/\/arekson.com\/wp-content\/uploads\/2022\/06\/950669-STOKOLAN-100-ML.jpg","width":800,"height":800,"caption":"CSP | STOKOLAN | Crema regeneradora"},{"@type":"BreadcrumbList","@id":"https:\/\/arekson.com\/fr\/producto\/stokolan-creme-regeneratrice\/#breadcrumb","itemListElement":[{"@type":"ListItem","position":1,"name":"Home","item":"https:\/\/arekson.com\/fr\/"},{"@type":"ListItem","position":2,"name":"Produits","item":"https:\/\/arekson.com\/fr\/shop\/"},{"@type":"ListItem","position":3,"name":"STOKOLAN Cr\u00e8me r\u00e9g\u00e9n\u00e9ratrice"}]},{"@type":"WebSite","@id":"https:\/\/arekson.com\/fr\/#website","url":"https:\/\/arekson.com\/fr\/","name":"Arekson Group","description":"Marcas Referentes del Automovil Profesional","publisher":{"@id":"https:\/\/arekson.com\/fr\/#organization"},"potentialAction":[{"@type":"SearchAction","target":{"@type":"EntryPoint","urlTemplate":"https:\/\/arekson.com\/fr\/?s={search_term_string}"},"query-input":{"@type":"PropertyValueSpecification","valueRequired":true,"valueName":"search_term_string"}}],"inLanguage":"fr-FR"},{"@type":"Organization","@id":"https:\/\/arekson.com\/fr\/#organization","name":"Arekson Group","url":"https:\/\/arekson.com\/fr\/","logo":{"@type":"ImageObject","inLanguage":"fr-FR","@id":"https:\/\/arekson.com\/fr\/#\/schema\/logo\/image\/","url":"https:\/\/arekson.com\/wp-content\/uploads\/2022\/06\/Arekson-Group-Logo-Gris.jpg","contentUrl":"https:\/\/arekson.com\/wp-content\/uploads\/2022\/06\/Arekson-Group-Logo-Gris.jpg","width":174,"height":72,"caption":"Arekson Group"},"image":{"@id":"https:\/\/arekson.com\/fr\/#\/schema\/logo\/image\/"}}]}},"_links":{"self":[{"href":"https:\/\/arekson.com\/fr\/wp-json\/wp\/v2\/product\/16724","targetHints":{"allow":["GET"]}}],"collection":[{"href":"https:\/\/arekson.com\/fr\/wp-json\/wp\/v2\/product"}],"about":[{"href":"https:\/\/arekson.com\/fr\/wp-json\/wp\/v2\/types\/product"}],"wp:featuredmedia":[{"embeddable":true,"href":"https:\/\/arekson.com\/fr\/wp-json\/wp\/v2\/media\/25035"}],"wp:attachment":[{"href":"https:\/\/arekson.com\/fr\/wp-json\/wp\/v2\/media?parent=16724"}],"wp:term":[{"taxonomy":"product_brand","embeddable":true,"href":"https:\/\/arekson.com\/fr\/wp-json\/wp\/v2\/product_brand?post=16724"},{"taxonomy":"product_cat","embeddable":true,"href":"https:\/\/arekson.com\/fr\/wp-json\/wp\/v2\/product_cat?post=16724"},{"taxonomy":"product_tag","embeddable":true,"href":"https:\/\/arekson.com\/fr\/wp-json\/wp\/v2\/product_tag?post=16724"}],"curies":[{"name":"wp","href":"https:\/\/api.w.org\/{rel}","templated":true}]}}