{"id":16709,"date":"2022-06-02T12:08:57","date_gmt":"2022-06-02T10:08:57","guid":{"rendered":"https:\/\/arekson.com\/producto\/paint-hand-cleaner-lave-mains-speciale-peinture\/"},"modified":"2022-06-15T15:42:40","modified_gmt":"2022-06-15T13:42:40","slug":"paint-hand-cleaner-support-pour-paint-hand-cleaner","status":"publish","type":"product","link":"https:\/\/arekson.com\/fr\/producto\/paint-hand-cleaner-support-pour-paint-hand-cleaner\/","title":{"rendered":"<strong><span class=\"nom-corto\">PAINT HAND CLEANER <\/span><\/strong><br><span class=\"nom-largo\">Support pour Paint Hand Cleaner<\/span>"},"content":{"rendered":"","protected":false},"excerpt":{"rendered":"<p>Lave-mains sp\u00e9ciale pour \u00e9liminer les salet\u00e9s tr\u00e8s incrust\u00e9es, comme les peintures, vernis, r\u00e9sines et adh\u00e9sifs. Avec exfoliant biod\u00e9gradable et solvant. Sans conservateur. Ar\u00f4me fruits.<\/p>\n","protected":false},"featured_media":25050,"template":"","meta":{"_et_pb_use_builder":"","_et_pb_old_content":"","_et_gb_content_width":""},"product_brand":[],"product_cat":[363,3285,3281,3279],"product_tag":[],"class_list":{"0":"post-16709","1":"product","2":"type-product","3":"status-publish","4":"has-post-thumbnail","6":"product_cat-csp-fr","7":"product_cat-gel-mains-peinture-csp","8":"product_cat-lavage-et-hygiene-csp","9":"product_cat-protection-et-hygiene-csp","10":"pa_ok-csp-fr-ref-950694-bleu-tube-250-ml-12-unites","11":"pa_ok-csp-fr-ref-950695-bleu-pot-3-kg-1-unite","12":"pa_ok-csp-fr-ref-950830-bleu-bouteille-souple-2-kg-1-unite","14":"first","15":"outofstock","16":"purchasable","17":"product-type-variable"},"yoast_head":"<!-- This site is optimized with the Yoast SEO plugin v27.2 - https:\/\/yoast.com\/product\/yoast-seo-wordpress\/ -->\n<title>CSP PAINT HAND CLEANER Support pour Paint Hand Cleaner<\/title>\n<meta name=\"description\" content=\"PAINT HAND CLEANER Hand Cleansing for Paint GEL MAINS PEINTURE REF: 950695 CSP\" \/>\n<meta name=\"robots\" content=\"index, follow, max-snippet:-1, max-image-preview:large, max-video-preview:-1\" \/>\n<link rel=\"canonical\" href=\"https:\/\/arekson.com\/fr\/producto\/paint-hand-cleaner-support-pour-paint-hand-cleaner\/\" \/>\n<meta property=\"og:locale\" content=\"fr_FR\" \/>\n<meta property=\"og:type\" content=\"article\" \/>\n<meta property=\"og:title\" content=\"CSP PAINT HAND CLEANER Support pour Paint Hand Cleaner\" \/>\n<meta property=\"og:description\" content=\"PAINT HAND CLEANER Hand Cleansing for Paint GEL MAINS PEINTURE REF: 950695 CSP\" \/>\n<meta property=\"og:url\" content=\"https:\/\/arekson.com\/fr\/producto\/paint-hand-cleaner-support-pour-paint-hand-cleaner\/\" \/>\n<meta property=\"og:site_name\" content=\"Arekson Group\" \/>\n<meta property=\"article:modified_time\" content=\"2022-06-15T13:42:40+00:00\" \/>\n<meta property=\"og:image\" content=\"https:\/\/arekson.com\/wp-content\/uploads\/2022\/05\/950695-PAINT-HAND-CLEANER-3-L.jpg\" \/>\n\t<meta property=\"og:image:width\" content=\"800\" \/>\n\t<meta property=\"og:image:height\" content=\"800\" \/>\n\t<meta property=\"og:image:type\" content=\"image\/jpeg\" \/>\n<meta name=\"twitter:card\" content=\"summary_large_image\" \/>\n<script type=\"application\/ld+json\" class=\"yoast-schema-graph\">{\"@context\":\"https:\/\/schema.org\",\"@graph\":[{\"@type\":\"WebPage\",\"@id\":\"https:\/\/arekson.com\/fr\/producto\/paint-hand-cleaner-support-pour-paint-hand-cleaner\/\",\"url\":\"https:\/\/arekson.com\/fr\/producto\/paint-hand-cleaner-support-pour-paint-hand-cleaner\/\",\"name\":\"CSP PAINT HAND CLEANER Support pour Paint Hand Cleaner\",\"isPartOf\":{\"@id\":\"https:\/\/arekson.com\/fr\/#website\"},\"primaryImageOfPage\":{\"@id\":\"https:\/\/arekson.com\/fr\/producto\/paint-hand-cleaner-support-pour-paint-hand-cleaner\/#primaryimage\"},\"image\":{\"@id\":\"https:\/\/arekson.com\/fr\/producto\/paint-hand-cleaner-support-pour-paint-hand-cleaner\/#primaryimage\"},\"thumbnailUrl\":\"https:\/\/arekson.com\/wp-content\/uploads\/2022\/06\/950695-PAINT-HAND-CLEANER-3-L.jpg\",\"datePublished\":\"2022-06-02T10:08:57+00:00\",\"dateModified\":\"2022-06-15T13:42:40+00:00\",\"description\":\"PAINT HAND CLEANER Hand Cleansing for Paint GEL MAINS PEINTURE REF: 950695 CSP\",\"breadcrumb\":{\"@id\":\"https:\/\/arekson.com\/fr\/producto\/paint-hand-cleaner-support-pour-paint-hand-cleaner\/#breadcrumb\"},\"inLanguage\":\"fr-FR\",\"potentialAction\":[{\"@type\":\"ReadAction\",\"target\":[\"https:\/\/arekson.com\/fr\/producto\/paint-hand-cleaner-support-pour-paint-hand-cleaner\/\"]}]},{\"@type\":\"ImageObject\",\"inLanguage\":\"fr-FR\",\"@id\":\"https:\/\/arekson.com\/fr\/producto\/paint-hand-cleaner-support-pour-paint-hand-cleaner\/#primaryimage\",\"url\":\"https:\/\/arekson.com\/wp-content\/uploads\/2022\/06\/950695-PAINT-HAND-CLEANER-3-L.jpg\",\"contentUrl\":\"https:\/\/arekson.com\/wp-content\/uploads\/2022\/06\/950695-PAINT-HAND-CLEANER-3-L.jpg\",\"width\":800,\"height\":800,\"caption\":\"CSP | PAINT HAND CLEANER | Jab\u00f3n quita pinturas\"},{\"@type\":\"BreadcrumbList\",\"@id\":\"https:\/\/arekson.com\/fr\/producto\/paint-hand-cleaner-support-pour-paint-hand-cleaner\/#breadcrumb\",\"itemListElement\":[{\"@type\":\"ListItem\",\"position\":1,\"name\":\"Home\",\"item\":\"https:\/\/arekson.com\/fr\/\"},{\"@type\":\"ListItem\",\"position\":2,\"name\":\"Produits\",\"item\":\"https:\/\/arekson.com\/fr\/shop\/\"},{\"@type\":\"ListItem\",\"position\":3,\"name\":\"PAINT HAND CLEANER Support pour Paint Hand Cleaner\"}]},{\"@type\":\"WebSite\",\"@id\":\"https:\/\/arekson.com\/fr\/#website\",\"url\":\"https:\/\/arekson.com\/fr\/\",\"name\":\"Arekson Group\",\"description\":\"Marcas Referentes del Automovil Profesional\",\"publisher\":{\"@id\":\"https:\/\/arekson.com\/fr\/#organization\"},\"potentialAction\":[{\"@type\":\"SearchAction\",\"target\":{\"@type\":\"EntryPoint\",\"urlTemplate\":\"https:\/\/arekson.com\/fr\/?s={search_term_string}\"},\"query-input\":{\"@type\":\"PropertyValueSpecification\",\"valueRequired\":true,\"valueName\":\"search_term_string\"}}],\"inLanguage\":\"fr-FR\"},{\"@type\":\"Organization\",\"@id\":\"https:\/\/arekson.com\/fr\/#organization\",\"name\":\"Arekson Group\",\"url\":\"https:\/\/arekson.com\/fr\/\",\"logo\":{\"@type\":\"ImageObject\",\"inLanguage\":\"fr-FR\",\"@id\":\"https:\/\/arekson.com\/fr\/#\/schema\/logo\/image\/\",\"url\":\"https:\/\/arekson.com\/wp-content\/uploads\/2022\/06\/Arekson-Group-Logo-Gris.jpg\",\"contentUrl\":\"https:\/\/arekson.com\/wp-content\/uploads\/2022\/06\/Arekson-Group-Logo-Gris.jpg\",\"width\":174,\"height\":72,\"caption\":\"Arekson Group\"},\"image\":{\"@id\":\"https:\/\/arekson.com\/fr\/#\/schema\/logo\/image\/\"}}]}<\/script>\n<!-- \/ Yoast SEO plugin. -->","yoast_head_json":{"title":"CSP PAINT HAND CLEANER Support pour Paint Hand Cleaner","description":"PAINT HAND CLEANER Hand Cleansing for Paint GEL MAINS PEINTURE REF: 950695 CSP","robots":{"index":"index","follow":"follow","max-snippet":"max-snippet:-1","max-image-preview":"max-image-preview:large","max-video-preview":"max-video-preview:-1"},"canonical":"https:\/\/arekson.com\/fr\/producto\/paint-hand-cleaner-support-pour-paint-hand-cleaner\/","og_locale":"fr_FR","og_type":"article","og_title":"CSP PAINT HAND CLEANER Support pour Paint Hand Cleaner","og_description":"PAINT HAND CLEANER Hand Cleansing for Paint GEL MAINS PEINTURE REF: 950695 CSP","og_url":"https:\/\/arekson.com\/fr\/producto\/paint-hand-cleaner-support-pour-paint-hand-cleaner\/","og_site_name":"Arekson Group","article_modified_time":"2022-06-15T13:42:40+00:00","og_image":[{"width":800,"height":800,"url":"https:\/\/arekson.com\/wp-content\/uploads\/2022\/05\/950695-PAINT-HAND-CLEANER-3-L.jpg","type":"image\/jpeg"}],"twitter_card":"summary_large_image","schema":{"@context":"https:\/\/schema.org","@graph":[{"@type":"WebPage","@id":"https:\/\/arekson.com\/fr\/producto\/paint-hand-cleaner-support-pour-paint-hand-cleaner\/","url":"https:\/\/arekson.com\/fr\/producto\/paint-hand-cleaner-support-pour-paint-hand-cleaner\/","name":"CSP PAINT HAND CLEANER Support pour Paint Hand Cleaner","isPartOf":{"@id":"https:\/\/arekson.com\/fr\/#website"},"primaryImageOfPage":{"@id":"https:\/\/arekson.com\/fr\/producto\/paint-hand-cleaner-support-pour-paint-hand-cleaner\/#primaryimage"},"image":{"@id":"https:\/\/arekson.com\/fr\/producto\/paint-hand-cleaner-support-pour-paint-hand-cleaner\/#primaryimage"},"thumbnailUrl":"https:\/\/arekson.com\/wp-content\/uploads\/2022\/06\/950695-PAINT-HAND-CLEANER-3-L.jpg","datePublished":"2022-06-02T10:08:57+00:00","dateModified":"2022-06-15T13:42:40+00:00","description":"PAINT HAND CLEANER Hand Cleansing for Paint GEL MAINS PEINTURE REF: 950695 CSP","breadcrumb":{"@id":"https:\/\/arekson.com\/fr\/producto\/paint-hand-cleaner-support-pour-paint-hand-cleaner\/#breadcrumb"},"inLanguage":"fr-FR","potentialAction":[{"@type":"ReadAction","target":["https:\/\/arekson.com\/fr\/producto\/paint-hand-cleaner-support-pour-paint-hand-cleaner\/"]}]},{"@type":"ImageObject","inLanguage":"fr-FR","@id":"https:\/\/arekson.com\/fr\/producto\/paint-hand-cleaner-support-pour-paint-hand-cleaner\/#primaryimage","url":"https:\/\/arekson.com\/wp-content\/uploads\/2022\/06\/950695-PAINT-HAND-CLEANER-3-L.jpg","contentUrl":"https:\/\/arekson.com\/wp-content\/uploads\/2022\/06\/950695-PAINT-HAND-CLEANER-3-L.jpg","width":800,"height":800,"caption":"CSP | PAINT HAND CLEANER | Jab\u00f3n quita pinturas"},{"@type":"BreadcrumbList","@id":"https:\/\/arekson.com\/fr\/producto\/paint-hand-cleaner-support-pour-paint-hand-cleaner\/#breadcrumb","itemListElement":[{"@type":"ListItem","position":1,"name":"Home","item":"https:\/\/arekson.com\/fr\/"},{"@type":"ListItem","position":2,"name":"Produits","item":"https:\/\/arekson.com\/fr\/shop\/"},{"@type":"ListItem","position":3,"name":"PAINT HAND CLEANER Support pour Paint Hand Cleaner"}]},{"@type":"WebSite","@id":"https:\/\/arekson.com\/fr\/#website","url":"https:\/\/arekson.com\/fr\/","name":"Arekson Group","description":"Marcas Referentes del Automovil Profesional","publisher":{"@id":"https:\/\/arekson.com\/fr\/#organization"},"potentialAction":[{"@type":"SearchAction","target":{"@type":"EntryPoint","urlTemplate":"https:\/\/arekson.com\/fr\/?s={search_term_string}"},"query-input":{"@type":"PropertyValueSpecification","valueRequired":true,"valueName":"search_term_string"}}],"inLanguage":"fr-FR"},{"@type":"Organization","@id":"https:\/\/arekson.com\/fr\/#organization","name":"Arekson Group","url":"https:\/\/arekson.com\/fr\/","logo":{"@type":"ImageObject","inLanguage":"fr-FR","@id":"https:\/\/arekson.com\/fr\/#\/schema\/logo\/image\/","url":"https:\/\/arekson.com\/wp-content\/uploads\/2022\/06\/Arekson-Group-Logo-Gris.jpg","contentUrl":"https:\/\/arekson.com\/wp-content\/uploads\/2022\/06\/Arekson-Group-Logo-Gris.jpg","width":174,"height":72,"caption":"Arekson Group"},"image":{"@id":"https:\/\/arekson.com\/fr\/#\/schema\/logo\/image\/"}}]}},"_links":{"self":[{"href":"https:\/\/arekson.com\/fr\/wp-json\/wp\/v2\/product\/16709","targetHints":{"allow":["GET"]}}],"collection":[{"href":"https:\/\/arekson.com\/fr\/wp-json\/wp\/v2\/product"}],"about":[{"href":"https:\/\/arekson.com\/fr\/wp-json\/wp\/v2\/types\/product"}],"wp:featuredmedia":[{"embeddable":true,"href":"https:\/\/arekson.com\/fr\/wp-json\/wp\/v2\/media\/25050"}],"wp:attachment":[{"href":"https:\/\/arekson.com\/fr\/wp-json\/wp\/v2\/media?parent=16709"}],"wp:term":[{"taxonomy":"product_brand","embeddable":true,"href":"https:\/\/arekson.com\/fr\/wp-json\/wp\/v2\/product_brand?post=16709"},{"taxonomy":"product_cat","embeddable":true,"href":"https:\/\/arekson.com\/fr\/wp-json\/wp\/v2\/product_cat?post=16709"},{"taxonomy":"product_tag","embeddable":true,"href":"https:\/\/arekson.com\/fr\/wp-json\/wp\/v2\/product_tag?post=16709"}],"curies":[{"name":"wp","href":"https:\/\/api.w.org\/{rel}","templated":true}]}}