{"id":16707,"date":"2022-06-02T12:08:52","date_gmt":"2022-06-02T10:08:52","guid":{"rendered":"https:\/\/arekson.com\/producto\/cream-glove-pr-88-creme-protectrice\/"},"modified":"2022-06-15T15:42:31","modified_gmt":"2022-06-15T13:42:31","slug":"cream-glove-pr-88-creme-protectrice","status":"publish","type":"product","link":"https:\/\/arekson.com\/fr\/producto\/cream-glove-pr-88-creme-protectrice\/","title":{"rendered":"<strong><span class=\"nom-corto\">CREAM GLOVE PR 88 <\/span><\/strong><br><span class=\"nom-largo\">Cr\u00e8me protectrice<\/span>"},"content":{"rendered":"","protected":false},"excerpt":{"rendered":"<p>Cr\u00e8me protectrice de la peau contre peinture, graisse, goudron, r\u00e9sines polyester, \u00e9poxy, adh\u00e9sifs, polyur\u00e9thane, etc. Ne contient pas de silicone. Ne rend pas difficile la transpiration cutan\u00e9e. Nettoyage \u00e0 l&rsquo;eau.  85% biod\u00e9gradable. Peut \u00eatre appliqu\u00e9e en toute s\u00e9curit\u00e9 sur les plaies ouvertes et visage, le cou et d&rsquo;autres parties du corps. Test\u00e9e dermato logiquement et sure depuis plus de 25 ans.<\/p>\n","protected":false},"featured_media":10594,"template":"","meta":{"_et_pb_use_builder":"","_et_pb_old_content":"","_et_gb_content_width":""},"product_brand":[],"product_cat":[3282,363,3281,3279],"product_tag":[],"class_list":{"0":"post-16707","1":"product","2":"type-product","3":"status-publish","4":"has-post-thumbnail","6":"product_cat-creme-protectrice-csp","7":"product_cat-csp-fr","8":"product_cat-lavage-et-hygiene-csp","9":"product_cat-protection-et-hygiene-csp","10":"pa_ok-csp-fr-ref-950810-blanc-pot-1-lt-12-unites","12":"first","13":"outofstock","14":"purchasable","15":"product-type-variable"},"yoast_head":"<!-- This site is optimized with the Yoast SEO plugin v27.2 - https:\/\/yoast.com\/product\/yoast-seo-wordpress\/ -->\n<title>CSP CREAM GLOVE PR 88 Cr\u00e8me protectrice<\/title>\n<meta name=\"description\" content=\"CREAM GLOVE PR 88 Protective Cream CR\u00c8ME PROTECTRICE REF: 950810 CSP\" \/>\n<meta name=\"robots\" content=\"index, follow, max-snippet:-1, max-image-preview:large, max-video-preview:-1\" \/>\n<link rel=\"canonical\" href=\"https:\/\/arekson.com\/fr\/producto\/cream-glove-pr-88-creme-protectrice\/\" \/>\n<meta property=\"og:locale\" content=\"fr_FR\" \/>\n<meta property=\"og:type\" content=\"article\" \/>\n<meta property=\"og:title\" content=\"CSP CREAM GLOVE PR 88 Cr\u00e8me protectrice\" \/>\n<meta property=\"og:description\" content=\"CREAM GLOVE PR 88 Protective Cream CR\u00c8ME PROTECTRICE REF: 950810 CSP\" \/>\n<meta property=\"og:url\" content=\"https:\/\/arekson.com\/fr\/producto\/cream-glove-pr-88-creme-protectrice\/\" \/>\n<meta property=\"og:site_name\" content=\"Arekson Group\" \/>\n<meta property=\"article:modified_time\" content=\"2022-06-15T13:42:31+00:00\" \/>\n<meta property=\"og:image\" content=\"https:\/\/arekson.com\/wp-content\/uploads\/2022\/05\/950810.jpg\" \/>\n\t<meta property=\"og:image:width\" content=\"800\" \/>\n\t<meta property=\"og:image:height\" content=\"800\" \/>\n\t<meta property=\"og:image:type\" content=\"image\/jpeg\" \/>\n<meta name=\"twitter:card\" content=\"summary_large_image\" \/>\n<script type=\"application\/ld+json\" class=\"yoast-schema-graph\">{\"@context\":\"https:\/\/schema.org\",\"@graph\":[{\"@type\":\"WebPage\",\"@id\":\"https:\/\/arekson.com\/fr\/producto\/cream-glove-pr-88-creme-protectrice\/\",\"url\":\"https:\/\/arekson.com\/fr\/producto\/cream-glove-pr-88-creme-protectrice\/\",\"name\":\"CSP CREAM GLOVE PR 88 Cr\u00e8me protectrice\",\"isPartOf\":{\"@id\":\"https:\/\/arekson.com\/fr\/#website\"},\"primaryImageOfPage\":{\"@id\":\"https:\/\/arekson.com\/fr\/producto\/cream-glove-pr-88-creme-protectrice\/#primaryimage\"},\"image\":{\"@id\":\"https:\/\/arekson.com\/fr\/producto\/cream-glove-pr-88-creme-protectrice\/#primaryimage\"},\"thumbnailUrl\":\"https:\/\/arekson.com\/wp-content\/uploads\/2022\/05\/950810.jpg\",\"datePublished\":\"2022-06-02T10:08:52+00:00\",\"dateModified\":\"2022-06-15T13:42:31+00:00\",\"description\":\"CREAM GLOVE PR 88 Protective Cream CR\u00c8ME PROTECTRICE REF: 950810 CSP\",\"breadcrumb\":{\"@id\":\"https:\/\/arekson.com\/fr\/producto\/cream-glove-pr-88-creme-protectrice\/#breadcrumb\"},\"inLanguage\":\"fr-FR\",\"potentialAction\":[{\"@type\":\"ReadAction\",\"target\":[\"https:\/\/arekson.com\/fr\/producto\/cream-glove-pr-88-creme-protectrice\/\"]}]},{\"@type\":\"ImageObject\",\"inLanguage\":\"fr-FR\",\"@id\":\"https:\/\/arekson.com\/fr\/producto\/cream-glove-pr-88-creme-protectrice\/#primaryimage\",\"url\":\"https:\/\/arekson.com\/wp-content\/uploads\/2022\/05\/950810.jpg\",\"contentUrl\":\"https:\/\/arekson.com\/wp-content\/uploads\/2022\/05\/950810.jpg\",\"width\":800,\"height\":800},{\"@type\":\"BreadcrumbList\",\"@id\":\"https:\/\/arekson.com\/fr\/producto\/cream-glove-pr-88-creme-protectrice\/#breadcrumb\",\"itemListElement\":[{\"@type\":\"ListItem\",\"position\":1,\"name\":\"Home\",\"item\":\"https:\/\/arekson.com\/fr\/\"},{\"@type\":\"ListItem\",\"position\":2,\"name\":\"Produits\",\"item\":\"https:\/\/arekson.com\/fr\/shop\/\"},{\"@type\":\"ListItem\",\"position\":3,\"name\":\"CREAM GLOVE PR 88 Cr\u00e8me protectrice\"}]},{\"@type\":\"WebSite\",\"@id\":\"https:\/\/arekson.com\/fr\/#website\",\"url\":\"https:\/\/arekson.com\/fr\/\",\"name\":\"Arekson Group\",\"description\":\"Marcas Referentes del Automovil Profesional\",\"publisher\":{\"@id\":\"https:\/\/arekson.com\/fr\/#organization\"},\"potentialAction\":[{\"@type\":\"SearchAction\",\"target\":{\"@type\":\"EntryPoint\",\"urlTemplate\":\"https:\/\/arekson.com\/fr\/?s={search_term_string}\"},\"query-input\":{\"@type\":\"PropertyValueSpecification\",\"valueRequired\":true,\"valueName\":\"search_term_string\"}}],\"inLanguage\":\"fr-FR\"},{\"@type\":\"Organization\",\"@id\":\"https:\/\/arekson.com\/fr\/#organization\",\"name\":\"Arekson Group\",\"url\":\"https:\/\/arekson.com\/fr\/\",\"logo\":{\"@type\":\"ImageObject\",\"inLanguage\":\"fr-FR\",\"@id\":\"https:\/\/arekson.com\/fr\/#\/schema\/logo\/image\/\",\"url\":\"https:\/\/arekson.com\/wp-content\/uploads\/2022\/06\/Arekson-Group-Logo-Gris.jpg\",\"contentUrl\":\"https:\/\/arekson.com\/wp-content\/uploads\/2022\/06\/Arekson-Group-Logo-Gris.jpg\",\"width\":174,\"height\":72,\"caption\":\"Arekson Group\"},\"image\":{\"@id\":\"https:\/\/arekson.com\/fr\/#\/schema\/logo\/image\/\"}}]}<\/script>\n<!-- \/ Yoast SEO plugin. -->","yoast_head_json":{"title":"CSP CREAM GLOVE PR 88 Cr\u00e8me protectrice","description":"CREAM GLOVE PR 88 Protective Cream CR\u00c8ME PROTECTRICE REF: 950810 CSP","robots":{"index":"index","follow":"follow","max-snippet":"max-snippet:-1","max-image-preview":"max-image-preview:large","max-video-preview":"max-video-preview:-1"},"canonical":"https:\/\/arekson.com\/fr\/producto\/cream-glove-pr-88-creme-protectrice\/","og_locale":"fr_FR","og_type":"article","og_title":"CSP CREAM GLOVE PR 88 Cr\u00e8me protectrice","og_description":"CREAM GLOVE PR 88 Protective Cream CR\u00c8ME PROTECTRICE REF: 950810 CSP","og_url":"https:\/\/arekson.com\/fr\/producto\/cream-glove-pr-88-creme-protectrice\/","og_site_name":"Arekson Group","article_modified_time":"2022-06-15T13:42:31+00:00","og_image":[{"width":800,"height":800,"url":"https:\/\/arekson.com\/wp-content\/uploads\/2022\/05\/950810.jpg","type":"image\/jpeg"}],"twitter_card":"summary_large_image","schema":{"@context":"https:\/\/schema.org","@graph":[{"@type":"WebPage","@id":"https:\/\/arekson.com\/fr\/producto\/cream-glove-pr-88-creme-protectrice\/","url":"https:\/\/arekson.com\/fr\/producto\/cream-glove-pr-88-creme-protectrice\/","name":"CSP CREAM GLOVE PR 88 Cr\u00e8me protectrice","isPartOf":{"@id":"https:\/\/arekson.com\/fr\/#website"},"primaryImageOfPage":{"@id":"https:\/\/arekson.com\/fr\/producto\/cream-glove-pr-88-creme-protectrice\/#primaryimage"},"image":{"@id":"https:\/\/arekson.com\/fr\/producto\/cream-glove-pr-88-creme-protectrice\/#primaryimage"},"thumbnailUrl":"https:\/\/arekson.com\/wp-content\/uploads\/2022\/05\/950810.jpg","datePublished":"2022-06-02T10:08:52+00:00","dateModified":"2022-06-15T13:42:31+00:00","description":"CREAM GLOVE PR 88 Protective Cream CR\u00c8ME PROTECTRICE REF: 950810 CSP","breadcrumb":{"@id":"https:\/\/arekson.com\/fr\/producto\/cream-glove-pr-88-creme-protectrice\/#breadcrumb"},"inLanguage":"fr-FR","potentialAction":[{"@type":"ReadAction","target":["https:\/\/arekson.com\/fr\/producto\/cream-glove-pr-88-creme-protectrice\/"]}]},{"@type":"ImageObject","inLanguage":"fr-FR","@id":"https:\/\/arekson.com\/fr\/producto\/cream-glove-pr-88-creme-protectrice\/#primaryimage","url":"https:\/\/arekson.com\/wp-content\/uploads\/2022\/05\/950810.jpg","contentUrl":"https:\/\/arekson.com\/wp-content\/uploads\/2022\/05\/950810.jpg","width":800,"height":800},{"@type":"BreadcrumbList","@id":"https:\/\/arekson.com\/fr\/producto\/cream-glove-pr-88-creme-protectrice\/#breadcrumb","itemListElement":[{"@type":"ListItem","position":1,"name":"Home","item":"https:\/\/arekson.com\/fr\/"},{"@type":"ListItem","position":2,"name":"Produits","item":"https:\/\/arekson.com\/fr\/shop\/"},{"@type":"ListItem","position":3,"name":"CREAM GLOVE PR 88 Cr\u00e8me protectrice"}]},{"@type":"WebSite","@id":"https:\/\/arekson.com\/fr\/#website","url":"https:\/\/arekson.com\/fr\/","name":"Arekson Group","description":"Marcas Referentes del Automovil Profesional","publisher":{"@id":"https:\/\/arekson.com\/fr\/#organization"},"potentialAction":[{"@type":"SearchAction","target":{"@type":"EntryPoint","urlTemplate":"https:\/\/arekson.com\/fr\/?s={search_term_string}"},"query-input":{"@type":"PropertyValueSpecification","valueRequired":true,"valueName":"search_term_string"}}],"inLanguage":"fr-FR"},{"@type":"Organization","@id":"https:\/\/arekson.com\/fr\/#organization","name":"Arekson Group","url":"https:\/\/arekson.com\/fr\/","logo":{"@type":"ImageObject","inLanguage":"fr-FR","@id":"https:\/\/arekson.com\/fr\/#\/schema\/logo\/image\/","url":"https:\/\/arekson.com\/wp-content\/uploads\/2022\/06\/Arekson-Group-Logo-Gris.jpg","contentUrl":"https:\/\/arekson.com\/wp-content\/uploads\/2022\/06\/Arekson-Group-Logo-Gris.jpg","width":174,"height":72,"caption":"Arekson Group"},"image":{"@id":"https:\/\/arekson.com\/fr\/#\/schema\/logo\/image\/"}}]}},"_links":{"self":[{"href":"https:\/\/arekson.com\/fr\/wp-json\/wp\/v2\/product\/16707","targetHints":{"allow":["GET"]}}],"collection":[{"href":"https:\/\/arekson.com\/fr\/wp-json\/wp\/v2\/product"}],"about":[{"href":"https:\/\/arekson.com\/fr\/wp-json\/wp\/v2\/types\/product"}],"wp:featuredmedia":[{"embeddable":true,"href":"https:\/\/arekson.com\/fr\/wp-json\/wp\/v2\/media\/10594"}],"wp:attachment":[{"href":"https:\/\/arekson.com\/fr\/wp-json\/wp\/v2\/media?parent=16707"}],"wp:term":[{"taxonomy":"product_brand","embeddable":true,"href":"https:\/\/arekson.com\/fr\/wp-json\/wp\/v2\/product_brand?post=16707"},{"taxonomy":"product_cat","embeddable":true,"href":"https:\/\/arekson.com\/fr\/wp-json\/wp\/v2\/product_cat?post=16707"},{"taxonomy":"product_tag","embeddable":true,"href":"https:\/\/arekson.com\/fr\/wp-json\/wp\/v2\/product_tag?post=16707"}],"curies":[{"name":"wp","href":"https:\/\/api.w.org\/{rel}","templated":true}]}}