{"id":16658,"date":"2022-06-02T12:08:24","date_gmt":"2022-06-02T10:08:24","guid":{"rendered":"https:\/\/arekson.com\/producto\/mask-facial-moldex-9002-masque-facial-lecran\/"},"modified":"2022-06-15T15:41:03","modified_gmt":"2022-06-15T13:41:03","slug":"mask-facial-moldex-9002-masque-facial-lecran","status":"publish","type":"product","link":"https:\/\/arekson.com\/fr\/producto\/mask-facial-moldex-9002-masque-facial-lecran\/","title":{"rendered":"<strong><span class=\"nom-corto\">MASK FACIAL MOLDEX 9002 <\/span><\/strong><br><span class=\"nom-largo\">Masque facial  l&rsquo;\u00e9cran<\/span>"},"content":{"rendered":"","protected":false},"excerpt":{"rendered":"<p>Masque facial prot\u00e8ge contre la pulv\u00e9risation faciale. Fabriqu\u00e9 en mat\u00e9riau thermoplastique anti allerg\u00e9nique (TPE).  Ne p\u00e8se que 360 g. Lentille panoramique. Design pratique et transparent .Aux composants facilement accessibles. Tension optimal des courroies sur tout le masque . Filtres \u00ab\u00a0Easylock\u00a0\u00bb, fermeture facile. Sans adaptateur ni pi\u00e8ce sp\u00e9ciale.<\/p>\n","protected":false},"featured_media":7885,"template":"","meta":{"_et_pb_use_builder":"","_et_pb_old_content":"","_et_gb_content_width":""},"product_brand":[],"product_cat":[363,3279,3288],"product_tag":[],"class_list":{"0":"post-16658","1":"product","2":"type-product","3":"status-publish","4":"has-post-thumbnail","6":"product_cat-csp-fr","7":"product_cat-protection-et-hygiene-csp","8":"product_cat-protection-respiratoire-csp","9":"pa_ok-csp-fr-ref-950755-boite-1-unite","11":"first","12":"outofstock","13":"purchasable","14":"product-type-variable"},"yoast_head":"<!-- This site is optimized with the Yoast SEO plugin v27.2 - https:\/\/yoast.com\/product\/yoast-seo-wordpress\/ -->\n<title>CSP MASK FACIAL MOLDEX 9002 Masque facial l&#039;\u00e9cran<\/title>\n<meta name=\"description\" content=\"MASK FACIAL MOLDEX 9002 Face mask REF: 950755 CSP\" \/>\n<meta name=\"robots\" content=\"index, follow, max-snippet:-1, max-image-preview:large, max-video-preview:-1\" \/>\n<link rel=\"canonical\" href=\"https:\/\/arekson.com\/fr\/producto\/mask-facial-moldex-9002-masque-facial-lecran\/\" \/>\n<meta property=\"og:locale\" content=\"fr_FR\" \/>\n<meta property=\"og:type\" content=\"article\" \/>\n<meta property=\"og:title\" content=\"CSP MASK FACIAL MOLDEX 9002 Masque facial l&#039;\u00e9cran\" \/>\n<meta property=\"og:description\" content=\"MASK FACIAL MOLDEX 9002 Face mask REF: 950755 CSP\" \/>\n<meta property=\"og:url\" content=\"https:\/\/arekson.com\/fr\/producto\/mask-facial-moldex-9002-masque-facial-lecran\/\" \/>\n<meta property=\"og:site_name\" content=\"Arekson Group\" \/>\n<meta property=\"article:modified_time\" content=\"2022-06-15T13:41:03+00:00\" \/>\n<meta property=\"og:image\" content=\"https:\/\/arekson.com\/wp-content\/uploads\/2022\/05\/950755.jpg\" \/>\n\t<meta property=\"og:image:width\" content=\"800\" \/>\n\t<meta property=\"og:image:height\" content=\"800\" \/>\n\t<meta property=\"og:image:type\" content=\"image\/jpeg\" \/>\n<meta name=\"twitter:card\" content=\"summary_large_image\" \/>\n<script type=\"application\/ld+json\" class=\"yoast-schema-graph\">{\"@context\":\"https:\/\/schema.org\",\"@graph\":[{\"@type\":\"WebPage\",\"@id\":\"https:\/\/arekson.com\/fr\/producto\/mask-facial-moldex-9002-masque-facial-lecran\/\",\"url\":\"https:\/\/arekson.com\/fr\/producto\/mask-facial-moldex-9002-masque-facial-lecran\/\",\"name\":\"CSP MASK FACIAL MOLDEX 9002 Masque facial l'\u00e9cran\",\"isPartOf\":{\"@id\":\"https:\/\/arekson.com\/fr\/#website\"},\"primaryImageOfPage\":{\"@id\":\"https:\/\/arekson.com\/fr\/producto\/mask-facial-moldex-9002-masque-facial-lecran\/#primaryimage\"},\"image\":{\"@id\":\"https:\/\/arekson.com\/fr\/producto\/mask-facial-moldex-9002-masque-facial-lecran\/#primaryimage\"},\"thumbnailUrl\":\"https:\/\/arekson.com\/wp-content\/uploads\/2022\/05\/950755.jpg\",\"datePublished\":\"2022-06-02T10:08:24+00:00\",\"dateModified\":\"2022-06-15T13:41:03+00:00\",\"description\":\"MASK FACIAL MOLDEX 9002 Face mask REF: 950755 CSP\",\"breadcrumb\":{\"@id\":\"https:\/\/arekson.com\/fr\/producto\/mask-facial-moldex-9002-masque-facial-lecran\/#breadcrumb\"},\"inLanguage\":\"fr-FR\",\"potentialAction\":[{\"@type\":\"ReadAction\",\"target\":[\"https:\/\/arekson.com\/fr\/producto\/mask-facial-moldex-9002-masque-facial-lecran\/\"]}]},{\"@type\":\"ImageObject\",\"inLanguage\":\"fr-FR\",\"@id\":\"https:\/\/arekson.com\/fr\/producto\/mask-facial-moldex-9002-masque-facial-lecran\/#primaryimage\",\"url\":\"https:\/\/arekson.com\/wp-content\/uploads\/2022\/05\/950755.jpg\",\"contentUrl\":\"https:\/\/arekson.com\/wp-content\/uploads\/2022\/05\/950755.jpg\",\"width\":800,\"height\":800},{\"@type\":\"BreadcrumbList\",\"@id\":\"https:\/\/arekson.com\/fr\/producto\/mask-facial-moldex-9002-masque-facial-lecran\/#breadcrumb\",\"itemListElement\":[{\"@type\":\"ListItem\",\"position\":1,\"name\":\"Home\",\"item\":\"https:\/\/arekson.com\/fr\/\"},{\"@type\":\"ListItem\",\"position\":2,\"name\":\"Produits\",\"item\":\"https:\/\/arekson.com\/fr\/shop\/\"},{\"@type\":\"ListItem\",\"position\":3,\"name\":\"MASK FACIAL MOLDEX 9002 Masque facial l&#8217;\u00e9cran\"}]},{\"@type\":\"WebSite\",\"@id\":\"https:\/\/arekson.com\/fr\/#website\",\"url\":\"https:\/\/arekson.com\/fr\/\",\"name\":\"Arekson Group\",\"description\":\"Marcas Referentes del Automovil Profesional\",\"publisher\":{\"@id\":\"https:\/\/arekson.com\/fr\/#organization\"},\"potentialAction\":[{\"@type\":\"SearchAction\",\"target\":{\"@type\":\"EntryPoint\",\"urlTemplate\":\"https:\/\/arekson.com\/fr\/?s={search_term_string}\"},\"query-input\":{\"@type\":\"PropertyValueSpecification\",\"valueRequired\":true,\"valueName\":\"search_term_string\"}}],\"inLanguage\":\"fr-FR\"},{\"@type\":\"Organization\",\"@id\":\"https:\/\/arekson.com\/fr\/#organization\",\"name\":\"Arekson Group\",\"url\":\"https:\/\/arekson.com\/fr\/\",\"logo\":{\"@type\":\"ImageObject\",\"inLanguage\":\"fr-FR\",\"@id\":\"https:\/\/arekson.com\/fr\/#\/schema\/logo\/image\/\",\"url\":\"https:\/\/arekson.com\/wp-content\/uploads\/2022\/06\/Arekson-Group-Logo-Gris.jpg\",\"contentUrl\":\"https:\/\/arekson.com\/wp-content\/uploads\/2022\/06\/Arekson-Group-Logo-Gris.jpg\",\"width\":174,\"height\":72,\"caption\":\"Arekson Group\"},\"image\":{\"@id\":\"https:\/\/arekson.com\/fr\/#\/schema\/logo\/image\/\"}}]}<\/script>\n<!-- \/ Yoast SEO plugin. -->","yoast_head_json":{"title":"CSP MASK FACIAL MOLDEX 9002 Masque facial l'\u00e9cran","description":"MASK FACIAL MOLDEX 9002 Face mask REF: 950755 CSP","robots":{"index":"index","follow":"follow","max-snippet":"max-snippet:-1","max-image-preview":"max-image-preview:large","max-video-preview":"max-video-preview:-1"},"canonical":"https:\/\/arekson.com\/fr\/producto\/mask-facial-moldex-9002-masque-facial-lecran\/","og_locale":"fr_FR","og_type":"article","og_title":"CSP MASK FACIAL MOLDEX 9002 Masque facial l'\u00e9cran","og_description":"MASK FACIAL MOLDEX 9002 Face mask REF: 950755 CSP","og_url":"https:\/\/arekson.com\/fr\/producto\/mask-facial-moldex-9002-masque-facial-lecran\/","og_site_name":"Arekson Group","article_modified_time":"2022-06-15T13:41:03+00:00","og_image":[{"width":800,"height":800,"url":"https:\/\/arekson.com\/wp-content\/uploads\/2022\/05\/950755.jpg","type":"image\/jpeg"}],"twitter_card":"summary_large_image","schema":{"@context":"https:\/\/schema.org","@graph":[{"@type":"WebPage","@id":"https:\/\/arekson.com\/fr\/producto\/mask-facial-moldex-9002-masque-facial-lecran\/","url":"https:\/\/arekson.com\/fr\/producto\/mask-facial-moldex-9002-masque-facial-lecran\/","name":"CSP MASK FACIAL MOLDEX 9002 Masque facial l'\u00e9cran","isPartOf":{"@id":"https:\/\/arekson.com\/fr\/#website"},"primaryImageOfPage":{"@id":"https:\/\/arekson.com\/fr\/producto\/mask-facial-moldex-9002-masque-facial-lecran\/#primaryimage"},"image":{"@id":"https:\/\/arekson.com\/fr\/producto\/mask-facial-moldex-9002-masque-facial-lecran\/#primaryimage"},"thumbnailUrl":"https:\/\/arekson.com\/wp-content\/uploads\/2022\/05\/950755.jpg","datePublished":"2022-06-02T10:08:24+00:00","dateModified":"2022-06-15T13:41:03+00:00","description":"MASK FACIAL MOLDEX 9002 Face mask REF: 950755 CSP","breadcrumb":{"@id":"https:\/\/arekson.com\/fr\/producto\/mask-facial-moldex-9002-masque-facial-lecran\/#breadcrumb"},"inLanguage":"fr-FR","potentialAction":[{"@type":"ReadAction","target":["https:\/\/arekson.com\/fr\/producto\/mask-facial-moldex-9002-masque-facial-lecran\/"]}]},{"@type":"ImageObject","inLanguage":"fr-FR","@id":"https:\/\/arekson.com\/fr\/producto\/mask-facial-moldex-9002-masque-facial-lecran\/#primaryimage","url":"https:\/\/arekson.com\/wp-content\/uploads\/2022\/05\/950755.jpg","contentUrl":"https:\/\/arekson.com\/wp-content\/uploads\/2022\/05\/950755.jpg","width":800,"height":800},{"@type":"BreadcrumbList","@id":"https:\/\/arekson.com\/fr\/producto\/mask-facial-moldex-9002-masque-facial-lecran\/#breadcrumb","itemListElement":[{"@type":"ListItem","position":1,"name":"Home","item":"https:\/\/arekson.com\/fr\/"},{"@type":"ListItem","position":2,"name":"Produits","item":"https:\/\/arekson.com\/fr\/shop\/"},{"@type":"ListItem","position":3,"name":"MASK FACIAL MOLDEX 9002 Masque facial l&#8217;\u00e9cran"}]},{"@type":"WebSite","@id":"https:\/\/arekson.com\/fr\/#website","url":"https:\/\/arekson.com\/fr\/","name":"Arekson Group","description":"Marcas Referentes del Automovil Profesional","publisher":{"@id":"https:\/\/arekson.com\/fr\/#organization"},"potentialAction":[{"@type":"SearchAction","target":{"@type":"EntryPoint","urlTemplate":"https:\/\/arekson.com\/fr\/?s={search_term_string}"},"query-input":{"@type":"PropertyValueSpecification","valueRequired":true,"valueName":"search_term_string"}}],"inLanguage":"fr-FR"},{"@type":"Organization","@id":"https:\/\/arekson.com\/fr\/#organization","name":"Arekson Group","url":"https:\/\/arekson.com\/fr\/","logo":{"@type":"ImageObject","inLanguage":"fr-FR","@id":"https:\/\/arekson.com\/fr\/#\/schema\/logo\/image\/","url":"https:\/\/arekson.com\/wp-content\/uploads\/2022\/06\/Arekson-Group-Logo-Gris.jpg","contentUrl":"https:\/\/arekson.com\/wp-content\/uploads\/2022\/06\/Arekson-Group-Logo-Gris.jpg","width":174,"height":72,"caption":"Arekson Group"},"image":{"@id":"https:\/\/arekson.com\/fr\/#\/schema\/logo\/image\/"}}]}},"_links":{"self":[{"href":"https:\/\/arekson.com\/fr\/wp-json\/wp\/v2\/product\/16658","targetHints":{"allow":["GET"]}}],"collection":[{"href":"https:\/\/arekson.com\/fr\/wp-json\/wp\/v2\/product"}],"about":[{"href":"https:\/\/arekson.com\/fr\/wp-json\/wp\/v2\/types\/product"}],"wp:featuredmedia":[{"embeddable":true,"href":"https:\/\/arekson.com\/fr\/wp-json\/wp\/v2\/media\/7885"}],"wp:attachment":[{"href":"https:\/\/arekson.com\/fr\/wp-json\/wp\/v2\/media?parent=16658"}],"wp:term":[{"taxonomy":"product_brand","embeddable":true,"href":"https:\/\/arekson.com\/fr\/wp-json\/wp\/v2\/product_brand?post=16658"},{"taxonomy":"product_cat","embeddable":true,"href":"https:\/\/arekson.com\/fr\/wp-json\/wp\/v2\/product_cat?post=16658"},{"taxonomy":"product_tag","embeddable":true,"href":"https:\/\/arekson.com\/fr\/wp-json\/wp\/v2\/product_tag?post=16658"}],"curies":[{"name":"wp","href":"https:\/\/api.w.org\/{rel}","templated":true}]}}