{"id":16650,"date":"2022-06-02T12:08:19","date_gmt":"2022-06-02T10:08:19","guid":{"rendered":"https:\/\/arekson.com\/producto\/filter-moldex-9500-a2b2e1-filtre-gaz-et-vapeurs-organiques-combine\/"},"modified":"2022-06-15T15:40:53","modified_gmt":"2022-06-15T13:40:53","slug":"filter-moldex-9500-a2b2e1-filtre-gaz-et-vapeurs-organiques-combine","status":"publish","type":"product","link":"https:\/\/arekson.com\/fr\/producto\/filter-moldex-9500-a2b2e1-filtre-gaz-et-vapeurs-organiques-combine\/","title":{"rendered":"<strong><span class=\"nom-corto\">Filter MOLDEX 9500 A2B2E1 <\/span><\/strong><br><span class=\"nom-largo\">Filtre gaz et vapeurs organiques combin\u00e9<\/span>"},"content":{"rendered":"","protected":false},"excerpt":{"rendered":"<p>Filtre \u00ab\u00a0Easylock \u00ae\u00a0\u00bb se ferme facilement, anti-gaz selon EN 14387:2004+A1:2008 des gaz et vapeurs organiques (solvants, peintures, a\u00e9rosols). B2, gaz et vapeurs inorganiques (chlore, brome, un atome d&rsquo;hydrog\u00e8ne sulfur\u00e9 cyanure d&rsquo;hydrog\u00e8ne,). E1, les gaz acides (acide chlorhydrique, l&rsquo;acide nitrique, bio-vapeurs organiques, l&rsquo;ammoniac, la m\u00e9thylamine, le chlore, le chlorure d&rsquo;hydrog\u00e8ne, le dioxyde de soufre, le dioxyde de chlore, fluorure d&rsquo;hydrog\u00e8ne, le formald\u00e9hyde ou le sulfure d&rsquo;hydrog\u00e8ne (\u00e9vacuation seulement).<\/p>\n","protected":false},"featured_media":7873,"template":"","meta":{"_et_pb_use_builder":"","_et_pb_old_content":"","_et_gb_content_width":""},"product_brand":[],"product_cat":[363,3279,3288],"product_tag":[],"class_list":{"0":"post-16650","1":"product","2":"type-product","3":"status-publish","4":"has-post-thumbnail","6":"product_cat-csp-fr","7":"product_cat-protection-et-hygiene-csp","8":"product_cat-protection-respiratoire-csp","9":"pa_ok-csp-fr-ref-950751-boite-8-unites","11":"first","12":"outofstock","13":"purchasable","14":"product-type-variable"},"yoast_head":"<!-- This site is optimized with the Yoast SEO plugin v27.2 - https:\/\/yoast.com\/product\/yoast-seo-wordpress\/ -->\n<title>CSP Filter MOLDEX 9500 A2B2E1 Filtre gaz et vapeurs organiques combin\u00e9<\/title>\n<meta name=\"description\" content=\"Filter MOLDEX 9500 A2B2E1 Gas filter REF: 950751 CSP\" \/>\n<meta name=\"robots\" content=\"index, follow, max-snippet:-1, max-image-preview:large, max-video-preview:-1\" \/>\n<link rel=\"canonical\" href=\"https:\/\/arekson.com\/fr\/producto\/filter-moldex-9500-a2b2e1-filtre-gaz-et-vapeurs-organiques-combine\/\" \/>\n<meta property=\"og:locale\" content=\"fr_FR\" \/>\n<meta property=\"og:type\" content=\"article\" \/>\n<meta property=\"og:title\" content=\"CSP Filter MOLDEX 9500 A2B2E1 Filtre gaz et vapeurs organiques combin\u00e9\" \/>\n<meta property=\"og:description\" content=\"Filter MOLDEX 9500 A2B2E1 Gas filter REF: 950751 CSP\" \/>\n<meta property=\"og:url\" content=\"https:\/\/arekson.com\/fr\/producto\/filter-moldex-9500-a2b2e1-filtre-gaz-et-vapeurs-organiques-combine\/\" \/>\n<meta property=\"og:site_name\" content=\"Arekson Group\" \/>\n<meta property=\"article:modified_time\" content=\"2022-06-15T13:40:53+00:00\" \/>\n<meta property=\"og:image\" content=\"https:\/\/arekson.com\/wp-content\/uploads\/2022\/05\/950751.jpg\" \/>\n\t<meta property=\"og:image:width\" content=\"800\" \/>\n\t<meta property=\"og:image:height\" content=\"800\" \/>\n\t<meta property=\"og:image:type\" content=\"image\/jpeg\" \/>\n<meta name=\"twitter:card\" content=\"summary_large_image\" \/>\n<script type=\"application\/ld+json\" class=\"yoast-schema-graph\">{\"@context\":\"https:\/\/schema.org\",\"@graph\":[{\"@type\":\"WebPage\",\"@id\":\"https:\/\/arekson.com\/fr\/producto\/filter-moldex-9500-a2b2e1-filtre-gaz-et-vapeurs-organiques-combine\/\",\"url\":\"https:\/\/arekson.com\/fr\/producto\/filter-moldex-9500-a2b2e1-filtre-gaz-et-vapeurs-organiques-combine\/\",\"name\":\"CSP Filter MOLDEX 9500 A2B2E1 Filtre gaz et vapeurs organiques combin\u00e9\",\"isPartOf\":{\"@id\":\"https:\/\/arekson.com\/fr\/#website\"},\"primaryImageOfPage\":{\"@id\":\"https:\/\/arekson.com\/fr\/producto\/filter-moldex-9500-a2b2e1-filtre-gaz-et-vapeurs-organiques-combine\/#primaryimage\"},\"image\":{\"@id\":\"https:\/\/arekson.com\/fr\/producto\/filter-moldex-9500-a2b2e1-filtre-gaz-et-vapeurs-organiques-combine\/#primaryimage\"},\"thumbnailUrl\":\"https:\/\/arekson.com\/wp-content\/uploads\/2022\/05\/950751.jpg\",\"datePublished\":\"2022-06-02T10:08:19+00:00\",\"dateModified\":\"2022-06-15T13:40:53+00:00\",\"description\":\"Filter MOLDEX 9500 A2B2E1 Gas filter REF: 950751 CSP\",\"breadcrumb\":{\"@id\":\"https:\/\/arekson.com\/fr\/producto\/filter-moldex-9500-a2b2e1-filtre-gaz-et-vapeurs-organiques-combine\/#breadcrumb\"},\"inLanguage\":\"fr-FR\",\"potentialAction\":[{\"@type\":\"ReadAction\",\"target\":[\"https:\/\/arekson.com\/fr\/producto\/filter-moldex-9500-a2b2e1-filtre-gaz-et-vapeurs-organiques-combine\/\"]}]},{\"@type\":\"ImageObject\",\"inLanguage\":\"fr-FR\",\"@id\":\"https:\/\/arekson.com\/fr\/producto\/filter-moldex-9500-a2b2e1-filtre-gaz-et-vapeurs-organiques-combine\/#primaryimage\",\"url\":\"https:\/\/arekson.com\/wp-content\/uploads\/2022\/05\/950751.jpg\",\"contentUrl\":\"https:\/\/arekson.com\/wp-content\/uploads\/2022\/05\/950751.jpg\",\"width\":800,\"height\":800},{\"@type\":\"BreadcrumbList\",\"@id\":\"https:\/\/arekson.com\/fr\/producto\/filter-moldex-9500-a2b2e1-filtre-gaz-et-vapeurs-organiques-combine\/#breadcrumb\",\"itemListElement\":[{\"@type\":\"ListItem\",\"position\":1,\"name\":\"Home\",\"item\":\"https:\/\/arekson.com\/fr\/\"},{\"@type\":\"ListItem\",\"position\":2,\"name\":\"Produits\",\"item\":\"https:\/\/arekson.com\/fr\/shop\/\"},{\"@type\":\"ListItem\",\"position\":3,\"name\":\"Filter MOLDEX 9500 A2B2E1 Filtre gaz et vapeurs organiques combin\u00e9\"}]},{\"@type\":\"WebSite\",\"@id\":\"https:\/\/arekson.com\/fr\/#website\",\"url\":\"https:\/\/arekson.com\/fr\/\",\"name\":\"Arekson Group\",\"description\":\"Marcas Referentes del Automovil Profesional\",\"publisher\":{\"@id\":\"https:\/\/arekson.com\/fr\/#organization\"},\"potentialAction\":[{\"@type\":\"SearchAction\",\"target\":{\"@type\":\"EntryPoint\",\"urlTemplate\":\"https:\/\/arekson.com\/fr\/?s={search_term_string}\"},\"query-input\":{\"@type\":\"PropertyValueSpecification\",\"valueRequired\":true,\"valueName\":\"search_term_string\"}}],\"inLanguage\":\"fr-FR\"},{\"@type\":\"Organization\",\"@id\":\"https:\/\/arekson.com\/fr\/#organization\",\"name\":\"Arekson Group\",\"url\":\"https:\/\/arekson.com\/fr\/\",\"logo\":{\"@type\":\"ImageObject\",\"inLanguage\":\"fr-FR\",\"@id\":\"https:\/\/arekson.com\/fr\/#\/schema\/logo\/image\/\",\"url\":\"https:\/\/arekson.com\/wp-content\/uploads\/2022\/06\/Arekson-Group-Logo-Gris.jpg\",\"contentUrl\":\"https:\/\/arekson.com\/wp-content\/uploads\/2022\/06\/Arekson-Group-Logo-Gris.jpg\",\"width\":174,\"height\":72,\"caption\":\"Arekson Group\"},\"image\":{\"@id\":\"https:\/\/arekson.com\/fr\/#\/schema\/logo\/image\/\"}}]}<\/script>\n<!-- \/ Yoast SEO plugin. -->","yoast_head_json":{"title":"CSP Filter MOLDEX 9500 A2B2E1 Filtre gaz et vapeurs organiques combin\u00e9","description":"Filter MOLDEX 9500 A2B2E1 Gas filter REF: 950751 CSP","robots":{"index":"index","follow":"follow","max-snippet":"max-snippet:-1","max-image-preview":"max-image-preview:large","max-video-preview":"max-video-preview:-1"},"canonical":"https:\/\/arekson.com\/fr\/producto\/filter-moldex-9500-a2b2e1-filtre-gaz-et-vapeurs-organiques-combine\/","og_locale":"fr_FR","og_type":"article","og_title":"CSP Filter MOLDEX 9500 A2B2E1 Filtre gaz et vapeurs organiques combin\u00e9","og_description":"Filter MOLDEX 9500 A2B2E1 Gas filter REF: 950751 CSP","og_url":"https:\/\/arekson.com\/fr\/producto\/filter-moldex-9500-a2b2e1-filtre-gaz-et-vapeurs-organiques-combine\/","og_site_name":"Arekson Group","article_modified_time":"2022-06-15T13:40:53+00:00","og_image":[{"width":800,"height":800,"url":"https:\/\/arekson.com\/wp-content\/uploads\/2022\/05\/950751.jpg","type":"image\/jpeg"}],"twitter_card":"summary_large_image","schema":{"@context":"https:\/\/schema.org","@graph":[{"@type":"WebPage","@id":"https:\/\/arekson.com\/fr\/producto\/filter-moldex-9500-a2b2e1-filtre-gaz-et-vapeurs-organiques-combine\/","url":"https:\/\/arekson.com\/fr\/producto\/filter-moldex-9500-a2b2e1-filtre-gaz-et-vapeurs-organiques-combine\/","name":"CSP Filter MOLDEX 9500 A2B2E1 Filtre gaz et vapeurs organiques combin\u00e9","isPartOf":{"@id":"https:\/\/arekson.com\/fr\/#website"},"primaryImageOfPage":{"@id":"https:\/\/arekson.com\/fr\/producto\/filter-moldex-9500-a2b2e1-filtre-gaz-et-vapeurs-organiques-combine\/#primaryimage"},"image":{"@id":"https:\/\/arekson.com\/fr\/producto\/filter-moldex-9500-a2b2e1-filtre-gaz-et-vapeurs-organiques-combine\/#primaryimage"},"thumbnailUrl":"https:\/\/arekson.com\/wp-content\/uploads\/2022\/05\/950751.jpg","datePublished":"2022-06-02T10:08:19+00:00","dateModified":"2022-06-15T13:40:53+00:00","description":"Filter MOLDEX 9500 A2B2E1 Gas filter REF: 950751 CSP","breadcrumb":{"@id":"https:\/\/arekson.com\/fr\/producto\/filter-moldex-9500-a2b2e1-filtre-gaz-et-vapeurs-organiques-combine\/#breadcrumb"},"inLanguage":"fr-FR","potentialAction":[{"@type":"ReadAction","target":["https:\/\/arekson.com\/fr\/producto\/filter-moldex-9500-a2b2e1-filtre-gaz-et-vapeurs-organiques-combine\/"]}]},{"@type":"ImageObject","inLanguage":"fr-FR","@id":"https:\/\/arekson.com\/fr\/producto\/filter-moldex-9500-a2b2e1-filtre-gaz-et-vapeurs-organiques-combine\/#primaryimage","url":"https:\/\/arekson.com\/wp-content\/uploads\/2022\/05\/950751.jpg","contentUrl":"https:\/\/arekson.com\/wp-content\/uploads\/2022\/05\/950751.jpg","width":800,"height":800},{"@type":"BreadcrumbList","@id":"https:\/\/arekson.com\/fr\/producto\/filter-moldex-9500-a2b2e1-filtre-gaz-et-vapeurs-organiques-combine\/#breadcrumb","itemListElement":[{"@type":"ListItem","position":1,"name":"Home","item":"https:\/\/arekson.com\/fr\/"},{"@type":"ListItem","position":2,"name":"Produits","item":"https:\/\/arekson.com\/fr\/shop\/"},{"@type":"ListItem","position":3,"name":"Filter MOLDEX 9500 A2B2E1 Filtre gaz et vapeurs organiques combin\u00e9"}]},{"@type":"WebSite","@id":"https:\/\/arekson.com\/fr\/#website","url":"https:\/\/arekson.com\/fr\/","name":"Arekson Group","description":"Marcas Referentes del Automovil Profesional","publisher":{"@id":"https:\/\/arekson.com\/fr\/#organization"},"potentialAction":[{"@type":"SearchAction","target":{"@type":"EntryPoint","urlTemplate":"https:\/\/arekson.com\/fr\/?s={search_term_string}"},"query-input":{"@type":"PropertyValueSpecification","valueRequired":true,"valueName":"search_term_string"}}],"inLanguage":"fr-FR"},{"@type":"Organization","@id":"https:\/\/arekson.com\/fr\/#organization","name":"Arekson Group","url":"https:\/\/arekson.com\/fr\/","logo":{"@type":"ImageObject","inLanguage":"fr-FR","@id":"https:\/\/arekson.com\/fr\/#\/schema\/logo\/image\/","url":"https:\/\/arekson.com\/wp-content\/uploads\/2022\/06\/Arekson-Group-Logo-Gris.jpg","contentUrl":"https:\/\/arekson.com\/wp-content\/uploads\/2022\/06\/Arekson-Group-Logo-Gris.jpg","width":174,"height":72,"caption":"Arekson Group"},"image":{"@id":"https:\/\/arekson.com\/fr\/#\/schema\/logo\/image\/"}}]}},"_links":{"self":[{"href":"https:\/\/arekson.com\/fr\/wp-json\/wp\/v2\/product\/16650","targetHints":{"allow":["GET"]}}],"collection":[{"href":"https:\/\/arekson.com\/fr\/wp-json\/wp\/v2\/product"}],"about":[{"href":"https:\/\/arekson.com\/fr\/wp-json\/wp\/v2\/types\/product"}],"wp:featuredmedia":[{"embeddable":true,"href":"https:\/\/arekson.com\/fr\/wp-json\/wp\/v2\/media\/7873"}],"wp:attachment":[{"href":"https:\/\/arekson.com\/fr\/wp-json\/wp\/v2\/media?parent=16650"}],"wp:term":[{"taxonomy":"product_brand","embeddable":true,"href":"https:\/\/arekson.com\/fr\/wp-json\/wp\/v2\/product_brand?post=16650"},{"taxonomy":"product_cat","embeddable":true,"href":"https:\/\/arekson.com\/fr\/wp-json\/wp\/v2\/product_cat?post=16650"},{"taxonomy":"product_tag","embeddable":true,"href":"https:\/\/arekson.com\/fr\/wp-json\/wp\/v2\/product_tag?post=16650"}],"curies":[{"name":"wp","href":"https:\/\/api.w.org\/{rel}","templated":true}]}}