{"id":16642,"date":"2022-06-02T12:08:15","date_gmt":"2022-06-02T10:08:15","guid":{"rendered":"https:\/\/arekson.com\/producto\/mask-moldex-compact-5230-piece-faciale-disposable\/"},"modified":"2022-06-15T15:40:42","modified_gmt":"2022-06-15T13:40:42","slug":"mask-moldex-compact-5230-piece-faciale-disposable","status":"publish","type":"product","link":"https:\/\/arekson.com\/fr\/producto\/mask-moldex-compact-5230-piece-faciale-disposable\/","title":{"rendered":"<strong><span class=\"nom-corto\">MASK MOLDEX COMPACT 5230 <\/span><\/strong><br><span class=\"nom-largo\">Pi\u00e8ce faciale disposable<\/span>"},"content":{"rendered":"","protected":false},"excerpt":{"rendered":"<p>Protection contre les gaz, les vapeurs et les particules FFA2P3 RD. Confortable et simple. Filtres  int\u00e9gr\u00e9 offrant un large champ de vision. Tr\u00e8s l\u00e9g\u00e8re  Avec ajustement du nez FlexFit, une taille est uniquement n\u00e9cessaire. Filtration pli\u00e9e avec double surface du filtre respiration plus facile. Pas n\u00e9cessit\u00e9de de pr\u00e9-filtres.<\/p>\n","protected":false},"featured_media":7627,"template":"","meta":{"_et_pb_use_builder":"","_et_pb_old_content":"","_et_gb_content_width":""},"product_brand":[],"product_cat":[363,3279,3288],"product_tag":[],"class_list":{"0":"post-16642","1":"product","2":"type-product","3":"status-publish","4":"has-post-thumbnail","6":"product_cat-csp-fr","7":"product_cat-protection-et-hygiene-csp","8":"product_cat-protection-respiratoire-csp","9":"pa_ok-csp-fr-ref-950606-gris-clair-sachet-1-unite","11":"first","12":"outofstock","13":"purchasable","14":"product-type-variable"},"yoast_head":"<!-- This site is optimized with the Yoast SEO plugin v27.2 - https:\/\/yoast.com\/product\/yoast-seo-wordpress\/ -->\n<title>CSP MASK MOLDEX COMPACT 5230 Pi\u00e8ce faciale disposable<\/title>\n<meta name=\"description\" content=\"MASK MOLDEX COMPACT 5230 Disposable Masks REF: 950606 CSP\" \/>\n<meta name=\"robots\" content=\"index, follow, max-snippet:-1, max-image-preview:large, max-video-preview:-1\" \/>\n<link rel=\"canonical\" href=\"https:\/\/arekson.com\/fr\/producto\/mask-moldex-compact-5230-piece-faciale-disposable\/\" \/>\n<meta property=\"og:locale\" content=\"fr_FR\" \/>\n<meta property=\"og:type\" content=\"article\" \/>\n<meta property=\"og:title\" content=\"CSP MASK MOLDEX COMPACT 5230 Pi\u00e8ce faciale disposable\" \/>\n<meta property=\"og:description\" content=\"MASK MOLDEX COMPACT 5230 Disposable Masks REF: 950606 CSP\" \/>\n<meta property=\"og:url\" content=\"https:\/\/arekson.com\/fr\/producto\/mask-moldex-compact-5230-piece-faciale-disposable\/\" \/>\n<meta property=\"og:site_name\" content=\"Arekson Group\" \/>\n<meta property=\"article:modified_time\" content=\"2022-06-15T13:40:42+00:00\" \/>\n<meta property=\"og:image\" content=\"https:\/\/arekson.com\/wp-content\/uploads\/2022\/05\/950606.jpg\" \/>\n\t<meta property=\"og:image:width\" content=\"800\" \/>\n\t<meta property=\"og:image:height\" content=\"800\" \/>\n\t<meta property=\"og:image:type\" content=\"image\/jpeg\" \/>\n<meta name=\"twitter:card\" content=\"summary_large_image\" \/>\n<script type=\"application\/ld+json\" class=\"yoast-schema-graph\">{\"@context\":\"https:\/\/schema.org\",\"@graph\":[{\"@type\":\"WebPage\",\"@id\":\"https:\/\/arekson.com\/fr\/producto\/mask-moldex-compact-5230-piece-faciale-disposable\/\",\"url\":\"https:\/\/arekson.com\/fr\/producto\/mask-moldex-compact-5230-piece-faciale-disposable\/\",\"name\":\"CSP MASK MOLDEX COMPACT 5230 Pi\u00e8ce faciale disposable\",\"isPartOf\":{\"@id\":\"https:\/\/arekson.com\/fr\/#website\"},\"primaryImageOfPage\":{\"@id\":\"https:\/\/arekson.com\/fr\/producto\/mask-moldex-compact-5230-piece-faciale-disposable\/#primaryimage\"},\"image\":{\"@id\":\"https:\/\/arekson.com\/fr\/producto\/mask-moldex-compact-5230-piece-faciale-disposable\/#primaryimage\"},\"thumbnailUrl\":\"https:\/\/arekson.com\/wp-content\/uploads\/2022\/05\/950606.jpg\",\"datePublished\":\"2022-06-02T10:08:15+00:00\",\"dateModified\":\"2022-06-15T13:40:42+00:00\",\"description\":\"MASK MOLDEX COMPACT 5230 Disposable Masks REF: 950606 CSP\",\"breadcrumb\":{\"@id\":\"https:\/\/arekson.com\/fr\/producto\/mask-moldex-compact-5230-piece-faciale-disposable\/#breadcrumb\"},\"inLanguage\":\"fr-FR\",\"potentialAction\":[{\"@type\":\"ReadAction\",\"target\":[\"https:\/\/arekson.com\/fr\/producto\/mask-moldex-compact-5230-piece-faciale-disposable\/\"]}]},{\"@type\":\"ImageObject\",\"inLanguage\":\"fr-FR\",\"@id\":\"https:\/\/arekson.com\/fr\/producto\/mask-moldex-compact-5230-piece-faciale-disposable\/#primaryimage\",\"url\":\"https:\/\/arekson.com\/wp-content\/uploads\/2022\/05\/950606.jpg\",\"contentUrl\":\"https:\/\/arekson.com\/wp-content\/uploads\/2022\/05\/950606.jpg\",\"width\":800,\"height\":800},{\"@type\":\"BreadcrumbList\",\"@id\":\"https:\/\/arekson.com\/fr\/producto\/mask-moldex-compact-5230-piece-faciale-disposable\/#breadcrumb\",\"itemListElement\":[{\"@type\":\"ListItem\",\"position\":1,\"name\":\"Home\",\"item\":\"https:\/\/arekson.com\/fr\/\"},{\"@type\":\"ListItem\",\"position\":2,\"name\":\"Produits\",\"item\":\"https:\/\/arekson.com\/fr\/shop\/\"},{\"@type\":\"ListItem\",\"position\":3,\"name\":\"MASK MOLDEX COMPACT 5230 Pi\u00e8ce faciale disposable\"}]},{\"@type\":\"WebSite\",\"@id\":\"https:\/\/arekson.com\/fr\/#website\",\"url\":\"https:\/\/arekson.com\/fr\/\",\"name\":\"Arekson Group\",\"description\":\"Marcas Referentes del Automovil Profesional\",\"publisher\":{\"@id\":\"https:\/\/arekson.com\/fr\/#organization\"},\"potentialAction\":[{\"@type\":\"SearchAction\",\"target\":{\"@type\":\"EntryPoint\",\"urlTemplate\":\"https:\/\/arekson.com\/fr\/?s={search_term_string}\"},\"query-input\":{\"@type\":\"PropertyValueSpecification\",\"valueRequired\":true,\"valueName\":\"search_term_string\"}}],\"inLanguage\":\"fr-FR\"},{\"@type\":\"Organization\",\"@id\":\"https:\/\/arekson.com\/fr\/#organization\",\"name\":\"Arekson Group\",\"url\":\"https:\/\/arekson.com\/fr\/\",\"logo\":{\"@type\":\"ImageObject\",\"inLanguage\":\"fr-FR\",\"@id\":\"https:\/\/arekson.com\/fr\/#\/schema\/logo\/image\/\",\"url\":\"https:\/\/arekson.com\/wp-content\/uploads\/2022\/06\/Arekson-Group-Logo-Gris.jpg\",\"contentUrl\":\"https:\/\/arekson.com\/wp-content\/uploads\/2022\/06\/Arekson-Group-Logo-Gris.jpg\",\"width\":174,\"height\":72,\"caption\":\"Arekson Group\"},\"image\":{\"@id\":\"https:\/\/arekson.com\/fr\/#\/schema\/logo\/image\/\"}}]}<\/script>\n<!-- \/ Yoast SEO plugin. -->","yoast_head_json":{"title":"CSP MASK MOLDEX COMPACT 5230 Pi\u00e8ce faciale disposable","description":"MASK MOLDEX COMPACT 5230 Disposable Masks REF: 950606 CSP","robots":{"index":"index","follow":"follow","max-snippet":"max-snippet:-1","max-image-preview":"max-image-preview:large","max-video-preview":"max-video-preview:-1"},"canonical":"https:\/\/arekson.com\/fr\/producto\/mask-moldex-compact-5230-piece-faciale-disposable\/","og_locale":"fr_FR","og_type":"article","og_title":"CSP MASK MOLDEX COMPACT 5230 Pi\u00e8ce faciale disposable","og_description":"MASK MOLDEX COMPACT 5230 Disposable Masks REF: 950606 CSP","og_url":"https:\/\/arekson.com\/fr\/producto\/mask-moldex-compact-5230-piece-faciale-disposable\/","og_site_name":"Arekson Group","article_modified_time":"2022-06-15T13:40:42+00:00","og_image":[{"width":800,"height":800,"url":"https:\/\/arekson.com\/wp-content\/uploads\/2022\/05\/950606.jpg","type":"image\/jpeg"}],"twitter_card":"summary_large_image","schema":{"@context":"https:\/\/schema.org","@graph":[{"@type":"WebPage","@id":"https:\/\/arekson.com\/fr\/producto\/mask-moldex-compact-5230-piece-faciale-disposable\/","url":"https:\/\/arekson.com\/fr\/producto\/mask-moldex-compact-5230-piece-faciale-disposable\/","name":"CSP MASK MOLDEX COMPACT 5230 Pi\u00e8ce faciale disposable","isPartOf":{"@id":"https:\/\/arekson.com\/fr\/#website"},"primaryImageOfPage":{"@id":"https:\/\/arekson.com\/fr\/producto\/mask-moldex-compact-5230-piece-faciale-disposable\/#primaryimage"},"image":{"@id":"https:\/\/arekson.com\/fr\/producto\/mask-moldex-compact-5230-piece-faciale-disposable\/#primaryimage"},"thumbnailUrl":"https:\/\/arekson.com\/wp-content\/uploads\/2022\/05\/950606.jpg","datePublished":"2022-06-02T10:08:15+00:00","dateModified":"2022-06-15T13:40:42+00:00","description":"MASK MOLDEX COMPACT 5230 Disposable Masks REF: 950606 CSP","breadcrumb":{"@id":"https:\/\/arekson.com\/fr\/producto\/mask-moldex-compact-5230-piece-faciale-disposable\/#breadcrumb"},"inLanguage":"fr-FR","potentialAction":[{"@type":"ReadAction","target":["https:\/\/arekson.com\/fr\/producto\/mask-moldex-compact-5230-piece-faciale-disposable\/"]}]},{"@type":"ImageObject","inLanguage":"fr-FR","@id":"https:\/\/arekson.com\/fr\/producto\/mask-moldex-compact-5230-piece-faciale-disposable\/#primaryimage","url":"https:\/\/arekson.com\/wp-content\/uploads\/2022\/05\/950606.jpg","contentUrl":"https:\/\/arekson.com\/wp-content\/uploads\/2022\/05\/950606.jpg","width":800,"height":800},{"@type":"BreadcrumbList","@id":"https:\/\/arekson.com\/fr\/producto\/mask-moldex-compact-5230-piece-faciale-disposable\/#breadcrumb","itemListElement":[{"@type":"ListItem","position":1,"name":"Home","item":"https:\/\/arekson.com\/fr\/"},{"@type":"ListItem","position":2,"name":"Produits","item":"https:\/\/arekson.com\/fr\/shop\/"},{"@type":"ListItem","position":3,"name":"MASK MOLDEX COMPACT 5230 Pi\u00e8ce faciale disposable"}]},{"@type":"WebSite","@id":"https:\/\/arekson.com\/fr\/#website","url":"https:\/\/arekson.com\/fr\/","name":"Arekson Group","description":"Marcas Referentes del Automovil Profesional","publisher":{"@id":"https:\/\/arekson.com\/fr\/#organization"},"potentialAction":[{"@type":"SearchAction","target":{"@type":"EntryPoint","urlTemplate":"https:\/\/arekson.com\/fr\/?s={search_term_string}"},"query-input":{"@type":"PropertyValueSpecification","valueRequired":true,"valueName":"search_term_string"}}],"inLanguage":"fr-FR"},{"@type":"Organization","@id":"https:\/\/arekson.com\/fr\/#organization","name":"Arekson Group","url":"https:\/\/arekson.com\/fr\/","logo":{"@type":"ImageObject","inLanguage":"fr-FR","@id":"https:\/\/arekson.com\/fr\/#\/schema\/logo\/image\/","url":"https:\/\/arekson.com\/wp-content\/uploads\/2022\/06\/Arekson-Group-Logo-Gris.jpg","contentUrl":"https:\/\/arekson.com\/wp-content\/uploads\/2022\/06\/Arekson-Group-Logo-Gris.jpg","width":174,"height":72,"caption":"Arekson Group"},"image":{"@id":"https:\/\/arekson.com\/fr\/#\/schema\/logo\/image\/"}}]}},"_links":{"self":[{"href":"https:\/\/arekson.com\/fr\/wp-json\/wp\/v2\/product\/16642","targetHints":{"allow":["GET"]}}],"collection":[{"href":"https:\/\/arekson.com\/fr\/wp-json\/wp\/v2\/product"}],"about":[{"href":"https:\/\/arekson.com\/fr\/wp-json\/wp\/v2\/types\/product"}],"wp:featuredmedia":[{"embeddable":true,"href":"https:\/\/arekson.com\/fr\/wp-json\/wp\/v2\/media\/7627"}],"wp:attachment":[{"href":"https:\/\/arekson.com\/fr\/wp-json\/wp\/v2\/media?parent=16642"}],"wp:term":[{"taxonomy":"product_brand","embeddable":true,"href":"https:\/\/arekson.com\/fr\/wp-json\/wp\/v2\/product_brand?post=16642"},{"taxonomy":"product_cat","embeddable":true,"href":"https:\/\/arekson.com\/fr\/wp-json\/wp\/v2\/product_cat?post=16642"},{"taxonomy":"product_tag","embeddable":true,"href":"https:\/\/arekson.com\/fr\/wp-json\/wp\/v2\/product_tag?post=16642"}],"curies":[{"name":"wp","href":"https:\/\/api.w.org\/{rel}","templated":true}]}}