{"id":16592,"date":"2022-06-02T12:07:36","date_gmt":"2022-06-02T10:07:36","guid":{"rendered":"https:\/\/arekson.com\/producto\/antigravel-gun-clean-pistolet-body-toujours-propre\/"},"modified":"2022-06-15T15:39:38","modified_gmt":"2022-06-15T13:39:38","slug":"antigravel-gun-clean-pistolet-body-toujours-propre","status":"publish","type":"product","link":"https:\/\/arekson.com\/fr\/producto\/antigravel-gun-clean-pistolet-body-toujours-propre\/","title":{"rendered":"<strong><span class=\"nom-corto\">ANTIGRAVEL GUN CLEAN <\/span><\/strong><br><span class=\"nom-largo\">Pistolet  body \u00ab\u00a0toujours propre\u00a0\u00bb<\/span>"},"content":{"rendered":"","protected":false},"excerpt":{"rendered":"<p>Pistolet \u00e0 succion pour anti-gravillons avec syst\u00e8me de buse jetable. \u00c9vite de nettoyer le pistolet en \u00e9conomisant du temps de nettoyage et d\u2019entretien.<\/p>\n","protected":false},"featured_media":7249,"template":"","meta":{"_et_pb_use_builder":"","_et_pb_old_content":"","_et_gb_content_width":""},"product_brand":[],"product_cat":[367,363,992,990],"product_tag":[],"class_list":{"0":"post-16592","1":"product","2":"type-product","3":"status-publish","4":"has-post-thumbnail","6":"product_cat-auxiliaires-csp","7":"product_cat-csp-fr","8":"product_cat-pistolets-body-csp","9":"product_cat-pistolets-et-accessoires-csp","10":"pa_ok-csp-fr-ref-950026-sachet-1-unite","12":"first","13":"outofstock","14":"purchasable","15":"product-type-variable"},"yoast_head":"<!-- This site is optimized with the Yoast SEO plugin v27.2 - https:\/\/yoast.com\/product\/yoast-seo-wordpress\/ -->\n<title>CSP ANTIGRAVEL GUN CLEAN Pistolet body &quot;toujours propre&quot;<\/title>\n<meta name=\"description\" content=\"ANTIGRAVEL GUN CLEAN Stone chip spray gun with replaceable nozzle PISTOLETS BODY REF: 950026 CSP\" \/>\n<meta name=\"robots\" content=\"index, follow, max-snippet:-1, max-image-preview:large, max-video-preview:-1\" \/>\n<link rel=\"canonical\" href=\"https:\/\/arekson.com\/fr\/producto\/antigravel-gun-clean-pistolet-body-toujours-propre\/\" \/>\n<meta property=\"og:locale\" content=\"fr_FR\" \/>\n<meta property=\"og:type\" content=\"article\" \/>\n<meta property=\"og:title\" content=\"CSP ANTIGRAVEL GUN CLEAN Pistolet body &quot;toujours propre&quot;\" \/>\n<meta property=\"og:description\" content=\"ANTIGRAVEL GUN CLEAN Stone chip spray gun with replaceable nozzle PISTOLETS BODY REF: 950026 CSP\" \/>\n<meta property=\"og:url\" content=\"https:\/\/arekson.com\/fr\/producto\/antigravel-gun-clean-pistolet-body-toujours-propre\/\" \/>\n<meta property=\"og:site_name\" content=\"Arekson Group\" \/>\n<meta property=\"article:modified_time\" content=\"2022-06-15T13:39:38+00:00\" \/>\n<meta property=\"og:image\" content=\"https:\/\/arekson.com\/wp-content\/uploads\/2022\/05\/950026.jpg\" \/>\n\t<meta property=\"og:image:width\" content=\"800\" \/>\n\t<meta property=\"og:image:height\" content=\"800\" \/>\n\t<meta property=\"og:image:type\" content=\"image\/jpeg\" \/>\n<meta name=\"twitter:card\" content=\"summary_large_image\" \/>\n<script type=\"application\/ld+json\" class=\"yoast-schema-graph\">{\"@context\":\"https:\/\/schema.org\",\"@graph\":[{\"@type\":\"WebPage\",\"@id\":\"https:\/\/arekson.com\/fr\/producto\/antigravel-gun-clean-pistolet-body-toujours-propre\/\",\"url\":\"https:\/\/arekson.com\/fr\/producto\/antigravel-gun-clean-pistolet-body-toujours-propre\/\",\"name\":\"CSP ANTIGRAVEL GUN CLEAN Pistolet body \\\"toujours propre\\\"\",\"isPartOf\":{\"@id\":\"https:\/\/arekson.com\/fr\/#website\"},\"primaryImageOfPage\":{\"@id\":\"https:\/\/arekson.com\/fr\/producto\/antigravel-gun-clean-pistolet-body-toujours-propre\/#primaryimage\"},\"image\":{\"@id\":\"https:\/\/arekson.com\/fr\/producto\/antigravel-gun-clean-pistolet-body-toujours-propre\/#primaryimage\"},\"thumbnailUrl\":\"https:\/\/arekson.com\/wp-content\/uploads\/2022\/05\/950026.jpg\",\"datePublished\":\"2022-06-02T10:07:36+00:00\",\"dateModified\":\"2022-06-15T13:39:38+00:00\",\"description\":\"ANTIGRAVEL GUN CLEAN Stone chip spray gun with replaceable nozzle PISTOLETS BODY REF: 950026 CSP\",\"breadcrumb\":{\"@id\":\"https:\/\/arekson.com\/fr\/producto\/antigravel-gun-clean-pistolet-body-toujours-propre\/#breadcrumb\"},\"inLanguage\":\"fr-FR\",\"potentialAction\":[{\"@type\":\"ReadAction\",\"target\":[\"https:\/\/arekson.com\/fr\/producto\/antigravel-gun-clean-pistolet-body-toujours-propre\/\"]}]},{\"@type\":\"ImageObject\",\"inLanguage\":\"fr-FR\",\"@id\":\"https:\/\/arekson.com\/fr\/producto\/antigravel-gun-clean-pistolet-body-toujours-propre\/#primaryimage\",\"url\":\"https:\/\/arekson.com\/wp-content\/uploads\/2022\/05\/950026.jpg\",\"contentUrl\":\"https:\/\/arekson.com\/wp-content\/uploads\/2022\/05\/950026.jpg\",\"width\":800,\"height\":800},{\"@type\":\"BreadcrumbList\",\"@id\":\"https:\/\/arekson.com\/fr\/producto\/antigravel-gun-clean-pistolet-body-toujours-propre\/#breadcrumb\",\"itemListElement\":[{\"@type\":\"ListItem\",\"position\":1,\"name\":\"Home\",\"item\":\"https:\/\/arekson.com\/fr\/\"},{\"@type\":\"ListItem\",\"position\":2,\"name\":\"Produits\",\"item\":\"https:\/\/arekson.com\/fr\/shop\/\"},{\"@type\":\"ListItem\",\"position\":3,\"name\":\"ANTIGRAVEL GUN CLEAN Pistolet body \u00abtoujours propre\u00bb\"}]},{\"@type\":\"WebSite\",\"@id\":\"https:\/\/arekson.com\/fr\/#website\",\"url\":\"https:\/\/arekson.com\/fr\/\",\"name\":\"Arekson Group\",\"description\":\"Marcas Referentes del Automovil Profesional\",\"publisher\":{\"@id\":\"https:\/\/arekson.com\/fr\/#organization\"},\"potentialAction\":[{\"@type\":\"SearchAction\",\"target\":{\"@type\":\"EntryPoint\",\"urlTemplate\":\"https:\/\/arekson.com\/fr\/?s={search_term_string}\"},\"query-input\":{\"@type\":\"PropertyValueSpecification\",\"valueRequired\":true,\"valueName\":\"search_term_string\"}}],\"inLanguage\":\"fr-FR\"},{\"@type\":\"Organization\",\"@id\":\"https:\/\/arekson.com\/fr\/#organization\",\"name\":\"Arekson Group\",\"url\":\"https:\/\/arekson.com\/fr\/\",\"logo\":{\"@type\":\"ImageObject\",\"inLanguage\":\"fr-FR\",\"@id\":\"https:\/\/arekson.com\/fr\/#\/schema\/logo\/image\/\",\"url\":\"https:\/\/arekson.com\/wp-content\/uploads\/2022\/06\/Arekson-Group-Logo-Gris.jpg\",\"contentUrl\":\"https:\/\/arekson.com\/wp-content\/uploads\/2022\/06\/Arekson-Group-Logo-Gris.jpg\",\"width\":174,\"height\":72,\"caption\":\"Arekson Group\"},\"image\":{\"@id\":\"https:\/\/arekson.com\/fr\/#\/schema\/logo\/image\/\"}}]}<\/script>\n<!-- \/ Yoast SEO plugin. -->","yoast_head_json":{"title":"CSP ANTIGRAVEL GUN CLEAN Pistolet body \"toujours propre\"","description":"ANTIGRAVEL GUN CLEAN Stone chip spray gun with replaceable nozzle PISTOLETS BODY REF: 950026 CSP","robots":{"index":"index","follow":"follow","max-snippet":"max-snippet:-1","max-image-preview":"max-image-preview:large","max-video-preview":"max-video-preview:-1"},"canonical":"https:\/\/arekson.com\/fr\/producto\/antigravel-gun-clean-pistolet-body-toujours-propre\/","og_locale":"fr_FR","og_type":"article","og_title":"CSP ANTIGRAVEL GUN CLEAN Pistolet body \"toujours propre\"","og_description":"ANTIGRAVEL GUN CLEAN Stone chip spray gun with replaceable nozzle PISTOLETS BODY REF: 950026 CSP","og_url":"https:\/\/arekson.com\/fr\/producto\/antigravel-gun-clean-pistolet-body-toujours-propre\/","og_site_name":"Arekson Group","article_modified_time":"2022-06-15T13:39:38+00:00","og_image":[{"width":800,"height":800,"url":"https:\/\/arekson.com\/wp-content\/uploads\/2022\/05\/950026.jpg","type":"image\/jpeg"}],"twitter_card":"summary_large_image","schema":{"@context":"https:\/\/schema.org","@graph":[{"@type":"WebPage","@id":"https:\/\/arekson.com\/fr\/producto\/antigravel-gun-clean-pistolet-body-toujours-propre\/","url":"https:\/\/arekson.com\/fr\/producto\/antigravel-gun-clean-pistolet-body-toujours-propre\/","name":"CSP ANTIGRAVEL GUN CLEAN Pistolet body \"toujours propre\"","isPartOf":{"@id":"https:\/\/arekson.com\/fr\/#website"},"primaryImageOfPage":{"@id":"https:\/\/arekson.com\/fr\/producto\/antigravel-gun-clean-pistolet-body-toujours-propre\/#primaryimage"},"image":{"@id":"https:\/\/arekson.com\/fr\/producto\/antigravel-gun-clean-pistolet-body-toujours-propre\/#primaryimage"},"thumbnailUrl":"https:\/\/arekson.com\/wp-content\/uploads\/2022\/05\/950026.jpg","datePublished":"2022-06-02T10:07:36+00:00","dateModified":"2022-06-15T13:39:38+00:00","description":"ANTIGRAVEL GUN CLEAN Stone chip spray gun with replaceable nozzle PISTOLETS BODY REF: 950026 CSP","breadcrumb":{"@id":"https:\/\/arekson.com\/fr\/producto\/antigravel-gun-clean-pistolet-body-toujours-propre\/#breadcrumb"},"inLanguage":"fr-FR","potentialAction":[{"@type":"ReadAction","target":["https:\/\/arekson.com\/fr\/producto\/antigravel-gun-clean-pistolet-body-toujours-propre\/"]}]},{"@type":"ImageObject","inLanguage":"fr-FR","@id":"https:\/\/arekson.com\/fr\/producto\/antigravel-gun-clean-pistolet-body-toujours-propre\/#primaryimage","url":"https:\/\/arekson.com\/wp-content\/uploads\/2022\/05\/950026.jpg","contentUrl":"https:\/\/arekson.com\/wp-content\/uploads\/2022\/05\/950026.jpg","width":800,"height":800},{"@type":"BreadcrumbList","@id":"https:\/\/arekson.com\/fr\/producto\/antigravel-gun-clean-pistolet-body-toujours-propre\/#breadcrumb","itemListElement":[{"@type":"ListItem","position":1,"name":"Home","item":"https:\/\/arekson.com\/fr\/"},{"@type":"ListItem","position":2,"name":"Produits","item":"https:\/\/arekson.com\/fr\/shop\/"},{"@type":"ListItem","position":3,"name":"ANTIGRAVEL GUN CLEAN Pistolet body \u00abtoujours propre\u00bb"}]},{"@type":"WebSite","@id":"https:\/\/arekson.com\/fr\/#website","url":"https:\/\/arekson.com\/fr\/","name":"Arekson Group","description":"Marcas Referentes del Automovil Profesional","publisher":{"@id":"https:\/\/arekson.com\/fr\/#organization"},"potentialAction":[{"@type":"SearchAction","target":{"@type":"EntryPoint","urlTemplate":"https:\/\/arekson.com\/fr\/?s={search_term_string}"},"query-input":{"@type":"PropertyValueSpecification","valueRequired":true,"valueName":"search_term_string"}}],"inLanguage":"fr-FR"},{"@type":"Organization","@id":"https:\/\/arekson.com\/fr\/#organization","name":"Arekson Group","url":"https:\/\/arekson.com\/fr\/","logo":{"@type":"ImageObject","inLanguage":"fr-FR","@id":"https:\/\/arekson.com\/fr\/#\/schema\/logo\/image\/","url":"https:\/\/arekson.com\/wp-content\/uploads\/2022\/06\/Arekson-Group-Logo-Gris.jpg","contentUrl":"https:\/\/arekson.com\/wp-content\/uploads\/2022\/06\/Arekson-Group-Logo-Gris.jpg","width":174,"height":72,"caption":"Arekson Group"},"image":{"@id":"https:\/\/arekson.com\/fr\/#\/schema\/logo\/image\/"}}]}},"_links":{"self":[{"href":"https:\/\/arekson.com\/fr\/wp-json\/wp\/v2\/product\/16592","targetHints":{"allow":["GET"]}}],"collection":[{"href":"https:\/\/arekson.com\/fr\/wp-json\/wp\/v2\/product"}],"about":[{"href":"https:\/\/arekson.com\/fr\/wp-json\/wp\/v2\/types\/product"}],"wp:featuredmedia":[{"embeddable":true,"href":"https:\/\/arekson.com\/fr\/wp-json\/wp\/v2\/media\/7249"}],"wp:attachment":[{"href":"https:\/\/arekson.com\/fr\/wp-json\/wp\/v2\/media?parent=16592"}],"wp:term":[{"taxonomy":"product_brand","embeddable":true,"href":"https:\/\/arekson.com\/fr\/wp-json\/wp\/v2\/product_brand?post=16592"},{"taxonomy":"product_cat","embeddable":true,"href":"https:\/\/arekson.com\/fr\/wp-json\/wp\/v2\/product_cat?post=16592"},{"taxonomy":"product_tag","embeddable":true,"href":"https:\/\/arekson.com\/fr\/wp-json\/wp\/v2\/product_tag?post=16592"}],"curies":[{"name":"wp","href":"https:\/\/api.w.org\/{rel}","templated":true}]}}