{"id":16563,"date":"2022-06-02T12:06:47","date_gmt":"2022-06-02T10:06:47","guid":{"rendered":"https:\/\/arekson.com\/producto\/pad-green-medium-3-tampon-de-polissage-moyen\/"},"modified":"2022-06-15T15:38:54","modified_gmt":"2022-06-15T13:38:54","slug":"pad-green-medium-3-tampon-de-polissage-moyen","status":"publish","type":"product","link":"https:\/\/arekson.com\/fr\/producto\/pad-green-medium-3-tampon-de-polissage-moyen\/","title":{"rendered":"<strong><span class=\"nom-corto\">PAD GREEN MEDIUM 3 <\/span><\/strong><br><span class=\"nom-largo\">Tampon de polissage moyen<\/span>"},"content":{"rendered":"","protected":false},"excerpt":{"rendered":"<p>Tampon de polissage MOYEN arrondi pour une meilleure stabilit\u00e9 au cours du polissage et un meilleur acc\u00e8s aux diff\u00e9rentes parties de la carrosserie.<\/p>\n","protected":false},"featured_media":25185,"template":"","meta":{"_et_pb_use_builder":"","_et_pb_old_content":"","_et_gb_content_width":""},"product_brand":[],"product_cat":[367,1002,363,998],"product_tag":[],"class_list":{"0":"post-16563","1":"product","2":"type-product","3":"status-publish","4":"has-post-thumbnail","6":"product_cat-auxiliaires-csp","7":"product_cat-consommables-de-finition-csp","8":"product_cat-csp-fr","9":"product_cat-outillage-et-consommables-csp","10":"pa_ok-csp-fr-ref-951020-vert-sachet-o-170-x-25-mm-2-unites","11":"pa_ok-csp-fr-ref-951021-vert-sachet-o-150-x-25-mm-5-unites","12":"pa_ok-csp-fr-ref-951022-vert-sachet-o-150-x-12-mm-2-unites","13":"pa_ok-csp-fr-ref-951023-vert-sachet-o-80-x-25-mm-2-unites","15":"first","16":"outofstock","17":"purchasable","18":"product-type-variable"},"yoast_head":"<!-- This site is optimized with the Yoast SEO plugin v27.2 - https:\/\/yoast.com\/product\/yoast-seo-wordpress\/ -->\n<title>CSP PAD GREEN MEDIUM 3 Tampon de polissage moyen<\/title>\n<meta name=\"description\" content=\"PAD GREEN MEDIUM 3 Medium Polishing Foam CONSOMMABLES DE FINITION REF: 951023 CSP\" \/>\n<meta name=\"robots\" content=\"index, follow, max-snippet:-1, max-image-preview:large, max-video-preview:-1\" \/>\n<link rel=\"canonical\" href=\"https:\/\/arekson.com\/fr\/producto\/pad-green-medium-3-tampon-de-polissage-moyen\/\" \/>\n<meta property=\"og:locale\" content=\"fr_FR\" \/>\n<meta property=\"og:type\" content=\"article\" \/>\n<meta property=\"og:title\" content=\"CSP PAD GREEN MEDIUM 3 Tampon de polissage moyen\" \/>\n<meta property=\"og:description\" content=\"PAD GREEN MEDIUM 3 Medium Polishing Foam CONSOMMABLES DE FINITION REF: 951023 CSP\" \/>\n<meta property=\"og:url\" content=\"https:\/\/arekson.com\/fr\/producto\/pad-green-medium-3-tampon-de-polissage-moyen\/\" \/>\n<meta property=\"og:site_name\" content=\"Arekson Group\" \/>\n<meta property=\"article:modified_time\" content=\"2022-06-15T13:38:54+00:00\" \/>\n<meta property=\"og:image\" content=\"https:\/\/arekson.com\/wp-content\/uploads\/2022\/05\/951020.jpg\" \/>\n\t<meta property=\"og:image:width\" content=\"800\" \/>\n\t<meta property=\"og:image:height\" content=\"800\" \/>\n\t<meta property=\"og:image:type\" content=\"image\/jpeg\" \/>\n<meta name=\"twitter:card\" content=\"summary_large_image\" \/>\n<script type=\"application\/ld+json\" class=\"yoast-schema-graph\">{\"@context\":\"https:\/\/schema.org\",\"@graph\":[{\"@type\":\"WebPage\",\"@id\":\"https:\/\/arekson.com\/fr\/producto\/pad-green-medium-3-tampon-de-polissage-moyen\/\",\"url\":\"https:\/\/arekson.com\/fr\/producto\/pad-green-medium-3-tampon-de-polissage-moyen\/\",\"name\":\"CSP PAD GREEN MEDIUM 3 Tampon de polissage moyen\",\"isPartOf\":{\"@id\":\"https:\/\/arekson.com\/fr\/#website\"},\"primaryImageOfPage\":{\"@id\":\"https:\/\/arekson.com\/fr\/producto\/pad-green-medium-3-tampon-de-polissage-moyen\/#primaryimage\"},\"image\":{\"@id\":\"https:\/\/arekson.com\/fr\/producto\/pad-green-medium-3-tampon-de-polissage-moyen\/#primaryimage\"},\"thumbnailUrl\":\"https:\/\/arekson.com\/wp-content\/uploads\/2022\/06\/951020.jpg\",\"datePublished\":\"2022-06-02T10:06:47+00:00\",\"dateModified\":\"2022-06-15T13:38:54+00:00\",\"description\":\"PAD GREEN MEDIUM 3 Medium Polishing Foam CONSOMMABLES DE FINITION REF: 951023 CSP\",\"breadcrumb\":{\"@id\":\"https:\/\/arekson.com\/fr\/producto\/pad-green-medium-3-tampon-de-polissage-moyen\/#breadcrumb\"},\"inLanguage\":\"fr-FR\",\"potentialAction\":[{\"@type\":\"ReadAction\",\"target\":[\"https:\/\/arekson.com\/fr\/producto\/pad-green-medium-3-tampon-de-polissage-moyen\/\"]}]},{\"@type\":\"ImageObject\",\"inLanguage\":\"fr-FR\",\"@id\":\"https:\/\/arekson.com\/fr\/producto\/pad-green-medium-3-tampon-de-polissage-moyen\/#primaryimage\",\"url\":\"https:\/\/arekson.com\/wp-content\/uploads\/2022\/06\/951020.jpg\",\"contentUrl\":\"https:\/\/arekson.com\/wp-content\/uploads\/2022\/06\/951020.jpg\",\"width\":800,\"height\":798,\"caption\":\"CSP | PAD GREEN MEDIUM 3 | Tamp\u00f3n de pulir medio\"},{\"@type\":\"BreadcrumbList\",\"@id\":\"https:\/\/arekson.com\/fr\/producto\/pad-green-medium-3-tampon-de-polissage-moyen\/#breadcrumb\",\"itemListElement\":[{\"@type\":\"ListItem\",\"position\":1,\"name\":\"Home\",\"item\":\"https:\/\/arekson.com\/fr\/\"},{\"@type\":\"ListItem\",\"position\":2,\"name\":\"Produits\",\"item\":\"https:\/\/arekson.com\/fr\/shop\/\"},{\"@type\":\"ListItem\",\"position\":3,\"name\":\"PAD GREEN MEDIUM 3 Tampon de polissage moyen\"}]},{\"@type\":\"WebSite\",\"@id\":\"https:\/\/arekson.com\/fr\/#website\",\"url\":\"https:\/\/arekson.com\/fr\/\",\"name\":\"Arekson Group\",\"description\":\"Marcas Referentes del Automovil Profesional\",\"publisher\":{\"@id\":\"https:\/\/arekson.com\/fr\/#organization\"},\"potentialAction\":[{\"@type\":\"SearchAction\",\"target\":{\"@type\":\"EntryPoint\",\"urlTemplate\":\"https:\/\/arekson.com\/fr\/?s={search_term_string}\"},\"query-input\":{\"@type\":\"PropertyValueSpecification\",\"valueRequired\":true,\"valueName\":\"search_term_string\"}}],\"inLanguage\":\"fr-FR\"},{\"@type\":\"Organization\",\"@id\":\"https:\/\/arekson.com\/fr\/#organization\",\"name\":\"Arekson Group\",\"url\":\"https:\/\/arekson.com\/fr\/\",\"logo\":{\"@type\":\"ImageObject\",\"inLanguage\":\"fr-FR\",\"@id\":\"https:\/\/arekson.com\/fr\/#\/schema\/logo\/image\/\",\"url\":\"https:\/\/arekson.com\/wp-content\/uploads\/2022\/06\/Arekson-Group-Logo-Gris.jpg\",\"contentUrl\":\"https:\/\/arekson.com\/wp-content\/uploads\/2022\/06\/Arekson-Group-Logo-Gris.jpg\",\"width\":174,\"height\":72,\"caption\":\"Arekson Group\"},\"image\":{\"@id\":\"https:\/\/arekson.com\/fr\/#\/schema\/logo\/image\/\"}}]}<\/script>\n<!-- \/ Yoast SEO plugin. -->","yoast_head_json":{"title":"CSP PAD GREEN MEDIUM 3 Tampon de polissage moyen","description":"PAD GREEN MEDIUM 3 Medium Polishing Foam CONSOMMABLES DE FINITION REF: 951023 CSP","robots":{"index":"index","follow":"follow","max-snippet":"max-snippet:-1","max-image-preview":"max-image-preview:large","max-video-preview":"max-video-preview:-1"},"canonical":"https:\/\/arekson.com\/fr\/producto\/pad-green-medium-3-tampon-de-polissage-moyen\/","og_locale":"fr_FR","og_type":"article","og_title":"CSP PAD GREEN MEDIUM 3 Tampon de polissage moyen","og_description":"PAD GREEN MEDIUM 3 Medium Polishing Foam CONSOMMABLES DE FINITION REF: 951023 CSP","og_url":"https:\/\/arekson.com\/fr\/producto\/pad-green-medium-3-tampon-de-polissage-moyen\/","og_site_name":"Arekson Group","article_modified_time":"2022-06-15T13:38:54+00:00","og_image":[{"width":800,"height":800,"url":"https:\/\/arekson.com\/wp-content\/uploads\/2022\/05\/951020.jpg","type":"image\/jpeg"}],"twitter_card":"summary_large_image","schema":{"@context":"https:\/\/schema.org","@graph":[{"@type":"WebPage","@id":"https:\/\/arekson.com\/fr\/producto\/pad-green-medium-3-tampon-de-polissage-moyen\/","url":"https:\/\/arekson.com\/fr\/producto\/pad-green-medium-3-tampon-de-polissage-moyen\/","name":"CSP PAD GREEN MEDIUM 3 Tampon de polissage moyen","isPartOf":{"@id":"https:\/\/arekson.com\/fr\/#website"},"primaryImageOfPage":{"@id":"https:\/\/arekson.com\/fr\/producto\/pad-green-medium-3-tampon-de-polissage-moyen\/#primaryimage"},"image":{"@id":"https:\/\/arekson.com\/fr\/producto\/pad-green-medium-3-tampon-de-polissage-moyen\/#primaryimage"},"thumbnailUrl":"https:\/\/arekson.com\/wp-content\/uploads\/2022\/06\/951020.jpg","datePublished":"2022-06-02T10:06:47+00:00","dateModified":"2022-06-15T13:38:54+00:00","description":"PAD GREEN MEDIUM 3 Medium Polishing Foam CONSOMMABLES DE FINITION REF: 951023 CSP","breadcrumb":{"@id":"https:\/\/arekson.com\/fr\/producto\/pad-green-medium-3-tampon-de-polissage-moyen\/#breadcrumb"},"inLanguage":"fr-FR","potentialAction":[{"@type":"ReadAction","target":["https:\/\/arekson.com\/fr\/producto\/pad-green-medium-3-tampon-de-polissage-moyen\/"]}]},{"@type":"ImageObject","inLanguage":"fr-FR","@id":"https:\/\/arekson.com\/fr\/producto\/pad-green-medium-3-tampon-de-polissage-moyen\/#primaryimage","url":"https:\/\/arekson.com\/wp-content\/uploads\/2022\/06\/951020.jpg","contentUrl":"https:\/\/arekson.com\/wp-content\/uploads\/2022\/06\/951020.jpg","width":800,"height":798,"caption":"CSP | PAD GREEN MEDIUM 3 | Tamp\u00f3n de pulir medio"},{"@type":"BreadcrumbList","@id":"https:\/\/arekson.com\/fr\/producto\/pad-green-medium-3-tampon-de-polissage-moyen\/#breadcrumb","itemListElement":[{"@type":"ListItem","position":1,"name":"Home","item":"https:\/\/arekson.com\/fr\/"},{"@type":"ListItem","position":2,"name":"Produits","item":"https:\/\/arekson.com\/fr\/shop\/"},{"@type":"ListItem","position":3,"name":"PAD GREEN MEDIUM 3 Tampon de polissage moyen"}]},{"@type":"WebSite","@id":"https:\/\/arekson.com\/fr\/#website","url":"https:\/\/arekson.com\/fr\/","name":"Arekson Group","description":"Marcas Referentes del Automovil Profesional","publisher":{"@id":"https:\/\/arekson.com\/fr\/#organization"},"potentialAction":[{"@type":"SearchAction","target":{"@type":"EntryPoint","urlTemplate":"https:\/\/arekson.com\/fr\/?s={search_term_string}"},"query-input":{"@type":"PropertyValueSpecification","valueRequired":true,"valueName":"search_term_string"}}],"inLanguage":"fr-FR"},{"@type":"Organization","@id":"https:\/\/arekson.com\/fr\/#organization","name":"Arekson Group","url":"https:\/\/arekson.com\/fr\/","logo":{"@type":"ImageObject","inLanguage":"fr-FR","@id":"https:\/\/arekson.com\/fr\/#\/schema\/logo\/image\/","url":"https:\/\/arekson.com\/wp-content\/uploads\/2022\/06\/Arekson-Group-Logo-Gris.jpg","contentUrl":"https:\/\/arekson.com\/wp-content\/uploads\/2022\/06\/Arekson-Group-Logo-Gris.jpg","width":174,"height":72,"caption":"Arekson Group"},"image":{"@id":"https:\/\/arekson.com\/fr\/#\/schema\/logo\/image\/"}}]}},"_links":{"self":[{"href":"https:\/\/arekson.com\/fr\/wp-json\/wp\/v2\/product\/16563","targetHints":{"allow":["GET"]}}],"collection":[{"href":"https:\/\/arekson.com\/fr\/wp-json\/wp\/v2\/product"}],"about":[{"href":"https:\/\/arekson.com\/fr\/wp-json\/wp\/v2\/types\/product"}],"wp:featuredmedia":[{"embeddable":true,"href":"https:\/\/arekson.com\/fr\/wp-json\/wp\/v2\/media\/25185"}],"wp:attachment":[{"href":"https:\/\/arekson.com\/fr\/wp-json\/wp\/v2\/media?parent=16563"}],"wp:term":[{"taxonomy":"product_brand","embeddable":true,"href":"https:\/\/arekson.com\/fr\/wp-json\/wp\/v2\/product_brand?post=16563"},{"taxonomy":"product_cat","embeddable":true,"href":"https:\/\/arekson.com\/fr\/wp-json\/wp\/v2\/product_cat?post=16563"},{"taxonomy":"product_tag","embeddable":true,"href":"https:\/\/arekson.com\/fr\/wp-json\/wp\/v2\/product_tag?post=16563"}],"curies":[{"name":"wp","href":"https:\/\/api.w.org\/{rel}","templated":true}]}}