{"id":16551,"date":"2022-06-02T12:06:22","date_gmt":"2022-06-02T10:06:22","guid":{"rendered":"https:\/\/arekson.com\/producto\/polish-back-pad-t75-support-de-tampon\/"},"modified":"2022-06-15T15:38:23","modified_gmt":"2022-06-15T13:38:23","slug":"polish-back-pad-t75-support-de-tampon","status":"publish","type":"product","link":"https:\/\/arekson.com\/fr\/producto\/polish-back-pad-t75-support-de-tampon\/","title":{"rendered":"<strong><span class=\"nom-corto\">POLISH BACK PAD T75 <\/span><\/strong><br><span class=\"nom-largo\">Support de tampon<\/span>"},"content":{"rendered":"","protected":false},"excerpt":{"rendered":"<p>Plateu avec mousse \u00d8 75 mm. pour tampon Velcro. Plateau compatible avec la plupart des ponceuses pneumatiques de \u00d8 50 et 75 mm. Fix\u00e9 par un filetage 5\/16 \u00ab\u00a0<\/p>\n","protected":false},"featured_media":25176,"template":"","meta":{"_et_pb_use_builder":"","_et_pb_old_content":"","_et_gb_content_width":""},"product_brand":[],"product_cat":[367,1002,363,998],"product_tag":[],"class_list":{"0":"post-16551","1":"product","2":"type-product","3":"status-publish","4":"has-post-thumbnail","6":"product_cat-auxiliaires-csp","7":"product_cat-consommables-de-finition-csp","8":"product_cat-csp-fr","9":"product_cat-outillage-et-consommables-csp","10":"pa_ok-csp-fr-ref-951012-etui-o-75-mm-5-16-1-unite","12":"first","13":"outofstock","14":"purchasable","15":"product-type-variable"},"yoast_head":"<!-- This site is optimized with the Yoast SEO plugin v27.2 - https:\/\/yoast.com\/product\/yoast-seo-wordpress\/ -->\n<title>CSP POLISH BACK PAD T75 Support de tampon<\/title>\n<meta name=\"description\" content=\"POLISH BACK PAD T75 Polishing Foam Back pad CONSOMMABLES DE FINITION REF: 951012 CSP\" \/>\n<meta name=\"robots\" content=\"index, follow, max-snippet:-1, max-image-preview:large, max-video-preview:-1\" \/>\n<link rel=\"canonical\" href=\"https:\/\/arekson.com\/fr\/producto\/polish-back-pad-t75-support-de-tampon\/\" \/>\n<meta property=\"og:locale\" content=\"fr_FR\" \/>\n<meta property=\"og:type\" content=\"article\" \/>\n<meta property=\"og:title\" content=\"CSP POLISH BACK PAD T75 Support de tampon\" \/>\n<meta property=\"og:description\" content=\"POLISH BACK PAD T75 Polishing Foam Back pad CONSOMMABLES DE FINITION REF: 951012 CSP\" \/>\n<meta property=\"og:url\" content=\"https:\/\/arekson.com\/fr\/producto\/polish-back-pad-t75-support-de-tampon\/\" \/>\n<meta property=\"og:site_name\" content=\"Arekson Group\" \/>\n<meta property=\"article:modified_time\" content=\"2022-06-15T13:38:23+00:00\" \/>\n<meta property=\"og:image\" content=\"https:\/\/arekson.com\/wp-content\/uploads\/2022\/05\/951012.jpg\" \/>\n\t<meta property=\"og:image:width\" content=\"800\" \/>\n\t<meta property=\"og:image:height\" content=\"800\" \/>\n\t<meta property=\"og:image:type\" content=\"image\/jpeg\" \/>\n<meta name=\"twitter:card\" content=\"summary_large_image\" \/>\n<script type=\"application\/ld+json\" class=\"yoast-schema-graph\">{\"@context\":\"https:\/\/schema.org\",\"@graph\":[{\"@type\":\"WebPage\",\"@id\":\"https:\/\/arekson.com\/fr\/producto\/polish-back-pad-t75-support-de-tampon\/\",\"url\":\"https:\/\/arekson.com\/fr\/producto\/polish-back-pad-t75-support-de-tampon\/\",\"name\":\"CSP POLISH BACK PAD T75 Support de tampon\",\"isPartOf\":{\"@id\":\"https:\/\/arekson.com\/fr\/#website\"},\"primaryImageOfPage\":{\"@id\":\"https:\/\/arekson.com\/fr\/producto\/polish-back-pad-t75-support-de-tampon\/#primaryimage\"},\"image\":{\"@id\":\"https:\/\/arekson.com\/fr\/producto\/polish-back-pad-t75-support-de-tampon\/#primaryimage\"},\"thumbnailUrl\":\"https:\/\/arekson.com\/wp-content\/uploads\/2022\/06\/951012.jpg\",\"datePublished\":\"2022-06-02T10:06:22+00:00\",\"dateModified\":\"2022-06-15T13:38:23+00:00\",\"description\":\"POLISH BACK PAD T75 Polishing Foam Back pad CONSOMMABLES DE FINITION REF: 951012 CSP\",\"breadcrumb\":{\"@id\":\"https:\/\/arekson.com\/fr\/producto\/polish-back-pad-t75-support-de-tampon\/#breadcrumb\"},\"inLanguage\":\"fr-FR\",\"potentialAction\":[{\"@type\":\"ReadAction\",\"target\":[\"https:\/\/arekson.com\/fr\/producto\/polish-back-pad-t75-support-de-tampon\/\"]}]},{\"@type\":\"ImageObject\",\"inLanguage\":\"fr-FR\",\"@id\":\"https:\/\/arekson.com\/fr\/producto\/polish-back-pad-t75-support-de-tampon\/#primaryimage\",\"url\":\"https:\/\/arekson.com\/wp-content\/uploads\/2022\/06\/951012.jpg\",\"contentUrl\":\"https:\/\/arekson.com\/wp-content\/uploads\/2022\/06\/951012.jpg\",\"width\":800,\"height\":797,\"caption\":\"CSP | POLISH BACK PAD T75 | Soporte de tamp\u00f3n\"},{\"@type\":\"BreadcrumbList\",\"@id\":\"https:\/\/arekson.com\/fr\/producto\/polish-back-pad-t75-support-de-tampon\/#breadcrumb\",\"itemListElement\":[{\"@type\":\"ListItem\",\"position\":1,\"name\":\"Home\",\"item\":\"https:\/\/arekson.com\/fr\/\"},{\"@type\":\"ListItem\",\"position\":2,\"name\":\"Produits\",\"item\":\"https:\/\/arekson.com\/fr\/shop\/\"},{\"@type\":\"ListItem\",\"position\":3,\"name\":\"POLISH BACK PAD T75 Support de tampon\"}]},{\"@type\":\"WebSite\",\"@id\":\"https:\/\/arekson.com\/fr\/#website\",\"url\":\"https:\/\/arekson.com\/fr\/\",\"name\":\"Arekson Group\",\"description\":\"Marcas Referentes del Automovil Profesional\",\"publisher\":{\"@id\":\"https:\/\/arekson.com\/fr\/#organization\"},\"potentialAction\":[{\"@type\":\"SearchAction\",\"target\":{\"@type\":\"EntryPoint\",\"urlTemplate\":\"https:\/\/arekson.com\/fr\/?s={search_term_string}\"},\"query-input\":{\"@type\":\"PropertyValueSpecification\",\"valueRequired\":true,\"valueName\":\"search_term_string\"}}],\"inLanguage\":\"fr-FR\"},{\"@type\":\"Organization\",\"@id\":\"https:\/\/arekson.com\/fr\/#organization\",\"name\":\"Arekson Group\",\"url\":\"https:\/\/arekson.com\/fr\/\",\"logo\":{\"@type\":\"ImageObject\",\"inLanguage\":\"fr-FR\",\"@id\":\"https:\/\/arekson.com\/fr\/#\/schema\/logo\/image\/\",\"url\":\"https:\/\/arekson.com\/wp-content\/uploads\/2022\/06\/Arekson-Group-Logo-Gris.jpg\",\"contentUrl\":\"https:\/\/arekson.com\/wp-content\/uploads\/2022\/06\/Arekson-Group-Logo-Gris.jpg\",\"width\":174,\"height\":72,\"caption\":\"Arekson Group\"},\"image\":{\"@id\":\"https:\/\/arekson.com\/fr\/#\/schema\/logo\/image\/\"}}]}<\/script>\n<!-- \/ Yoast SEO plugin. -->","yoast_head_json":{"title":"CSP POLISH BACK PAD T75 Support de tampon","description":"POLISH BACK PAD T75 Polishing Foam Back pad CONSOMMABLES DE FINITION REF: 951012 CSP","robots":{"index":"index","follow":"follow","max-snippet":"max-snippet:-1","max-image-preview":"max-image-preview:large","max-video-preview":"max-video-preview:-1"},"canonical":"https:\/\/arekson.com\/fr\/producto\/polish-back-pad-t75-support-de-tampon\/","og_locale":"fr_FR","og_type":"article","og_title":"CSP POLISH BACK PAD T75 Support de tampon","og_description":"POLISH BACK PAD T75 Polishing Foam Back pad CONSOMMABLES DE FINITION REF: 951012 CSP","og_url":"https:\/\/arekson.com\/fr\/producto\/polish-back-pad-t75-support-de-tampon\/","og_site_name":"Arekson Group","article_modified_time":"2022-06-15T13:38:23+00:00","og_image":[{"width":800,"height":800,"url":"https:\/\/arekson.com\/wp-content\/uploads\/2022\/05\/951012.jpg","type":"image\/jpeg"}],"twitter_card":"summary_large_image","schema":{"@context":"https:\/\/schema.org","@graph":[{"@type":"WebPage","@id":"https:\/\/arekson.com\/fr\/producto\/polish-back-pad-t75-support-de-tampon\/","url":"https:\/\/arekson.com\/fr\/producto\/polish-back-pad-t75-support-de-tampon\/","name":"CSP POLISH BACK PAD T75 Support de tampon","isPartOf":{"@id":"https:\/\/arekson.com\/fr\/#website"},"primaryImageOfPage":{"@id":"https:\/\/arekson.com\/fr\/producto\/polish-back-pad-t75-support-de-tampon\/#primaryimage"},"image":{"@id":"https:\/\/arekson.com\/fr\/producto\/polish-back-pad-t75-support-de-tampon\/#primaryimage"},"thumbnailUrl":"https:\/\/arekson.com\/wp-content\/uploads\/2022\/06\/951012.jpg","datePublished":"2022-06-02T10:06:22+00:00","dateModified":"2022-06-15T13:38:23+00:00","description":"POLISH BACK PAD T75 Polishing Foam Back pad CONSOMMABLES DE FINITION REF: 951012 CSP","breadcrumb":{"@id":"https:\/\/arekson.com\/fr\/producto\/polish-back-pad-t75-support-de-tampon\/#breadcrumb"},"inLanguage":"fr-FR","potentialAction":[{"@type":"ReadAction","target":["https:\/\/arekson.com\/fr\/producto\/polish-back-pad-t75-support-de-tampon\/"]}]},{"@type":"ImageObject","inLanguage":"fr-FR","@id":"https:\/\/arekson.com\/fr\/producto\/polish-back-pad-t75-support-de-tampon\/#primaryimage","url":"https:\/\/arekson.com\/wp-content\/uploads\/2022\/06\/951012.jpg","contentUrl":"https:\/\/arekson.com\/wp-content\/uploads\/2022\/06\/951012.jpg","width":800,"height":797,"caption":"CSP | POLISH BACK PAD T75 | Soporte de tamp\u00f3n"},{"@type":"BreadcrumbList","@id":"https:\/\/arekson.com\/fr\/producto\/polish-back-pad-t75-support-de-tampon\/#breadcrumb","itemListElement":[{"@type":"ListItem","position":1,"name":"Home","item":"https:\/\/arekson.com\/fr\/"},{"@type":"ListItem","position":2,"name":"Produits","item":"https:\/\/arekson.com\/fr\/shop\/"},{"@type":"ListItem","position":3,"name":"POLISH BACK PAD T75 Support de tampon"}]},{"@type":"WebSite","@id":"https:\/\/arekson.com\/fr\/#website","url":"https:\/\/arekson.com\/fr\/","name":"Arekson Group","description":"Marcas Referentes del Automovil Profesional","publisher":{"@id":"https:\/\/arekson.com\/fr\/#organization"},"potentialAction":[{"@type":"SearchAction","target":{"@type":"EntryPoint","urlTemplate":"https:\/\/arekson.com\/fr\/?s={search_term_string}"},"query-input":{"@type":"PropertyValueSpecification","valueRequired":true,"valueName":"search_term_string"}}],"inLanguage":"fr-FR"},{"@type":"Organization","@id":"https:\/\/arekson.com\/fr\/#organization","name":"Arekson Group","url":"https:\/\/arekson.com\/fr\/","logo":{"@type":"ImageObject","inLanguage":"fr-FR","@id":"https:\/\/arekson.com\/fr\/#\/schema\/logo\/image\/","url":"https:\/\/arekson.com\/wp-content\/uploads\/2022\/06\/Arekson-Group-Logo-Gris.jpg","contentUrl":"https:\/\/arekson.com\/wp-content\/uploads\/2022\/06\/Arekson-Group-Logo-Gris.jpg","width":174,"height":72,"caption":"Arekson Group"},"image":{"@id":"https:\/\/arekson.com\/fr\/#\/schema\/logo\/image\/"}}]}},"_links":{"self":[{"href":"https:\/\/arekson.com\/fr\/wp-json\/wp\/v2\/product\/16551","targetHints":{"allow":["GET"]}}],"collection":[{"href":"https:\/\/arekson.com\/fr\/wp-json\/wp\/v2\/product"}],"about":[{"href":"https:\/\/arekson.com\/fr\/wp-json\/wp\/v2\/types\/product"}],"wp:featuredmedia":[{"embeddable":true,"href":"https:\/\/arekson.com\/fr\/wp-json\/wp\/v2\/media\/25176"}],"wp:attachment":[{"href":"https:\/\/arekson.com\/fr\/wp-json\/wp\/v2\/media?parent=16551"}],"wp:term":[{"taxonomy":"product_brand","embeddable":true,"href":"https:\/\/arekson.com\/fr\/wp-json\/wp\/v2\/product_brand?post=16551"},{"taxonomy":"product_cat","embeddable":true,"href":"https:\/\/arekson.com\/fr\/wp-json\/wp\/v2\/product_cat?post=16551"},{"taxonomy":"product_tag","embeddable":true,"href":"https:\/\/arekson.com\/fr\/wp-json\/wp\/v2\/product_tag?post=16551"}],"curies":[{"name":"wp","href":"https:\/\/api.w.org\/{rel}","templated":true}]}}