{"id":16546,"date":"2022-06-02T12:06:10","date_gmt":"2022-06-02T10:06:10","guid":{"rendered":"https:\/\/arekson.com\/producto\/micro-sanding-pad-magnetic-bloc-aimante-pour-lame-marguerite\/"},"modified":"2022-06-15T15:38:15","modified_gmt":"2022-06-15T13:38:15","slug":"micro-sanding-pad-magnetic-bloc-aimante-pour-lame-marguerite","status":"publish","type":"product","link":"https:\/\/arekson.com\/fr\/producto\/micro-sanding-pad-magnetic-bloc-aimante-pour-lame-marguerite\/","title":{"rendered":"<strong><span class=\"nom-corto\">MICRO SANDING PAD &#038; MAGNETIC <\/span><\/strong><br><span class=\"nom-largo\">Bloc aimant\u00e9 pour lame + Marguerite<\/span>"},"content":{"rendered":"","protected":false},"excerpt":{"rendered":"<p>Bloc aimant\u00e9 sp\u00e9cial \u00e0 double usage pour lame coupe-peintures carr\u00e9e et papier de verre adh\u00e9sif micro fin marguerite. plus d&rsquo;exactitude la poussi\u00e8re et les coulures des surfaces peintes.<\/p>\n","protected":false},"featured_media":7657,"template":"","meta":{"_et_pb_use_builder":"","_et_pb_old_content":"","_et_gb_content_width":""},"product_brand":[],"product_cat":[367,363,1010,998],"product_tag":[],"class_list":{"0":"post-16546","1":"product","2":"type-product","3":"status-publish","4":"has-post-thumbnail","6":"product_cat-auxiliaires-csp","7":"product_cat-csp-fr","8":"product_cat-outillage-de-finition-csp","9":"product_cat-outillage-et-consommables-csp","10":"pa_ok-csp-fr-ref-950630-noir-sachet-o-30-mm-1-unite","12":"first","13":"outofstock","14":"purchasable","15":"product-type-variable"},"yoast_head":"<!-- This site is optimized with the Yoast SEO plugin v27.2 - https:\/\/yoast.com\/product\/yoast-seo-wordpress\/ -->\n<title>CSP MICRO SANDING PAD &amp; MAGNETIC Bloc aimant\u00e9 pour lame + Marguerite<\/title>\n<meta name=\"description\" content=\"MICRO SANDING PAD &amp; MAGNETIC Sheet holder block OUTILLAGE DE FINITION REF: 950630 CSP\" \/>\n<meta name=\"robots\" content=\"index, follow, max-snippet:-1, max-image-preview:large, max-video-preview:-1\" \/>\n<link rel=\"canonical\" href=\"https:\/\/arekson.com\/fr\/producto\/micro-sanding-pad-magnetic-bloc-aimante-pour-lame-marguerite\/\" \/>\n<meta property=\"og:locale\" content=\"fr_FR\" \/>\n<meta property=\"og:type\" content=\"article\" \/>\n<meta property=\"og:title\" content=\"CSP MICRO SANDING PAD &amp; MAGNETIC Bloc aimant\u00e9 pour lame + Marguerite\" \/>\n<meta property=\"og:description\" content=\"MICRO SANDING PAD &amp; MAGNETIC Sheet holder block OUTILLAGE DE FINITION REF: 950630 CSP\" \/>\n<meta property=\"og:url\" content=\"https:\/\/arekson.com\/fr\/producto\/micro-sanding-pad-magnetic-bloc-aimante-pour-lame-marguerite\/\" \/>\n<meta property=\"og:site_name\" content=\"Arekson Group\" \/>\n<meta property=\"article:modified_time\" content=\"2022-06-15T13:38:15+00:00\" \/>\n<meta property=\"og:image\" content=\"https:\/\/arekson.com\/wp-content\/uploads\/2022\/05\/950630-SOPORTE-LAMINA.jpg\" \/>\n\t<meta property=\"og:image:width\" content=\"800\" \/>\n\t<meta property=\"og:image:height\" content=\"800\" \/>\n\t<meta property=\"og:image:type\" content=\"image\/jpeg\" \/>\n<meta name=\"twitter:card\" content=\"summary_large_image\" \/>\n<script type=\"application\/ld+json\" class=\"yoast-schema-graph\">{\"@context\":\"https:\/\/schema.org\",\"@graph\":[{\"@type\":\"WebPage\",\"@id\":\"https:\/\/arekson.com\/fr\/producto\/micro-sanding-pad-magnetic-bloc-aimante-pour-lame-marguerite\/\",\"url\":\"https:\/\/arekson.com\/fr\/producto\/micro-sanding-pad-magnetic-bloc-aimante-pour-lame-marguerite\/\",\"name\":\"CSP MICRO SANDING PAD & MAGNETIC Bloc aimant\u00e9 pour lame + Marguerite\",\"isPartOf\":{\"@id\":\"https:\/\/arekson.com\/fr\/#website\"},\"primaryImageOfPage\":{\"@id\":\"https:\/\/arekson.com\/fr\/producto\/micro-sanding-pad-magnetic-bloc-aimante-pour-lame-marguerite\/#primaryimage\"},\"image\":{\"@id\":\"https:\/\/arekson.com\/fr\/producto\/micro-sanding-pad-magnetic-bloc-aimante-pour-lame-marguerite\/#primaryimage\"},\"thumbnailUrl\":\"https:\/\/arekson.com\/wp-content\/uploads\/2022\/05\/950630-SOPORTE-LAMINA.jpg\",\"datePublished\":\"2022-06-02T10:06:10+00:00\",\"dateModified\":\"2022-06-15T13:38:15+00:00\",\"description\":\"MICRO SANDING PAD & MAGNETIC Sheet holder block OUTILLAGE DE FINITION REF: 950630 CSP\",\"breadcrumb\":{\"@id\":\"https:\/\/arekson.com\/fr\/producto\/micro-sanding-pad-magnetic-bloc-aimante-pour-lame-marguerite\/#breadcrumb\"},\"inLanguage\":\"fr-FR\",\"potentialAction\":[{\"@type\":\"ReadAction\",\"target\":[\"https:\/\/arekson.com\/fr\/producto\/micro-sanding-pad-magnetic-bloc-aimante-pour-lame-marguerite\/\"]}]},{\"@type\":\"ImageObject\",\"inLanguage\":\"fr-FR\",\"@id\":\"https:\/\/arekson.com\/fr\/producto\/micro-sanding-pad-magnetic-bloc-aimante-pour-lame-marguerite\/#primaryimage\",\"url\":\"https:\/\/arekson.com\/wp-content\/uploads\/2022\/05\/950630-SOPORTE-LAMINA.jpg\",\"contentUrl\":\"https:\/\/arekson.com\/wp-content\/uploads\/2022\/05\/950630-SOPORTE-LAMINA.jpg\",\"width\":800,\"height\":800},{\"@type\":\"BreadcrumbList\",\"@id\":\"https:\/\/arekson.com\/fr\/producto\/micro-sanding-pad-magnetic-bloc-aimante-pour-lame-marguerite\/#breadcrumb\",\"itemListElement\":[{\"@type\":\"ListItem\",\"position\":1,\"name\":\"Home\",\"item\":\"https:\/\/arekson.com\/fr\/\"},{\"@type\":\"ListItem\",\"position\":2,\"name\":\"Produits\",\"item\":\"https:\/\/arekson.com\/fr\/shop\/\"},{\"@type\":\"ListItem\",\"position\":3,\"name\":\"MICRO SANDING PAD &#038; MAGNETIC Bloc aimant\u00e9 pour lame + Marguerite\"}]},{\"@type\":\"WebSite\",\"@id\":\"https:\/\/arekson.com\/fr\/#website\",\"url\":\"https:\/\/arekson.com\/fr\/\",\"name\":\"Arekson Group\",\"description\":\"Marcas Referentes del Automovil Profesional\",\"publisher\":{\"@id\":\"https:\/\/arekson.com\/fr\/#organization\"},\"potentialAction\":[{\"@type\":\"SearchAction\",\"target\":{\"@type\":\"EntryPoint\",\"urlTemplate\":\"https:\/\/arekson.com\/fr\/?s={search_term_string}\"},\"query-input\":{\"@type\":\"PropertyValueSpecification\",\"valueRequired\":true,\"valueName\":\"search_term_string\"}}],\"inLanguage\":\"fr-FR\"},{\"@type\":\"Organization\",\"@id\":\"https:\/\/arekson.com\/fr\/#organization\",\"name\":\"Arekson Group\",\"url\":\"https:\/\/arekson.com\/fr\/\",\"logo\":{\"@type\":\"ImageObject\",\"inLanguage\":\"fr-FR\",\"@id\":\"https:\/\/arekson.com\/fr\/#\/schema\/logo\/image\/\",\"url\":\"https:\/\/arekson.com\/wp-content\/uploads\/2022\/06\/Arekson-Group-Logo-Gris.jpg\",\"contentUrl\":\"https:\/\/arekson.com\/wp-content\/uploads\/2022\/06\/Arekson-Group-Logo-Gris.jpg\",\"width\":174,\"height\":72,\"caption\":\"Arekson Group\"},\"image\":{\"@id\":\"https:\/\/arekson.com\/fr\/#\/schema\/logo\/image\/\"}}]}<\/script>\n<!-- \/ Yoast SEO plugin. -->","yoast_head_json":{"title":"CSP MICRO SANDING PAD & MAGNETIC Bloc aimant\u00e9 pour lame + Marguerite","description":"MICRO SANDING PAD & MAGNETIC Sheet holder block OUTILLAGE DE FINITION REF: 950630 CSP","robots":{"index":"index","follow":"follow","max-snippet":"max-snippet:-1","max-image-preview":"max-image-preview:large","max-video-preview":"max-video-preview:-1"},"canonical":"https:\/\/arekson.com\/fr\/producto\/micro-sanding-pad-magnetic-bloc-aimante-pour-lame-marguerite\/","og_locale":"fr_FR","og_type":"article","og_title":"CSP MICRO SANDING PAD & MAGNETIC Bloc aimant\u00e9 pour lame + Marguerite","og_description":"MICRO SANDING PAD & MAGNETIC Sheet holder block OUTILLAGE DE FINITION REF: 950630 CSP","og_url":"https:\/\/arekson.com\/fr\/producto\/micro-sanding-pad-magnetic-bloc-aimante-pour-lame-marguerite\/","og_site_name":"Arekson Group","article_modified_time":"2022-06-15T13:38:15+00:00","og_image":[{"width":800,"height":800,"url":"https:\/\/arekson.com\/wp-content\/uploads\/2022\/05\/950630-SOPORTE-LAMINA.jpg","type":"image\/jpeg"}],"twitter_card":"summary_large_image","schema":{"@context":"https:\/\/schema.org","@graph":[{"@type":"WebPage","@id":"https:\/\/arekson.com\/fr\/producto\/micro-sanding-pad-magnetic-bloc-aimante-pour-lame-marguerite\/","url":"https:\/\/arekson.com\/fr\/producto\/micro-sanding-pad-magnetic-bloc-aimante-pour-lame-marguerite\/","name":"CSP MICRO SANDING PAD & MAGNETIC Bloc aimant\u00e9 pour lame + Marguerite","isPartOf":{"@id":"https:\/\/arekson.com\/fr\/#website"},"primaryImageOfPage":{"@id":"https:\/\/arekson.com\/fr\/producto\/micro-sanding-pad-magnetic-bloc-aimante-pour-lame-marguerite\/#primaryimage"},"image":{"@id":"https:\/\/arekson.com\/fr\/producto\/micro-sanding-pad-magnetic-bloc-aimante-pour-lame-marguerite\/#primaryimage"},"thumbnailUrl":"https:\/\/arekson.com\/wp-content\/uploads\/2022\/05\/950630-SOPORTE-LAMINA.jpg","datePublished":"2022-06-02T10:06:10+00:00","dateModified":"2022-06-15T13:38:15+00:00","description":"MICRO SANDING PAD & MAGNETIC Sheet holder block OUTILLAGE DE FINITION REF: 950630 CSP","breadcrumb":{"@id":"https:\/\/arekson.com\/fr\/producto\/micro-sanding-pad-magnetic-bloc-aimante-pour-lame-marguerite\/#breadcrumb"},"inLanguage":"fr-FR","potentialAction":[{"@type":"ReadAction","target":["https:\/\/arekson.com\/fr\/producto\/micro-sanding-pad-magnetic-bloc-aimante-pour-lame-marguerite\/"]}]},{"@type":"ImageObject","inLanguage":"fr-FR","@id":"https:\/\/arekson.com\/fr\/producto\/micro-sanding-pad-magnetic-bloc-aimante-pour-lame-marguerite\/#primaryimage","url":"https:\/\/arekson.com\/wp-content\/uploads\/2022\/05\/950630-SOPORTE-LAMINA.jpg","contentUrl":"https:\/\/arekson.com\/wp-content\/uploads\/2022\/05\/950630-SOPORTE-LAMINA.jpg","width":800,"height":800},{"@type":"BreadcrumbList","@id":"https:\/\/arekson.com\/fr\/producto\/micro-sanding-pad-magnetic-bloc-aimante-pour-lame-marguerite\/#breadcrumb","itemListElement":[{"@type":"ListItem","position":1,"name":"Home","item":"https:\/\/arekson.com\/fr\/"},{"@type":"ListItem","position":2,"name":"Produits","item":"https:\/\/arekson.com\/fr\/shop\/"},{"@type":"ListItem","position":3,"name":"MICRO SANDING PAD &#038; MAGNETIC Bloc aimant\u00e9 pour lame + Marguerite"}]},{"@type":"WebSite","@id":"https:\/\/arekson.com\/fr\/#website","url":"https:\/\/arekson.com\/fr\/","name":"Arekson Group","description":"Marcas Referentes del Automovil Profesional","publisher":{"@id":"https:\/\/arekson.com\/fr\/#organization"},"potentialAction":[{"@type":"SearchAction","target":{"@type":"EntryPoint","urlTemplate":"https:\/\/arekson.com\/fr\/?s={search_term_string}"},"query-input":{"@type":"PropertyValueSpecification","valueRequired":true,"valueName":"search_term_string"}}],"inLanguage":"fr-FR"},{"@type":"Organization","@id":"https:\/\/arekson.com\/fr\/#organization","name":"Arekson Group","url":"https:\/\/arekson.com\/fr\/","logo":{"@type":"ImageObject","inLanguage":"fr-FR","@id":"https:\/\/arekson.com\/fr\/#\/schema\/logo\/image\/","url":"https:\/\/arekson.com\/wp-content\/uploads\/2022\/06\/Arekson-Group-Logo-Gris.jpg","contentUrl":"https:\/\/arekson.com\/wp-content\/uploads\/2022\/06\/Arekson-Group-Logo-Gris.jpg","width":174,"height":72,"caption":"Arekson Group"},"image":{"@id":"https:\/\/arekson.com\/fr\/#\/schema\/logo\/image\/"}}]}},"_links":{"self":[{"href":"https:\/\/arekson.com\/fr\/wp-json\/wp\/v2\/product\/16546","targetHints":{"allow":["GET"]}}],"collection":[{"href":"https:\/\/arekson.com\/fr\/wp-json\/wp\/v2\/product"}],"about":[{"href":"https:\/\/arekson.com\/fr\/wp-json\/wp\/v2\/types\/product"}],"wp:featuredmedia":[{"embeddable":true,"href":"https:\/\/arekson.com\/fr\/wp-json\/wp\/v2\/media\/7657"}],"wp:attachment":[{"href":"https:\/\/arekson.com\/fr\/wp-json\/wp\/v2\/media?parent=16546"}],"wp:term":[{"taxonomy":"product_brand","embeddable":true,"href":"https:\/\/arekson.com\/fr\/wp-json\/wp\/v2\/product_brand?post=16546"},{"taxonomy":"product_cat","embeddable":true,"href":"https:\/\/arekson.com\/fr\/wp-json\/wp\/v2\/product_cat?post=16546"},{"taxonomy":"product_tag","embeddable":true,"href":"https:\/\/arekson.com\/fr\/wp-json\/wp\/v2\/product_tag?post=16546"}],"curies":[{"name":"wp","href":"https:\/\/api.w.org\/{rel}","templated":true}]}}