{"id":16536,"date":"2022-06-02T12:06:02","date_gmt":"2022-06-02T10:06:02","guid":{"rendered":"https:\/\/arekson.com\/producto\/kit-pick-up-powder-aiguille-pour-enlever-la-poussiere-sans-etui\/"},"modified":"2024-01-30T09:12:02","modified_gmt":"2024-01-30T08:12:02","slug":"kit-pick-up-powder-aiguille-pour-enlever-la-poussiere-sans-etui","status":"publish","type":"product","link":"https:\/\/arekson.com\/fr\/producto\/kit-pick-up-powder-aiguille-pour-enlever-la-poussiere-sans-etui\/","title":{"rendered":"<strong><span class=\"nom-corto\">KIT PICK UP POWDER <\/span><\/strong><br><span class=\"nom-largo\">Aiguille pour enlever la poussi\u00e8re sans \u00e9tui<\/span>"},"content":{"rendered":"<p style=\"text-align: right;\"><a class=\"boton-ficha\" href=\"https:\/\/arekson.com\/wp-content\/uploads\/2024\/01\/950545-CSP-KIT-PICK-UP-POWER-FRANCES-FT-21122023.pdf\" target=\"_blank\" rel=\"noopener\">Fiche Technique<\/a> <\/p>\n","protected":false},"excerpt":{"rendered":"<p>Kit d&rsquo;aiguille pour enlever la poussi\u00e8re et les impuret\u00e9s sur les peintures fra\u00eeches. Format stylo.<\/p>\n","protected":false},"featured_media":24948,"template":"","meta":{"_et_pb_use_builder":"","_et_pb_old_content":"","_et_gb_content_width":""},"product_brand":[],"product_cat":[367,363,1010,998],"product_tag":[],"class_list":{"0":"post-16536","1":"product","2":"type-product","3":"status-publish","4":"has-post-thumbnail","6":"product_cat-auxiliaires-csp","7":"product_cat-csp-fr","8":"product_cat-outillage-de-finition-csp","9":"product_cat-outillage-et-consommables-csp","10":"pa_ok-csp-fr-ref-950545-etui-1-unite","12":"first","13":"outofstock","14":"purchasable","15":"product-type-variable"},"yoast_head":"<!-- This site is optimized with the Yoast SEO plugin v27.2 - https:\/\/yoast.com\/product\/yoast-seo-wordpress\/ -->\n<title>CSP KIT PICK UP POWDER Aiguille pour enlever la poussi\u00e8re sans \u00e9tui<\/title>\n<meta name=\"description\" content=\"KIT PICK UP POWDER Speck removal pen OUTILLAGE DE FINITION REF: 950545 CSP\" \/>\n<meta name=\"robots\" content=\"index, follow, max-snippet:-1, max-image-preview:large, max-video-preview:-1\" \/>\n<link rel=\"canonical\" href=\"https:\/\/arekson.com\/fr\/producto\/kit-pick-up-powder-aiguille-pour-enlever-la-poussiere-sans-etui\/\" \/>\n<meta property=\"og:locale\" content=\"fr_FR\" \/>\n<meta property=\"og:type\" content=\"article\" \/>\n<meta property=\"og:title\" content=\"CSP KIT PICK UP POWDER Aiguille pour enlever la poussi\u00e8re sans \u00e9tui\" \/>\n<meta property=\"og:description\" content=\"KIT PICK UP POWDER Speck removal pen OUTILLAGE DE FINITION REF: 950545 CSP\" \/>\n<meta property=\"og:url\" content=\"https:\/\/arekson.com\/fr\/producto\/kit-pick-up-powder-aiguille-pour-enlever-la-poussiere-sans-etui\/\" \/>\n<meta property=\"og:site_name\" content=\"Arekson Group\" \/>\n<meta property=\"article:modified_time\" content=\"2024-01-30T08:12:02+00:00\" \/>\n<meta property=\"og:image\" content=\"https:\/\/arekson.com\/wp-content\/uploads\/2022\/06\/950545-KIT-BOLIGRAFO-QUITA-MOTAS.jpg\" \/>\n\t<meta property=\"og:image:width\" content=\"800\" \/>\n\t<meta property=\"og:image:height\" content=\"800\" \/>\n\t<meta property=\"og:image:type\" content=\"image\/jpeg\" \/>\n<meta name=\"twitter:card\" content=\"summary_large_image\" \/>\n<script type=\"application\/ld+json\" class=\"yoast-schema-graph\">{\"@context\":\"https:\/\/schema.org\",\"@graph\":[{\"@type\":\"WebPage\",\"@id\":\"https:\/\/arekson.com\/fr\/producto\/kit-pick-up-powder-aiguille-pour-enlever-la-poussiere-sans-etui\/\",\"url\":\"https:\/\/arekson.com\/fr\/producto\/kit-pick-up-powder-aiguille-pour-enlever-la-poussiere-sans-etui\/\",\"name\":\"CSP KIT PICK UP POWDER Aiguille pour enlever la poussi\u00e8re sans \u00e9tui\",\"isPartOf\":{\"@id\":\"https:\/\/arekson.com\/fr\/#website\"},\"primaryImageOfPage\":{\"@id\":\"https:\/\/arekson.com\/fr\/producto\/kit-pick-up-powder-aiguille-pour-enlever-la-poussiere-sans-etui\/#primaryimage\"},\"image\":{\"@id\":\"https:\/\/arekson.com\/fr\/producto\/kit-pick-up-powder-aiguille-pour-enlever-la-poussiere-sans-etui\/#primaryimage\"},\"thumbnailUrl\":\"https:\/\/arekson.com\/wp-content\/uploads\/2022\/06\/950545-KIT-BOLIGRAFO-QUITA-MOTAS.jpg\",\"datePublished\":\"2022-06-02T10:06:02+00:00\",\"dateModified\":\"2024-01-30T08:12:02+00:00\",\"description\":\"KIT PICK UP POWDER Speck removal pen OUTILLAGE DE FINITION REF: 950545 CSP\",\"breadcrumb\":{\"@id\":\"https:\/\/arekson.com\/fr\/producto\/kit-pick-up-powder-aiguille-pour-enlever-la-poussiere-sans-etui\/#breadcrumb\"},\"inLanguage\":\"fr-FR\",\"potentialAction\":[{\"@type\":\"ReadAction\",\"target\":[\"https:\/\/arekson.com\/fr\/producto\/kit-pick-up-powder-aiguille-pour-enlever-la-poussiere-sans-etui\/\"]}]},{\"@type\":\"ImageObject\",\"inLanguage\":\"fr-FR\",\"@id\":\"https:\/\/arekson.com\/fr\/producto\/kit-pick-up-powder-aiguille-pour-enlever-la-poussiere-sans-etui\/#primaryimage\",\"url\":\"https:\/\/arekson.com\/wp-content\/uploads\/2022\/06\/950545-KIT-BOLIGRAFO-QUITA-MOTAS.jpg\",\"contentUrl\":\"https:\/\/arekson.com\/wp-content\/uploads\/2022\/06\/950545-KIT-BOLIGRAFO-QUITA-MOTAS.jpg\",\"width\":800,\"height\":800,\"caption\":\"CSP | KIT PICK UP POWDER | Bol\u00edgrafo quita motas\"},{\"@type\":\"BreadcrumbList\",\"@id\":\"https:\/\/arekson.com\/fr\/producto\/kit-pick-up-powder-aiguille-pour-enlever-la-poussiere-sans-etui\/#breadcrumb\",\"itemListElement\":[{\"@type\":\"ListItem\",\"position\":1,\"name\":\"Home\",\"item\":\"https:\/\/arekson.com\/fr\/\"},{\"@type\":\"ListItem\",\"position\":2,\"name\":\"Produits\",\"item\":\"https:\/\/arekson.com\/fr\/shop\/\"},{\"@type\":\"ListItem\",\"position\":3,\"name\":\"KIT PICK UP POWDER Aiguille pour enlever la poussi\u00e8re sans \u00e9tui\"}]},{\"@type\":\"WebSite\",\"@id\":\"https:\/\/arekson.com\/fr\/#website\",\"url\":\"https:\/\/arekson.com\/fr\/\",\"name\":\"Arekson Group\",\"description\":\"Marcas Referentes del Automovil Profesional\",\"publisher\":{\"@id\":\"https:\/\/arekson.com\/fr\/#organization\"},\"potentialAction\":[{\"@type\":\"SearchAction\",\"target\":{\"@type\":\"EntryPoint\",\"urlTemplate\":\"https:\/\/arekson.com\/fr\/?s={search_term_string}\"},\"query-input\":{\"@type\":\"PropertyValueSpecification\",\"valueRequired\":true,\"valueName\":\"search_term_string\"}}],\"inLanguage\":\"fr-FR\"},{\"@type\":\"Organization\",\"@id\":\"https:\/\/arekson.com\/fr\/#organization\",\"name\":\"Arekson Group\",\"url\":\"https:\/\/arekson.com\/fr\/\",\"logo\":{\"@type\":\"ImageObject\",\"inLanguage\":\"fr-FR\",\"@id\":\"https:\/\/arekson.com\/fr\/#\/schema\/logo\/image\/\",\"url\":\"https:\/\/arekson.com\/wp-content\/uploads\/2022\/06\/Arekson-Group-Logo-Gris.jpg\",\"contentUrl\":\"https:\/\/arekson.com\/wp-content\/uploads\/2022\/06\/Arekson-Group-Logo-Gris.jpg\",\"width\":174,\"height\":72,\"caption\":\"Arekson Group\"},\"image\":{\"@id\":\"https:\/\/arekson.com\/fr\/#\/schema\/logo\/image\/\"}}]}<\/script>\n<!-- \/ Yoast SEO plugin. -->","yoast_head_json":{"title":"CSP KIT PICK UP POWDER Aiguille pour enlever la poussi\u00e8re sans \u00e9tui","description":"KIT PICK UP POWDER Speck removal pen OUTILLAGE DE FINITION REF: 950545 CSP","robots":{"index":"index","follow":"follow","max-snippet":"max-snippet:-1","max-image-preview":"max-image-preview:large","max-video-preview":"max-video-preview:-1"},"canonical":"https:\/\/arekson.com\/fr\/producto\/kit-pick-up-powder-aiguille-pour-enlever-la-poussiere-sans-etui\/","og_locale":"fr_FR","og_type":"article","og_title":"CSP KIT PICK UP POWDER Aiguille pour enlever la poussi\u00e8re sans \u00e9tui","og_description":"KIT PICK UP POWDER Speck removal pen OUTILLAGE DE FINITION REF: 950545 CSP","og_url":"https:\/\/arekson.com\/fr\/producto\/kit-pick-up-powder-aiguille-pour-enlever-la-poussiere-sans-etui\/","og_site_name":"Arekson Group","article_modified_time":"2024-01-30T08:12:02+00:00","og_image":[{"width":800,"height":800,"url":"https:\/\/arekson.com\/wp-content\/uploads\/2022\/06\/950545-KIT-BOLIGRAFO-QUITA-MOTAS.jpg","type":"image\/jpeg"}],"twitter_card":"summary_large_image","schema":{"@context":"https:\/\/schema.org","@graph":[{"@type":"WebPage","@id":"https:\/\/arekson.com\/fr\/producto\/kit-pick-up-powder-aiguille-pour-enlever-la-poussiere-sans-etui\/","url":"https:\/\/arekson.com\/fr\/producto\/kit-pick-up-powder-aiguille-pour-enlever-la-poussiere-sans-etui\/","name":"CSP KIT PICK UP POWDER Aiguille pour enlever la poussi\u00e8re sans \u00e9tui","isPartOf":{"@id":"https:\/\/arekson.com\/fr\/#website"},"primaryImageOfPage":{"@id":"https:\/\/arekson.com\/fr\/producto\/kit-pick-up-powder-aiguille-pour-enlever-la-poussiere-sans-etui\/#primaryimage"},"image":{"@id":"https:\/\/arekson.com\/fr\/producto\/kit-pick-up-powder-aiguille-pour-enlever-la-poussiere-sans-etui\/#primaryimage"},"thumbnailUrl":"https:\/\/arekson.com\/wp-content\/uploads\/2022\/06\/950545-KIT-BOLIGRAFO-QUITA-MOTAS.jpg","datePublished":"2022-06-02T10:06:02+00:00","dateModified":"2024-01-30T08:12:02+00:00","description":"KIT PICK UP POWDER Speck removal pen OUTILLAGE DE FINITION REF: 950545 CSP","breadcrumb":{"@id":"https:\/\/arekson.com\/fr\/producto\/kit-pick-up-powder-aiguille-pour-enlever-la-poussiere-sans-etui\/#breadcrumb"},"inLanguage":"fr-FR","potentialAction":[{"@type":"ReadAction","target":["https:\/\/arekson.com\/fr\/producto\/kit-pick-up-powder-aiguille-pour-enlever-la-poussiere-sans-etui\/"]}]},{"@type":"ImageObject","inLanguage":"fr-FR","@id":"https:\/\/arekson.com\/fr\/producto\/kit-pick-up-powder-aiguille-pour-enlever-la-poussiere-sans-etui\/#primaryimage","url":"https:\/\/arekson.com\/wp-content\/uploads\/2022\/06\/950545-KIT-BOLIGRAFO-QUITA-MOTAS.jpg","contentUrl":"https:\/\/arekson.com\/wp-content\/uploads\/2022\/06\/950545-KIT-BOLIGRAFO-QUITA-MOTAS.jpg","width":800,"height":800,"caption":"CSP | KIT PICK UP POWDER | Bol\u00edgrafo quita motas"},{"@type":"BreadcrumbList","@id":"https:\/\/arekson.com\/fr\/producto\/kit-pick-up-powder-aiguille-pour-enlever-la-poussiere-sans-etui\/#breadcrumb","itemListElement":[{"@type":"ListItem","position":1,"name":"Home","item":"https:\/\/arekson.com\/fr\/"},{"@type":"ListItem","position":2,"name":"Produits","item":"https:\/\/arekson.com\/fr\/shop\/"},{"@type":"ListItem","position":3,"name":"KIT PICK UP POWDER Aiguille pour enlever la poussi\u00e8re sans \u00e9tui"}]},{"@type":"WebSite","@id":"https:\/\/arekson.com\/fr\/#website","url":"https:\/\/arekson.com\/fr\/","name":"Arekson Group","description":"Marcas Referentes del Automovil Profesional","publisher":{"@id":"https:\/\/arekson.com\/fr\/#organization"},"potentialAction":[{"@type":"SearchAction","target":{"@type":"EntryPoint","urlTemplate":"https:\/\/arekson.com\/fr\/?s={search_term_string}"},"query-input":{"@type":"PropertyValueSpecification","valueRequired":true,"valueName":"search_term_string"}}],"inLanguage":"fr-FR"},{"@type":"Organization","@id":"https:\/\/arekson.com\/fr\/#organization","name":"Arekson Group","url":"https:\/\/arekson.com\/fr\/","logo":{"@type":"ImageObject","inLanguage":"fr-FR","@id":"https:\/\/arekson.com\/fr\/#\/schema\/logo\/image\/","url":"https:\/\/arekson.com\/wp-content\/uploads\/2022\/06\/Arekson-Group-Logo-Gris.jpg","contentUrl":"https:\/\/arekson.com\/wp-content\/uploads\/2022\/06\/Arekson-Group-Logo-Gris.jpg","width":174,"height":72,"caption":"Arekson Group"},"image":{"@id":"https:\/\/arekson.com\/fr\/#\/schema\/logo\/image\/"}}]}},"_links":{"self":[{"href":"https:\/\/arekson.com\/fr\/wp-json\/wp\/v2\/product\/16536","targetHints":{"allow":["GET"]}}],"collection":[{"href":"https:\/\/arekson.com\/fr\/wp-json\/wp\/v2\/product"}],"about":[{"href":"https:\/\/arekson.com\/fr\/wp-json\/wp\/v2\/types\/product"}],"wp:featuredmedia":[{"embeddable":true,"href":"https:\/\/arekson.com\/fr\/wp-json\/wp\/v2\/media\/24948"}],"wp:attachment":[{"href":"https:\/\/arekson.com\/fr\/wp-json\/wp\/v2\/media?parent=16536"}],"wp:term":[{"taxonomy":"product_brand","embeddable":true,"href":"https:\/\/arekson.com\/fr\/wp-json\/wp\/v2\/product_brand?post=16536"},{"taxonomy":"product_cat","embeddable":true,"href":"https:\/\/arekson.com\/fr\/wp-json\/wp\/v2\/product_cat?post=16536"},{"taxonomy":"product_tag","embeddable":true,"href":"https:\/\/arekson.com\/fr\/wp-json\/wp\/v2\/product_tag?post=16536"}],"curies":[{"name":"wp","href":"https:\/\/api.w.org\/{rel}","templated":true}]}}