{"id":16502,"date":"2022-06-02T12:05:23","date_gmt":"2022-06-02T10:05:23","guid":{"rendered":"https:\/\/arekson.com\/producto\/magnetic-clamp-pince-avec-support-magnetique\/"},"modified":"2024-02-13T15:04:26","modified_gmt":"2024-02-13T14:04:26","slug":"magnetic-clamp-pince-avec-support-magnetique","status":"publish","type":"product","link":"https:\/\/arekson.com\/fr\/producto\/magnetic-clamp-pince-avec-support-magnetique\/","title":{"rendered":"<strong><span class=\"nom-corto\">MAGNETIC CLAMP <\/span><\/strong><br><span class=\"nom-largo\">Pince avec support magn\u00e9tique<\/span>"},"content":{"rendered":"","protected":false},"excerpt":{"rendered":"<p>Pince avec support magn\u00e9tique. Permet la fixation sur le v\u00e9hicule, et sur les parois m\u00e9talliques de la cabine, pour la mise en peinture de petites pi\u00e8ces telles que les coques de r\u00e9tro, les poign\u00e9es de portes, les bandeaux etc.<\/p>\n","protected":false},"featured_media":24954,"template":"","meta":{"_et_pb_use_builder":"","_et_pb_old_content":"","_et_gb_content_width":""},"product_brand":[],"product_cat":[367,363,1012,998],"product_tag":[],"class_list":{"0":"post-16502","1":"product","2":"type-product","3":"status-publish","4":"has-post-thumbnail","6":"product_cat-auxiliaires-csp","7":"product_cat-csp-fr","8":"product_cat-outillage-de-reparation-csp","9":"product_cat-outillage-et-consommables-csp","10":"pa_ok-csp-fr-ref-950547-sachet-4-unites","12":"first","13":"outofstock","14":"purchasable","15":"product-type-variable"},"yoast_head":"<!-- This site is optimized with the Yoast SEO plugin v27.2 - https:\/\/yoast.com\/product\/yoast-seo-wordpress\/ -->\n<title>CSP MAGNETIC CLAMP Pince avec support magn\u00e9tique<\/title>\n<meta name=\"description\" content=\"MAGNETIC CLAMP Magnetic holder with clip OUTILLAGE DE R\u00c9PARATION REF: 950547 CSP\" \/>\n<meta name=\"robots\" content=\"index, follow, max-snippet:-1, max-image-preview:large, max-video-preview:-1\" \/>\n<link rel=\"canonical\" href=\"https:\/\/arekson.com\/fr\/producto\/magnetic-clamp-pince-avec-support-magnetique\/\" \/>\n<meta property=\"og:locale\" content=\"fr_FR\" \/>\n<meta property=\"og:type\" content=\"article\" \/>\n<meta property=\"og:title\" content=\"CSP MAGNETIC CLAMP Pince avec support magn\u00e9tique\" \/>\n<meta property=\"og:description\" content=\"MAGNETIC CLAMP Magnetic holder with clip OUTILLAGE DE R\u00c9PARATION REF: 950547 CSP\" \/>\n<meta property=\"og:url\" content=\"https:\/\/arekson.com\/fr\/producto\/magnetic-clamp-pince-avec-support-magnetique\/\" \/>\n<meta property=\"og:site_name\" content=\"Arekson Group\" \/>\n<meta property=\"article:modified_time\" content=\"2024-02-13T14:04:26+00:00\" \/>\n<meta property=\"og:image\" content=\"https:\/\/arekson.com\/wp-content\/uploads\/2022\/06\/950547-PINZA-IMANTADA-.jpg\" \/>\n\t<meta property=\"og:image:width\" content=\"800\" \/>\n\t<meta property=\"og:image:height\" content=\"800\" \/>\n\t<meta property=\"og:image:type\" content=\"image\/jpeg\" \/>\n<meta name=\"twitter:card\" content=\"summary_large_image\" \/>\n<script type=\"application\/ld+json\" class=\"yoast-schema-graph\">{\"@context\":\"https:\/\/schema.org\",\"@graph\":[{\"@type\":\"WebPage\",\"@id\":\"https:\/\/arekson.com\/fr\/producto\/magnetic-clamp-pince-avec-support-magnetique\/\",\"url\":\"https:\/\/arekson.com\/fr\/producto\/magnetic-clamp-pince-avec-support-magnetique\/\",\"name\":\"CSP MAGNETIC CLAMP Pince avec support magn\u00e9tique\",\"isPartOf\":{\"@id\":\"https:\/\/arekson.com\/fr\/#website\"},\"primaryImageOfPage\":{\"@id\":\"https:\/\/arekson.com\/fr\/producto\/magnetic-clamp-pince-avec-support-magnetique\/#primaryimage\"},\"image\":{\"@id\":\"https:\/\/arekson.com\/fr\/producto\/magnetic-clamp-pince-avec-support-magnetique\/#primaryimage\"},\"thumbnailUrl\":\"https:\/\/arekson.com\/wp-content\/uploads\/2022\/06\/950547-PINZA-IMANTADA-.jpg\",\"datePublished\":\"2022-06-02T10:05:23+00:00\",\"dateModified\":\"2024-02-13T14:04:26+00:00\",\"description\":\"MAGNETIC CLAMP Magnetic holder with clip OUTILLAGE DE R\u00c9PARATION REF: 950547 CSP\",\"breadcrumb\":{\"@id\":\"https:\/\/arekson.com\/fr\/producto\/magnetic-clamp-pince-avec-support-magnetique\/#breadcrumb\"},\"inLanguage\":\"fr-FR\",\"potentialAction\":[{\"@type\":\"ReadAction\",\"target\":[\"https:\/\/arekson.com\/fr\/producto\/magnetic-clamp-pince-avec-support-magnetique\/\"]}]},{\"@type\":\"ImageObject\",\"inLanguage\":\"fr-FR\",\"@id\":\"https:\/\/arekson.com\/fr\/producto\/magnetic-clamp-pince-avec-support-magnetique\/#primaryimage\",\"url\":\"https:\/\/arekson.com\/wp-content\/uploads\/2022\/06\/950547-PINZA-IMANTADA-.jpg\",\"contentUrl\":\"https:\/\/arekson.com\/wp-content\/uploads\/2022\/06\/950547-PINZA-IMANTADA-.jpg\",\"width\":800,\"height\":800,\"caption\":\"CSP | MAGNETIC CLAMP | Soporte imantado con pinza\"},{\"@type\":\"BreadcrumbList\",\"@id\":\"https:\/\/arekson.com\/fr\/producto\/magnetic-clamp-pince-avec-support-magnetique\/#breadcrumb\",\"itemListElement\":[{\"@type\":\"ListItem\",\"position\":1,\"name\":\"Home\",\"item\":\"https:\/\/arekson.com\/fr\/\"},{\"@type\":\"ListItem\",\"position\":2,\"name\":\"Produits\",\"item\":\"https:\/\/arekson.com\/fr\/shop\/\"},{\"@type\":\"ListItem\",\"position\":3,\"name\":\"MAGNETIC CLAMP Pince avec support magn\u00e9tique\"}]},{\"@type\":\"WebSite\",\"@id\":\"https:\/\/arekson.com\/fr\/#website\",\"url\":\"https:\/\/arekson.com\/fr\/\",\"name\":\"Arekson Group\",\"description\":\"Marcas Referentes del Automovil Profesional\",\"publisher\":{\"@id\":\"https:\/\/arekson.com\/fr\/#organization\"},\"potentialAction\":[{\"@type\":\"SearchAction\",\"target\":{\"@type\":\"EntryPoint\",\"urlTemplate\":\"https:\/\/arekson.com\/fr\/?s={search_term_string}\"},\"query-input\":{\"@type\":\"PropertyValueSpecification\",\"valueRequired\":true,\"valueName\":\"search_term_string\"}}],\"inLanguage\":\"fr-FR\"},{\"@type\":\"Organization\",\"@id\":\"https:\/\/arekson.com\/fr\/#organization\",\"name\":\"Arekson Group\",\"url\":\"https:\/\/arekson.com\/fr\/\",\"logo\":{\"@type\":\"ImageObject\",\"inLanguage\":\"fr-FR\",\"@id\":\"https:\/\/arekson.com\/fr\/#\/schema\/logo\/image\/\",\"url\":\"https:\/\/arekson.com\/wp-content\/uploads\/2022\/06\/Arekson-Group-Logo-Gris.jpg\",\"contentUrl\":\"https:\/\/arekson.com\/wp-content\/uploads\/2022\/06\/Arekson-Group-Logo-Gris.jpg\",\"width\":174,\"height\":72,\"caption\":\"Arekson Group\"},\"image\":{\"@id\":\"https:\/\/arekson.com\/fr\/#\/schema\/logo\/image\/\"}}]}<\/script>\n<!-- \/ Yoast SEO plugin. -->","yoast_head_json":{"title":"CSP MAGNETIC CLAMP Pince avec support magn\u00e9tique","description":"MAGNETIC CLAMP Magnetic holder with clip OUTILLAGE DE R\u00c9PARATION REF: 950547 CSP","robots":{"index":"index","follow":"follow","max-snippet":"max-snippet:-1","max-image-preview":"max-image-preview:large","max-video-preview":"max-video-preview:-1"},"canonical":"https:\/\/arekson.com\/fr\/producto\/magnetic-clamp-pince-avec-support-magnetique\/","og_locale":"fr_FR","og_type":"article","og_title":"CSP MAGNETIC CLAMP Pince avec support magn\u00e9tique","og_description":"MAGNETIC CLAMP Magnetic holder with clip OUTILLAGE DE R\u00c9PARATION REF: 950547 CSP","og_url":"https:\/\/arekson.com\/fr\/producto\/magnetic-clamp-pince-avec-support-magnetique\/","og_site_name":"Arekson Group","article_modified_time":"2024-02-13T14:04:26+00:00","og_image":[{"width":800,"height":800,"url":"https:\/\/arekson.com\/wp-content\/uploads\/2022\/06\/950547-PINZA-IMANTADA-.jpg","type":"image\/jpeg"}],"twitter_card":"summary_large_image","schema":{"@context":"https:\/\/schema.org","@graph":[{"@type":"WebPage","@id":"https:\/\/arekson.com\/fr\/producto\/magnetic-clamp-pince-avec-support-magnetique\/","url":"https:\/\/arekson.com\/fr\/producto\/magnetic-clamp-pince-avec-support-magnetique\/","name":"CSP MAGNETIC CLAMP Pince avec support magn\u00e9tique","isPartOf":{"@id":"https:\/\/arekson.com\/fr\/#website"},"primaryImageOfPage":{"@id":"https:\/\/arekson.com\/fr\/producto\/magnetic-clamp-pince-avec-support-magnetique\/#primaryimage"},"image":{"@id":"https:\/\/arekson.com\/fr\/producto\/magnetic-clamp-pince-avec-support-magnetique\/#primaryimage"},"thumbnailUrl":"https:\/\/arekson.com\/wp-content\/uploads\/2022\/06\/950547-PINZA-IMANTADA-.jpg","datePublished":"2022-06-02T10:05:23+00:00","dateModified":"2024-02-13T14:04:26+00:00","description":"MAGNETIC CLAMP Magnetic holder with clip OUTILLAGE DE R\u00c9PARATION REF: 950547 CSP","breadcrumb":{"@id":"https:\/\/arekson.com\/fr\/producto\/magnetic-clamp-pince-avec-support-magnetique\/#breadcrumb"},"inLanguage":"fr-FR","potentialAction":[{"@type":"ReadAction","target":["https:\/\/arekson.com\/fr\/producto\/magnetic-clamp-pince-avec-support-magnetique\/"]}]},{"@type":"ImageObject","inLanguage":"fr-FR","@id":"https:\/\/arekson.com\/fr\/producto\/magnetic-clamp-pince-avec-support-magnetique\/#primaryimage","url":"https:\/\/arekson.com\/wp-content\/uploads\/2022\/06\/950547-PINZA-IMANTADA-.jpg","contentUrl":"https:\/\/arekson.com\/wp-content\/uploads\/2022\/06\/950547-PINZA-IMANTADA-.jpg","width":800,"height":800,"caption":"CSP | MAGNETIC CLAMP | Soporte imantado con pinza"},{"@type":"BreadcrumbList","@id":"https:\/\/arekson.com\/fr\/producto\/magnetic-clamp-pince-avec-support-magnetique\/#breadcrumb","itemListElement":[{"@type":"ListItem","position":1,"name":"Home","item":"https:\/\/arekson.com\/fr\/"},{"@type":"ListItem","position":2,"name":"Produits","item":"https:\/\/arekson.com\/fr\/shop\/"},{"@type":"ListItem","position":3,"name":"MAGNETIC CLAMP Pince avec support magn\u00e9tique"}]},{"@type":"WebSite","@id":"https:\/\/arekson.com\/fr\/#website","url":"https:\/\/arekson.com\/fr\/","name":"Arekson Group","description":"Marcas Referentes del Automovil Profesional","publisher":{"@id":"https:\/\/arekson.com\/fr\/#organization"},"potentialAction":[{"@type":"SearchAction","target":{"@type":"EntryPoint","urlTemplate":"https:\/\/arekson.com\/fr\/?s={search_term_string}"},"query-input":{"@type":"PropertyValueSpecification","valueRequired":true,"valueName":"search_term_string"}}],"inLanguage":"fr-FR"},{"@type":"Organization","@id":"https:\/\/arekson.com\/fr\/#organization","name":"Arekson Group","url":"https:\/\/arekson.com\/fr\/","logo":{"@type":"ImageObject","inLanguage":"fr-FR","@id":"https:\/\/arekson.com\/fr\/#\/schema\/logo\/image\/","url":"https:\/\/arekson.com\/wp-content\/uploads\/2022\/06\/Arekson-Group-Logo-Gris.jpg","contentUrl":"https:\/\/arekson.com\/wp-content\/uploads\/2022\/06\/Arekson-Group-Logo-Gris.jpg","width":174,"height":72,"caption":"Arekson Group"},"image":{"@id":"https:\/\/arekson.com\/fr\/#\/schema\/logo\/image\/"}}]}},"_links":{"self":[{"href":"https:\/\/arekson.com\/fr\/wp-json\/wp\/v2\/product\/16502","targetHints":{"allow":["GET"]}}],"collection":[{"href":"https:\/\/arekson.com\/fr\/wp-json\/wp\/v2\/product"}],"about":[{"href":"https:\/\/arekson.com\/fr\/wp-json\/wp\/v2\/types\/product"}],"wp:featuredmedia":[{"embeddable":true,"href":"https:\/\/arekson.com\/fr\/wp-json\/wp\/v2\/media\/24954"}],"wp:attachment":[{"href":"https:\/\/arekson.com\/fr\/wp-json\/wp\/v2\/media?parent=16502"}],"wp:term":[{"taxonomy":"product_brand","embeddable":true,"href":"https:\/\/arekson.com\/fr\/wp-json\/wp\/v2\/product_brand?post=16502"},{"taxonomy":"product_cat","embeddable":true,"href":"https:\/\/arekson.com\/fr\/wp-json\/wp\/v2\/product_cat?post=16502"},{"taxonomy":"product_tag","embeddable":true,"href":"https:\/\/arekson.com\/fr\/wp-json\/wp\/v2\/product_tag?post=16502"}],"curies":[{"name":"wp","href":"https:\/\/api.w.org\/{rel}","templated":true}]}}