{"id":16463,"date":"2022-06-02T12:05:03","date_gmt":"2022-06-02T10:05:03","guid":{"rendered":"https:\/\/arekson.com\/producto\/fine-line-green-ruban-pour-profiler\/"},"modified":"2022-06-15T15:36:32","modified_gmt":"2022-06-15T13:36:32","slug":"fine-line-green-ruban-pour-profiler","status":"publish","type":"product","link":"https:\/\/arekson.com\/fr\/producto\/fine-line-green-ruban-pour-profiler\/","title":{"rendered":"<strong><span class=\"nom-corto\">FINE LINE GREEN <\/span><\/strong><br><span class=\"nom-largo\">Ruban pour profiler<\/span>"},"content":{"rendered":"","protected":false},"excerpt":{"rendered":"<p>Ruban profileur plastique. Tr\u00e8s souple pour cr\u00e9er et profiler de longues lignes droites et des dessins. Apporte un profil de peinture pr\u00e9cis et propre. R\u00e9sistant jusqu&rsquo;\u00e0 130 \u00baC. \u00c9paisseur 0,13 mm. Utilis\u00e9 aussi en premi\u00e8re monte OEM.<\/p>\n","protected":false},"featured_media":24924,"template":"","meta":{"_et_pb_use_builder":"","_et_pb_old_content":"","_et_gb_content_width":""},"product_brand":[],"product_cat":[367,980,363,984],"product_tag":[],"class_list":{"0":"post-16463","1":"product","2":"type-product","3":"status-publish","4":"has-post-thumbnail","6":"product_cat-auxiliaires-csp","7":"product_cat-couverture-et-masquage-csp","8":"product_cat-csp-fr","9":"product_cat-rubans-et-bourrelet-csp","10":"pa_ok-csp-fr-ref-950517-vert-blister-3-mm-x-55-m-9-unites","11":"pa_ok-csp-fr-ref-950518-vert-blister-6-mm-x-55-m-4-unites","12":"pa_ok-csp-fr-ref-950519-vert-blister-9-mm-x-55-m-3-unites","13":"pa_ok-csp-fr-ref-950520-vert-blister-12-mm-x-55-m-2-unites","14":"pa_ok-csp-fr-ref-950521-vert-blister-19-mm-x-55-m-1-unite","16":"first","17":"outofstock","18":"purchasable","19":"product-type-variable"},"yoast_head":"<!-- This site is optimized with the Yoast SEO plugin v27.2 - https:\/\/yoast.com\/product\/yoast-seo-wordpress\/ -->\n<title>CSP FINE LINE GREEN Ruban pour profiler<\/title>\n<meta name=\"description\" content=\"FINE LINE GREEN Fine line tape RUBANS ET BOURRELETS REF: 950521 CSP\" \/>\n<meta name=\"robots\" content=\"index, follow, max-snippet:-1, max-image-preview:large, max-video-preview:-1\" \/>\n<link rel=\"canonical\" href=\"https:\/\/arekson.com\/fr\/producto\/fine-line-green-ruban-pour-profiler\/\" \/>\n<meta property=\"og:locale\" content=\"fr_FR\" \/>\n<meta property=\"og:type\" content=\"article\" \/>\n<meta property=\"og:title\" content=\"CSP FINE LINE GREEN Ruban pour profiler\" \/>\n<meta property=\"og:description\" content=\"FINE LINE GREEN Fine line tape RUBANS ET BOURRELETS REF: 950521 CSP\" \/>\n<meta property=\"og:url\" content=\"https:\/\/arekson.com\/fr\/producto\/fine-line-green-ruban-pour-profiler\/\" \/>\n<meta property=\"og:site_name\" content=\"Arekson Group\" \/>\n<meta property=\"article:modified_time\" content=\"2022-06-15T13:36:32+00:00\" \/>\n<meta property=\"og:image\" content=\"https:\/\/arekson.com\/wp-content\/uploads\/2022\/05\/950518-CINTA-PERFILAR-VERDE.jpg\" \/>\n\t<meta property=\"og:image:width\" content=\"800\" \/>\n\t<meta property=\"og:image:height\" content=\"800\" \/>\n\t<meta property=\"og:image:type\" content=\"image\/jpeg\" \/>\n<meta name=\"twitter:card\" content=\"summary_large_image\" \/>\n<script type=\"application\/ld+json\" class=\"yoast-schema-graph\">{\"@context\":\"https:\/\/schema.org\",\"@graph\":[{\"@type\":\"WebPage\",\"@id\":\"https:\/\/arekson.com\/fr\/producto\/fine-line-green-ruban-pour-profiler\/\",\"url\":\"https:\/\/arekson.com\/fr\/producto\/fine-line-green-ruban-pour-profiler\/\",\"name\":\"CSP FINE LINE GREEN Ruban pour profiler\",\"isPartOf\":{\"@id\":\"https:\/\/arekson.com\/fr\/#website\"},\"primaryImageOfPage\":{\"@id\":\"https:\/\/arekson.com\/fr\/producto\/fine-line-green-ruban-pour-profiler\/#primaryimage\"},\"image\":{\"@id\":\"https:\/\/arekson.com\/fr\/producto\/fine-line-green-ruban-pour-profiler\/#primaryimage\"},\"thumbnailUrl\":\"https:\/\/arekson.com\/wp-content\/uploads\/2022\/06\/950517.jpg\",\"datePublished\":\"2022-06-02T10:05:03+00:00\",\"dateModified\":\"2022-06-15T13:36:32+00:00\",\"description\":\"FINE LINE GREEN Fine line tape RUBANS ET BOURRELETS REF: 950521 CSP\",\"breadcrumb\":{\"@id\":\"https:\/\/arekson.com\/fr\/producto\/fine-line-green-ruban-pour-profiler\/#breadcrumb\"},\"inLanguage\":\"fr-FR\",\"potentialAction\":[{\"@type\":\"ReadAction\",\"target\":[\"https:\/\/arekson.com\/fr\/producto\/fine-line-green-ruban-pour-profiler\/\"]}]},{\"@type\":\"ImageObject\",\"inLanguage\":\"fr-FR\",\"@id\":\"https:\/\/arekson.com\/fr\/producto\/fine-line-green-ruban-pour-profiler\/#primaryimage\",\"url\":\"https:\/\/arekson.com\/wp-content\/uploads\/2022\/06\/950517.jpg\",\"contentUrl\":\"https:\/\/arekson.com\/wp-content\/uploads\/2022\/06\/950517.jpg\",\"width\":800,\"height\":800,\"caption\":\"CSP | FINE LINE GREEN | Cinta de perfilar\"},{\"@type\":\"BreadcrumbList\",\"@id\":\"https:\/\/arekson.com\/fr\/producto\/fine-line-green-ruban-pour-profiler\/#breadcrumb\",\"itemListElement\":[{\"@type\":\"ListItem\",\"position\":1,\"name\":\"Home\",\"item\":\"https:\/\/arekson.com\/fr\/\"},{\"@type\":\"ListItem\",\"position\":2,\"name\":\"Produits\",\"item\":\"https:\/\/arekson.com\/fr\/shop\/\"},{\"@type\":\"ListItem\",\"position\":3,\"name\":\"FINE LINE GREEN Ruban pour profiler\"}]},{\"@type\":\"WebSite\",\"@id\":\"https:\/\/arekson.com\/fr\/#website\",\"url\":\"https:\/\/arekson.com\/fr\/\",\"name\":\"Arekson Group\",\"description\":\"Marcas Referentes del Automovil Profesional\",\"publisher\":{\"@id\":\"https:\/\/arekson.com\/fr\/#organization\"},\"potentialAction\":[{\"@type\":\"SearchAction\",\"target\":{\"@type\":\"EntryPoint\",\"urlTemplate\":\"https:\/\/arekson.com\/fr\/?s={search_term_string}\"},\"query-input\":{\"@type\":\"PropertyValueSpecification\",\"valueRequired\":true,\"valueName\":\"search_term_string\"}}],\"inLanguage\":\"fr-FR\"},{\"@type\":\"Organization\",\"@id\":\"https:\/\/arekson.com\/fr\/#organization\",\"name\":\"Arekson Group\",\"url\":\"https:\/\/arekson.com\/fr\/\",\"logo\":{\"@type\":\"ImageObject\",\"inLanguage\":\"fr-FR\",\"@id\":\"https:\/\/arekson.com\/fr\/#\/schema\/logo\/image\/\",\"url\":\"https:\/\/arekson.com\/wp-content\/uploads\/2022\/06\/Arekson-Group-Logo-Gris.jpg\",\"contentUrl\":\"https:\/\/arekson.com\/wp-content\/uploads\/2022\/06\/Arekson-Group-Logo-Gris.jpg\",\"width\":174,\"height\":72,\"caption\":\"Arekson Group\"},\"image\":{\"@id\":\"https:\/\/arekson.com\/fr\/#\/schema\/logo\/image\/\"}}]}<\/script>\n<!-- \/ Yoast SEO plugin. -->","yoast_head_json":{"title":"CSP FINE LINE GREEN Ruban pour profiler","description":"FINE LINE GREEN Fine line tape RUBANS ET BOURRELETS REF: 950521 CSP","robots":{"index":"index","follow":"follow","max-snippet":"max-snippet:-1","max-image-preview":"max-image-preview:large","max-video-preview":"max-video-preview:-1"},"canonical":"https:\/\/arekson.com\/fr\/producto\/fine-line-green-ruban-pour-profiler\/","og_locale":"fr_FR","og_type":"article","og_title":"CSP FINE LINE GREEN Ruban pour profiler","og_description":"FINE LINE GREEN Fine line tape RUBANS ET BOURRELETS REF: 950521 CSP","og_url":"https:\/\/arekson.com\/fr\/producto\/fine-line-green-ruban-pour-profiler\/","og_site_name":"Arekson Group","article_modified_time":"2022-06-15T13:36:32+00:00","og_image":[{"width":800,"height":800,"url":"https:\/\/arekson.com\/wp-content\/uploads\/2022\/05\/950518-CINTA-PERFILAR-VERDE.jpg","type":"image\/jpeg"}],"twitter_card":"summary_large_image","schema":{"@context":"https:\/\/schema.org","@graph":[{"@type":"WebPage","@id":"https:\/\/arekson.com\/fr\/producto\/fine-line-green-ruban-pour-profiler\/","url":"https:\/\/arekson.com\/fr\/producto\/fine-line-green-ruban-pour-profiler\/","name":"CSP FINE LINE GREEN Ruban pour profiler","isPartOf":{"@id":"https:\/\/arekson.com\/fr\/#website"},"primaryImageOfPage":{"@id":"https:\/\/arekson.com\/fr\/producto\/fine-line-green-ruban-pour-profiler\/#primaryimage"},"image":{"@id":"https:\/\/arekson.com\/fr\/producto\/fine-line-green-ruban-pour-profiler\/#primaryimage"},"thumbnailUrl":"https:\/\/arekson.com\/wp-content\/uploads\/2022\/06\/950517.jpg","datePublished":"2022-06-02T10:05:03+00:00","dateModified":"2022-06-15T13:36:32+00:00","description":"FINE LINE GREEN Fine line tape RUBANS ET BOURRELETS REF: 950521 CSP","breadcrumb":{"@id":"https:\/\/arekson.com\/fr\/producto\/fine-line-green-ruban-pour-profiler\/#breadcrumb"},"inLanguage":"fr-FR","potentialAction":[{"@type":"ReadAction","target":["https:\/\/arekson.com\/fr\/producto\/fine-line-green-ruban-pour-profiler\/"]}]},{"@type":"ImageObject","inLanguage":"fr-FR","@id":"https:\/\/arekson.com\/fr\/producto\/fine-line-green-ruban-pour-profiler\/#primaryimage","url":"https:\/\/arekson.com\/wp-content\/uploads\/2022\/06\/950517.jpg","contentUrl":"https:\/\/arekson.com\/wp-content\/uploads\/2022\/06\/950517.jpg","width":800,"height":800,"caption":"CSP | FINE LINE GREEN | Cinta de perfilar"},{"@type":"BreadcrumbList","@id":"https:\/\/arekson.com\/fr\/producto\/fine-line-green-ruban-pour-profiler\/#breadcrumb","itemListElement":[{"@type":"ListItem","position":1,"name":"Home","item":"https:\/\/arekson.com\/fr\/"},{"@type":"ListItem","position":2,"name":"Produits","item":"https:\/\/arekson.com\/fr\/shop\/"},{"@type":"ListItem","position":3,"name":"FINE LINE GREEN Ruban pour profiler"}]},{"@type":"WebSite","@id":"https:\/\/arekson.com\/fr\/#website","url":"https:\/\/arekson.com\/fr\/","name":"Arekson Group","description":"Marcas Referentes del Automovil Profesional","publisher":{"@id":"https:\/\/arekson.com\/fr\/#organization"},"potentialAction":[{"@type":"SearchAction","target":{"@type":"EntryPoint","urlTemplate":"https:\/\/arekson.com\/fr\/?s={search_term_string}"},"query-input":{"@type":"PropertyValueSpecification","valueRequired":true,"valueName":"search_term_string"}}],"inLanguage":"fr-FR"},{"@type":"Organization","@id":"https:\/\/arekson.com\/fr\/#organization","name":"Arekson Group","url":"https:\/\/arekson.com\/fr\/","logo":{"@type":"ImageObject","inLanguage":"fr-FR","@id":"https:\/\/arekson.com\/fr\/#\/schema\/logo\/image\/","url":"https:\/\/arekson.com\/wp-content\/uploads\/2022\/06\/Arekson-Group-Logo-Gris.jpg","contentUrl":"https:\/\/arekson.com\/wp-content\/uploads\/2022\/06\/Arekson-Group-Logo-Gris.jpg","width":174,"height":72,"caption":"Arekson Group"},"image":{"@id":"https:\/\/arekson.com\/fr\/#\/schema\/logo\/image\/"}}]}},"_links":{"self":[{"href":"https:\/\/arekson.com\/fr\/wp-json\/wp\/v2\/product\/16463","targetHints":{"allow":["GET"]}}],"collection":[{"href":"https:\/\/arekson.com\/fr\/wp-json\/wp\/v2\/product"}],"about":[{"href":"https:\/\/arekson.com\/fr\/wp-json\/wp\/v2\/types\/product"}],"wp:featuredmedia":[{"embeddable":true,"href":"https:\/\/arekson.com\/fr\/wp-json\/wp\/v2\/media\/24924"}],"wp:attachment":[{"href":"https:\/\/arekson.com\/fr\/wp-json\/wp\/v2\/media?parent=16463"}],"wp:term":[{"taxonomy":"product_brand","embeddable":true,"href":"https:\/\/arekson.com\/fr\/wp-json\/wp\/v2\/product_brand?post=16463"},{"taxonomy":"product_cat","embeddable":true,"href":"https:\/\/arekson.com\/fr\/wp-json\/wp\/v2\/product_cat?post=16463"},{"taxonomy":"product_tag","embeddable":true,"href":"https:\/\/arekson.com\/fr\/wp-json\/wp\/v2\/product_tag?post=16463"}],"curies":[{"name":"wp","href":"https:\/\/api.w.org\/{rel}","templated":true}]}}