{"id":16453,"date":"2022-06-02T12:04:35","date_gmt":"2022-06-02T10:04:35","guid":{"rendered":"https:\/\/arekson.com\/producto\/tape-top-green-24-u-ruban-pour-masquage-vert-120o\/"},"modified":"2022-06-15T15:36:07","modified_gmt":"2022-06-15T13:36:07","slug":"tape-top-green-24-u-ruban-pour-masquage-vert-120o","status":"publish","type":"product","link":"https:\/\/arekson.com\/fr\/producto\/tape-top-green-24-u-ruban-pour-masquage-vert-120o\/","title":{"rendered":"<strong><span class=\"nom-corto\">TAPE TOP GREEN 24 u. <\/span><\/strong><br><span class=\"nom-largo\">Ruban pour masquage vert 120\u00ba<\/span>"},"content":{"rendered":"","protected":false},"excerpt":{"rendered":"<p>Ruban de masquage tr\u00e8s performant : Id\u00e9al pour le masquage de caoutchouc, sp\u00e9cial pour peinture \u00e0 base d&rsquo;eau. R\u00e9sistant jusqu&rsquo;\u00e0 130 \u00baC. Ne laisse pas de trace d&rsquo;adh\u00e9sif.<\/p>\n","protected":false},"featured_media":9049,"template":"","meta":{"_et_pb_use_builder":"","_et_pb_old_content":"","_et_gb_content_width":""},"product_brand":[],"product_cat":[367,980,363,984],"product_tag":[],"class_list":{"0":"post-16453","1":"product","2":"type-product","3":"status-publish","4":"has-post-thumbnail","6":"product_cat-auxiliaires-csp","7":"product_cat-couverture-et-masquage-csp","8":"product_cat-csp-fr","9":"product_cat-rubans-et-bourrelet-csp","10":"pa_ok-csp-fr-ref-950515-vert-boite-50-mm-x-50-m-24-unites","11":"pa_ok-csp-fr-ref-950856-vert-boite-38-mm-x-50-m-24-unites","13":"first","14":"outofstock","15":"purchasable","16":"product-type-variable"},"yoast_head":"<!-- This site is optimized with the Yoast SEO plugin v27.2 - https:\/\/yoast.com\/product\/yoast-seo-wordpress\/ -->\n<title>CSP TAPE TOP GREEN 24 u. Ruban pour masquage vert 120\u00ba<\/title>\n<meta name=\"description\" content=\"TAPE TOP GREEN 24 u. Special masking tape RUBANS ET BOURRELETS REF: 950515 CSP\" \/>\n<meta name=\"robots\" content=\"index, follow, max-snippet:-1, max-image-preview:large, max-video-preview:-1\" \/>\n<link rel=\"canonical\" href=\"https:\/\/arekson.com\/fr\/producto\/tape-top-green-24-u-ruban-pour-masquage-vert-120o\/\" \/>\n<meta property=\"og:locale\" content=\"fr_FR\" \/>\n<meta property=\"og:type\" content=\"article\" \/>\n<meta property=\"og:title\" content=\"CSP TAPE TOP GREEN 24 u. Ruban pour masquage vert 120\u00ba\" \/>\n<meta property=\"og:description\" content=\"TAPE TOP GREEN 24 u. Special masking tape RUBANS ET BOURRELETS REF: 950515 CSP\" \/>\n<meta property=\"og:url\" content=\"https:\/\/arekson.com\/fr\/producto\/tape-top-green-24-u-ruban-pour-masquage-vert-120o\/\" \/>\n<meta property=\"og:site_name\" content=\"Arekson Group\" \/>\n<meta property=\"article:modified_time\" content=\"2022-06-15T13:36:07+00:00\" \/>\n<meta property=\"og:image\" content=\"https:\/\/arekson.com\/wp-content\/uploads\/2022\/05\/950515-CINTA-TOP-VERDE-1.jpg\" \/>\n\t<meta property=\"og:image:width\" content=\"800\" \/>\n\t<meta property=\"og:image:height\" content=\"800\" \/>\n\t<meta property=\"og:image:type\" content=\"image\/jpeg\" \/>\n<meta name=\"twitter:card\" content=\"summary_large_image\" \/>\n<script type=\"application\/ld+json\" class=\"yoast-schema-graph\">{\"@context\":\"https:\/\/schema.org\",\"@graph\":[{\"@type\":\"WebPage\",\"@id\":\"https:\/\/arekson.com\/fr\/producto\/tape-top-green-24-u-ruban-pour-masquage-vert-120o\/\",\"url\":\"https:\/\/arekson.com\/fr\/producto\/tape-top-green-24-u-ruban-pour-masquage-vert-120o\/\",\"name\":\"CSP TAPE TOP GREEN 24 u. Ruban pour masquage vert 120\u00ba\",\"isPartOf\":{\"@id\":\"https:\/\/arekson.com\/fr\/#website\"},\"primaryImageOfPage\":{\"@id\":\"https:\/\/arekson.com\/fr\/producto\/tape-top-green-24-u-ruban-pour-masquage-vert-120o\/#primaryimage\"},\"image\":{\"@id\":\"https:\/\/arekson.com\/fr\/producto\/tape-top-green-24-u-ruban-pour-masquage-vert-120o\/#primaryimage\"},\"thumbnailUrl\":\"https:\/\/arekson.com\/wp-content\/uploads\/2022\/05\/950515-CINTA-TOP-VERDE-1.jpg\",\"datePublished\":\"2022-06-02T10:04:35+00:00\",\"dateModified\":\"2022-06-15T13:36:07+00:00\",\"description\":\"TAPE TOP GREEN 24 u. Special masking tape RUBANS ET BOURRELETS REF: 950515 CSP\",\"breadcrumb\":{\"@id\":\"https:\/\/arekson.com\/fr\/producto\/tape-top-green-24-u-ruban-pour-masquage-vert-120o\/#breadcrumb\"},\"inLanguage\":\"fr-FR\",\"potentialAction\":[{\"@type\":\"ReadAction\",\"target\":[\"https:\/\/arekson.com\/fr\/producto\/tape-top-green-24-u-ruban-pour-masquage-vert-120o\/\"]}]},{\"@type\":\"ImageObject\",\"inLanguage\":\"fr-FR\",\"@id\":\"https:\/\/arekson.com\/fr\/producto\/tape-top-green-24-u-ruban-pour-masquage-vert-120o\/#primaryimage\",\"url\":\"https:\/\/arekson.com\/wp-content\/uploads\/2022\/05\/950515-CINTA-TOP-VERDE-1.jpg\",\"contentUrl\":\"https:\/\/arekson.com\/wp-content\/uploads\/2022\/05\/950515-CINTA-TOP-VERDE-1.jpg\",\"width\":800,\"height\":800},{\"@type\":\"BreadcrumbList\",\"@id\":\"https:\/\/arekson.com\/fr\/producto\/tape-top-green-24-u-ruban-pour-masquage-vert-120o\/#breadcrumb\",\"itemListElement\":[{\"@type\":\"ListItem\",\"position\":1,\"name\":\"Home\",\"item\":\"https:\/\/arekson.com\/fr\/\"},{\"@type\":\"ListItem\",\"position\":2,\"name\":\"Produits\",\"item\":\"https:\/\/arekson.com\/fr\/shop\/\"},{\"@type\":\"ListItem\",\"position\":3,\"name\":\"TAPE TOP GREEN 24 u. Ruban pour masquage vert 120\u00ba\"}]},{\"@type\":\"WebSite\",\"@id\":\"https:\/\/arekson.com\/fr\/#website\",\"url\":\"https:\/\/arekson.com\/fr\/\",\"name\":\"Arekson Group\",\"description\":\"Marcas Referentes del Automovil Profesional\",\"publisher\":{\"@id\":\"https:\/\/arekson.com\/fr\/#organization\"},\"potentialAction\":[{\"@type\":\"SearchAction\",\"target\":{\"@type\":\"EntryPoint\",\"urlTemplate\":\"https:\/\/arekson.com\/fr\/?s={search_term_string}\"},\"query-input\":{\"@type\":\"PropertyValueSpecification\",\"valueRequired\":true,\"valueName\":\"search_term_string\"}}],\"inLanguage\":\"fr-FR\"},{\"@type\":\"Organization\",\"@id\":\"https:\/\/arekson.com\/fr\/#organization\",\"name\":\"Arekson Group\",\"url\":\"https:\/\/arekson.com\/fr\/\",\"logo\":{\"@type\":\"ImageObject\",\"inLanguage\":\"fr-FR\",\"@id\":\"https:\/\/arekson.com\/fr\/#\/schema\/logo\/image\/\",\"url\":\"https:\/\/arekson.com\/wp-content\/uploads\/2022\/06\/Arekson-Group-Logo-Gris.jpg\",\"contentUrl\":\"https:\/\/arekson.com\/wp-content\/uploads\/2022\/06\/Arekson-Group-Logo-Gris.jpg\",\"width\":174,\"height\":72,\"caption\":\"Arekson Group\"},\"image\":{\"@id\":\"https:\/\/arekson.com\/fr\/#\/schema\/logo\/image\/\"}}]}<\/script>\n<!-- \/ Yoast SEO plugin. -->","yoast_head_json":{"title":"CSP TAPE TOP GREEN 24 u. Ruban pour masquage vert 120\u00ba","description":"TAPE TOP GREEN 24 u. Special masking tape RUBANS ET BOURRELETS REF: 950515 CSP","robots":{"index":"index","follow":"follow","max-snippet":"max-snippet:-1","max-image-preview":"max-image-preview:large","max-video-preview":"max-video-preview:-1"},"canonical":"https:\/\/arekson.com\/fr\/producto\/tape-top-green-24-u-ruban-pour-masquage-vert-120o\/","og_locale":"fr_FR","og_type":"article","og_title":"CSP TAPE TOP GREEN 24 u. Ruban pour masquage vert 120\u00ba","og_description":"TAPE TOP GREEN 24 u. Special masking tape RUBANS ET BOURRELETS REF: 950515 CSP","og_url":"https:\/\/arekson.com\/fr\/producto\/tape-top-green-24-u-ruban-pour-masquage-vert-120o\/","og_site_name":"Arekson Group","article_modified_time":"2022-06-15T13:36:07+00:00","og_image":[{"width":800,"height":800,"url":"https:\/\/arekson.com\/wp-content\/uploads\/2022\/05\/950515-CINTA-TOP-VERDE-1.jpg","type":"image\/jpeg"}],"twitter_card":"summary_large_image","schema":{"@context":"https:\/\/schema.org","@graph":[{"@type":"WebPage","@id":"https:\/\/arekson.com\/fr\/producto\/tape-top-green-24-u-ruban-pour-masquage-vert-120o\/","url":"https:\/\/arekson.com\/fr\/producto\/tape-top-green-24-u-ruban-pour-masquage-vert-120o\/","name":"CSP TAPE TOP GREEN 24 u. Ruban pour masquage vert 120\u00ba","isPartOf":{"@id":"https:\/\/arekson.com\/fr\/#website"},"primaryImageOfPage":{"@id":"https:\/\/arekson.com\/fr\/producto\/tape-top-green-24-u-ruban-pour-masquage-vert-120o\/#primaryimage"},"image":{"@id":"https:\/\/arekson.com\/fr\/producto\/tape-top-green-24-u-ruban-pour-masquage-vert-120o\/#primaryimage"},"thumbnailUrl":"https:\/\/arekson.com\/wp-content\/uploads\/2022\/05\/950515-CINTA-TOP-VERDE-1.jpg","datePublished":"2022-06-02T10:04:35+00:00","dateModified":"2022-06-15T13:36:07+00:00","description":"TAPE TOP GREEN 24 u. Special masking tape RUBANS ET BOURRELETS REF: 950515 CSP","breadcrumb":{"@id":"https:\/\/arekson.com\/fr\/producto\/tape-top-green-24-u-ruban-pour-masquage-vert-120o\/#breadcrumb"},"inLanguage":"fr-FR","potentialAction":[{"@type":"ReadAction","target":["https:\/\/arekson.com\/fr\/producto\/tape-top-green-24-u-ruban-pour-masquage-vert-120o\/"]}]},{"@type":"ImageObject","inLanguage":"fr-FR","@id":"https:\/\/arekson.com\/fr\/producto\/tape-top-green-24-u-ruban-pour-masquage-vert-120o\/#primaryimage","url":"https:\/\/arekson.com\/wp-content\/uploads\/2022\/05\/950515-CINTA-TOP-VERDE-1.jpg","contentUrl":"https:\/\/arekson.com\/wp-content\/uploads\/2022\/05\/950515-CINTA-TOP-VERDE-1.jpg","width":800,"height":800},{"@type":"BreadcrumbList","@id":"https:\/\/arekson.com\/fr\/producto\/tape-top-green-24-u-ruban-pour-masquage-vert-120o\/#breadcrumb","itemListElement":[{"@type":"ListItem","position":1,"name":"Home","item":"https:\/\/arekson.com\/fr\/"},{"@type":"ListItem","position":2,"name":"Produits","item":"https:\/\/arekson.com\/fr\/shop\/"},{"@type":"ListItem","position":3,"name":"TAPE TOP GREEN 24 u. Ruban pour masquage vert 120\u00ba"}]},{"@type":"WebSite","@id":"https:\/\/arekson.com\/fr\/#website","url":"https:\/\/arekson.com\/fr\/","name":"Arekson Group","description":"Marcas Referentes del Automovil Profesional","publisher":{"@id":"https:\/\/arekson.com\/fr\/#organization"},"potentialAction":[{"@type":"SearchAction","target":{"@type":"EntryPoint","urlTemplate":"https:\/\/arekson.com\/fr\/?s={search_term_string}"},"query-input":{"@type":"PropertyValueSpecification","valueRequired":true,"valueName":"search_term_string"}}],"inLanguage":"fr-FR"},{"@type":"Organization","@id":"https:\/\/arekson.com\/fr\/#organization","name":"Arekson Group","url":"https:\/\/arekson.com\/fr\/","logo":{"@type":"ImageObject","inLanguage":"fr-FR","@id":"https:\/\/arekson.com\/fr\/#\/schema\/logo\/image\/","url":"https:\/\/arekson.com\/wp-content\/uploads\/2022\/06\/Arekson-Group-Logo-Gris.jpg","contentUrl":"https:\/\/arekson.com\/wp-content\/uploads\/2022\/06\/Arekson-Group-Logo-Gris.jpg","width":174,"height":72,"caption":"Arekson Group"},"image":{"@id":"https:\/\/arekson.com\/fr\/#\/schema\/logo\/image\/"}}]}},"_links":{"self":[{"href":"https:\/\/arekson.com\/fr\/wp-json\/wp\/v2\/product\/16453","targetHints":{"allow":["GET"]}}],"collection":[{"href":"https:\/\/arekson.com\/fr\/wp-json\/wp\/v2\/product"}],"about":[{"href":"https:\/\/arekson.com\/fr\/wp-json\/wp\/v2\/types\/product"}],"wp:featuredmedia":[{"embeddable":true,"href":"https:\/\/arekson.com\/fr\/wp-json\/wp\/v2\/media\/9049"}],"wp:attachment":[{"href":"https:\/\/arekson.com\/fr\/wp-json\/wp\/v2\/media?parent=16453"}],"wp:term":[{"taxonomy":"product_brand","embeddable":true,"href":"https:\/\/arekson.com\/fr\/wp-json\/wp\/v2\/product_brand?post=16453"},{"taxonomy":"product_cat","embeddable":true,"href":"https:\/\/arekson.com\/fr\/wp-json\/wp\/v2\/product_cat?post=16453"},{"taxonomy":"product_tag","embeddable":true,"href":"https:\/\/arekson.com\/fr\/wp-json\/wp\/v2\/product_tag?post=16453"}],"curies":[{"name":"wp","href":"https:\/\/api.w.org\/{rel}","templated":true}]}}